{"id":29831,"date":"2022-02-23T15:55:49","date_gmt":"2022-02-23T08:55:49","guid":{"rendered":"https:\/\/mouldking.store\/?post_type=product&#038;p=29831"},"modified":"2022-02-23T15:55:49","modified_gmt":"2022-02-23T08:55:49","slug":"mg-9007-invincible-destruction-king","status":"publish","type":"product","link":"https:\/\/mouldking.store\/nb\/shop\/mg-9007-invincible-destruction-king\/","title":{"rendered":"MG 9007 Invincible Destruction King"},"content":{"rendered":"<p>Produktinformasjon:<\/p>\n<ol>\n<li>Merke: MG<\/li>\n<li>Kj\u00f8nn: Unisex<\/li>\n<li>Navn: Invincible Destruction King<\/li>\n<li>Aldersgruppe: &gt; 6 \u00e5r gammel<\/li>\n<li>Modellnummer: 9007<\/li>\n<li>Klassifisering: Montering<\/li>\n<li>Plastblokkform: Selvl\u00e5sende murstein<\/li>\n<li>Materiale: Plast<\/li>\n<li>Plasttype: ABS<\/li>\n<li>Inneholder detaljerte monteringsanvisninger.<\/li>\n<\/ol>\n<p>Legge merke til:<br \/>\n1. Uten original eske, men vi garanterer at v\u00e5re produkter har kvalitetssikring og pen emballasje.<br \/>\n2. Som alle delene vi har sjekket f\u00f8r frakt, s\u00e5 hvis du finner noen deler savnet eller skadet, ikke bekymre deg og bare kontakt oss, s\u00e5 kan vi sende dem til deg p\u00e5 nytt umiddelbart gratis.<\/p>\n<figure id=\"attachment_29832\" aria-describedby=\"caption-attachment-29832\" style=\"width: 800px\" class=\"wp-caption aligncenter\"><img fetchpriority=\"high\" decoding=\"async\" class=\"wp-image-29832 size-full\" src=\"https:\/\/mouldking.store\/wp-content\/uploads\/2022\/02\/MG-9007-Invincible-Destruction-King.jpg\" alt=\"MG 9007 Invincible Destruction King\" width=\"800\" height=\"800\" title=\"-\" srcset=\"https:\/\/mouldking.store\/wp-content\/uploads\/2022\/02\/MG-9007-Invincible-Destruction-King.jpg 800w, https:\/\/mouldking.store\/wp-content\/uploads\/2022\/02\/MG-9007-Invincible-Destruction-King-300x300.jpg 300w, https:\/\/mouldking.store\/wp-content\/uploads\/2022\/02\/MG-9007-Invincible-Destruction-King-768x768.jpg 768w, https:\/\/mouldking.store\/wp-content\/uploads\/2022\/02\/MG-9007-Invincible-Destruction-King-600x600.jpg 600w, https:\/\/mouldking.store\/wp-content\/uploads\/2022\/02\/MG-9007-Invincible-Destruction-King-150x150.jpg 150w\" sizes=\"(max-width: 800px) 100vw, 800px\" \/><figcaption id=\"caption-attachment-29832\" class=\"wp-caption-text\">MG 9007 Invincible Destruction King<\/figcaption><\/figure>","protected":false},"excerpt":{"rendered":"<p>Product information: Brand: MG Gender: Unisex Name: Invincible Destruction King Age Range: &gt; 6 years old Model Number: 9007 Classification: Assemblage Plastic Block Shape: Self-Locking Bricks Material: Plastic Plastic Type: ABS Contains detailed assembly instructions. Notice: 1. Without an original box, but we guarantee our products have quality assurance and nice packaging. 2. As all [&hellip;]<\/p>","protected":false},"featured_media":29832,"comment_status":"closed","ping_status":"closed","template":"","meta":{"_acf_changed":false},"product_cat":[581],"product_tag":[4698,4697,4693,4696,4695],"class_list":["product","first","instock","shipping-taxable","purchasable","product-type-simple"],"acf":[],"_links":{"self":[{"href":"https:\/\/mouldking.store\/nb\/wp-json\/wp\/v2\/product\/29831","targetHints":{"allow":["GET"]}}],"collection":[{"href":"https:\/\/mouldking.store\/nb\/wp-json\/wp\/v2\/product"}],"about":[{"href":"https:\/\/mouldking.store\/nb\/wp-json\/wp\/v2\/types\/product"}],"replies":[{"embeddable":true,"href":"https:\/\/mouldking.store\/nb\/wp-json\/wp\/v2\/comments?post=29831"}],"wp:featuredmedia":[{"embeddable":true,"href":"https:\/\/mouldking.store\/nb\/wp-json\/wp\/v2\/media\/29832"}],"wp:attachment":[{"href":"https:\/\/mouldking.store\/nb\/wp-json\/wp\/v2\/media?parent=29831"}],"wp:term":[{"taxonomy":"product_cat","embeddable":true,"href":"https:\/\/mouldking.store\/nb\/wp-json\/wp\/v2\/product_cat?post=29831"},{"taxonomy":"product_tag","embeddable":true,"href":"https:\/\/mouldking.store\/nb\/wp-json\/wp\/v2\/product_tag?post=29831"}],"curies":[{"name":"wp","href":"https:\/\/api.w.org\/{rel}","templated":true}]}}