{"id":29857,"date":"2022-02-23T16:15:56","date_gmt":"2022-02-23T09:15:56","guid":{"rendered":"https:\/\/mouldking.store\/?post_type=product&#038;p=29857"},"modified":"2022-02-23T16:15:56","modified_gmt":"2022-02-23T09:15:56","slug":"qman-k20202-k20204-pokemon-pikachu","status":"publish","type":"product","link":"https:\/\/mouldking.store\/nb\/shop\/qman-k20202-k20204-pokemon-pikachu\/","title":{"rendered":"Qman K20202-K20204 Pok\u00e9mon Pikachu"},"content":{"rendered":"<p>Produktinformasjon:<\/p>\n<ol>\n<li>Merke: Qman<\/li>\n<li>Kj\u00f8nn: Unisex<\/li>\n<li>Navn: Pok\u00e9mon Pikachu<\/li>\n<li>Aldersgruppe: &gt; 6 \u00e5r gammel<\/li>\n<li>Model Number: K20202-K20204<\/li>\n<li>Klassifisering: Montering<\/li>\n<li>Plastblokkform: Selvl\u00e5sende murstein<\/li>\n<li>Materiale: Plast<\/li>\n<li>Plasttype: ABS<\/li>\n<li>Bricks Blocks: K20202 ~110+PCS, K20204\u00a0 ~112+PCS<\/li>\n<li>Inneholder detaljerte monteringsanvisninger.<\/li>\n<\/ol>\n<p>Legge merke til:<br \/>\n1. Uten original eske, men vi garanterer at v\u00e5re produkter har kvalitetssikring og pen emballasje.<br \/>\n2. Som alle delene vi har sjekket f\u00f8r frakt, s\u00e5 hvis du finner noen deler savnet eller skadet, ikke bekymre deg og bare kontakt oss, s\u00e5 kan vi sende dem til deg p\u00e5 nytt umiddelbart gratis.<\/p>\n<p>&nbsp;<\/p>\n<figure id=\"attachment_29859\" aria-describedby=\"caption-attachment-29859\" style=\"width: 440px\" class=\"wp-caption aligncenter\"><img fetchpriority=\"high\" decoding=\"async\" class=\"wp-image-29859 size-full\" src=\"https:\/\/mouldking.store\/wp-content\/uploads\/2022\/02\/Qman-K20202-K20204-Pokemon-Pikachu-2.jpg\" alt=\"Qman K20202-K20204 Pok\u00e9mon Pikachu\" width=\"440\" height=\"1024\" title=\"-\" srcset=\"https:\/\/mouldking.store\/wp-content\/uploads\/2022\/02\/Qman-K20202-K20204-Pokemon-Pikachu-2.jpg 440w, https:\/\/mouldking.store\/wp-content\/uploads\/2022\/02\/Qman-K20202-K20204-Pokemon-Pikachu-2-129x300.jpg 129w, https:\/\/mouldking.store\/wp-content\/uploads\/2022\/02\/Qman-K20202-K20204-Pokemon-Pikachu-2-300x698.jpg 300w, https:\/\/mouldking.store\/wp-content\/uploads\/2022\/02\/Qman-K20202-K20204-Pokemon-Pikachu-2-64x150.jpg 64w\" sizes=\"(max-width: 440px) 100vw, 440px\" \/><figcaption id=\"caption-attachment-29859\" class=\"wp-caption-text\">Qman K20202-K20204 Pok\u00e9mon Pikachu<\/figcaption><\/figure>\n<figure id=\"attachment_29860\" aria-describedby=\"caption-attachment-29860\" style=\"width: 443px\" class=\"wp-caption aligncenter\"><img decoding=\"async\" class=\"wp-image-29860 size-full\" src=\"https:\/\/mouldking.store\/wp-content\/uploads\/2022\/02\/Qman-K20202-K20204-Pokemon-Pikachu-3.jpg\" alt=\"Qman K20202-K20204 Pok\u00e9mon Pikachu\" width=\"443\" height=\"1024\" title=\"-\" srcset=\"https:\/\/mouldking.store\/wp-content\/uploads\/2022\/02\/Qman-K20202-K20204-Pokemon-Pikachu-3.jpg 443w, https:\/\/mouldking.store\/wp-content\/uploads\/2022\/02\/Qman-K20202-K20204-Pokemon-Pikachu-3-130x300.jpg 130w, https:\/\/mouldking.store\/wp-content\/uploads\/2022\/02\/Qman-K20202-K20204-Pokemon-Pikachu-3-300x693.jpg 300w, https:\/\/mouldking.store\/wp-content\/uploads\/2022\/02\/Qman-K20202-K20204-Pokemon-Pikachu-3-65x150.jpg 65w\" sizes=\"(max-width: 443px) 100vw, 443px\" \/><figcaption id=\"caption-attachment-29860\" class=\"wp-caption-text\">Qman K20202-K20204 Pok\u00e9mon Pikachu<\/figcaption><\/figure>","protected":false},"excerpt":{"rendered":"<p>Product information: Brand: Qman Gender: Unisex Name: Pok\u00e9mon Pikachu Age Range: &gt; 6 years old Model Number: K20202-K20204 Classification: Assemblage Plastic Block Shape: Self-Locking Bricks Material: Plastic Plastic Type: ABS Bricks Blocks: K20202 ~110+PCS, K20204\u00a0 ~112+PCS Contains detailed assembly instructions. Notice: 1. Without an original box, but we guarantee our products have quality assurance and [&hellip;]<\/p>","protected":false},"featured_media":29858,"comment_status":"closed","ping_status":"closed","template":"","meta":{"_acf_changed":false},"product_cat":[581],"product_tag":[4717,4716,4718,4687,2468,4685,4125,4715,4714],"class_list":["product","first","instock","shipping-taxable","purchasable","product-type-variable"],"acf":[],"_links":{"self":[{"href":"https:\/\/mouldking.store\/nb\/wp-json\/wp\/v2\/product\/29857","targetHints":{"allow":["GET"]}}],"collection":[{"href":"https:\/\/mouldking.store\/nb\/wp-json\/wp\/v2\/product"}],"about":[{"href":"https:\/\/mouldking.store\/nb\/wp-json\/wp\/v2\/types\/product"}],"replies":[{"embeddable":true,"href":"https:\/\/mouldking.store\/nb\/wp-json\/wp\/v2\/comments?post=29857"}],"wp:featuredmedia":[{"embeddable":true,"href":"https:\/\/mouldking.store\/nb\/wp-json\/wp\/v2\/media\/29858"}],"wp:attachment":[{"href":"https:\/\/mouldking.store\/nb\/wp-json\/wp\/v2\/media?parent=29857"}],"wp:term":[{"taxonomy":"product_cat","embeddable":true,"href":"https:\/\/mouldking.store\/nb\/wp-json\/wp\/v2\/product_cat?post=29857"},{"taxonomy":"product_tag","embeddable":true,"href":"https:\/\/mouldking.store\/nb\/wp-json\/wp\/v2\/product_tag?post=29857"}],"curies":[{"name":"wp","href":"https:\/\/api.w.org\/{rel}","templated":true}]}}