{"id":29870,"date":"2022-02-23T16:24:40","date_gmt":"2022-02-23T09:24:40","guid":{"rendered":"https:\/\/mouldking.store\/?post_type=product&#038;p=29870"},"modified":"2022-02-23T16:24:40","modified_gmt":"2022-02-23T09:24:40","slug":"qman-k20209-k20210-pokemon-street-view","status":"publish","type":"product","link":"https:\/\/mouldking.store\/nb\/shop\/qman-k20209-k20210-pokemon-street-view\/","title":{"rendered":"Qman K20209-K20210 Pokemon Street View"},"content":{"rendered":"<p>Produktinformasjon:<\/p>\n<ol>\n<li>Merke: Qman<\/li>\n<li>Kj\u00f8nn: Unisex<\/li>\n<li>Name: Pokemon Street View<\/li>\n<li>Aldersgruppe: &gt; 6 \u00e5r gammel<\/li>\n<li>Model Number: K20209-K20210<\/li>\n<li>Klassifisering: Montering<\/li>\n<li>Plastblokkform: Selvl\u00e5sende murstein<\/li>\n<li>Materiale: Plast<\/li>\n<li>Plasttype: ABS<\/li>\n<li>Bricks Blocks: K20209 ~317 PCS, K20210 ~330 PCS<\/li>\n<li>Inneholder detaljerte monteringsanvisninger.<\/li>\n<\/ol>\n<p>Legge merke til:<br \/>\n1. Uten original eske, men vi garanterer at v\u00e5re produkter har kvalitetssikring og pen emballasje.<br \/>\n2. Som alle delene vi har sjekket f\u00f8r frakt, s\u00e5 hvis du finner noen deler savnet eller skadet, ikke bekymre deg og bare kontakt oss, s\u00e5 kan vi sende dem til deg p\u00e5 nytt umiddelbart gratis.<\/p>\n<figure id=\"attachment_29871\" aria-describedby=\"caption-attachment-29871\" style=\"width: 800px\" class=\"wp-caption aligncenter\"><img fetchpriority=\"high\" decoding=\"async\" class=\"wp-image-29871 size-full\" src=\"https:\/\/mouldking.store\/wp-content\/uploads\/2022\/02\/Qman-K20209-K20210-Pokemon-Street-View-1.jpg\" alt=\"Qman K20209-K20210 Pokemon Street View\" width=\"800\" height=\"800\" title=\"-\" srcset=\"https:\/\/mouldking.store\/wp-content\/uploads\/2022\/02\/Qman-K20209-K20210-Pokemon-Street-View-1.jpg 800w, https:\/\/mouldking.store\/wp-content\/uploads\/2022\/02\/Qman-K20209-K20210-Pokemon-Street-View-1-300x300.jpg 300w, https:\/\/mouldking.store\/wp-content\/uploads\/2022\/02\/Qman-K20209-K20210-Pokemon-Street-View-1-768x768.jpg 768w, https:\/\/mouldking.store\/wp-content\/uploads\/2022\/02\/Qman-K20209-K20210-Pokemon-Street-View-1-600x600.jpg 600w, https:\/\/mouldking.store\/wp-content\/uploads\/2022\/02\/Qman-K20209-K20210-Pokemon-Street-View-1-150x150.jpg 150w\" sizes=\"(max-width: 800px) 100vw, 800px\" \/><figcaption id=\"caption-attachment-29871\" class=\"wp-caption-text\">Qman K20209-K20210 Pokemon Street View<\/figcaption><\/figure>\n<figure id=\"attachment_29873\" aria-describedby=\"caption-attachment-29873\" style=\"width: 750px\" class=\"wp-caption aligncenter\"><img decoding=\"async\" class=\"wp-image-29873 size-full\" src=\"https:\/\/mouldking.store\/wp-content\/uploads\/2022\/02\/Qman-K20209-K20210-Pokemon-Street-View-3.jpg\" alt=\"Qman K20209-K20210 Pokemon Street View\" width=\"750\" height=\"507\" title=\"-\" srcset=\"https:\/\/mouldking.store\/wp-content\/uploads\/2022\/02\/Qman-K20209-K20210-Pokemon-Street-View-3.jpg 750w, https:\/\/mouldking.store\/wp-content\/uploads\/2022\/02\/Qman-K20209-K20210-Pokemon-Street-View-3-300x203.jpg 300w, https:\/\/mouldking.store\/wp-content\/uploads\/2022\/02\/Qman-K20209-K20210-Pokemon-Street-View-3-600x406.jpg 600w, https:\/\/mouldking.store\/wp-content\/uploads\/2022\/02\/Qman-K20209-K20210-Pokemon-Street-View-3-150x101.jpg 150w\" sizes=\"(max-width: 750px) 100vw, 750px\" \/><figcaption id=\"caption-attachment-29873\" class=\"wp-caption-text\">Qman K20209-K20210 Pokemon Street View<\/figcaption><\/figure>\n<figure id=\"attachment_29874\" aria-describedby=\"caption-attachment-29874\" style=\"width: 800px\" class=\"wp-caption aligncenter\"><img decoding=\"async\" class=\"wp-image-29874 size-full\" src=\"https:\/\/mouldking.store\/wp-content\/uploads\/2022\/02\/Qman-K20209-K20210-Pokemon-Street-View-4.jpg\" alt=\"Qman K20209-K20210 Pokemon Street View\" width=\"800\" height=\"800\" title=\"-\" srcset=\"https:\/\/mouldking.store\/wp-content\/uploads\/2022\/02\/Qman-K20209-K20210-Pokemon-Street-View-4.jpg 800w, https:\/\/mouldking.store\/wp-content\/uploads\/2022\/02\/Qman-K20209-K20210-Pokemon-Street-View-4-300x300.jpg 300w, https:\/\/mouldking.store\/wp-content\/uploads\/2022\/02\/Qman-K20209-K20210-Pokemon-Street-View-4-768x768.jpg 768w, https:\/\/mouldking.store\/wp-content\/uploads\/2022\/02\/Qman-K20209-K20210-Pokemon-Street-View-4-600x600.jpg 600w, https:\/\/mouldking.store\/wp-content\/uploads\/2022\/02\/Qman-K20209-K20210-Pokemon-Street-View-4-150x150.jpg 150w\" sizes=\"(max-width: 800px) 100vw, 800px\" \/><figcaption id=\"caption-attachment-29874\" class=\"wp-caption-text\">Qman K20209-K20210 Pokemon Street View<\/figcaption><\/figure>\n<figure id=\"attachment_29872\" aria-describedby=\"caption-attachment-29872\" style=\"width: 775px\" class=\"wp-caption aligncenter\"><img loading=\"lazy\" decoding=\"async\" class=\"wp-image-29872 size-full\" src=\"https:\/\/mouldking.store\/wp-content\/uploads\/2022\/02\/Qman-K20209-K20210-Pokemon-Street-View-2.jpg\" alt=\"Qman K20209-K20210 Pokemon Street View\" width=\"775\" height=\"506\" title=\"-\" srcset=\"https:\/\/mouldking.store\/wp-content\/uploads\/2022\/02\/Qman-K20209-K20210-Pokemon-Street-View-2.jpg 775w, https:\/\/mouldking.store\/wp-content\/uploads\/2022\/02\/Qman-K20209-K20210-Pokemon-Street-View-2-300x196.jpg 300w, https:\/\/mouldking.store\/wp-content\/uploads\/2022\/02\/Qman-K20209-K20210-Pokemon-Street-View-2-768x501.jpg 768w, https:\/\/mouldking.store\/wp-content\/uploads\/2022\/02\/Qman-K20209-K20210-Pokemon-Street-View-2-600x392.jpg 600w, https:\/\/mouldking.store\/wp-content\/uploads\/2022\/02\/Qman-K20209-K20210-Pokemon-Street-View-2-150x98.jpg 150w\" sizes=\"(max-width: 775px) 100vw, 775px\" \/><figcaption id=\"caption-attachment-29872\" class=\"wp-caption-text\">Qman K20209-K20210 Pokemon Street View<\/figcaption><\/figure>","protected":false},"excerpt":{"rendered":"<p>Product information: Brand: Qman Gender: Unisex Name: Pokemon Street View Age Range: &gt; 6 years old Model Number: K20209-K20210 Classification: Assemblage Plastic Block Shape: Self-Locking Bricks Material: Plastic Plastic Type: ABS Bricks Blocks: K20209 ~317 PCS, K20210 ~330 PCS Contains detailed assembly instructions. Notice: 1. Without an original box, but we guarantee our products have [&hellip;]<\/p>","protected":false},"featured_media":29871,"comment_status":"closed","ping_status":"closed","template":"","meta":{"_acf_changed":false},"product_cat":[390],"product_tag":[4728,4729,2468,4726,4725,4724,4727],"class_list":["product","first","instock","shipping-taxable","purchasable","product-type-variable"],"acf":[],"_links":{"self":[{"href":"https:\/\/mouldking.store\/nb\/wp-json\/wp\/v2\/product\/29870","targetHints":{"allow":["GET"]}}],"collection":[{"href":"https:\/\/mouldking.store\/nb\/wp-json\/wp\/v2\/product"}],"about":[{"href":"https:\/\/mouldking.store\/nb\/wp-json\/wp\/v2\/types\/product"}],"replies":[{"embeddable":true,"href":"https:\/\/mouldking.store\/nb\/wp-json\/wp\/v2\/comments?post=29870"}],"wp:featuredmedia":[{"embeddable":true,"href":"https:\/\/mouldking.store\/nb\/wp-json\/wp\/v2\/media\/29871"}],"wp:attachment":[{"href":"https:\/\/mouldking.store\/nb\/wp-json\/wp\/v2\/media?parent=29870"}],"wp:term":[{"taxonomy":"product_cat","embeddable":true,"href":"https:\/\/mouldking.store\/nb\/wp-json\/wp\/v2\/product_cat?post=29870"},{"taxonomy":"product_tag","embeddable":true,"href":"https:\/\/mouldking.store\/nb\/wp-json\/wp\/v2\/product_tag?post=29870"}],"curies":[{"name":"wp","href":"https:\/\/api.w.org\/{rel}","templated":true}]}}