{"id":29897,"date":"2022-02-23T16:58:40","date_gmt":"2022-02-23T09:58:40","guid":{"rendered":"https:\/\/mouldking.store\/?post_type=product&#038;p=29897"},"modified":"2022-02-23T16:58:41","modified_gmt":"2022-02-23T09:58:41","slug":"qman-3305-blast-ranger-4-in-1-with-644-pieces","status":"publish","type":"product","link":"https:\/\/mouldking.store\/nb\/shop\/qman-3305-blast-ranger-4-in-1-with-644-pieces\/","title":{"rendered":"Qman 3305 Blast Ranger 4 i 1 med 644 deler"},"content":{"rendered":"<p>Produktinformasjon:<\/p>\n<ol>\n<li>Merke: Qman<\/li>\n<li>Kj\u00f8nn: Unisex<\/li>\n<li>Name: Blast Ranger 4 in 1<\/li>\n<li>Aldersgruppe: &gt; 6 \u00e5r gammel<\/li>\n<li>Model Number: 3305<\/li>\n<li>Klassifisering: Montering<\/li>\n<li>Plastblokkform: Selvl\u00e5sende murstein<\/li>\n<li>Materiale: Plast<\/li>\n<li>Plasttype: ABS<\/li>\n<li>Bricks Blocks: 644 PCS<\/li>\n<li>Inneholder detaljerte monteringsanvisninger.<\/li>\n<\/ol>\n<p>Legge merke til:<br \/>\n1. Uten original eske, men vi garanterer at v\u00e5re produkter har kvalitetssikring og pen emballasje.<br \/>\n2. Som alle delene vi har sjekket f\u00f8r frakt, s\u00e5 hvis du finner noen deler savnet eller skadet, ikke bekymre deg og bare kontakt oss, s\u00e5 kan vi sende dem til deg p\u00e5 nytt umiddelbart gratis.<\/p>\n<figure id=\"attachment_29898\" aria-describedby=\"caption-attachment-29898\" style=\"width: 800px\" class=\"wp-caption aligncenter\"><img fetchpriority=\"high\" decoding=\"async\" class=\"wp-image-29898 size-full\" src=\"https:\/\/mouldking.store\/wp-content\/uploads\/2022\/02\/Qman-3305-Blast-Ranger-4-in-1-with-644-pieces-1.jpg\" alt=\"Qman 3305 Blast Ranger 4 in 1 \" width=\"800\" height=\"800\" title=\"-\" srcset=\"https:\/\/mouldking.store\/wp-content\/uploads\/2022\/02\/Qman-3305-Blast-Ranger-4-in-1-with-644-pieces-1.jpg 800w, https:\/\/mouldking.store\/wp-content\/uploads\/2022\/02\/Qman-3305-Blast-Ranger-4-in-1-with-644-pieces-1-300x300.jpg 300w, https:\/\/mouldking.store\/wp-content\/uploads\/2022\/02\/Qman-3305-Blast-Ranger-4-in-1-with-644-pieces-1-768x768.jpg 768w, https:\/\/mouldking.store\/wp-content\/uploads\/2022\/02\/Qman-3305-Blast-Ranger-4-in-1-with-644-pieces-1-600x600.jpg 600w, https:\/\/mouldking.store\/wp-content\/uploads\/2022\/02\/Qman-3305-Blast-Ranger-4-in-1-with-644-pieces-1-150x150.jpg 150w\" sizes=\"(max-width: 800px) 100vw, 800px\" \/><figcaption id=\"caption-attachment-29898\" class=\"wp-caption-text\">Qman 3305 Blast Ranger 4 in 1<\/figcaption><\/figure>\n<figure id=\"attachment_29903\" aria-describedby=\"caption-attachment-29903\" style=\"width: 800px\" class=\"wp-caption aligncenter\"><img decoding=\"async\" class=\"wp-image-29903 size-full\" src=\"https:\/\/mouldking.store\/wp-content\/uploads\/2022\/02\/Qman-3305-Blast-Ranger-4-in-1-with-644-pieces-2.jpg\" alt=\"Qman 3305 Blast Ranger 4 in 1 \" width=\"800\" height=\"800\" title=\"-\" srcset=\"https:\/\/mouldking.store\/wp-content\/uploads\/2022\/02\/Qman-3305-Blast-Ranger-4-in-1-with-644-pieces-2.jpg 800w, https:\/\/mouldking.store\/wp-content\/uploads\/2022\/02\/Qman-3305-Blast-Ranger-4-in-1-with-644-pieces-2-300x300.jpg 300w, https:\/\/mouldking.store\/wp-content\/uploads\/2022\/02\/Qman-3305-Blast-Ranger-4-in-1-with-644-pieces-2-768x768.jpg 768w, https:\/\/mouldking.store\/wp-content\/uploads\/2022\/02\/Qman-3305-Blast-Ranger-4-in-1-with-644-pieces-2-600x600.jpg 600w, https:\/\/mouldking.store\/wp-content\/uploads\/2022\/02\/Qman-3305-Blast-Ranger-4-in-1-with-644-pieces-2-150x150.jpg 150w\" sizes=\"(max-width: 800px) 100vw, 800px\" \/><figcaption id=\"caption-attachment-29903\" class=\"wp-caption-text\">Qman 3305 Blast Ranger 4 in 1<\/figcaption><\/figure>\n<figure id=\"attachment_29902\" aria-describedby=\"caption-attachment-29902\" style=\"width: 647px\" class=\"wp-caption aligncenter\"><img decoding=\"async\" class=\"wp-image-29902 size-full\" src=\"https:\/\/mouldking.store\/wp-content\/uploads\/2022\/02\/Qman-3305-Blast-Ranger-4-in-1-with-644-pieces-4.png\" alt=\"Qman 3305 Blast Ranger 4 in 1 \" width=\"647\" height=\"409\" title=\"-\" srcset=\"https:\/\/mouldking.store\/wp-content\/uploads\/2022\/02\/Qman-3305-Blast-Ranger-4-in-1-with-644-pieces-4.png 647w, https:\/\/mouldking.store\/wp-content\/uploads\/2022\/02\/Qman-3305-Blast-Ranger-4-in-1-with-644-pieces-4-300x190.png 300w, https:\/\/mouldking.store\/wp-content\/uploads\/2022\/02\/Qman-3305-Blast-Ranger-4-in-1-with-644-pieces-4-600x379.png 600w, https:\/\/mouldking.store\/wp-content\/uploads\/2022\/02\/Qman-3305-Blast-Ranger-4-in-1-with-644-pieces-4-150x95.png 150w\" sizes=\"(max-width: 647px) 100vw, 647px\" \/><figcaption id=\"caption-attachment-29902\" class=\"wp-caption-text\">Qman 3305 Blast Ranger 4 in 1<\/figcaption><\/figure>\n<figure id=\"attachment_29901\" aria-describedby=\"caption-attachment-29901\" style=\"width: 667px\" class=\"wp-caption aligncenter\"><img loading=\"lazy\" decoding=\"async\" class=\"wp-image-29901 size-full\" src=\"https:\/\/mouldking.store\/wp-content\/uploads\/2022\/02\/Qman-3305-Blast-Ranger-4-in-1-with-644-pieces-3.png\" alt=\"Qman 3305 Blast Ranger 4 in 1 \" width=\"667\" height=\"423\" title=\"-\" srcset=\"https:\/\/mouldking.store\/wp-content\/uploads\/2022\/02\/Qman-3305-Blast-Ranger-4-in-1-with-644-pieces-3.png 667w, https:\/\/mouldking.store\/wp-content\/uploads\/2022\/02\/Qman-3305-Blast-Ranger-4-in-1-with-644-pieces-3-300x190.png 300w, https:\/\/mouldking.store\/wp-content\/uploads\/2022\/02\/Qman-3305-Blast-Ranger-4-in-1-with-644-pieces-3-600x381.png 600w, https:\/\/mouldking.store\/wp-content\/uploads\/2022\/02\/Qman-3305-Blast-Ranger-4-in-1-with-644-pieces-3-150x95.png 150w\" sizes=\"(max-width: 667px) 100vw, 667px\" \/><figcaption id=\"caption-attachment-29901\" class=\"wp-caption-text\">Qman 3305 Blast Ranger 4 in 1<\/figcaption><\/figure>\n<figure id=\"attachment_29900\" aria-describedby=\"caption-attachment-29900\" style=\"width: 651px\" class=\"wp-caption aligncenter\"><img loading=\"lazy\" decoding=\"async\" class=\"wp-image-29900 size-full\" src=\"https:\/\/mouldking.store\/wp-content\/uploads\/2022\/02\/Qman-3305-Blast-Ranger-4-in-1-with-644-pieces-2.png\" alt=\"Qman 3305 Blast Ranger 4 in 1 \" width=\"651\" height=\"444\" title=\"-\" srcset=\"https:\/\/mouldking.store\/wp-content\/uploads\/2022\/02\/Qman-3305-Blast-Ranger-4-in-1-with-644-pieces-2.png 651w, https:\/\/mouldking.store\/wp-content\/uploads\/2022\/02\/Qman-3305-Blast-Ranger-4-in-1-with-644-pieces-2-300x205.png 300w, https:\/\/mouldking.store\/wp-content\/uploads\/2022\/02\/Qman-3305-Blast-Ranger-4-in-1-with-644-pieces-2-600x409.png 600w, https:\/\/mouldking.store\/wp-content\/uploads\/2022\/02\/Qman-3305-Blast-Ranger-4-in-1-with-644-pieces-2-150x102.png 150w\" sizes=\"(max-width: 651px) 100vw, 651px\" \/><figcaption id=\"caption-attachment-29900\" class=\"wp-caption-text\">Qman 3305 Blast Ranger 4 in 1<\/figcaption><\/figure>\n<figure id=\"attachment_29899\" aria-describedby=\"caption-attachment-29899\" style=\"width: 661px\" class=\"wp-caption aligncenter\"><img loading=\"lazy\" decoding=\"async\" class=\"wp-image-29899 size-full\" src=\"https:\/\/mouldking.store\/wp-content\/uploads\/2022\/02\/Qman-3305-Blast-Ranger-4-in-1-with-644-pieces-1.png\" alt=\"Qman 3305 Blast Ranger 4 in 1 \" width=\"661\" height=\"430\" title=\"-\" srcset=\"https:\/\/mouldking.store\/wp-content\/uploads\/2022\/02\/Qman-3305-Blast-Ranger-4-in-1-with-644-pieces-1.png 661w, https:\/\/mouldking.store\/wp-content\/uploads\/2022\/02\/Qman-3305-Blast-Ranger-4-in-1-with-644-pieces-1-300x195.png 300w, https:\/\/mouldking.store\/wp-content\/uploads\/2022\/02\/Qman-3305-Blast-Ranger-4-in-1-with-644-pieces-1-600x390.png 600w, https:\/\/mouldking.store\/wp-content\/uploads\/2022\/02\/Qman-3305-Blast-Ranger-4-in-1-with-644-pieces-1-150x98.png 150w\" sizes=\"(max-width: 661px) 100vw, 661px\" \/><figcaption id=\"caption-attachment-29899\" class=\"wp-caption-text\">Qman 3305 Blast Ranger 4 in 1<\/figcaption><\/figure>","protected":false},"excerpt":{"rendered":"<p>Product information: Brand: Qman Gender: Unisex Name: Blast Ranger 4 in 1 Age Range: &gt; 6 years old Model Number: 3305 Classification: Assemblage Plastic Block Shape: Self-Locking Bricks Material: Plastic Plastic Type: ABS Bricks Blocks: 644 PCS Contains detailed assembly instructions. Notice: 1. Without an original box, but we guarantee our products have quality assurance [&hellip;]<\/p>","protected":false},"featured_media":29898,"comment_status":"closed","ping_status":"closed","template":"","meta":{"_acf_changed":false},"product_cat":[371],"product_tag":[4741,2660,4742,4739,4125,4738,4740,4737,4736],"class_list":["product","first","instock","shipping-taxable","purchasable","product-type-simple"],"acf":[],"_links":{"self":[{"href":"https:\/\/mouldking.store\/nb\/wp-json\/wp\/v2\/product\/29897","targetHints":{"allow":["GET"]}}],"collection":[{"href":"https:\/\/mouldking.store\/nb\/wp-json\/wp\/v2\/product"}],"about":[{"href":"https:\/\/mouldking.store\/nb\/wp-json\/wp\/v2\/types\/product"}],"replies":[{"embeddable":true,"href":"https:\/\/mouldking.store\/nb\/wp-json\/wp\/v2\/comments?post=29897"}],"wp:featuredmedia":[{"embeddable":true,"href":"https:\/\/mouldking.store\/nb\/wp-json\/wp\/v2\/media\/29898"}],"wp:attachment":[{"href":"https:\/\/mouldking.store\/nb\/wp-json\/wp\/v2\/media?parent=29897"}],"wp:term":[{"taxonomy":"product_cat","embeddable":true,"href":"https:\/\/mouldking.store\/nb\/wp-json\/wp\/v2\/product_cat?post=29897"},{"taxonomy":"product_tag","embeddable":true,"href":"https:\/\/mouldking.store\/nb\/wp-json\/wp\/v2\/product_tag?post=29897"}],"curies":[{"name":"wp","href":"https:\/\/api.w.org\/{rel}","templated":true}]}}