{"id":29924,"date":"2022-02-23T17:18:52","date_gmt":"2022-02-23T10:18:52","guid":{"rendered":"https:\/\/mouldking.store\/?post_type=product&#038;p=29924"},"modified":"2022-02-23T17:18:52","modified_gmt":"2022-02-23T10:18:52","slug":"qman-21012-anti-ambush-armored-vehicle-with-388-pieces","status":"publish","type":"product","link":"https:\/\/mouldking.store\/nb\/shop\/qman-21012-anti-ambush-armored-vehicle-with-388-pieces\/","title":{"rendered":"Qman 21012 anti-bakhold pansret kj\u00f8ret\u00f8y med 388 deler"},"content":{"rendered":"<p>Produktinformasjon:<\/p>\n<ol>\n<li>Merke: Qman<\/li>\n<li>Kj\u00f8nn: Unisex<\/li>\n<li>Name: Anti-Ambush Armored Vehicle<\/li>\n<li>Aldersgruppe: &gt; 6 \u00e5r gammel<\/li>\n<li>Model Number: 21012<\/li>\n<li>Klassifisering: Montering<\/li>\n<li>Plastblokkform: Selvl\u00e5sende murstein<\/li>\n<li>Materiale: Plast<\/li>\n<li>Plasttype: ABS<\/li>\n<li>Bricks Blocks: 388 PCS<\/li>\n<li>Inneholder detaljerte monteringsanvisninger.<\/li>\n<\/ol>\n<p>Legge merke til:<br \/>\n1. Uten original eske, men vi garanterer at v\u00e5re produkter har kvalitetssikring og pen emballasje.<br \/>\n2. Som alle delene vi har sjekket f\u00f8r frakt, s\u00e5 hvis du finner noen deler savnet eller skadet, ikke bekymre deg og bare kontakt oss, s\u00e5 kan vi sende dem til deg p\u00e5 nytt umiddelbart gratis.<\/p>\n<figure id=\"attachment_29925\" aria-describedby=\"caption-attachment-29925\" style=\"width: 800px\" class=\"wp-caption aligncenter\"><img fetchpriority=\"high\" decoding=\"async\" class=\"wp-image-29925 size-full\" src=\"https:\/\/mouldking.store\/wp-content\/uploads\/2022\/02\/Qman-21012-Anti-Ambush-Armored-Vehicle-with-388-pieces-1.jpg\" alt=\"Qman 21012 Anti-Ambush Armored Vehicle with 388 pieces\" width=\"800\" height=\"800\" title=\"-\" srcset=\"https:\/\/mouldking.store\/wp-content\/uploads\/2022\/02\/Qman-21012-Anti-Ambush-Armored-Vehicle-with-388-pieces-1.jpg 800w, https:\/\/mouldking.store\/wp-content\/uploads\/2022\/02\/Qman-21012-Anti-Ambush-Armored-Vehicle-with-388-pieces-1-300x300.jpg 300w, https:\/\/mouldking.store\/wp-content\/uploads\/2022\/02\/Qman-21012-Anti-Ambush-Armored-Vehicle-with-388-pieces-1-768x768.jpg 768w, https:\/\/mouldking.store\/wp-content\/uploads\/2022\/02\/Qman-21012-Anti-Ambush-Armored-Vehicle-with-388-pieces-1-600x600.jpg 600w, https:\/\/mouldking.store\/wp-content\/uploads\/2022\/02\/Qman-21012-Anti-Ambush-Armored-Vehicle-with-388-pieces-1-150x150.jpg 150w\" sizes=\"(max-width: 800px) 100vw, 800px\" \/><figcaption id=\"caption-attachment-29925\" class=\"wp-caption-text\">Qman 21012 anti-bakhold pansret kj\u00f8ret\u00f8y med 388 deler<\/figcaption><\/figure>\n<figure id=\"attachment_29930\" aria-describedby=\"caption-attachment-29930\" style=\"width: 800px\" class=\"wp-caption aligncenter\"><img decoding=\"async\" class=\"wp-image-29930 size-full\" src=\"https:\/\/mouldking.store\/wp-content\/uploads\/2022\/02\/Qman-21012-Anti-Ambush-Armored-Vehicle-with-388-pieces-6.jpg\" alt=\"Qman 21012 Anti-Ambush Armored Vehicle with 388 pieces\" width=\"800\" height=\"800\" title=\"-\" srcset=\"https:\/\/mouldking.store\/wp-content\/uploads\/2022\/02\/Qman-21012-Anti-Ambush-Armored-Vehicle-with-388-pieces-6.jpg 800w, https:\/\/mouldking.store\/wp-content\/uploads\/2022\/02\/Qman-21012-Anti-Ambush-Armored-Vehicle-with-388-pieces-6-300x300.jpg 300w, https:\/\/mouldking.store\/wp-content\/uploads\/2022\/02\/Qman-21012-Anti-Ambush-Armored-Vehicle-with-388-pieces-6-768x768.jpg 768w, https:\/\/mouldking.store\/wp-content\/uploads\/2022\/02\/Qman-21012-Anti-Ambush-Armored-Vehicle-with-388-pieces-6-600x600.jpg 600w, https:\/\/mouldking.store\/wp-content\/uploads\/2022\/02\/Qman-21012-Anti-Ambush-Armored-Vehicle-with-388-pieces-6-150x150.jpg 150w\" sizes=\"(max-width: 800px) 100vw, 800px\" \/><figcaption id=\"caption-attachment-29930\" class=\"wp-caption-text\">Qman 21012 anti-bakhold pansret kj\u00f8ret\u00f8y med 388 deler<\/figcaption><\/figure>\n<figure id=\"attachment_29929\" aria-describedby=\"caption-attachment-29929\" style=\"width: 670px\" class=\"wp-caption aligncenter\"><img decoding=\"async\" class=\"wp-image-29929 size-full\" src=\"https:\/\/mouldking.store\/wp-content\/uploads\/2022\/02\/Qman-21012-Anti-Ambush-Armored-Vehicle-with-388-pieces-5.jpg\" alt=\"Qman 21012 Anti-Ambush Armored Vehicle with 388 pieces\" width=\"670\" height=\"1024\" title=\"-\" srcset=\"https:\/\/mouldking.store\/wp-content\/uploads\/2022\/02\/Qman-21012-Anti-Ambush-Armored-Vehicle-with-388-pieces-5.jpg 670w, https:\/\/mouldking.store\/wp-content\/uploads\/2022\/02\/Qman-21012-Anti-Ambush-Armored-Vehicle-with-388-pieces-5-196x300.jpg 196w, https:\/\/mouldking.store\/wp-content\/uploads\/2022\/02\/Qman-21012-Anti-Ambush-Armored-Vehicle-with-388-pieces-5-300x459.jpg 300w, https:\/\/mouldking.store\/wp-content\/uploads\/2022\/02\/Qman-21012-Anti-Ambush-Armored-Vehicle-with-388-pieces-5-600x917.jpg 600w, https:\/\/mouldking.store\/wp-content\/uploads\/2022\/02\/Qman-21012-Anti-Ambush-Armored-Vehicle-with-388-pieces-5-98x150.jpg 98w\" sizes=\"(max-width: 670px) 100vw, 670px\" \/><figcaption id=\"caption-attachment-29929\" class=\"wp-caption-text\">Qman 21012 anti-bakhold pansret kj\u00f8ret\u00f8y med 388 deler<\/figcaption><\/figure>\n<figure id=\"attachment_29928\" aria-describedby=\"caption-attachment-29928\" style=\"width: 649px\" class=\"wp-caption aligncenter\"><img loading=\"lazy\" decoding=\"async\" class=\"wp-image-29928 size-full\" src=\"https:\/\/mouldking.store\/wp-content\/uploads\/2022\/02\/Qman-21012-Anti-Ambush-Armored-Vehicle-with-388-pieces-4.jpg\" alt=\"Qman 21012 Anti-Ambush Armored Vehicle with 388 pieces\" width=\"649\" height=\"1024\" title=\"-\" srcset=\"https:\/\/mouldking.store\/wp-content\/uploads\/2022\/02\/Qman-21012-Anti-Ambush-Armored-Vehicle-with-388-pieces-4.jpg 649w, https:\/\/mouldking.store\/wp-content\/uploads\/2022\/02\/Qman-21012-Anti-Ambush-Armored-Vehicle-with-388-pieces-4-190x300.jpg 190w, https:\/\/mouldking.store\/wp-content\/uploads\/2022\/02\/Qman-21012-Anti-Ambush-Armored-Vehicle-with-388-pieces-4-300x473.jpg 300w, https:\/\/mouldking.store\/wp-content\/uploads\/2022\/02\/Qman-21012-Anti-Ambush-Armored-Vehicle-with-388-pieces-4-600x947.jpg 600w, https:\/\/mouldking.store\/wp-content\/uploads\/2022\/02\/Qman-21012-Anti-Ambush-Armored-Vehicle-with-388-pieces-4-95x150.jpg 95w\" sizes=\"(max-width: 649px) 100vw, 649px\" \/><figcaption id=\"caption-attachment-29928\" class=\"wp-caption-text\">Qman 21012 anti-bakhold pansret kj\u00f8ret\u00f8y med 388 deler<\/figcaption><\/figure>\n<figure id=\"attachment_29927\" aria-describedby=\"caption-attachment-29927\" style=\"width: 830px\" class=\"wp-caption aligncenter\"><img loading=\"lazy\" decoding=\"async\" class=\"wp-image-29927 size-full\" src=\"https:\/\/mouldking.store\/wp-content\/uploads\/2022\/02\/Qman-21012-Anti-Ambush-Armored-Vehicle-with-388-pieces-3.jpg\" alt=\"Qman 21012 Anti-Ambush Armored Vehicle with 388 pieces\" width=\"830\" height=\"892\" title=\"-\" srcset=\"https:\/\/mouldking.store\/wp-content\/uploads\/2022\/02\/Qman-21012-Anti-Ambush-Armored-Vehicle-with-388-pieces-3.jpg 830w, https:\/\/mouldking.store\/wp-content\/uploads\/2022\/02\/Qman-21012-Anti-Ambush-Armored-Vehicle-with-388-pieces-3-279x300.jpg 279w, https:\/\/mouldking.store\/wp-content\/uploads\/2022\/02\/Qman-21012-Anti-Ambush-Armored-Vehicle-with-388-pieces-3-768x825.jpg 768w, https:\/\/mouldking.store\/wp-content\/uploads\/2022\/02\/Qman-21012-Anti-Ambush-Armored-Vehicle-with-388-pieces-3-300x322.jpg 300w, https:\/\/mouldking.store\/wp-content\/uploads\/2022\/02\/Qman-21012-Anti-Ambush-Armored-Vehicle-with-388-pieces-3-600x645.jpg 600w, https:\/\/mouldking.store\/wp-content\/uploads\/2022\/02\/Qman-21012-Anti-Ambush-Armored-Vehicle-with-388-pieces-3-140x150.jpg 140w\" sizes=\"(max-width: 830px) 100vw, 830px\" \/><figcaption id=\"caption-attachment-29927\" class=\"wp-caption-text\">Qman 21012 anti-bakhold pansret kj\u00f8ret\u00f8y med 388 deler<\/figcaption><\/figure>\n<figure id=\"attachment_29926\" aria-describedby=\"caption-attachment-29926\" style=\"width: 770px\" class=\"wp-caption aligncenter\"><img loading=\"lazy\" decoding=\"async\" class=\"wp-image-29926 size-full\" src=\"https:\/\/mouldking.store\/wp-content\/uploads\/2022\/02\/Qman-21012-Anti-Ambush-Armored-Vehicle-with-388-pieces-2.jpg\" alt=\"Qman 21012 Anti-Ambush Armored Vehicle with 388 pieces\" width=\"770\" height=\"496\" title=\"-\" srcset=\"https:\/\/mouldking.store\/wp-content\/uploads\/2022\/02\/Qman-21012-Anti-Ambush-Armored-Vehicle-with-388-pieces-2.jpg 770w, https:\/\/mouldking.store\/wp-content\/uploads\/2022\/02\/Qman-21012-Anti-Ambush-Armored-Vehicle-with-388-pieces-2-300x193.jpg 300w, https:\/\/mouldking.store\/wp-content\/uploads\/2022\/02\/Qman-21012-Anti-Ambush-Armored-Vehicle-with-388-pieces-2-768x495.jpg 768w, https:\/\/mouldking.store\/wp-content\/uploads\/2022\/02\/Qman-21012-Anti-Ambush-Armored-Vehicle-with-388-pieces-2-600x386.jpg 600w, https:\/\/mouldking.store\/wp-content\/uploads\/2022\/02\/Qman-21012-Anti-Ambush-Armored-Vehicle-with-388-pieces-2-150x97.jpg 150w\" sizes=\"(max-width: 770px) 100vw, 770px\" \/><figcaption id=\"caption-attachment-29926\" class=\"wp-caption-text\">Qman 21012 anti-bakhold pansret kj\u00f8ret\u00f8y med 388 deler<\/figcaption><\/figure>","protected":false},"excerpt":{"rendered":"<p>Product information: Brand: Qman Gender: Unisex Name: Anti-Ambush Armored Vehicle Age Range: &gt; 6 years old Model Number: 21012 Classification: Assemblage Plastic Block Shape: Self-Locking Bricks Material: Plastic Plastic Type: ABS Bricks Blocks: 388 PCS Contains detailed assembly instructions. Notice: 1. Without an original box, but we guarantee our products have quality assurance and nice [&hellip;]<\/p>","protected":false},"featured_media":29925,"comment_status":"closed","ping_status":"closed","template":"","meta":{"_acf_changed":false},"product_cat":[372],"product_tag":[4771,4772,4770,4773,4125,4769,4768,4767],"class_list":["product","first","instock","shipping-taxable","purchasable","product-type-simple"],"acf":[],"_links":{"self":[{"href":"https:\/\/mouldking.store\/nb\/wp-json\/wp\/v2\/product\/29924","targetHints":{"allow":["GET"]}}],"collection":[{"href":"https:\/\/mouldking.store\/nb\/wp-json\/wp\/v2\/product"}],"about":[{"href":"https:\/\/mouldking.store\/nb\/wp-json\/wp\/v2\/types\/product"}],"replies":[{"embeddable":true,"href":"https:\/\/mouldking.store\/nb\/wp-json\/wp\/v2\/comments?post=29924"}],"wp:featuredmedia":[{"embeddable":true,"href":"https:\/\/mouldking.store\/nb\/wp-json\/wp\/v2\/media\/29925"}],"wp:attachment":[{"href":"https:\/\/mouldking.store\/nb\/wp-json\/wp\/v2\/media?parent=29924"}],"wp:term":[{"taxonomy":"product_cat","embeddable":true,"href":"https:\/\/mouldking.store\/nb\/wp-json\/wp\/v2\/product_cat?post=29924"},{"taxonomy":"product_tag","embeddable":true,"href":"https:\/\/mouldking.store\/nb\/wp-json\/wp\/v2\/product_tag?post=29924"}],"curies":[{"name":"wp","href":"https:\/\/api.w.org\/{rel}","templated":true}]}}