{"id":30093,"date":"2022-02-27T22:26:42","date_gmt":"2022-02-27T15:26:42","guid":{"rendered":"https:\/\/mouldking.store\/?post_type=product&#038;p=30093"},"modified":"2022-02-27T22:26:43","modified_gmt":"2022-02-27T15:26:43","slug":"qman-5208-masha-laundry-day-with-22-pieces","status":"publish","type":"product","link":"https:\/\/mouldking.store\/nb\/shop\/qman-5208-masha-laundry-day-with-22-pieces\/","title":{"rendered":"Qman 5208 Masha Laundry Day med 22 stk"},"content":{"rendered":"<p>Produktinformasjon:<\/p>\n<ol>\n<li>Merke: Qman<\/li>\n<li>Kj\u00f8nn: Unisex<\/li>\n<li>Name: Masha Laundry Day<\/li>\n<li>Aldersgruppe: &gt; 6 \u00e5r gammel<\/li>\n<li>Model Number: 5208<\/li>\n<li>Klassifisering: Montering<\/li>\n<li>Plastblokkform: Selvl\u00e5sende murstein<\/li>\n<li>Materiale: Plast<\/li>\n<li>Plasttype: ABS<\/li>\n<li>Bricks Blocks: 22 PCS<\/li>\n<li>Inneholder detaljerte monteringsanvisninger.<\/li>\n<\/ol>\n<p>Legge merke til:<br \/>\n1. Uten original eske, men vi garanterer at v\u00e5re produkter har kvalitetssikring og pen emballasje.<br \/>\n2. Som alle delene vi har sjekket f\u00f8r frakt, s\u00e5 hvis du finner noen deler savnet eller skadet, ikke bekymre deg og bare kontakt oss, s\u00e5 kan vi sende dem til deg p\u00e5 nytt umiddelbart gratis.<\/p>\n<p>&nbsp;<\/p>\n<figure id=\"attachment_30094\" aria-describedby=\"caption-attachment-30094\" style=\"width: 750px\" class=\"wp-caption aligncenter\"><img fetchpriority=\"high\" decoding=\"async\" class=\"wp-image-30094 size-full\" src=\"https:\/\/mouldking.store\/wp-content\/uploads\/2022\/02\/Qman-5208-Masha-Laundry-Day-with-22-pieces-6.jpg\" alt=\"Qman 5208 Masha Laundry Day with 22 pieces\" width=\"750\" height=\"558\" title=\"-\" srcset=\"https:\/\/mouldking.store\/wp-content\/uploads\/2022\/02\/Qman-5208-Masha-Laundry-Day-with-22-pieces-6.jpg 750w, https:\/\/mouldking.store\/wp-content\/uploads\/2022\/02\/Qman-5208-Masha-Laundry-Day-with-22-pieces-6-300x223.jpg 300w, https:\/\/mouldking.store\/wp-content\/uploads\/2022\/02\/Qman-5208-Masha-Laundry-Day-with-22-pieces-6-600x446.jpg 600w, https:\/\/mouldking.store\/wp-content\/uploads\/2022\/02\/Qman-5208-Masha-Laundry-Day-with-22-pieces-6-150x112.jpg 150w\" sizes=\"(max-width: 750px) 100vw, 750px\" \/><figcaption id=\"caption-attachment-30094\" class=\"wp-caption-text\">Qman 5208 Masha Laundry Day med 22 stk<\/figcaption><\/figure>\n<figure id=\"attachment_30097\" aria-describedby=\"caption-attachment-30097\" style=\"width: 750px\" class=\"wp-caption aligncenter\"><img decoding=\"async\" class=\"wp-image-30097 size-full\" src=\"https:\/\/mouldking.store\/wp-content\/uploads\/2022\/02\/Qman-5208-Masha-Laundry-Day-with-22-pieces-9.jpg\" alt=\"Qman 5208 Masha Laundry Day with 22 pieces\" width=\"750\" height=\"989\" title=\"-\" srcset=\"https:\/\/mouldking.store\/wp-content\/uploads\/2022\/02\/Qman-5208-Masha-Laundry-Day-with-22-pieces-9.jpg 750w, https:\/\/mouldking.store\/wp-content\/uploads\/2022\/02\/Qman-5208-Masha-Laundry-Day-with-22-pieces-9-228x300.jpg 228w, https:\/\/mouldking.store\/wp-content\/uploads\/2022\/02\/Qman-5208-Masha-Laundry-Day-with-22-pieces-9-300x396.jpg 300w, https:\/\/mouldking.store\/wp-content\/uploads\/2022\/02\/Qman-5208-Masha-Laundry-Day-with-22-pieces-9-600x791.jpg 600w, https:\/\/mouldking.store\/wp-content\/uploads\/2022\/02\/Qman-5208-Masha-Laundry-Day-with-22-pieces-9-114x150.jpg 114w\" sizes=\"(max-width: 750px) 100vw, 750px\" \/><figcaption id=\"caption-attachment-30097\" class=\"wp-caption-text\">Qman 5208 Masha Laundry Day med 22 stk<\/figcaption><\/figure>\n<figure id=\"attachment_30095\" aria-describedby=\"caption-attachment-30095\" style=\"width: 750px\" class=\"wp-caption aligncenter\"><img decoding=\"async\" class=\"wp-image-30095 size-full\" src=\"https:\/\/mouldking.store\/wp-content\/uploads\/2022\/02\/Qman-5208-Masha-Laundry-Day-with-22-pieces-7.jpg\" alt=\"Qman 5208 Masha Laundry Day with 22 pieces\" width=\"750\" height=\"643\" title=\"-\" srcset=\"https:\/\/mouldking.store\/wp-content\/uploads\/2022\/02\/Qman-5208-Masha-Laundry-Day-with-22-pieces-7.jpg 750w, https:\/\/mouldking.store\/wp-content\/uploads\/2022\/02\/Qman-5208-Masha-Laundry-Day-with-22-pieces-7-300x257.jpg 300w, https:\/\/mouldking.store\/wp-content\/uploads\/2022\/02\/Qman-5208-Masha-Laundry-Day-with-22-pieces-7-600x514.jpg 600w, https:\/\/mouldking.store\/wp-content\/uploads\/2022\/02\/Qman-5208-Masha-Laundry-Day-with-22-pieces-7-150x129.jpg 150w\" sizes=\"(max-width: 750px) 100vw, 750px\" \/><figcaption id=\"caption-attachment-30095\" class=\"wp-caption-text\">Qman 5208 Masha Laundry Day med 22 stk<\/figcaption><\/figure>\n<figure id=\"attachment_30102\" aria-describedby=\"caption-attachment-30102\" style=\"width: 750px\" class=\"wp-caption aligncenter\"><img loading=\"lazy\" decoding=\"async\" class=\"wp-image-30102 size-full\" src=\"https:\/\/mouldking.store\/wp-content\/uploads\/2022\/02\/Qman-5208-Masha-Laundry-Day-with-22-pieces-5.jpg\" alt=\"Qman 5208 Masha Laundry Day with 22 pieces\" width=\"750\" height=\"769\" title=\"-\" srcset=\"https:\/\/mouldking.store\/wp-content\/uploads\/2022\/02\/Qman-5208-Masha-Laundry-Day-with-22-pieces-5.jpg 750w, https:\/\/mouldking.store\/wp-content\/uploads\/2022\/02\/Qman-5208-Masha-Laundry-Day-with-22-pieces-5-293x300.jpg 293w, https:\/\/mouldking.store\/wp-content\/uploads\/2022\/02\/Qman-5208-Masha-Laundry-Day-with-22-pieces-5-300x308.jpg 300w, https:\/\/mouldking.store\/wp-content\/uploads\/2022\/02\/Qman-5208-Masha-Laundry-Day-with-22-pieces-5-600x615.jpg 600w, https:\/\/mouldking.store\/wp-content\/uploads\/2022\/02\/Qman-5208-Masha-Laundry-Day-with-22-pieces-5-146x150.jpg 146w\" sizes=\"(max-width: 750px) 100vw, 750px\" \/><figcaption id=\"caption-attachment-30102\" class=\"wp-caption-text\">Qman 5208 Masha Laundry Day med 22 stk<\/figcaption><\/figure>\n<figure id=\"attachment_30099\" aria-describedby=\"caption-attachment-30099\" style=\"width: 1024px\" class=\"wp-caption aligncenter\"><img loading=\"lazy\" decoding=\"async\" class=\"wp-image-30099 size-full\" src=\"https:\/\/mouldking.store\/wp-content\/uploads\/2022\/02\/Qman-5208-Masha-Laundry-Day-with-22-pieces-2.jpg\" alt=\"Qman 5208 Masha Laundry Day with 22 pieces\" width=\"1024\" height=\"536\" title=\"-\" srcset=\"https:\/\/mouldking.store\/wp-content\/uploads\/2022\/02\/Qman-5208-Masha-Laundry-Day-with-22-pieces-2.jpg 1024w, https:\/\/mouldking.store\/wp-content\/uploads\/2022\/02\/Qman-5208-Masha-Laundry-Day-with-22-pieces-2-300x157.jpg 300w, https:\/\/mouldking.store\/wp-content\/uploads\/2022\/02\/Qman-5208-Masha-Laundry-Day-with-22-pieces-2-768x402.jpg 768w, https:\/\/mouldking.store\/wp-content\/uploads\/2022\/02\/Qman-5208-Masha-Laundry-Day-with-22-pieces-2-600x314.jpg 600w, https:\/\/mouldking.store\/wp-content\/uploads\/2022\/02\/Qman-5208-Masha-Laundry-Day-with-22-pieces-2-150x79.jpg 150w\" sizes=\"(max-width: 1024px) 100vw, 1024px\" \/><figcaption id=\"caption-attachment-30099\" class=\"wp-caption-text\">Qman 5208 Masha Laundry Day med 22 stk<\/figcaption><\/figure>\n<figure id=\"attachment_30098\" aria-describedby=\"caption-attachment-30098\" style=\"width: 800px\" class=\"wp-caption aligncenter\"><img loading=\"lazy\" decoding=\"async\" class=\"wp-image-30098 size-full\" src=\"https:\/\/mouldking.store\/wp-content\/uploads\/2022\/02\/Qman-5208-Masha-Laundry-Day-with-22-pieces-1.jpg\" alt=\"Qman 5208 Masha Laundry Day with 22 pieces\" width=\"800\" height=\"800\" title=\"-\" srcset=\"https:\/\/mouldking.store\/wp-content\/uploads\/2022\/02\/Qman-5208-Masha-Laundry-Day-with-22-pieces-1.jpg 800w, https:\/\/mouldking.store\/wp-content\/uploads\/2022\/02\/Qman-5208-Masha-Laundry-Day-with-22-pieces-1-300x300.jpg 300w, https:\/\/mouldking.store\/wp-content\/uploads\/2022\/02\/Qman-5208-Masha-Laundry-Day-with-22-pieces-1-768x768.jpg 768w, https:\/\/mouldking.store\/wp-content\/uploads\/2022\/02\/Qman-5208-Masha-Laundry-Day-with-22-pieces-1-600x600.jpg 600w, https:\/\/mouldking.store\/wp-content\/uploads\/2022\/02\/Qman-5208-Masha-Laundry-Day-with-22-pieces-1-150x150.jpg 150w\" sizes=\"(max-width: 800px) 100vw, 800px\" \/><figcaption id=\"caption-attachment-30098\" class=\"wp-caption-text\">Qman 5208 Masha Laundry Day med 22 stk<\/figcaption><\/figure>\n<figure id=\"attachment_30100\" aria-describedby=\"caption-attachment-30100\" style=\"width: 800px\" class=\"wp-caption aligncenter\"><img loading=\"lazy\" decoding=\"async\" class=\"wp-image-30100 size-full\" src=\"https:\/\/mouldking.store\/wp-content\/uploads\/2022\/02\/Qman-5208-Masha-Laundry-Day-with-22-pieces-3.jpg\" alt=\"Qman 5208 Masha Laundry Day with 22 pieces\" width=\"800\" height=\"800\" title=\"-\" srcset=\"https:\/\/mouldking.store\/wp-content\/uploads\/2022\/02\/Qman-5208-Masha-Laundry-Day-with-22-pieces-3.jpg 800w, https:\/\/mouldking.store\/wp-content\/uploads\/2022\/02\/Qman-5208-Masha-Laundry-Day-with-22-pieces-3-300x300.jpg 300w, https:\/\/mouldking.store\/wp-content\/uploads\/2022\/02\/Qman-5208-Masha-Laundry-Day-with-22-pieces-3-768x768.jpg 768w, https:\/\/mouldking.store\/wp-content\/uploads\/2022\/02\/Qman-5208-Masha-Laundry-Day-with-22-pieces-3-600x600.jpg 600w, https:\/\/mouldking.store\/wp-content\/uploads\/2022\/02\/Qman-5208-Masha-Laundry-Day-with-22-pieces-3-150x150.jpg 150w\" sizes=\"(max-width: 800px) 100vw, 800px\" \/><figcaption id=\"caption-attachment-30100\" class=\"wp-caption-text\">Qman 5208 Masha Laundry Day med 22 stk<\/figcaption><\/figure>\n<figure id=\"attachment_30101\" aria-describedby=\"caption-attachment-30101\" style=\"width: 800px\" class=\"wp-caption aligncenter\"><img loading=\"lazy\" decoding=\"async\" class=\"wp-image-30101 size-full\" src=\"https:\/\/mouldking.store\/wp-content\/uploads\/2022\/02\/Qman-5208-Masha-Laundry-Day-with-22-pieces-4.jpg\" alt=\"Qman 5208 Masha Laundry Day with 22 pieces\" width=\"800\" height=\"800\" title=\"-\" srcset=\"https:\/\/mouldking.store\/wp-content\/uploads\/2022\/02\/Qman-5208-Masha-Laundry-Day-with-22-pieces-4.jpg 800w, https:\/\/mouldking.store\/wp-content\/uploads\/2022\/02\/Qman-5208-Masha-Laundry-Day-with-22-pieces-4-300x300.jpg 300w, https:\/\/mouldking.store\/wp-content\/uploads\/2022\/02\/Qman-5208-Masha-Laundry-Day-with-22-pieces-4-768x768.jpg 768w, https:\/\/mouldking.store\/wp-content\/uploads\/2022\/02\/Qman-5208-Masha-Laundry-Day-with-22-pieces-4-600x600.jpg 600w, https:\/\/mouldking.store\/wp-content\/uploads\/2022\/02\/Qman-5208-Masha-Laundry-Day-with-22-pieces-4-150x150.jpg 150w\" sizes=\"(max-width: 800px) 100vw, 800px\" \/><figcaption id=\"caption-attachment-30101\" class=\"wp-caption-text\">Qman 5208 Masha Laundry Day med 22 stk<\/figcaption><\/figure>\n<figure id=\"attachment_30096\" aria-describedby=\"caption-attachment-30096\" style=\"width: 800px\" class=\"wp-caption aligncenter\"><img loading=\"lazy\" decoding=\"async\" class=\"wp-image-30096 size-full\" src=\"https:\/\/mouldking.store\/wp-content\/uploads\/2022\/02\/Qman-5208-Masha-Laundry-Day-with-22-pieces-8.jpg\" alt=\"Qman 5208 Masha Laundry Day with 22 pieces\" width=\"800\" height=\"800\" title=\"-\" srcset=\"https:\/\/mouldking.store\/wp-content\/uploads\/2022\/02\/Qman-5208-Masha-Laundry-Day-with-22-pieces-8.jpg 800w, https:\/\/mouldking.store\/wp-content\/uploads\/2022\/02\/Qman-5208-Masha-Laundry-Day-with-22-pieces-8-300x300.jpg 300w, https:\/\/mouldking.store\/wp-content\/uploads\/2022\/02\/Qman-5208-Masha-Laundry-Day-with-22-pieces-8-768x768.jpg 768w, https:\/\/mouldking.store\/wp-content\/uploads\/2022\/02\/Qman-5208-Masha-Laundry-Day-with-22-pieces-8-600x600.jpg 600w, https:\/\/mouldking.store\/wp-content\/uploads\/2022\/02\/Qman-5208-Masha-Laundry-Day-with-22-pieces-8-150x150.jpg 150w\" sizes=\"(max-width: 800px) 100vw, 800px\" \/><figcaption id=\"caption-attachment-30096\" class=\"wp-caption-text\">Qman 5208 Masha Laundry Day med 22 stk<\/figcaption><\/figure>","protected":false},"excerpt":{"rendered":"<p>Product information: Brand: Qman Gender: Unisex Name: Masha Laundry Day Age Range: &gt; 6 years old Model Number: 5208 Classification: Assemblage Plastic Block Shape: Self-Locking Bricks Material: Plastic Plastic Type: ABS Bricks Blocks: 22 PCS Contains detailed assembly instructions. Notice: 1. Without an original box, but we guarantee our products have quality assurance and nice [&hellip;]<\/p>","protected":false},"featured_media":30098,"comment_status":"closed","ping_status":"closed","template":"","meta":{"_acf_changed":false},"product_cat":[581],"product_tag":[4860,4861,4825,4859,4125,4858,4857,4856],"class_list":["product","first","instock","shipping-taxable","purchasable","product-type-simple"],"acf":[],"_links":{"self":[{"href":"https:\/\/mouldking.store\/nb\/wp-json\/wp\/v2\/product\/30093","targetHints":{"allow":["GET"]}}],"collection":[{"href":"https:\/\/mouldking.store\/nb\/wp-json\/wp\/v2\/product"}],"about":[{"href":"https:\/\/mouldking.store\/nb\/wp-json\/wp\/v2\/types\/product"}],"replies":[{"embeddable":true,"href":"https:\/\/mouldking.store\/nb\/wp-json\/wp\/v2\/comments?post=30093"}],"wp:featuredmedia":[{"embeddable":true,"href":"https:\/\/mouldking.store\/nb\/wp-json\/wp\/v2\/media\/30098"}],"wp:attachment":[{"href":"https:\/\/mouldking.store\/nb\/wp-json\/wp\/v2\/media?parent=30093"}],"wp:term":[{"taxonomy":"product_cat","embeddable":true,"href":"https:\/\/mouldking.store\/nb\/wp-json\/wp\/v2\/product_cat?post=30093"},{"taxonomy":"product_tag","embeddable":true,"href":"https:\/\/mouldking.store\/nb\/wp-json\/wp\/v2\/product_tag?post=30093"}],"curies":[{"name":"wp","href":"https:\/\/api.w.org\/{rel}","templated":true}]}}