{"id":30154,"date":"2022-03-01T14:11:55","date_gmt":"2022-03-01T07:11:55","guid":{"rendered":"https:\/\/mouldking.store\/?post_type=product&#038;p=30154"},"modified":"2022-03-01T14:11:55","modified_gmt":"2022-03-01T07:11:55","slug":"qman-11011-11015-mine-city","status":"publish","type":"product","link":"https:\/\/mouldking.store\/nb\/shop\/qman-11011-11015-mine-city\/","title":{"rendered":"Qman 11011-11015 Gruveby"},"content":{"rendered":"<p>Produktinformasjon:<\/p>\n<ol>\n<li>Merke: Qman<\/li>\n<li>Kj\u00f8nn: Unisex<\/li>\n<li>Name: Mine City<\/li>\n<li>Aldersgruppe: &gt; 6 \u00e5r gammel<\/li>\n<li>Model Number: 11011-11015<\/li>\n<li>Klassifisering: Montering<\/li>\n<li>Plastblokkform: Selvl\u00e5sende murstein<\/li>\n<li>Materiale: Plast<\/li>\n<li>Plasttype: ABS<\/li>\n<li>Bricks Blocks: 11011 ~488+PCS, 11012 ~237+PCS, 11013\u00a0 ~352+PCS, 11014 ~517+PCS , 11015 ~903 +PCS, 11011-11015 ~2497+PCS<\/li>\n<li>Inneholder detaljerte monteringsanvisninger.<\/li>\n<\/ol>\n<p>Legge merke til:<br \/>\n1. Uten original eske, men vi garanterer at v\u00e5re produkter har kvalitetssikring og pen emballasje.<br \/>\n2. Som alle delene vi har sjekket f\u00f8r frakt, s\u00e5 hvis du finner noen deler savnet eller skadet, ikke bekymre deg og bare kontakt oss, s\u00e5 kan vi sende dem til deg p\u00e5 nytt umiddelbart gratis.<\/p>\n<figure id=\"attachment_30155\" aria-describedby=\"caption-attachment-30155\" style=\"width: 800px\" class=\"wp-caption aligncenter\"><img fetchpriority=\"high\" decoding=\"async\" class=\"wp-image-30155 size-full\" src=\"https:\/\/mouldking.store\/wp-content\/uploads\/2022\/03\/Qman-11011-11015-Mine-City-1.jpg\" alt=\"Qman 11011-11015 Mine City\" width=\"800\" height=\"800\" title=\"-\" srcset=\"https:\/\/mouldking.store\/wp-content\/uploads\/2022\/03\/Qman-11011-11015-Mine-City-1.jpg 800w, https:\/\/mouldking.store\/wp-content\/uploads\/2022\/03\/Qman-11011-11015-Mine-City-1-300x300.jpg 300w, https:\/\/mouldking.store\/wp-content\/uploads\/2022\/03\/Qman-11011-11015-Mine-City-1-768x768.jpg 768w, https:\/\/mouldking.store\/wp-content\/uploads\/2022\/03\/Qman-11011-11015-Mine-City-1-600x600.jpg 600w, https:\/\/mouldking.store\/wp-content\/uploads\/2022\/03\/Qman-11011-11015-Mine-City-1-150x150.jpg 150w\" sizes=\"(max-width: 800px) 100vw, 800px\" \/><figcaption id=\"caption-attachment-30155\" class=\"wp-caption-text\">Qman 11011-11015 Gruveby<\/figcaption><\/figure>\n<figure id=\"attachment_30161\" aria-describedby=\"caption-attachment-30161\" style=\"width: 810px\" class=\"wp-caption aligncenter\"><img decoding=\"async\" class=\"wp-image-30161 size-full\" src=\"https:\/\/mouldking.store\/wp-content\/uploads\/2022\/03\/Qman-11011-11015-Mine-City-7.jpg\" alt=\"Qman 11011-11015 Mine City\" width=\"810\" height=\"867\" title=\"-\" srcset=\"https:\/\/mouldking.store\/wp-content\/uploads\/2022\/03\/Qman-11011-11015-Mine-City-7.jpg 810w, https:\/\/mouldking.store\/wp-content\/uploads\/2022\/03\/Qman-11011-11015-Mine-City-7-280x300.jpg 280w, https:\/\/mouldking.store\/wp-content\/uploads\/2022\/03\/Qman-11011-11015-Mine-City-7-768x822.jpg 768w, https:\/\/mouldking.store\/wp-content\/uploads\/2022\/03\/Qman-11011-11015-Mine-City-7-300x321.jpg 300w, https:\/\/mouldking.store\/wp-content\/uploads\/2022\/03\/Qman-11011-11015-Mine-City-7-600x642.jpg 600w, https:\/\/mouldking.store\/wp-content\/uploads\/2022\/03\/Qman-11011-11015-Mine-City-7-140x150.jpg 140w\" sizes=\"(max-width: 810px) 100vw, 810px\" \/><figcaption id=\"caption-attachment-30161\" class=\"wp-caption-text\">Qman 11011-11015 Gruveby<\/figcaption><\/figure>\n<figure id=\"attachment_30159\" aria-describedby=\"caption-attachment-30159\" style=\"width: 810px\" class=\"wp-caption aligncenter\"><img decoding=\"async\" class=\"wp-image-30159 size-full\" src=\"https:\/\/mouldking.store\/wp-content\/uploads\/2022\/03\/Qman-11011-11015-Mine-City-5.jpg\" alt=\"Qman 11011-11015 Mine City\" width=\"810\" height=\"929\" title=\"-\" srcset=\"https:\/\/mouldking.store\/wp-content\/uploads\/2022\/03\/Qman-11011-11015-Mine-City-5.jpg 810w, https:\/\/mouldking.store\/wp-content\/uploads\/2022\/03\/Qman-11011-11015-Mine-City-5-262x300.jpg 262w, https:\/\/mouldking.store\/wp-content\/uploads\/2022\/03\/Qman-11011-11015-Mine-City-5-768x881.jpg 768w, https:\/\/mouldking.store\/wp-content\/uploads\/2022\/03\/Qman-11011-11015-Mine-City-5-300x344.jpg 300w, https:\/\/mouldking.store\/wp-content\/uploads\/2022\/03\/Qman-11011-11015-Mine-City-5-600x688.jpg 600w, https:\/\/mouldking.store\/wp-content\/uploads\/2022\/03\/Qman-11011-11015-Mine-City-5-131x150.jpg 131w\" sizes=\"(max-width: 810px) 100vw, 810px\" \/><figcaption id=\"caption-attachment-30159\" class=\"wp-caption-text\">Qman 11011-11015 Gruveby<\/figcaption><\/figure>\n<figure id=\"attachment_30163\" aria-describedby=\"caption-attachment-30163\" style=\"width: 810px\" class=\"wp-caption aligncenter\"><img loading=\"lazy\" decoding=\"async\" class=\"wp-image-30163 size-full\" src=\"https:\/\/mouldking.store\/wp-content\/uploads\/2022\/03\/Qman-11011-11015-Mine-City-9.jpg\" alt=\"Qman 11011-11015 Mine City\" width=\"810\" height=\"837\" title=\"-\" srcset=\"https:\/\/mouldking.store\/wp-content\/uploads\/2022\/03\/Qman-11011-11015-Mine-City-9.jpg 810w, https:\/\/mouldking.store\/wp-content\/uploads\/2022\/03\/Qman-11011-11015-Mine-City-9-290x300.jpg 290w, https:\/\/mouldking.store\/wp-content\/uploads\/2022\/03\/Qman-11011-11015-Mine-City-9-768x794.jpg 768w, https:\/\/mouldking.store\/wp-content\/uploads\/2022\/03\/Qman-11011-11015-Mine-City-9-300x310.jpg 300w, https:\/\/mouldking.store\/wp-content\/uploads\/2022\/03\/Qman-11011-11015-Mine-City-9-600x620.jpg 600w, https:\/\/mouldking.store\/wp-content\/uploads\/2022\/03\/Qman-11011-11015-Mine-City-9-145x150.jpg 145w\" sizes=\"(max-width: 810px) 100vw, 810px\" \/><figcaption id=\"caption-attachment-30163\" class=\"wp-caption-text\">Qman 11011-11015 Gruveby<\/figcaption><\/figure>\n<figure id=\"attachment_30157\" aria-describedby=\"caption-attachment-30157\" style=\"width: 810px\" class=\"wp-caption aligncenter\"><img loading=\"lazy\" decoding=\"async\" class=\"wp-image-30157 size-full\" src=\"https:\/\/mouldking.store\/wp-content\/uploads\/2022\/03\/Qman-11011-11015-Mine-City-3.jpg\" alt=\"Qman 11011-11015 Mine City\" width=\"810\" height=\"995\" title=\"-\" srcset=\"https:\/\/mouldking.store\/wp-content\/uploads\/2022\/03\/Qman-11011-11015-Mine-City-3.jpg 810w, https:\/\/mouldking.store\/wp-content\/uploads\/2022\/03\/Qman-11011-11015-Mine-City-3-244x300.jpg 244w, https:\/\/mouldking.store\/wp-content\/uploads\/2022\/03\/Qman-11011-11015-Mine-City-3-768x943.jpg 768w, https:\/\/mouldking.store\/wp-content\/uploads\/2022\/03\/Qman-11011-11015-Mine-City-3-300x369.jpg 300w, https:\/\/mouldking.store\/wp-content\/uploads\/2022\/03\/Qman-11011-11015-Mine-City-3-600x737.jpg 600w, https:\/\/mouldking.store\/wp-content\/uploads\/2022\/03\/Qman-11011-11015-Mine-City-3-122x150.jpg 122w\" sizes=\"(max-width: 810px) 100vw, 810px\" \/><figcaption id=\"caption-attachment-30157\" class=\"wp-caption-text\">Qman 11011-11015 Gruveby<\/figcaption><\/figure>\n<figure id=\"attachment_30166\" aria-describedby=\"caption-attachment-30166\" style=\"width: 800px\" class=\"wp-caption aligncenter\"><img loading=\"lazy\" decoding=\"async\" class=\"wp-image-30166 size-full\" src=\"https:\/\/mouldking.store\/wp-content\/uploads\/2022\/03\/Qman-11011-11015-Mine-City-12.jpg\" alt=\"Qman 11011-11015 Mine City\" width=\"800\" height=\"800\" title=\"-\" srcset=\"https:\/\/mouldking.store\/wp-content\/uploads\/2022\/03\/Qman-11011-11015-Mine-City-12.jpg 800w, https:\/\/mouldking.store\/wp-content\/uploads\/2022\/03\/Qman-11011-11015-Mine-City-12-300x300.jpg 300w, https:\/\/mouldking.store\/wp-content\/uploads\/2022\/03\/Qman-11011-11015-Mine-City-12-768x768.jpg 768w, https:\/\/mouldking.store\/wp-content\/uploads\/2022\/03\/Qman-11011-11015-Mine-City-12-600x600.jpg 600w, https:\/\/mouldking.store\/wp-content\/uploads\/2022\/03\/Qman-11011-11015-Mine-City-12-150x150.jpg 150w\" sizes=\"(max-width: 800px) 100vw, 800px\" \/><figcaption id=\"caption-attachment-30166\" class=\"wp-caption-text\">Qman 11011-11015 Gruveby<\/figcaption><\/figure>\n<figure id=\"attachment_30164\" aria-describedby=\"caption-attachment-30164\" style=\"width: 800px\" class=\"wp-caption aligncenter\"><img loading=\"lazy\" decoding=\"async\" class=\"wp-image-30164 size-full\" src=\"https:\/\/mouldking.store\/wp-content\/uploads\/2022\/03\/Qman-11011-11015-Mine-City-10.jpg\" alt=\"Qman 11011-11015 Mine City\" width=\"800\" height=\"800\" title=\"-\" srcset=\"https:\/\/mouldking.store\/wp-content\/uploads\/2022\/03\/Qman-11011-11015-Mine-City-10.jpg 800w, https:\/\/mouldking.store\/wp-content\/uploads\/2022\/03\/Qman-11011-11015-Mine-City-10-300x300.jpg 300w, https:\/\/mouldking.store\/wp-content\/uploads\/2022\/03\/Qman-11011-11015-Mine-City-10-768x768.jpg 768w, https:\/\/mouldking.store\/wp-content\/uploads\/2022\/03\/Qman-11011-11015-Mine-City-10-600x600.jpg 600w, https:\/\/mouldking.store\/wp-content\/uploads\/2022\/03\/Qman-11011-11015-Mine-City-10-150x150.jpg 150w\" sizes=\"(max-width: 800px) 100vw, 800px\" \/><figcaption id=\"caption-attachment-30164\" class=\"wp-caption-text\">Qman 11011-11015 Gruveby<\/figcaption><\/figure>\n<figure id=\"attachment_30165\" aria-describedby=\"caption-attachment-30165\" style=\"width: 790px\" class=\"wp-caption aligncenter\"><img loading=\"lazy\" decoding=\"async\" class=\"wp-image-30165 size-full\" src=\"https:\/\/mouldking.store\/wp-content\/uploads\/2022\/03\/Qman-11011-11015-Mine-City-11.jpg\" alt=\"Qman 11011-11015 Mine City\" width=\"790\" height=\"784\" title=\"-\" srcset=\"https:\/\/mouldking.store\/wp-content\/uploads\/2022\/03\/Qman-11011-11015-Mine-City-11.jpg 790w, https:\/\/mouldking.store\/wp-content\/uploads\/2022\/03\/Qman-11011-11015-Mine-City-11-300x298.jpg 300w, https:\/\/mouldking.store\/wp-content\/uploads\/2022\/03\/Qman-11011-11015-Mine-City-11-768x762.jpg 768w, https:\/\/mouldking.store\/wp-content\/uploads\/2022\/03\/Qman-11011-11015-Mine-City-11-600x595.jpg 600w, https:\/\/mouldking.store\/wp-content\/uploads\/2022\/03\/Qman-11011-11015-Mine-City-11-150x150.jpg 150w\" sizes=\"(max-width: 790px) 100vw, 790px\" \/><figcaption id=\"caption-attachment-30165\" class=\"wp-caption-text\">Qman 11011-11015 Gruveby<\/figcaption><\/figure>\n<figure id=\"attachment_30156\" aria-describedby=\"caption-attachment-30156\" style=\"width: 790px\" class=\"wp-caption aligncenter\"><img loading=\"lazy\" decoding=\"async\" class=\"wp-image-30156 size-full\" src=\"https:\/\/mouldking.store\/wp-content\/uploads\/2022\/03\/Qman-11011-11015-Mine-City-2.jpg\" alt=\"Qman 11011-11015 Mine City\" width=\"790\" height=\"780\" title=\"-\" srcset=\"https:\/\/mouldking.store\/wp-content\/uploads\/2022\/03\/Qman-11011-11015-Mine-City-2.jpg 790w, https:\/\/mouldking.store\/wp-content\/uploads\/2022\/03\/Qman-11011-11015-Mine-City-2-300x296.jpg 300w, https:\/\/mouldking.store\/wp-content\/uploads\/2022\/03\/Qman-11011-11015-Mine-City-2-768x758.jpg 768w, https:\/\/mouldking.store\/wp-content\/uploads\/2022\/03\/Qman-11011-11015-Mine-City-2-600x592.jpg 600w, https:\/\/mouldking.store\/wp-content\/uploads\/2022\/03\/Qman-11011-11015-Mine-City-2-150x148.jpg 150w\" sizes=\"(max-width: 790px) 100vw, 790px\" \/><figcaption id=\"caption-attachment-30156\" class=\"wp-caption-text\">Qman 11011-11015 Gruveby<\/figcaption><\/figure>\n<figure id=\"attachment_30162\" aria-describedby=\"caption-attachment-30162\" style=\"width: 790px\" class=\"wp-caption aligncenter\"><img loading=\"lazy\" decoding=\"async\" class=\"wp-image-30162 size-full\" src=\"https:\/\/mouldking.store\/wp-content\/uploads\/2022\/03\/Qman-11011-11015-Mine-City-8.jpg\" alt=\"Qman 11011-11015 Mine City\" width=\"790\" height=\"576\" title=\"-\" srcset=\"https:\/\/mouldking.store\/wp-content\/uploads\/2022\/03\/Qman-11011-11015-Mine-City-8.jpg 790w, https:\/\/mouldking.store\/wp-content\/uploads\/2022\/03\/Qman-11011-11015-Mine-City-8-300x219.jpg 300w, https:\/\/mouldking.store\/wp-content\/uploads\/2022\/03\/Qman-11011-11015-Mine-City-8-768x560.jpg 768w, https:\/\/mouldking.store\/wp-content\/uploads\/2022\/03\/Qman-11011-11015-Mine-City-8-600x437.jpg 600w, https:\/\/mouldking.store\/wp-content\/uploads\/2022\/03\/Qman-11011-11015-Mine-City-8-150x109.jpg 150w\" sizes=\"(max-width: 790px) 100vw, 790px\" \/><figcaption id=\"caption-attachment-30162\" class=\"wp-caption-text\">Qman 11011-11015 Gruveby<\/figcaption><\/figure>\n<figure id=\"attachment_30158\" aria-describedby=\"caption-attachment-30158\" style=\"width: 790px\" class=\"wp-caption aligncenter\"><img loading=\"lazy\" decoding=\"async\" class=\"wp-image-30158 size-full\" src=\"https:\/\/mouldking.store\/wp-content\/uploads\/2022\/03\/Qman-11011-11015-Mine-City-4.jpg\" alt=\"Qman 11011-11015 Mine City\" width=\"790\" height=\"661\" title=\"-\" srcset=\"https:\/\/mouldking.store\/wp-content\/uploads\/2022\/03\/Qman-11011-11015-Mine-City-4.jpg 790w, https:\/\/mouldking.store\/wp-content\/uploads\/2022\/03\/Qman-11011-11015-Mine-City-4-300x251.jpg 300w, https:\/\/mouldking.store\/wp-content\/uploads\/2022\/03\/Qman-11011-11015-Mine-City-4-768x643.jpg 768w, https:\/\/mouldking.store\/wp-content\/uploads\/2022\/03\/Qman-11011-11015-Mine-City-4-600x502.jpg 600w, https:\/\/mouldking.store\/wp-content\/uploads\/2022\/03\/Qman-11011-11015-Mine-City-4-150x126.jpg 150w\" sizes=\"(max-width: 790px) 100vw, 790px\" \/><figcaption id=\"caption-attachment-30158\" class=\"wp-caption-text\">Qman 11011-11015 Gruveby<\/figcaption><\/figure>\n<figure id=\"attachment_30160\" aria-describedby=\"caption-attachment-30160\" style=\"width: 790px\" class=\"wp-caption aligncenter\"><img loading=\"lazy\" decoding=\"async\" class=\"wp-image-30160 size-full\" src=\"https:\/\/mouldking.store\/wp-content\/uploads\/2022\/03\/Qman-11011-11015-Mine-City-6.jpg\" alt=\"Qman 11011-11015 Mine City\" width=\"790\" height=\"666\" title=\"-\" srcset=\"https:\/\/mouldking.store\/wp-content\/uploads\/2022\/03\/Qman-11011-11015-Mine-City-6.jpg 790w, https:\/\/mouldking.store\/wp-content\/uploads\/2022\/03\/Qman-11011-11015-Mine-City-6-300x253.jpg 300w, https:\/\/mouldking.store\/wp-content\/uploads\/2022\/03\/Qman-11011-11015-Mine-City-6-768x647.jpg 768w, https:\/\/mouldking.store\/wp-content\/uploads\/2022\/03\/Qman-11011-11015-Mine-City-6-600x506.jpg 600w, https:\/\/mouldking.store\/wp-content\/uploads\/2022\/03\/Qman-11011-11015-Mine-City-6-150x126.jpg 150w\" sizes=\"(max-width: 790px) 100vw, 790px\" \/><figcaption id=\"caption-attachment-30160\" class=\"wp-caption-text\">Qman 11011-11015 Gruveby<\/figcaption><\/figure>","protected":false},"excerpt":{"rendered":"<p>Product information: Brand: Qman Gender: Unisex Name: Mine City Age Range: &gt; 6 years old Model Number: 11011-11015 Classification: Assemblage Plastic Block Shape: Self-Locking Bricks Material: Plastic Plastic Type: ABS Bricks Blocks: 11011 ~488+PCS, 11012 ~237+PCS, 11013\u00a0 ~352+PCS, 11014 ~517+PCS , 11015 ~903 +PCS, 11011-11015 ~2497+PCS Contains detailed assembly instructions. Notice: 1. Without an original [&hellip;]<\/p>","protected":false},"featured_media":30155,"comment_status":"closed","ping_status":"closed","template":"","meta":{"_acf_changed":false},"product_cat":[1350],"product_tag":[4882,4879,4883,4881,4125,4884,4880,4878,4885,4886,4887,4888],"class_list":["product","first","instock","shipping-taxable","purchasable","product-type-variable"],"acf":[],"_links":{"self":[{"href":"https:\/\/mouldking.store\/nb\/wp-json\/wp\/v2\/product\/30154","targetHints":{"allow":["GET"]}}],"collection":[{"href":"https:\/\/mouldking.store\/nb\/wp-json\/wp\/v2\/product"}],"about":[{"href":"https:\/\/mouldking.store\/nb\/wp-json\/wp\/v2\/types\/product"}],"replies":[{"embeddable":true,"href":"https:\/\/mouldking.store\/nb\/wp-json\/wp\/v2\/comments?post=30154"}],"wp:featuredmedia":[{"embeddable":true,"href":"https:\/\/mouldking.store\/nb\/wp-json\/wp\/v2\/media\/30155"}],"wp:attachment":[{"href":"https:\/\/mouldking.store\/nb\/wp-json\/wp\/v2\/media?parent=30154"}],"wp:term":[{"taxonomy":"product_cat","embeddable":true,"href":"https:\/\/mouldking.store\/nb\/wp-json\/wp\/v2\/product_cat?post=30154"},{"taxonomy":"product_tag","embeddable":true,"href":"https:\/\/mouldking.store\/nb\/wp-json\/wp\/v2\/product_tag?post=30154"}],"curies":[{"name":"wp","href":"https:\/\/api.w.org\/{rel}","templated":true}]}}