{"id":30233,"date":"2022-03-01T15:15:34","date_gmt":"2022-03-01T08:15:34","guid":{"rendered":"https:\/\/mouldking.store\/?post_type=product&#038;p=30233"},"modified":"2022-03-01T15:15:34","modified_gmt":"2022-03-01T08:15:34","slug":"k-box-10248-motorcycle-with-1388-pieces","status":"publish","type":"product","link":"https:\/\/mouldking.store\/nb\/shop\/k-box-10248-motorcycle-with-1388-pieces\/","title":{"rendered":"K-BOX 10248 Motorcycle with 1388 pieces"},"content":{"rendered":"<p>Produktinformasjon:<\/p>\n<ol>\n<li>Merke: K-BOX<\/li>\n<li>Kj\u00f8nn: Unisex<\/li>\n<li>Name: Motorcycle<\/li>\n<li>Aldersgruppe: &gt; 6 \u00e5r gammel<\/li>\n<li>Model Number: 10248<\/li>\n<li>Klassifisering: Montering<\/li>\n<li>Plastblokkform: Selvl\u00e5sende murstein<\/li>\n<li>Materiale: Plast<\/li>\n<li>Plasttype: ABS<\/li>\n<li>Bricks Blocks: 1388 PCS<\/li>\n<li>Inneholder detaljerte monteringsanvisninger.<\/li>\n<\/ol>\n<p>Legge merke til:<br \/>\n1. Uten original eske, men vi garanterer at v\u00e5re produkter har kvalitetssikring og pen emballasje.<br \/>\n2. Som alle delene vi har sjekket f\u00f8r frakt, s\u00e5 hvis du finner noen deler savnet eller skadet, ikke bekymre deg og bare kontakt oss, s\u00e5 kan vi sende dem til deg p\u00e5 nytt umiddelbart gratis.<\/p>\n<figure id=\"attachment_30235\" aria-describedby=\"caption-attachment-30235\" style=\"width: 694px\" class=\"wp-caption aligncenter\"><img fetchpriority=\"high\" decoding=\"async\" class=\"wp-image-30235 size-full\" src=\"https:\/\/mouldking.store\/wp-content\/uploads\/2022\/03\/K-BOX-10248-Motorcycle-with-1388-pieces-6.jpg\" alt=\"K-BOX 10248 Motorcycle with 1388 pieces\" width=\"694\" height=\"1024\" title=\"-\" srcset=\"https:\/\/mouldking.store\/wp-content\/uploads\/2022\/03\/K-BOX-10248-Motorcycle-with-1388-pieces-6.jpg 694w, https:\/\/mouldking.store\/wp-content\/uploads\/2022\/03\/K-BOX-10248-Motorcycle-with-1388-pieces-6-203x300.jpg 203w, https:\/\/mouldking.store\/wp-content\/uploads\/2022\/03\/K-BOX-10248-Motorcycle-with-1388-pieces-6-300x443.jpg 300w, https:\/\/mouldking.store\/wp-content\/uploads\/2022\/03\/K-BOX-10248-Motorcycle-with-1388-pieces-6-600x885.jpg 600w, https:\/\/mouldking.store\/wp-content\/uploads\/2022\/03\/K-BOX-10248-Motorcycle-with-1388-pieces-6-102x150.jpg 102w\" sizes=\"(max-width: 694px) 100vw, 694px\" \/><figcaption id=\"caption-attachment-30235\" class=\"wp-caption-text\">K-BOX 10248 Motorcycle with 1388 pieces<\/figcaption><\/figure>\n<figure id=\"attachment_30236\" aria-describedby=\"caption-attachment-30236\" style=\"width: 800px\" class=\"wp-caption aligncenter\"><img decoding=\"async\" class=\"wp-image-30236 size-full\" src=\"https:\/\/mouldking.store\/wp-content\/uploads\/2022\/03\/K-BOX-10248-Motorcycle-with-1388-pieces-7.jpg\" alt=\"K-BOX 10248 Motorcycle with 1388 pieces\" width=\"800\" height=\"800\" title=\"-\" srcset=\"https:\/\/mouldking.store\/wp-content\/uploads\/2022\/03\/K-BOX-10248-Motorcycle-with-1388-pieces-7.jpg 800w, https:\/\/mouldking.store\/wp-content\/uploads\/2022\/03\/K-BOX-10248-Motorcycle-with-1388-pieces-7-300x300.jpg 300w, https:\/\/mouldking.store\/wp-content\/uploads\/2022\/03\/K-BOX-10248-Motorcycle-with-1388-pieces-7-768x768.jpg 768w, https:\/\/mouldking.store\/wp-content\/uploads\/2022\/03\/K-BOX-10248-Motorcycle-with-1388-pieces-7-600x600.jpg 600w, https:\/\/mouldking.store\/wp-content\/uploads\/2022\/03\/K-BOX-10248-Motorcycle-with-1388-pieces-7-150x150.jpg 150w\" sizes=\"(max-width: 800px) 100vw, 800px\" \/><figcaption id=\"caption-attachment-30236\" class=\"wp-caption-text\">K-BOX 10248 Motorcycle with 1388 pieces<\/figcaption><\/figure>\n<figure id=\"attachment_30237\" aria-describedby=\"caption-attachment-30237\" style=\"width: 800px\" class=\"wp-caption aligncenter\"><img decoding=\"async\" class=\"wp-image-30237 size-full\" src=\"https:\/\/mouldking.store\/wp-content\/uploads\/2022\/03\/K-BOX-10248-Motorcycle-with-1388-pieces-8.jpg\" alt=\"K-BOX 10248 Motorcycle with 1388 pieces\" width=\"800\" height=\"800\" title=\"-\" srcset=\"https:\/\/mouldking.store\/wp-content\/uploads\/2022\/03\/K-BOX-10248-Motorcycle-with-1388-pieces-8.jpg 800w, https:\/\/mouldking.store\/wp-content\/uploads\/2022\/03\/K-BOX-10248-Motorcycle-with-1388-pieces-8-300x300.jpg 300w, https:\/\/mouldking.store\/wp-content\/uploads\/2022\/03\/K-BOX-10248-Motorcycle-with-1388-pieces-8-768x768.jpg 768w, https:\/\/mouldking.store\/wp-content\/uploads\/2022\/03\/K-BOX-10248-Motorcycle-with-1388-pieces-8-600x600.jpg 600w, https:\/\/mouldking.store\/wp-content\/uploads\/2022\/03\/K-BOX-10248-Motorcycle-with-1388-pieces-8-150x150.jpg 150w\" sizes=\"(max-width: 800px) 100vw, 800px\" \/><figcaption id=\"caption-attachment-30237\" class=\"wp-caption-text\">K-BOX 10248 Motorcycle with 1388 pieces<\/figcaption><\/figure>\n<figure id=\"attachment_30234\" aria-describedby=\"caption-attachment-30234\" style=\"width: 800px\" class=\"wp-caption aligncenter\"><img loading=\"lazy\" decoding=\"async\" class=\"wp-image-30234 size-full\" src=\"https:\/\/mouldking.store\/wp-content\/uploads\/2022\/03\/K-BOX-10248-Motorcycle-with-1388-pieces-1.jpg\" alt=\"K-BOX 10248 Motorcycle with 1388 pieces\" width=\"800\" height=\"800\" title=\"-\" srcset=\"https:\/\/mouldking.store\/wp-content\/uploads\/2022\/03\/K-BOX-10248-Motorcycle-with-1388-pieces-1.jpg 800w, https:\/\/mouldking.store\/wp-content\/uploads\/2022\/03\/K-BOX-10248-Motorcycle-with-1388-pieces-1-300x300.jpg 300w, https:\/\/mouldking.store\/wp-content\/uploads\/2022\/03\/K-BOX-10248-Motorcycle-with-1388-pieces-1-768x768.jpg 768w, https:\/\/mouldking.store\/wp-content\/uploads\/2022\/03\/K-BOX-10248-Motorcycle-with-1388-pieces-1-600x600.jpg 600w, https:\/\/mouldking.store\/wp-content\/uploads\/2022\/03\/K-BOX-10248-Motorcycle-with-1388-pieces-1-150x150.jpg 150w\" sizes=\"(max-width: 800px) 100vw, 800px\" \/><figcaption id=\"caption-attachment-30234\" class=\"wp-caption-text\">K-BOX 10248 Motorcycle with 1388 pieces<\/figcaption><\/figure>\n<p>&nbsp;<\/p>","protected":false},"excerpt":{"rendered":"<p>Product information: Brand: K-BOX Gender: Unisex Name: Motorcycle Age Range: &gt; 6 years old Model Number: 10248 Classification: Assemblage Plastic Block Shape: Self-Locking Bricks Material: Plastic Plastic Type: ABS Bricks Blocks: 1388 PCS Contains detailed assembly instructions. Notice: 1. Without an original box, but we guarantee our products have quality assurance and nice packaging. 2. [&hellip;]<\/p>","protected":false},"featured_media":30234,"comment_status":"closed","ping_status":"closed","template":"","meta":{"_acf_changed":false},"product_cat":[364],"product_tag":[4920,2969,4919,4918,4917,2449],"class_list":["product","first","instock","shipping-taxable","purchasable","product-type-simple"],"acf":[],"_links":{"self":[{"href":"https:\/\/mouldking.store\/nb\/wp-json\/wp\/v2\/product\/30233","targetHints":{"allow":["GET"]}}],"collection":[{"href":"https:\/\/mouldking.store\/nb\/wp-json\/wp\/v2\/product"}],"about":[{"href":"https:\/\/mouldking.store\/nb\/wp-json\/wp\/v2\/types\/product"}],"replies":[{"embeddable":true,"href":"https:\/\/mouldking.store\/nb\/wp-json\/wp\/v2\/comments?post=30233"}],"wp:featuredmedia":[{"embeddable":true,"href":"https:\/\/mouldking.store\/nb\/wp-json\/wp\/v2\/media\/30234"}],"wp:attachment":[{"href":"https:\/\/mouldking.store\/nb\/wp-json\/wp\/v2\/media?parent=30233"}],"wp:term":[{"taxonomy":"product_cat","embeddable":true,"href":"https:\/\/mouldking.store\/nb\/wp-json\/wp\/v2\/product_cat?post=30233"},{"taxonomy":"product_tag","embeddable":true,"href":"https:\/\/mouldking.store\/nb\/wp-json\/wp\/v2\/product_tag?post=30233"}],"curies":[{"name":"wp","href":"https:\/\/api.w.org\/{rel}","templated":true}]}}