{"id":30238,"date":"2022-03-01T16:12:53","date_gmt":"2022-03-01T09:12:53","guid":{"rendered":"https:\/\/mouldking.store\/?post_type=product&#038;p=30238"},"modified":"2022-03-01T16:12:53","modified_gmt":"2022-03-01T09:12:53","slug":"tgl-t5012-gumpert-apollo-ie-with-3668-pieces","status":"publish","type":"product","link":"https:\/\/mouldking.store\/nb\/shop\/tgl-t5012-gumpert-apollo-ie-with-3668-pieces\/","title":{"rendered":"TGL T5012 Gumpert Apollo IE med 3668 stk"},"content":{"rendered":"<p>Produktinformasjon:<\/p>\n<ol>\n<li>Merke: TGL<\/li>\n<li>Kj\u00f8nn: Unisex<\/li>\n<li>Name: Gumpert Apollo IE<\/li>\n<li>Aldersgruppe: &gt; 6 \u00e5r gammel<\/li>\n<li>Model Number: T5012<\/li>\n<li>Klassifisering: Montering<\/li>\n<li>Plastblokkform: Selvl\u00e5sende murstein<\/li>\n<li>Materiale: Plast<\/li>\n<li>Plasttype: ABS<\/li>\n<li>Bricks Blocks: 3668 PCS<\/li>\n<li>Inneholder detaljerte monteringsanvisninger.<\/li>\n<\/ol>\n<p>Legge merke til:<br \/>\n1. Uten original eske, men vi garanterer at v\u00e5re produkter har kvalitetssikring og pen emballasje.<br \/>\n2. Som alle delene vi har sjekket f\u00f8r frakt, s\u00e5 hvis du finner noen deler savnet eller skadet, ikke bekymre deg og bare kontakt oss, s\u00e5 kan vi sende dem til deg p\u00e5 nytt umiddelbart gratis.<\/p>\n<figure id=\"attachment_30247\" aria-describedby=\"caption-attachment-30247\" style=\"width: 1000px\" class=\"wp-caption aligncenter\"><img fetchpriority=\"high\" decoding=\"async\" class=\"wp-image-30247 size-full\" src=\"https:\/\/mouldking.store\/wp-content\/uploads\/2022\/03\/TGL-T5012-Gumpert-Apollo-IE-1.jpg\" alt=\"TGL T5012 Gumpert Apollo IE\" width=\"1000\" height=\"1000\" title=\"-\" srcset=\"https:\/\/mouldking.store\/wp-content\/uploads\/2022\/03\/TGL-T5012-Gumpert-Apollo-IE-1.jpg 1000w, https:\/\/mouldking.store\/wp-content\/uploads\/2022\/03\/TGL-T5012-Gumpert-Apollo-IE-1-300x300.jpg 300w, https:\/\/mouldking.store\/wp-content\/uploads\/2022\/03\/TGL-T5012-Gumpert-Apollo-IE-1-768x768.jpg 768w, https:\/\/mouldking.store\/wp-content\/uploads\/2022\/03\/TGL-T5012-Gumpert-Apollo-IE-1-600x600.jpg 600w, https:\/\/mouldking.store\/wp-content\/uploads\/2022\/03\/TGL-T5012-Gumpert-Apollo-IE-1-150x150.jpg 150w\" sizes=\"(max-width: 1000px) 100vw, 1000px\" \/><figcaption id=\"caption-attachment-30247\" class=\"wp-caption-text\">TGL T5012 Gumpert Apollo IE med 3668 stk<\/figcaption><\/figure>\n<figure id=\"attachment_30248\" aria-describedby=\"caption-attachment-30248\" style=\"width: 1000px\" class=\"wp-caption aligncenter\"><img decoding=\"async\" class=\"wp-image-30248 size-full\" src=\"https:\/\/mouldking.store\/wp-content\/uploads\/2022\/03\/TGL-T5012-Gumpert-Apollo-IE-2.jpg\" alt=\"TGL T5012 Gumpert Apollo IE\" width=\"1000\" height=\"1000\" title=\"-\" srcset=\"https:\/\/mouldking.store\/wp-content\/uploads\/2022\/03\/TGL-T5012-Gumpert-Apollo-IE-2.jpg 1000w, https:\/\/mouldking.store\/wp-content\/uploads\/2022\/03\/TGL-T5012-Gumpert-Apollo-IE-2-300x300.jpg 300w, https:\/\/mouldking.store\/wp-content\/uploads\/2022\/03\/TGL-T5012-Gumpert-Apollo-IE-2-768x768.jpg 768w, https:\/\/mouldking.store\/wp-content\/uploads\/2022\/03\/TGL-T5012-Gumpert-Apollo-IE-2-600x600.jpg 600w, https:\/\/mouldking.store\/wp-content\/uploads\/2022\/03\/TGL-T5012-Gumpert-Apollo-IE-2-150x150.jpg 150w\" sizes=\"(max-width: 1000px) 100vw, 1000px\" \/><figcaption id=\"caption-attachment-30248\" class=\"wp-caption-text\">TGL T5012 Gumpert Apollo IE med 3668 stk<\/figcaption><\/figure>\n<figure id=\"attachment_30246\" aria-describedby=\"caption-attachment-30246\" style=\"width: 800px\" class=\"wp-caption aligncenter\"><img decoding=\"async\" class=\"wp-image-30246 size-full\" src=\"https:\/\/mouldking.store\/wp-content\/uploads\/2022\/03\/TGL-T5012-Gumpert-Apollo-IE-8.jpg\" alt=\"TGL T5012 Gumpert Apollo IE\" width=\"800\" height=\"800\" title=\"-\" srcset=\"https:\/\/mouldking.store\/wp-content\/uploads\/2022\/03\/TGL-T5012-Gumpert-Apollo-IE-8.jpg 800w, https:\/\/mouldking.store\/wp-content\/uploads\/2022\/03\/TGL-T5012-Gumpert-Apollo-IE-8-300x300.jpg 300w, https:\/\/mouldking.store\/wp-content\/uploads\/2022\/03\/TGL-T5012-Gumpert-Apollo-IE-8-768x768.jpg 768w, https:\/\/mouldking.store\/wp-content\/uploads\/2022\/03\/TGL-T5012-Gumpert-Apollo-IE-8-600x600.jpg 600w, https:\/\/mouldking.store\/wp-content\/uploads\/2022\/03\/TGL-T5012-Gumpert-Apollo-IE-8-150x150.jpg 150w\" sizes=\"(max-width: 800px) 100vw, 800px\" \/><figcaption id=\"caption-attachment-30246\" class=\"wp-caption-text\">TGL T5012 Gumpert Apollo IE med 3668 stk<\/figcaption><\/figure>\n<figure id=\"attachment_30245\" aria-describedby=\"caption-attachment-30245\" style=\"width: 559px\" class=\"wp-caption aligncenter\"><img loading=\"lazy\" decoding=\"async\" class=\"wp-image-30245 size-full\" src=\"https:\/\/mouldking.store\/wp-content\/uploads\/2022\/03\/TGL-T5012-Gumpert-Apollo-IE-7.jpg\" alt=\"TGL T5012 Gumpert Apollo IE\" width=\"559\" height=\"1024\" title=\"-\" srcset=\"https:\/\/mouldking.store\/wp-content\/uploads\/2022\/03\/TGL-T5012-Gumpert-Apollo-IE-7.jpg 559w, https:\/\/mouldking.store\/wp-content\/uploads\/2022\/03\/TGL-T5012-Gumpert-Apollo-IE-7-164x300.jpg 164w, https:\/\/mouldking.store\/wp-content\/uploads\/2022\/03\/TGL-T5012-Gumpert-Apollo-IE-7-300x550.jpg 300w, https:\/\/mouldking.store\/wp-content\/uploads\/2022\/03\/TGL-T5012-Gumpert-Apollo-IE-7-82x150.jpg 82w\" sizes=\"(max-width: 559px) 100vw, 559px\" \/><figcaption id=\"caption-attachment-30245\" class=\"wp-caption-text\">TGL T5012 Gumpert Apollo IE med 3668 stk<\/figcaption><\/figure>\n<figure id=\"attachment_30241\" aria-describedby=\"caption-attachment-30241\" style=\"width: 717px\" class=\"wp-caption aligncenter\"><img loading=\"lazy\" decoding=\"async\" class=\"wp-image-30241 size-full\" src=\"https:\/\/mouldking.store\/wp-content\/uploads\/2022\/03\/TGL-T5012-Gumpert-Apollo-IE-3.jpg\" alt=\"TGL T5012 Gumpert Apollo IE\" width=\"717\" height=\"1024\" title=\"-\" srcset=\"https:\/\/mouldking.store\/wp-content\/uploads\/2022\/03\/TGL-T5012-Gumpert-Apollo-IE-3.jpg 717w, https:\/\/mouldking.store\/wp-content\/uploads\/2022\/03\/TGL-T5012-Gumpert-Apollo-IE-3-210x300.jpg 210w, https:\/\/mouldking.store\/wp-content\/uploads\/2022\/03\/TGL-T5012-Gumpert-Apollo-IE-3-300x428.jpg 300w, https:\/\/mouldking.store\/wp-content\/uploads\/2022\/03\/TGL-T5012-Gumpert-Apollo-IE-3-600x857.jpg 600w, https:\/\/mouldking.store\/wp-content\/uploads\/2022\/03\/TGL-T5012-Gumpert-Apollo-IE-3-105x150.jpg 105w\" sizes=\"(max-width: 717px) 100vw, 717px\" \/><figcaption id=\"caption-attachment-30241\" class=\"wp-caption-text\">TGL T5012 Gumpert Apollo IE med 3668 stk<\/figcaption><\/figure>\n<figure id=\"attachment_30242\" aria-describedby=\"caption-attachment-30242\" style=\"width: 790px\" class=\"wp-caption aligncenter\"><img loading=\"lazy\" decoding=\"async\" class=\"wp-image-30242 size-full\" src=\"https:\/\/mouldking.store\/wp-content\/uploads\/2022\/03\/TGL-T5012-Gumpert-Apollo-IE-4.jpg\" alt=\"TGL T5012 Gumpert Apollo IE\" width=\"790\" height=\"934\" title=\"-\" srcset=\"https:\/\/mouldking.store\/wp-content\/uploads\/2022\/03\/TGL-T5012-Gumpert-Apollo-IE-4.jpg 790w, https:\/\/mouldking.store\/wp-content\/uploads\/2022\/03\/TGL-T5012-Gumpert-Apollo-IE-4-254x300.jpg 254w, https:\/\/mouldking.store\/wp-content\/uploads\/2022\/03\/TGL-T5012-Gumpert-Apollo-IE-4-768x908.jpg 768w, https:\/\/mouldking.store\/wp-content\/uploads\/2022\/03\/TGL-T5012-Gumpert-Apollo-IE-4-300x355.jpg 300w, https:\/\/mouldking.store\/wp-content\/uploads\/2022\/03\/TGL-T5012-Gumpert-Apollo-IE-4-600x709.jpg 600w, https:\/\/mouldking.store\/wp-content\/uploads\/2022\/03\/TGL-T5012-Gumpert-Apollo-IE-4-127x150.jpg 127w\" sizes=\"(max-width: 790px) 100vw, 790px\" \/><figcaption id=\"caption-attachment-30242\" class=\"wp-caption-text\">TGL T5012 Gumpert Apollo IE med 3668 stk<\/figcaption><\/figure>\n<figure id=\"attachment_30243\" aria-describedby=\"caption-attachment-30243\" style=\"width: 619px\" class=\"wp-caption aligncenter\"><img loading=\"lazy\" decoding=\"async\" class=\"wp-image-30243 size-full\" src=\"https:\/\/mouldking.store\/wp-content\/uploads\/2022\/03\/TGL-T5012-Gumpert-Apollo-IE-5.jpg\" alt=\"TGL T5012 Gumpert Apollo IE\" width=\"619\" height=\"1024\" title=\"-\" srcset=\"https:\/\/mouldking.store\/wp-content\/uploads\/2022\/03\/TGL-T5012-Gumpert-Apollo-IE-5.jpg 619w, https:\/\/mouldking.store\/wp-content\/uploads\/2022\/03\/TGL-T5012-Gumpert-Apollo-IE-5-181x300.jpg 181w, https:\/\/mouldking.store\/wp-content\/uploads\/2022\/03\/TGL-T5012-Gumpert-Apollo-IE-5-300x496.jpg 300w, https:\/\/mouldking.store\/wp-content\/uploads\/2022\/03\/TGL-T5012-Gumpert-Apollo-IE-5-600x993.jpg 600w, https:\/\/mouldking.store\/wp-content\/uploads\/2022\/03\/TGL-T5012-Gumpert-Apollo-IE-5-91x150.jpg 91w\" sizes=\"(max-width: 619px) 100vw, 619px\" \/><figcaption id=\"caption-attachment-30243\" class=\"wp-caption-text\">TGL T5012 Gumpert Apollo IE med 3668 stk<\/figcaption><\/figure>\n<figure id=\"attachment_30244\" aria-describedby=\"caption-attachment-30244\" style=\"width: 507px\" class=\"wp-caption aligncenter\"><img loading=\"lazy\" decoding=\"async\" class=\"wp-image-30244 size-full\" src=\"https:\/\/mouldking.store\/wp-content\/uploads\/2022\/03\/TGL-T5012-Gumpert-Apollo-IE-6.jpg\" alt=\"TGL T5012 Gumpert Apollo IE\" width=\"507\" height=\"1024\" title=\"-\" srcset=\"https:\/\/mouldking.store\/wp-content\/uploads\/2022\/03\/TGL-T5012-Gumpert-Apollo-IE-6.jpg 507w, https:\/\/mouldking.store\/wp-content\/uploads\/2022\/03\/TGL-T5012-Gumpert-Apollo-IE-6-149x300.jpg 149w, https:\/\/mouldking.store\/wp-content\/uploads\/2022\/03\/TGL-T5012-Gumpert-Apollo-IE-6-300x606.jpg 300w, https:\/\/mouldking.store\/wp-content\/uploads\/2022\/03\/TGL-T5012-Gumpert-Apollo-IE-6-74x150.jpg 74w\" sizes=\"(max-width: 507px) 100vw, 507px\" \/><figcaption id=\"caption-attachment-30244\" class=\"wp-caption-text\">TGL T5012 Gumpert Apollo IE med 3668 stk<\/figcaption><\/figure>","protected":false},"excerpt":{"rendered":"<p>Product information: Brand: TGL Gender: Unisex Name: Gumpert Apollo IE Age Range: &gt; 6 years old Model Number: T5012 Classification: Assemblage Plastic Block Shape: Self-Locking Bricks Material: Plastic Plastic Type: ABS Bricks Blocks: 3668 PCS Contains detailed assembly instructions. Notice: 1. Without an original box, but we guarantee our products have quality assurance and nice [&hellip;]<\/p>","protected":false},"featured_media":30247,"comment_status":"closed","ping_status":"closed","template":"","meta":{"_acf_changed":false},"product_cat":[364],"product_tag":[4928,4927,4925,4923,4926,4924,2739,4922,4921,4929],"class_list":["product","first","instock","shipping-taxable","purchasable","product-type-variable"],"acf":[],"_links":{"self":[{"href":"https:\/\/mouldking.store\/nb\/wp-json\/wp\/v2\/product\/30238","targetHints":{"allow":["GET"]}}],"collection":[{"href":"https:\/\/mouldking.store\/nb\/wp-json\/wp\/v2\/product"}],"about":[{"href":"https:\/\/mouldking.store\/nb\/wp-json\/wp\/v2\/types\/product"}],"replies":[{"embeddable":true,"href":"https:\/\/mouldking.store\/nb\/wp-json\/wp\/v2\/comments?post=30238"}],"wp:featuredmedia":[{"embeddable":true,"href":"https:\/\/mouldking.store\/nb\/wp-json\/wp\/v2\/media\/30247"}],"wp:attachment":[{"href":"https:\/\/mouldking.store\/nb\/wp-json\/wp\/v2\/media?parent=30238"}],"wp:term":[{"taxonomy":"product_cat","embeddable":true,"href":"https:\/\/mouldking.store\/nb\/wp-json\/wp\/v2\/product_cat?post=30238"},{"taxonomy":"product_tag","embeddable":true,"href":"https:\/\/mouldking.store\/nb\/wp-json\/wp\/v2\/product_tag?post=30238"}],"curies":[{"name":"wp","href":"https:\/\/api.w.org\/{rel}","templated":true}]}}