{"id":30279,"date":"2022-01-01T16:32:39","date_gmt":"2022-01-01T09:32:39","guid":{"rendered":"https:\/\/mouldking.store\/?post_type=product&#038;p=30279"},"modified":"2022-03-01T16:36:16","modified_gmt":"2022-03-01T09:36:16","slug":"jie-star-91102-ferrari-f12-with-3097-pieces","status":"publish","type":"product","link":"https:\/\/mouldking.store\/nb\/shop\/jie-star-91102-ferrari-f12-with-3097-pieces\/","title":{"rendered":"JIE STAR 91102 Ferrari F12 med 3097 stk"},"content":{"rendered":"<p>Produktinformasjon:<\/p>\n<ol>\n<li>Merke: JIE STAR<\/li>\n<li>Kj\u00f8nn: Unisex<\/li>\n<li>Name: Ferrari F12<\/li>\n<li>Aldersgruppe: &gt; 6 \u00e5r gammel<\/li>\n<li>Model Number: 91102<\/li>\n<li>Klassifisering: Montering<\/li>\n<li>Plastblokkform: Selvl\u00e5sende murstein<\/li>\n<li>Materiale: Plast<\/li>\n<li>Plasttype: ABS<\/li>\n<li>Bricks Blocks: 3097 PCS<\/li>\n<li>Inneholder detaljerte monteringsanvisninger.<\/li>\n<\/ol>\n<p>Legge merke til:<br \/>\n1. Uten original eske, men vi garanterer at v\u00e5re produkter har kvalitetssikring og pen emballasje.<br \/>\n2. Som alle delene vi har sjekket f\u00f8r frakt, s\u00e5 hvis du finner noen deler savnet eller skadet, ikke bekymre deg og bare kontakt oss, s\u00e5 kan vi sende dem til deg p\u00e5 nytt umiddelbart gratis.<\/p>\n<figure id=\"attachment_30280\" aria-describedby=\"caption-attachment-30280\" style=\"width: 1000px\" class=\"wp-caption aligncenter\"><img fetchpriority=\"high\" decoding=\"async\" class=\"wp-image-30280 size-full\" src=\"https:\/\/mouldking.store\/wp-content\/uploads\/2022\/03\/JIE-STAR-91102-Ferrari-F12-with-3097-pieces-1.jpg\" alt=\"JIE STAR 91102 Ferrari F12 with 3097 pieces\" width=\"1000\" height=\"1000\" title=\"-\" srcset=\"https:\/\/mouldking.store\/wp-content\/uploads\/2022\/03\/JIE-STAR-91102-Ferrari-F12-with-3097-pieces-1.jpg 1000w, https:\/\/mouldking.store\/wp-content\/uploads\/2022\/03\/JIE-STAR-91102-Ferrari-F12-with-3097-pieces-1-300x300.jpg 300w, https:\/\/mouldking.store\/wp-content\/uploads\/2022\/03\/JIE-STAR-91102-Ferrari-F12-with-3097-pieces-1-768x768.jpg 768w, https:\/\/mouldking.store\/wp-content\/uploads\/2022\/03\/JIE-STAR-91102-Ferrari-F12-with-3097-pieces-1-600x600.jpg 600w, https:\/\/mouldking.store\/wp-content\/uploads\/2022\/03\/JIE-STAR-91102-Ferrari-F12-with-3097-pieces-1-150x150.jpg 150w\" sizes=\"(max-width: 1000px) 100vw, 1000px\" \/><figcaption id=\"caption-attachment-30280\" class=\"wp-caption-text\">JIE STAR 91102 Ferrari F12 med 3097 stk<\/figcaption><\/figure>\n<figure id=\"attachment_30281\" aria-describedby=\"caption-attachment-30281\" style=\"width: 800px\" class=\"wp-caption aligncenter\"><img decoding=\"async\" class=\"wp-image-30281 size-full\" src=\"https:\/\/mouldking.store\/wp-content\/uploads\/2022\/03\/JIE-STAR-91102-Ferrari-F12-with-3097-pieces-2.jpg\" alt=\"JIE STAR 91102 Ferrari F12 with 3097 pieces\" width=\"800\" height=\"800\" title=\"-\" srcset=\"https:\/\/mouldking.store\/wp-content\/uploads\/2022\/03\/JIE-STAR-91102-Ferrari-F12-with-3097-pieces-2.jpg 800w, https:\/\/mouldking.store\/wp-content\/uploads\/2022\/03\/JIE-STAR-91102-Ferrari-F12-with-3097-pieces-2-300x300.jpg 300w, https:\/\/mouldking.store\/wp-content\/uploads\/2022\/03\/JIE-STAR-91102-Ferrari-F12-with-3097-pieces-2-768x768.jpg 768w, https:\/\/mouldking.store\/wp-content\/uploads\/2022\/03\/JIE-STAR-91102-Ferrari-F12-with-3097-pieces-2-600x600.jpg 600w, https:\/\/mouldking.store\/wp-content\/uploads\/2022\/03\/JIE-STAR-91102-Ferrari-F12-with-3097-pieces-2-150x150.jpg 150w\" sizes=\"(max-width: 800px) 100vw, 800px\" \/><figcaption id=\"caption-attachment-30281\" class=\"wp-caption-text\">JIE STAR 91102 Ferrari F12 med 3097 stk<\/figcaption><\/figure>\n<figure id=\"attachment_30284\" aria-describedby=\"caption-attachment-30284\" style=\"width: 750px\" class=\"wp-caption aligncenter\"><img decoding=\"async\" class=\"wp-image-30284 size-full\" src=\"https:\/\/mouldking.store\/wp-content\/uploads\/2022\/03\/JIE-STAR-91102-Ferrari-F12-with-3097-pieces-5.jpg\" alt=\"JIE STAR 91102 Ferrari F12 with 3097 pieces\" width=\"750\" height=\"931\" title=\"-\" srcset=\"https:\/\/mouldking.store\/wp-content\/uploads\/2022\/03\/JIE-STAR-91102-Ferrari-F12-with-3097-pieces-5.jpg 750w, https:\/\/mouldking.store\/wp-content\/uploads\/2022\/03\/JIE-STAR-91102-Ferrari-F12-with-3097-pieces-5-242x300.jpg 242w, https:\/\/mouldking.store\/wp-content\/uploads\/2022\/03\/JIE-STAR-91102-Ferrari-F12-with-3097-pieces-5-300x372.jpg 300w, https:\/\/mouldking.store\/wp-content\/uploads\/2022\/03\/JIE-STAR-91102-Ferrari-F12-with-3097-pieces-5-600x745.jpg 600w, https:\/\/mouldking.store\/wp-content\/uploads\/2022\/03\/JIE-STAR-91102-Ferrari-F12-with-3097-pieces-5-121x150.jpg 121w\" sizes=\"(max-width: 750px) 100vw, 750px\" \/><figcaption id=\"caption-attachment-30284\" class=\"wp-caption-text\">JIE STAR 91102 Ferrari F12 med 3097 stk<\/figcaption><\/figure>\n<figure id=\"attachment_30285\" aria-describedby=\"caption-attachment-30285\" style=\"width: 750px\" class=\"wp-caption aligncenter\"><img loading=\"lazy\" decoding=\"async\" class=\"wp-image-30285 size-full\" src=\"https:\/\/mouldking.store\/wp-content\/uploads\/2022\/03\/JIE-STAR-91102-Ferrari-F12-with-3097-pieces-6.jpg\" alt=\"JIE STAR 91102 Ferrari F12 with 3097 pieces\" width=\"750\" height=\"716\" title=\"-\" srcset=\"https:\/\/mouldking.store\/wp-content\/uploads\/2022\/03\/JIE-STAR-91102-Ferrari-F12-with-3097-pieces-6.jpg 750w, https:\/\/mouldking.store\/wp-content\/uploads\/2022\/03\/JIE-STAR-91102-Ferrari-F12-with-3097-pieces-6-300x286.jpg 300w, https:\/\/mouldking.store\/wp-content\/uploads\/2022\/03\/JIE-STAR-91102-Ferrari-F12-with-3097-pieces-6-600x573.jpg 600w, https:\/\/mouldking.store\/wp-content\/uploads\/2022\/03\/JIE-STAR-91102-Ferrari-F12-with-3097-pieces-6-150x143.jpg 150w\" sizes=\"(max-width: 750px) 100vw, 750px\" \/><figcaption id=\"caption-attachment-30285\" class=\"wp-caption-text\">JIE STAR 91102 Ferrari F12 med 3097 stk<\/figcaption><\/figure>\n<figure id=\"attachment_30282\" aria-describedby=\"caption-attachment-30282\" style=\"width: 750px\" class=\"wp-caption aligncenter\"><img loading=\"lazy\" decoding=\"async\" class=\"wp-image-30282 size-full\" src=\"https:\/\/mouldking.store\/wp-content\/uploads\/2022\/03\/JIE-STAR-91102-Ferrari-F12-with-3097-pieces-3.jpg\" alt=\"JIE STAR 91102 Ferrari F12 with 3097 pieces\" width=\"750\" height=\"988\" title=\"-\" srcset=\"https:\/\/mouldking.store\/wp-content\/uploads\/2022\/03\/JIE-STAR-91102-Ferrari-F12-with-3097-pieces-3.jpg 750w, https:\/\/mouldking.store\/wp-content\/uploads\/2022\/03\/JIE-STAR-91102-Ferrari-F12-with-3097-pieces-3-228x300.jpg 228w, https:\/\/mouldking.store\/wp-content\/uploads\/2022\/03\/JIE-STAR-91102-Ferrari-F12-with-3097-pieces-3-300x395.jpg 300w, https:\/\/mouldking.store\/wp-content\/uploads\/2022\/03\/JIE-STAR-91102-Ferrari-F12-with-3097-pieces-3-600x790.jpg 600w, https:\/\/mouldking.store\/wp-content\/uploads\/2022\/03\/JIE-STAR-91102-Ferrari-F12-with-3097-pieces-3-114x150.jpg 114w\" sizes=\"(max-width: 750px) 100vw, 750px\" \/><figcaption id=\"caption-attachment-30282\" class=\"wp-caption-text\">JIE STAR 91102 Ferrari F12 med 3097 stk<\/figcaption><\/figure>\n<figure id=\"attachment_30283\" aria-describedby=\"caption-attachment-30283\" style=\"width: 554px\" class=\"wp-caption aligncenter\"><img loading=\"lazy\" decoding=\"async\" class=\"wp-image-30283 size-full\" src=\"https:\/\/mouldking.store\/wp-content\/uploads\/2022\/03\/JIE-STAR-91102-Ferrari-F12-with-3097-pieces-4.jpg\" alt=\"JIE STAR 91102 Ferrari F12 with 3097 pieces\" width=\"554\" height=\"1024\" title=\"-\" srcset=\"https:\/\/mouldking.store\/wp-content\/uploads\/2022\/03\/JIE-STAR-91102-Ferrari-F12-with-3097-pieces-4.jpg 554w, https:\/\/mouldking.store\/wp-content\/uploads\/2022\/03\/JIE-STAR-91102-Ferrari-F12-with-3097-pieces-4-162x300.jpg 162w, https:\/\/mouldking.store\/wp-content\/uploads\/2022\/03\/JIE-STAR-91102-Ferrari-F12-with-3097-pieces-4-300x555.jpg 300w, https:\/\/mouldking.store\/wp-content\/uploads\/2022\/03\/JIE-STAR-91102-Ferrari-F12-with-3097-pieces-4-81x150.jpg 81w\" sizes=\"(max-width: 554px) 100vw, 554px\" \/><figcaption id=\"caption-attachment-30283\" class=\"wp-caption-text\">JIE STAR 91102 Ferrari F12 med 3097 stk<\/figcaption><\/figure>","protected":false},"excerpt":{"rendered":"<p>Product information: Brand: JIE STAR Gender: Unisex Name: Ferrari F12 Age Range: &gt; 6 years old Model Number: 91102 Classification: Assemblage Plastic Block Shape: Self-Locking Bricks Material: Plastic Plastic Type: ABS Bricks Blocks: 3097 PCS Contains detailed assembly instructions. Notice: 1. Without an original box, but we guarantee our products have quality assurance and nice [&hellip;]<\/p>","protected":false},"featured_media":30280,"comment_status":"closed","ping_status":"closed","template":"","meta":{"_acf_changed":false},"product_cat":[364],"product_tag":[4953,4954,1585,4952,2256,4951,4950,4949],"class_list":["product","first","outofstock","shipping-taxable","purchasable","product-type-simple"],"acf":[],"_links":{"self":[{"href":"https:\/\/mouldking.store\/nb\/wp-json\/wp\/v2\/product\/30279","targetHints":{"allow":["GET"]}}],"collection":[{"href":"https:\/\/mouldking.store\/nb\/wp-json\/wp\/v2\/product"}],"about":[{"href":"https:\/\/mouldking.store\/nb\/wp-json\/wp\/v2\/types\/product"}],"replies":[{"embeddable":true,"href":"https:\/\/mouldking.store\/nb\/wp-json\/wp\/v2\/comments?post=30279"}],"wp:featuredmedia":[{"embeddable":true,"href":"https:\/\/mouldking.store\/nb\/wp-json\/wp\/v2\/media\/30280"}],"wp:attachment":[{"href":"https:\/\/mouldking.store\/nb\/wp-json\/wp\/v2\/media?parent=30279"}],"wp:term":[{"taxonomy":"product_cat","embeddable":true,"href":"https:\/\/mouldking.store\/nb\/wp-json\/wp\/v2\/product_cat?post=30279"},{"taxonomy":"product_tag","embeddable":true,"href":"https:\/\/mouldking.store\/nb\/wp-json\/wp\/v2\/product_tag?post=30279"}],"curies":[{"name":"wp","href":"https:\/\/api.w.org\/{rel}","templated":true}]}}