{"id":30292,"date":"2022-03-01T16:45:11","date_gmt":"2022-03-01T09:45:11","guid":{"rendered":"https:\/\/mouldking.store\/?post_type=product&#038;p=30292"},"modified":"2022-03-01T16:45:11","modified_gmt":"2022-03-01T09:45:11","slug":"mould-king-27001-bugatti-vision-gt-with-336-pieces","status":"publish","type":"product","link":"https:\/\/mouldking.store\/nb\/shop\/mould-king-27001-bugatti-vision-gt-with-336-pieces\/","title":{"rendered":"Mold King 27001 Bugatti Vision GT med 336 stk"},"content":{"rendered":"<p>Produktinformasjon:<\/p>\n<ol>\n<li>Merke: Mold King<\/li>\n<li>Kj\u00f8nn: Unisex<\/li>\n<li>Name: Bugatti Vision GT<\/li>\n<li>Aldersgruppe: &gt; 8 \u00e5r gammel<\/li>\n<li>Model Number: 27001<\/li>\n<li>Klassifisering: Montering<\/li>\n<li>Plastblokkform: Selvl\u00e5sende murstein<\/li>\n<li>Materiale: Plast<\/li>\n<li>Plasttype: ABS<\/li>\n<li>Bricks Blocks: 336 PCS<\/li>\n<li>Inneholder detaljerte monteringsanvisninger.<\/li>\n<\/ol>\n<p>Legge merke til:<br \/>\n1. Uten original eske, men vi garanterer at v\u00e5re produkter har kvalitetssikring og pen emballasje.<br \/>\n2. Som alle delene vi har sjekket f\u00f8r frakt, s\u00e5 hvis du finner noen deler savnet eller skadet, ikke bekymre deg og bare kontakt oss, s\u00e5 kan vi sende dem til deg p\u00e5 nytt umiddelbart gratis.<\/p>\n<figure id=\"attachment_30294\" aria-describedby=\"caption-attachment-30294\" style=\"width: 800px\" class=\"wp-caption aligncenter\"><img fetchpriority=\"high\" decoding=\"async\" class=\"wp-image-30294 size-full\" src=\"https:\/\/mouldking.store\/wp-content\/uploads\/2022\/03\/Mould-King-27001-Bugatti-Vision-GT-with-336-pieces-1.jpg\" alt=\"Mould King 27001 Bugatti Vision GT with 336 pieces\" width=\"800\" height=\"800\" title=\"-\" srcset=\"https:\/\/mouldking.store\/wp-content\/uploads\/2022\/03\/Mould-King-27001-Bugatti-Vision-GT-with-336-pieces-1.jpg 800w, https:\/\/mouldking.store\/wp-content\/uploads\/2022\/03\/Mould-King-27001-Bugatti-Vision-GT-with-336-pieces-1-300x300.jpg 300w, https:\/\/mouldking.store\/wp-content\/uploads\/2022\/03\/Mould-King-27001-Bugatti-Vision-GT-with-336-pieces-1-768x768.jpg 768w, https:\/\/mouldking.store\/wp-content\/uploads\/2022\/03\/Mould-King-27001-Bugatti-Vision-GT-with-336-pieces-1-600x600.jpg 600w, https:\/\/mouldking.store\/wp-content\/uploads\/2022\/03\/Mould-King-27001-Bugatti-Vision-GT-with-336-pieces-1-150x150.jpg 150w\" sizes=\"(max-width: 800px) 100vw, 800px\" \/><figcaption id=\"caption-attachment-30294\" class=\"wp-caption-text\">Mold King 27001 Bugatti Vision GT med 336 stk<\/figcaption><\/figure>\n<figure id=\"attachment_30298\" aria-describedby=\"caption-attachment-30298\" style=\"width: 800px\" class=\"wp-caption aligncenter\"><img decoding=\"async\" class=\"wp-image-30298 size-full\" src=\"https:\/\/mouldking.store\/wp-content\/uploads\/2022\/03\/Mould-King-27001-Bugatti-Vision-GT-with-336-pieces-5.jpg\" alt=\"Mould King 27001 Bugatti Vision GT with 336 pieces\" width=\"800\" height=\"800\" title=\"-\" srcset=\"https:\/\/mouldking.store\/wp-content\/uploads\/2022\/03\/Mould-King-27001-Bugatti-Vision-GT-with-336-pieces-5.jpg 800w, https:\/\/mouldking.store\/wp-content\/uploads\/2022\/03\/Mould-King-27001-Bugatti-Vision-GT-with-336-pieces-5-300x300.jpg 300w, https:\/\/mouldking.store\/wp-content\/uploads\/2022\/03\/Mould-King-27001-Bugatti-Vision-GT-with-336-pieces-5-768x768.jpg 768w, https:\/\/mouldking.store\/wp-content\/uploads\/2022\/03\/Mould-King-27001-Bugatti-Vision-GT-with-336-pieces-5-600x600.jpg 600w, https:\/\/mouldking.store\/wp-content\/uploads\/2022\/03\/Mould-King-27001-Bugatti-Vision-GT-with-336-pieces-5-150x150.jpg 150w\" sizes=\"(max-width: 800px) 100vw, 800px\" \/><figcaption id=\"caption-attachment-30298\" class=\"wp-caption-text\">Mold King 27001 Bugatti Vision GT med 336 stk<\/figcaption><\/figure>\n<figure id=\"attachment_30297\" aria-describedby=\"caption-attachment-30297\" style=\"width: 790px\" class=\"wp-caption aligncenter\"><img decoding=\"async\" class=\"wp-image-30297 size-full\" src=\"https:\/\/mouldking.store\/wp-content\/uploads\/2022\/03\/Mould-King-27001-Bugatti-Vision-GT-with-336-pieces-4.jpg\" alt=\"Mould King 27001 Bugatti Vision GT with 336 pieces\" width=\"790\" height=\"810\" title=\"-\" srcset=\"https:\/\/mouldking.store\/wp-content\/uploads\/2022\/03\/Mould-King-27001-Bugatti-Vision-GT-with-336-pieces-4.jpg 790w, https:\/\/mouldking.store\/wp-content\/uploads\/2022\/03\/Mould-King-27001-Bugatti-Vision-GT-with-336-pieces-4-293x300.jpg 293w, https:\/\/mouldking.store\/wp-content\/uploads\/2022\/03\/Mould-King-27001-Bugatti-Vision-GT-with-336-pieces-4-768x787.jpg 768w, https:\/\/mouldking.store\/wp-content\/uploads\/2022\/03\/Mould-King-27001-Bugatti-Vision-GT-with-336-pieces-4-300x308.jpg 300w, https:\/\/mouldking.store\/wp-content\/uploads\/2022\/03\/Mould-King-27001-Bugatti-Vision-GT-with-336-pieces-4-600x615.jpg 600w, https:\/\/mouldking.store\/wp-content\/uploads\/2022\/03\/Mould-King-27001-Bugatti-Vision-GT-with-336-pieces-4-146x150.jpg 146w\" sizes=\"(max-width: 790px) 100vw, 790px\" \/><figcaption id=\"caption-attachment-30297\" class=\"wp-caption-text\">Mold King 27001 Bugatti Vision GT med 336 stk<\/figcaption><\/figure>\n<figure id=\"attachment_30296\" aria-describedby=\"caption-attachment-30296\" style=\"width: 790px\" class=\"wp-caption aligncenter\"><img loading=\"lazy\" decoding=\"async\" class=\"wp-image-30296 size-full\" src=\"https:\/\/mouldking.store\/wp-content\/uploads\/2022\/03\/Mould-King-27001-Bugatti-Vision-GT-with-336-pieces-3.jpg\" alt=\"Mould King 27001 Bugatti Vision GT with 336 pieces\" width=\"790\" height=\"920\" title=\"-\" srcset=\"https:\/\/mouldking.store\/wp-content\/uploads\/2022\/03\/Mould-King-27001-Bugatti-Vision-GT-with-336-pieces-3.jpg 790w, https:\/\/mouldking.store\/wp-content\/uploads\/2022\/03\/Mould-King-27001-Bugatti-Vision-GT-with-336-pieces-3-258x300.jpg 258w, https:\/\/mouldking.store\/wp-content\/uploads\/2022\/03\/Mould-King-27001-Bugatti-Vision-GT-with-336-pieces-3-768x894.jpg 768w, https:\/\/mouldking.store\/wp-content\/uploads\/2022\/03\/Mould-King-27001-Bugatti-Vision-GT-with-336-pieces-3-300x349.jpg 300w, https:\/\/mouldking.store\/wp-content\/uploads\/2022\/03\/Mould-King-27001-Bugatti-Vision-GT-with-336-pieces-3-600x699.jpg 600w, https:\/\/mouldking.store\/wp-content\/uploads\/2022\/03\/Mould-King-27001-Bugatti-Vision-GT-with-336-pieces-3-129x150.jpg 129w\" sizes=\"(max-width: 790px) 100vw, 790px\" \/><figcaption id=\"caption-attachment-30296\" class=\"wp-caption-text\">Mold King 27001 Bugatti Vision GT med 336 stk<\/figcaption><\/figure>\n<figure id=\"attachment_30295\" aria-describedby=\"caption-attachment-30295\" style=\"width: 800px\" class=\"wp-caption aligncenter\"><img loading=\"lazy\" decoding=\"async\" class=\"wp-image-30295 size-full\" src=\"https:\/\/mouldking.store\/wp-content\/uploads\/2022\/03\/Mould-King-27001-Bugatti-Vision-GT-with-336-pieces-2.jpg\" alt=\"Mould King 27001 Bugatti Vision GT with 336 pieces\" width=\"800\" height=\"800\" title=\"-\" srcset=\"https:\/\/mouldking.store\/wp-content\/uploads\/2022\/03\/Mould-King-27001-Bugatti-Vision-GT-with-336-pieces-2.jpg 800w, https:\/\/mouldking.store\/wp-content\/uploads\/2022\/03\/Mould-King-27001-Bugatti-Vision-GT-with-336-pieces-2-300x300.jpg 300w, https:\/\/mouldking.store\/wp-content\/uploads\/2022\/03\/Mould-King-27001-Bugatti-Vision-GT-with-336-pieces-2-768x768.jpg 768w, https:\/\/mouldking.store\/wp-content\/uploads\/2022\/03\/Mould-King-27001-Bugatti-Vision-GT-with-336-pieces-2-600x600.jpg 600w, https:\/\/mouldking.store\/wp-content\/uploads\/2022\/03\/Mould-King-27001-Bugatti-Vision-GT-with-336-pieces-2-150x150.jpg 150w\" sizes=\"(max-width: 800px) 100vw, 800px\" \/><figcaption id=\"caption-attachment-30295\" class=\"wp-caption-text\">Mold King 27001 Bugatti Vision GT med 336 stk<\/figcaption><\/figure>","protected":false},"excerpt":{"rendered":"<p>Product information: Brand: Mould King Gender: Unisex Name: Bugatti Vision GT Age Range: &gt; 8 years old Model Number: 27001 Classification: Assemblage Plastic Block Shape: Self-Locking Bricks Material: Plastic Plastic Type: ABS Bricks Blocks: 336 PCS Contains detailed assembly instructions. Notice: 1. Without an original box, but we guarantee our products have quality assurance and [&hellip;]<\/p>","protected":false},"featured_media":30294,"comment_status":"closed","ping_status":"closed","template":"","meta":{"_acf_changed":false},"product_cat":[364],"product_tag":[4964,4965,4963,4966,615,4962,4961,4960],"class_list":["product","first","instock","shipping-taxable","purchasable","product-type-simple"],"acf":[],"_links":{"self":[{"href":"https:\/\/mouldking.store\/nb\/wp-json\/wp\/v2\/product\/30292","targetHints":{"allow":["GET"]}}],"collection":[{"href":"https:\/\/mouldking.store\/nb\/wp-json\/wp\/v2\/product"}],"about":[{"href":"https:\/\/mouldking.store\/nb\/wp-json\/wp\/v2\/types\/product"}],"replies":[{"embeddable":true,"href":"https:\/\/mouldking.store\/nb\/wp-json\/wp\/v2\/comments?post=30292"}],"wp:featuredmedia":[{"embeddable":true,"href":"https:\/\/mouldking.store\/nb\/wp-json\/wp\/v2\/media\/30294"}],"wp:attachment":[{"href":"https:\/\/mouldking.store\/nb\/wp-json\/wp\/v2\/media?parent=30292"}],"wp:term":[{"taxonomy":"product_cat","embeddable":true,"href":"https:\/\/mouldking.store\/nb\/wp-json\/wp\/v2\/product_cat?post=30292"},{"taxonomy":"product_tag","embeddable":true,"href":"https:\/\/mouldking.store\/nb\/wp-json\/wp\/v2\/product_tag?post=30292"}],"curies":[{"name":"wp","href":"https:\/\/api.w.org\/{rel}","templated":true}]}}