{"id":30316,"date":"2022-03-02T11:14:27","date_gmt":"2022-03-02T04:14:27","guid":{"rendered":"https:\/\/mouldking.store\/?post_type=product&#038;p=30316"},"modified":"2024-09-03T15:07:07","modified_gmt":"2024-09-03T08:07:07","slug":"mork-033006-medieval-city-church-with-4418-pieces","status":"publish","type":"product","link":"https:\/\/mouldking.store\/nb\/shop\/mork-033006-medieval-city-church-with-4418-pieces\/","title":{"rendered":"Mork 033006 Middelalderbykirke med 4418 stk"},"content":{"rendered":"<p>Produktinformasjon:<\/p>\n<ol>\n<li>Merke: Mork<\/li>\n<li>Kj\u00f8nn: Unisex<\/li>\n<li>Name: Medieval City Church<\/li>\n<li>Age Range: &gt; 18 years old<\/li>\n<li>Model Number: 033006<\/li>\n<li>Klassifisering: Montering<\/li>\n<li>Plastblokkform: Selvl\u00e5sende murstein<\/li>\n<li>Materiale: Plast<\/li>\n<li>Plasttype: ABS<\/li>\n<li>Bricks Blocks: 4418 PCS<\/li>\n<li>Inneholder detaljerte monteringsanvisninger.<\/li>\n<\/ol>\n<p>Legge merke til:<br \/>\n1. Uten original eske, men vi garanterer at v\u00e5re produkter har kvalitetssikring og pen emballasje.<br \/>\n2. Som alle delene vi har sjekket f\u00f8r frakt, s\u00e5 hvis du finner noen deler savnet eller skadet, ikke bekymre deg og bare kontakt oss, s\u00e5 kan vi sende dem til deg p\u00e5 nytt umiddelbart gratis.<\/p>\n<p>&nbsp;<\/p>\n<figure id=\"attachment_30317\" aria-describedby=\"caption-attachment-30317\" style=\"width: 800px\" class=\"wp-caption aligncenter\"><img fetchpriority=\"high\" decoding=\"async\" class=\"wp-image-30317 size-full\" src=\"https:\/\/mouldking.store\/wp-content\/uploads\/2022\/03\/Mork-033006-Medieval-City-Church-with-4418-pieces-1.png\" alt=\"Mork 033006 Medieval City Church with 4418 pieces\" width=\"800\" height=\"800\" title=\"-\" srcset=\"https:\/\/mouldking.store\/wp-content\/uploads\/2022\/03\/Mork-033006-Medieval-City-Church-with-4418-pieces-1.png 800w, https:\/\/mouldking.store\/wp-content\/uploads\/2022\/03\/Mork-033006-Medieval-City-Church-with-4418-pieces-1-300x300.png 300w, https:\/\/mouldking.store\/wp-content\/uploads\/2022\/03\/Mork-033006-Medieval-City-Church-with-4418-pieces-1-768x768.png 768w, https:\/\/mouldking.store\/wp-content\/uploads\/2022\/03\/Mork-033006-Medieval-City-Church-with-4418-pieces-1-600x600.png 600w, https:\/\/mouldking.store\/wp-content\/uploads\/2022\/03\/Mork-033006-Medieval-City-Church-with-4418-pieces-1-150x150.png 150w\" sizes=\"(max-width: 800px) 100vw, 800px\" \/><figcaption id=\"caption-attachment-30317\" class=\"wp-caption-text\">Mork 033006 Middelalderbykirke med 4418 stk<\/figcaption><\/figure>\n<figure id=\"attachment_30325\" aria-describedby=\"caption-attachment-30325\" style=\"width: 750px\" class=\"wp-caption aligncenter\"><img decoding=\"async\" class=\"wp-image-30325 size-full\" src=\"https:\/\/mouldking.store\/wp-content\/uploads\/2022\/03\/Mork-033006-Medieval-City-Church-with-4418-pieces-7.jpg\" alt=\"Mork 033006 Medieval City Church with 4418 pieces\" width=\"750\" height=\"924\" title=\"-\" srcset=\"https:\/\/mouldking.store\/wp-content\/uploads\/2022\/03\/Mork-033006-Medieval-City-Church-with-4418-pieces-7.jpg 750w, https:\/\/mouldking.store\/wp-content\/uploads\/2022\/03\/Mork-033006-Medieval-City-Church-with-4418-pieces-7-244x300.jpg 244w, https:\/\/mouldking.store\/wp-content\/uploads\/2022\/03\/Mork-033006-Medieval-City-Church-with-4418-pieces-7-300x370.jpg 300w, https:\/\/mouldking.store\/wp-content\/uploads\/2022\/03\/Mork-033006-Medieval-City-Church-with-4418-pieces-7-600x739.jpg 600w, https:\/\/mouldking.store\/wp-content\/uploads\/2022\/03\/Mork-033006-Medieval-City-Church-with-4418-pieces-7-122x150.jpg 122w\" sizes=\"(max-width: 750px) 100vw, 750px\" \/><figcaption id=\"caption-attachment-30325\" class=\"wp-caption-text\">Mork 033006 Middelalderbykirke med 4418 stk<\/figcaption><\/figure>\n<figure id=\"attachment_30324\" aria-describedby=\"caption-attachment-30324\" style=\"width: 541px\" class=\"wp-caption aligncenter\"><img decoding=\"async\" class=\"wp-image-30324 size-full\" src=\"https:\/\/mouldking.store\/wp-content\/uploads\/2022\/03\/Mork-033006-Medieval-City-Church-with-4418-pieces-6.jpg\" alt=\"Mork 033006 Medieval City Church with 4418 pieces\" width=\"541\" height=\"1024\" title=\"-\" srcset=\"https:\/\/mouldking.store\/wp-content\/uploads\/2022\/03\/Mork-033006-Medieval-City-Church-with-4418-pieces-6.jpg 541w, https:\/\/mouldking.store\/wp-content\/uploads\/2022\/03\/Mork-033006-Medieval-City-Church-with-4418-pieces-6-158x300.jpg 158w, https:\/\/mouldking.store\/wp-content\/uploads\/2022\/03\/Mork-033006-Medieval-City-Church-with-4418-pieces-6-300x568.jpg 300w, https:\/\/mouldking.store\/wp-content\/uploads\/2022\/03\/Mork-033006-Medieval-City-Church-with-4418-pieces-6-79x150.jpg 79w\" sizes=\"(max-width: 541px) 100vw, 541px\" \/><figcaption id=\"caption-attachment-30324\" class=\"wp-caption-text\">Mork 033006 Middelalderbykirke med 4418 stk<\/figcaption><\/figure>\n<figure id=\"attachment_30323\" aria-describedby=\"caption-attachment-30323\" style=\"width: 749px\" class=\"wp-caption aligncenter\"><img loading=\"lazy\" decoding=\"async\" class=\"wp-image-30323 size-full\" src=\"https:\/\/mouldking.store\/wp-content\/uploads\/2022\/03\/Mork-033006-Medieval-City-Church-with-4418-pieces-5.jpg\" alt=\"Mork 033006 Medieval City Church with 4418 pieces\" width=\"749\" height=\"1024\" title=\"-\" srcset=\"https:\/\/mouldking.store\/wp-content\/uploads\/2022\/03\/Mork-033006-Medieval-City-Church-with-4418-pieces-5.jpg 749w, https:\/\/mouldking.store\/wp-content\/uploads\/2022\/03\/Mork-033006-Medieval-City-Church-with-4418-pieces-5-219x300.jpg 219w, https:\/\/mouldking.store\/wp-content\/uploads\/2022\/03\/Mork-033006-Medieval-City-Church-with-4418-pieces-5-300x410.jpg 300w, https:\/\/mouldking.store\/wp-content\/uploads\/2022\/03\/Mork-033006-Medieval-City-Church-with-4418-pieces-5-600x820.jpg 600w, https:\/\/mouldking.store\/wp-content\/uploads\/2022\/03\/Mork-033006-Medieval-City-Church-with-4418-pieces-5-110x150.jpg 110w\" sizes=\"(max-width: 749px) 100vw, 749px\" \/><figcaption id=\"caption-attachment-30323\" class=\"wp-caption-text\">Mork 033006 Middelalderbykirke med 4418 stk<\/figcaption><\/figure>\n<figure id=\"attachment_30322\" aria-describedby=\"caption-attachment-30322\" style=\"width: 458px\" class=\"wp-caption aligncenter\"><img loading=\"lazy\" decoding=\"async\" class=\"wp-image-30322 size-full\" src=\"https:\/\/mouldking.store\/wp-content\/uploads\/2022\/03\/Mork-033006-Medieval-City-Church-with-4418-pieces-2.png\" alt=\"Mork 033006 Medieval City Church with 4418 pieces\" width=\"458\" height=\"825\" title=\"-\" srcset=\"https:\/\/mouldking.store\/wp-content\/uploads\/2022\/03\/Mork-033006-Medieval-City-Church-with-4418-pieces-2.png 458w, https:\/\/mouldking.store\/wp-content\/uploads\/2022\/03\/Mork-033006-Medieval-City-Church-with-4418-pieces-2-167x300.png 167w, https:\/\/mouldking.store\/wp-content\/uploads\/2022\/03\/Mork-033006-Medieval-City-Church-with-4418-pieces-2-300x540.png 300w, https:\/\/mouldking.store\/wp-content\/uploads\/2022\/03\/Mork-033006-Medieval-City-Church-with-4418-pieces-2-83x150.png 83w\" sizes=\"(max-width: 458px) 100vw, 458px\" \/><figcaption id=\"caption-attachment-30322\" class=\"wp-caption-text\">Mork 033006 Middelalderbykirke med 4418 stk<\/figcaption><\/figure>\n<figure id=\"attachment_30320\" aria-describedby=\"caption-attachment-30320\" style=\"width: 734px\" class=\"wp-caption aligncenter\"><img loading=\"lazy\" decoding=\"async\" class=\"wp-image-30320 size-full\" src=\"https:\/\/mouldking.store\/wp-content\/uploads\/2022\/03\/Mork-033006-Medieval-City-Church-with-4418-pieces-3.jpg\" alt=\"Mork 033006 Medieval City Church with 4418 pieces\" width=\"734\" height=\"1024\" title=\"-\" srcset=\"https:\/\/mouldking.store\/wp-content\/uploads\/2022\/03\/Mork-033006-Medieval-City-Church-with-4418-pieces-3.jpg 734w, https:\/\/mouldking.store\/wp-content\/uploads\/2022\/03\/Mork-033006-Medieval-City-Church-with-4418-pieces-3-215x300.jpg 215w, https:\/\/mouldking.store\/wp-content\/uploads\/2022\/03\/Mork-033006-Medieval-City-Church-with-4418-pieces-3-300x419.jpg 300w, https:\/\/mouldking.store\/wp-content\/uploads\/2022\/03\/Mork-033006-Medieval-City-Church-with-4418-pieces-3-600x837.jpg 600w, https:\/\/mouldking.store\/wp-content\/uploads\/2022\/03\/Mork-033006-Medieval-City-Church-with-4418-pieces-3-108x150.jpg 108w\" sizes=\"(max-width: 734px) 100vw, 734px\" \/><figcaption id=\"caption-attachment-30320\" class=\"wp-caption-text\">Mork 033006 Middelalderbykirke med 4418 stk<\/figcaption><\/figure>\n<figure id=\"attachment_30319\" aria-describedby=\"caption-attachment-30319\" style=\"width: 800px\" class=\"wp-caption aligncenter\"><img loading=\"lazy\" decoding=\"async\" class=\"wp-image-30319 size-full\" src=\"https:\/\/mouldking.store\/wp-content\/uploads\/2022\/03\/Mork-033006-Medieval-City-Church-with-4418-pieces-2.jpg\" alt=\"Mork 033006 Medieval City Church with 4418 pieces\" width=\"800\" height=\"800\" title=\"-\" srcset=\"https:\/\/mouldking.store\/wp-content\/uploads\/2022\/03\/Mork-033006-Medieval-City-Church-with-4418-pieces-2.jpg 800w, https:\/\/mouldking.store\/wp-content\/uploads\/2022\/03\/Mork-033006-Medieval-City-Church-with-4418-pieces-2-300x300.jpg 300w, https:\/\/mouldking.store\/wp-content\/uploads\/2022\/03\/Mork-033006-Medieval-City-Church-with-4418-pieces-2-768x768.jpg 768w, https:\/\/mouldking.store\/wp-content\/uploads\/2022\/03\/Mork-033006-Medieval-City-Church-with-4418-pieces-2-600x600.jpg 600w, https:\/\/mouldking.store\/wp-content\/uploads\/2022\/03\/Mork-033006-Medieval-City-Church-with-4418-pieces-2-150x150.jpg 150w\" sizes=\"(max-width: 800px) 100vw, 800px\" \/><figcaption id=\"caption-attachment-30319\" class=\"wp-caption-text\">Mork 033006 Middelalderbykirke med 4418 stk<\/figcaption><\/figure>\n<figure id=\"attachment_30321\" aria-describedby=\"caption-attachment-30321\" style=\"width: 646px\" class=\"wp-caption aligncenter\"><img loading=\"lazy\" decoding=\"async\" class=\"wp-image-30321 size-full\" src=\"https:\/\/mouldking.store\/wp-content\/uploads\/2022\/03\/Mork-033006-Medieval-City-Church-with-4418-pieces-4.jpg\" alt=\"Mork 033006 Medieval City Church with 4418 pieces\" width=\"646\" height=\"1024\" title=\"-\" srcset=\"https:\/\/mouldking.store\/wp-content\/uploads\/2022\/03\/Mork-033006-Medieval-City-Church-with-4418-pieces-4.jpg 646w, https:\/\/mouldking.store\/wp-content\/uploads\/2022\/03\/Mork-033006-Medieval-City-Church-with-4418-pieces-4-189x300.jpg 189w, https:\/\/mouldking.store\/wp-content\/uploads\/2022\/03\/Mork-033006-Medieval-City-Church-with-4418-pieces-4-300x476.jpg 300w, https:\/\/mouldking.store\/wp-content\/uploads\/2022\/03\/Mork-033006-Medieval-City-Church-with-4418-pieces-4-600x951.jpg 600w, https:\/\/mouldking.store\/wp-content\/uploads\/2022\/03\/Mork-033006-Medieval-City-Church-with-4418-pieces-4-95x150.jpg 95w\" sizes=\"(max-width: 646px) 100vw, 646px\" \/><figcaption id=\"caption-attachment-30321\" class=\"wp-caption-text\">Mork 033006 Middelalderbykirke med 4418 stk<\/figcaption><\/figure>\n<figure id=\"attachment_30318\" aria-describedby=\"caption-attachment-30318\" style=\"width: 487px\" class=\"wp-caption aligncenter\"><img loading=\"lazy\" decoding=\"async\" class=\"wp-image-30318 size-full\" src=\"https:\/\/mouldking.store\/wp-content\/uploads\/2022\/03\/Mork-033006-Medieval-City-Church-with-4418-pieces-1.jpg\" alt=\"Mork 033006 Medieval City Church with 4418 pieces\" width=\"487\" height=\"1024\" title=\"-\" srcset=\"https:\/\/mouldking.store\/wp-content\/uploads\/2022\/03\/Mork-033006-Medieval-City-Church-with-4418-pieces-1.jpg 487w, https:\/\/mouldking.store\/wp-content\/uploads\/2022\/03\/Mork-033006-Medieval-City-Church-with-4418-pieces-1-143x300.jpg 143w, https:\/\/mouldking.store\/wp-content\/uploads\/2022\/03\/Mork-033006-Medieval-City-Church-with-4418-pieces-1-300x631.jpg 300w, https:\/\/mouldking.store\/wp-content\/uploads\/2022\/03\/Mork-033006-Medieval-City-Church-with-4418-pieces-1-71x150.jpg 71w\" sizes=\"(max-width: 487px) 100vw, 487px\" \/><figcaption id=\"caption-attachment-30318\" class=\"wp-caption-text\">Mork 033006 Middelalderbykirke med 4418 stk<\/figcaption><\/figure>","protected":false},"excerpt":{"rendered":"<p>Product information: Brand: Mork Gender: Unisex Name: Medieval City Church Age Range: &gt; 18 years old Model Number: 033006 Classification: Assemblage Plastic Block Shape: Self-Locking Bricks Material: Plastic Plastic Type: ABS Bricks Blocks: 4418 PCS Contains detailed assembly instructions. Notice: 1. Without an original box, but we guarantee our products have quality assurance and nice [&hellip;]<\/p>","protected":false},"featured_media":30317,"comment_status":"closed","ping_status":"closed","template":"","meta":{"_acf_changed":false},"product_cat":[390],"product_tag":[4975,4977,4976,4974,2352,4973,4972,4971],"class_list":["product","first","instock","shipping-taxable","purchasable","product-type-simple"],"acf":[],"_links":{"self":[{"href":"https:\/\/mouldking.store\/nb\/wp-json\/wp\/v2\/product\/30316","targetHints":{"allow":["GET"]}}],"collection":[{"href":"https:\/\/mouldking.store\/nb\/wp-json\/wp\/v2\/product"}],"about":[{"href":"https:\/\/mouldking.store\/nb\/wp-json\/wp\/v2\/types\/product"}],"replies":[{"embeddable":true,"href":"https:\/\/mouldking.store\/nb\/wp-json\/wp\/v2\/comments?post=30316"}],"wp:featuredmedia":[{"embeddable":true,"href":"https:\/\/mouldking.store\/nb\/wp-json\/wp\/v2\/media\/30317"}],"wp:attachment":[{"href":"https:\/\/mouldking.store\/nb\/wp-json\/wp\/v2\/media?parent=30316"}],"wp:term":[{"taxonomy":"product_cat","embeddable":true,"href":"https:\/\/mouldking.store\/nb\/wp-json\/wp\/v2\/product_cat?post=30316"},{"taxonomy":"product_tag","embeddable":true,"href":"https:\/\/mouldking.store\/nb\/wp-json\/wp\/v2\/product_tag?post=30316"}],"curies":[{"name":"wp","href":"https:\/\/api.w.org\/{rel}","templated":true}]}}