{"id":30359,"date":"2022-03-02T11:42:19","date_gmt":"2022-03-02T04:42:19","guid":{"rendered":"https:\/\/mouldking.store\/?post_type=product&#038;p=30359"},"modified":"2022-03-02T11:42:19","modified_gmt":"2022-03-02T04:42:19","slug":"qman-w42106-the-era-of-dinosaur-war-3-in-1-with-287-pieces","status":"publish","type":"product","link":"https:\/\/mouldking.store\/nb\/shop\/qman-w42106-the-era-of-dinosaur-war-3-in-1-with-287-pieces\/","title":{"rendered":"Qman W42106 The Era of Dinosaur War 3 i 1 med 287 deler"},"content":{"rendered":"<p>Produktinformasjon:<\/p>\n<ol>\n<li>Merke: Qman<\/li>\n<li>Kj\u00f8nn: Unisex<\/li>\n<li>Navn: Dinosaurkrigens \u00e6ra 3 i 1<\/li>\n<li>Aldersgruppe: &gt; 6 \u00e5r gammel<\/li>\n<li>Modellnummer: W42106<\/li>\n<li>Klassifisering: Montering<\/li>\n<li>Plastblokkform: Selvl\u00e5sende murstein<\/li>\n<li>Materiale: Plast<\/li>\n<li>Plasttype: ABS<\/li>\n<li>Murstein: 287 stk.<\/li>\n<li>Inneholder detaljerte monteringsanvisninger.<\/li>\n<\/ol>\n<p>Legge merke til:<br \/>\n1. Uten original eske, men vi garanterer at v\u00e5re produkter har kvalitetssikring og pen emballasje.<br \/>\n2. Som alle delene vi har sjekket f\u00f8r frakt, s\u00e5 hvis du finner noen deler savnet eller skadet, ikke bekymre deg og bare kontakt oss, s\u00e5 kan vi sende dem til deg p\u00e5 nytt umiddelbart gratis.<\/p>\n<figure id=\"attachment_30360\" aria-describedby=\"caption-attachment-30360\" style=\"width: 800px\" class=\"wp-caption aligncenter\"><img fetchpriority=\"high\" decoding=\"async\" class=\"wp-image-30360 size-full\" src=\"https:\/\/mouldking.store\/wp-content\/uploads\/2022\/03\/Qman-W42106-The-Era-of-Dinosaur-War-3-in-1-with-287-pieces-1.png\" alt=\"Qman W42106 The Era of Dinosaur War 3 in 1 with 287 pieces\" width=\"800\" height=\"800\" title=\"-\" srcset=\"https:\/\/mouldking.store\/wp-content\/uploads\/2022\/03\/Qman-W42106-The-Era-of-Dinosaur-War-3-in-1-with-287-pieces-1.png 800w, https:\/\/mouldking.store\/wp-content\/uploads\/2022\/03\/Qman-W42106-The-Era-of-Dinosaur-War-3-in-1-with-287-pieces-1-300x300.png 300w, https:\/\/mouldking.store\/wp-content\/uploads\/2022\/03\/Qman-W42106-The-Era-of-Dinosaur-War-3-in-1-with-287-pieces-1-768x768.png 768w, https:\/\/mouldking.store\/wp-content\/uploads\/2022\/03\/Qman-W42106-The-Era-of-Dinosaur-War-3-in-1-with-287-pieces-1-600x600.png 600w, https:\/\/mouldking.store\/wp-content\/uploads\/2022\/03\/Qman-W42106-The-Era-of-Dinosaur-War-3-in-1-with-287-pieces-1-150x150.png 150w\" sizes=\"(max-width: 800px) 100vw, 800px\" \/><figcaption id=\"caption-attachment-30360\" class=\"wp-caption-text\">Qman W42106 The Era of Dinosaur War 3 i 1 med 287 deler<\/figcaption><\/figure>\n<figure id=\"attachment_30363\" aria-describedby=\"caption-attachment-30363\" style=\"width: 460px\" class=\"wp-caption aligncenter\"><img decoding=\"async\" class=\"wp-image-30363 size-full\" src=\"https:\/\/mouldking.store\/wp-content\/uploads\/2022\/03\/Qman-W42106-The-Era-of-Dinosaur-War-3-in-1-with-287-pieces-4.png\" alt=\"Qman W42106 The Era of Dinosaur War 3 in 1 with 287 pieces\" width=\"460\" height=\"813\" title=\"-\" srcset=\"https:\/\/mouldking.store\/wp-content\/uploads\/2022\/03\/Qman-W42106-The-Era-of-Dinosaur-War-3-in-1-with-287-pieces-4.png 460w, https:\/\/mouldking.store\/wp-content\/uploads\/2022\/03\/Qman-W42106-The-Era-of-Dinosaur-War-3-in-1-with-287-pieces-4-170x300.png 170w, https:\/\/mouldking.store\/wp-content\/uploads\/2022\/03\/Qman-W42106-The-Era-of-Dinosaur-War-3-in-1-with-287-pieces-4-300x530.png 300w, https:\/\/mouldking.store\/wp-content\/uploads\/2022\/03\/Qman-W42106-The-Era-of-Dinosaur-War-3-in-1-with-287-pieces-4-85x150.png 85w\" sizes=\"(max-width: 460px) 100vw, 460px\" \/><figcaption id=\"caption-attachment-30363\" class=\"wp-caption-text\">Qman W42106 The Era of Dinosaur War 3 i 1 med 287 deler<\/figcaption><\/figure>\n<figure id=\"attachment_30362\" aria-describedby=\"caption-attachment-30362\" style=\"width: 459px\" class=\"wp-caption aligncenter\"><img decoding=\"async\" class=\"wp-image-30362 size-full\" src=\"https:\/\/mouldking.store\/wp-content\/uploads\/2022\/03\/Qman-W42106-The-Era-of-Dinosaur-War-3-in-1-with-287-pieces-3.png\" alt=\"Qman W42106 The Era of Dinosaur War 3 in 1 with 287 pieces\" width=\"459\" height=\"658\" title=\"-\" srcset=\"https:\/\/mouldking.store\/wp-content\/uploads\/2022\/03\/Qman-W42106-The-Era-of-Dinosaur-War-3-in-1-with-287-pieces-3.png 459w, https:\/\/mouldking.store\/wp-content\/uploads\/2022\/03\/Qman-W42106-The-Era-of-Dinosaur-War-3-in-1-with-287-pieces-3-209x300.png 209w, https:\/\/mouldking.store\/wp-content\/uploads\/2022\/03\/Qman-W42106-The-Era-of-Dinosaur-War-3-in-1-with-287-pieces-3-300x430.png 300w, https:\/\/mouldking.store\/wp-content\/uploads\/2022\/03\/Qman-W42106-The-Era-of-Dinosaur-War-3-in-1-with-287-pieces-3-105x150.png 105w\" sizes=\"(max-width: 459px) 100vw, 459px\" \/><figcaption id=\"caption-attachment-30362\" class=\"wp-caption-text\">Qman W42106 The Era of Dinosaur War 3 i 1 med 287 deler<\/figcaption><\/figure>\n<figure id=\"attachment_30361\" aria-describedby=\"caption-attachment-30361\" style=\"width: 800px\" class=\"wp-caption aligncenter\"><img loading=\"lazy\" decoding=\"async\" class=\"wp-image-30361 size-full\" src=\"https:\/\/mouldking.store\/wp-content\/uploads\/2022\/03\/Qman-W42106-The-Era-of-Dinosaur-War-3-in-1-with-287-pieces-2.png\" alt=\"Qman W42106 The Era of Dinosaur War 3 in 1 with 287 pieces\" width=\"800\" height=\"800\" title=\"-\" srcset=\"https:\/\/mouldking.store\/wp-content\/uploads\/2022\/03\/Qman-W42106-The-Era-of-Dinosaur-War-3-in-1-with-287-pieces-2.png 800w, https:\/\/mouldking.store\/wp-content\/uploads\/2022\/03\/Qman-W42106-The-Era-of-Dinosaur-War-3-in-1-with-287-pieces-2-300x300.png 300w, https:\/\/mouldking.store\/wp-content\/uploads\/2022\/03\/Qman-W42106-The-Era-of-Dinosaur-War-3-in-1-with-287-pieces-2-768x768.png 768w, https:\/\/mouldking.store\/wp-content\/uploads\/2022\/03\/Qman-W42106-The-Era-of-Dinosaur-War-3-in-1-with-287-pieces-2-600x600.png 600w, https:\/\/mouldking.store\/wp-content\/uploads\/2022\/03\/Qman-W42106-The-Era-of-Dinosaur-War-3-in-1-with-287-pieces-2-150x150.png 150w\" sizes=\"(max-width: 800px) 100vw, 800px\" \/><figcaption id=\"caption-attachment-30361\" class=\"wp-caption-text\">Qman W42106 The Era of Dinosaur War 3 i 1 med 287 deler<\/figcaption><\/figure>","protected":false},"excerpt":{"rendered":"<p>Product information: Brand: Qman Gender: Unisex Name: The Era of Dinosaur War 3 in 1 Age Range: &gt; 6 years old Model Number: W42106 Classification: Assemblage Plastic Block Shape: Self-Locking Bricks Material: Plastic Plastic Type: ABS Bricks Blocks: 287 PCS Contains detailed assembly instructions. Notice: 1. Without an original box, but we guarantee our products [&hellip;]<\/p>","protected":false},"featured_media":30360,"comment_status":"closed","ping_status":"closed","template":"","meta":{"_acf_changed":false},"product_cat":[371],"product_tag":[5003,2541,4558,4125,5000,4999,4998,5001,5002],"class_list":["product","first","instock","shipping-taxable","purchasable","product-type-simple"],"acf":[],"_links":{"self":[{"href":"https:\/\/mouldking.store\/nb\/wp-json\/wp\/v2\/product\/30359","targetHints":{"allow":["GET"]}}],"collection":[{"href":"https:\/\/mouldking.store\/nb\/wp-json\/wp\/v2\/product"}],"about":[{"href":"https:\/\/mouldking.store\/nb\/wp-json\/wp\/v2\/types\/product"}],"replies":[{"embeddable":true,"href":"https:\/\/mouldking.store\/nb\/wp-json\/wp\/v2\/comments?post=30359"}],"wp:featuredmedia":[{"embeddable":true,"href":"https:\/\/mouldking.store\/nb\/wp-json\/wp\/v2\/media\/30360"}],"wp:attachment":[{"href":"https:\/\/mouldking.store\/nb\/wp-json\/wp\/v2\/media?parent=30359"}],"wp:term":[{"taxonomy":"product_cat","embeddable":true,"href":"https:\/\/mouldking.store\/nb\/wp-json\/wp\/v2\/product_cat?post=30359"},{"taxonomy":"product_tag","embeddable":true,"href":"https:\/\/mouldking.store\/nb\/wp-json\/wp\/v2\/product_tag?post=30359"}],"curies":[{"name":"wp","href":"https:\/\/api.w.org\/{rel}","templated":true}]}}