{"id":30364,"date":"2022-03-02T11:47:54","date_gmt":"2022-03-02T04:47:54","guid":{"rendered":"https:\/\/mouldking.store\/?post_type=product&#038;p=30364"},"modified":"2022-03-02T11:47:54","modified_gmt":"2022-03-02T04:47:54","slug":"mould-king-12006-rc-class-a4-pacifics-mallard-with-2139-pieces","status":"publish","type":"product","link":"https:\/\/mouldking.store\/nb\/shop\/mould-king-12006-rc-class-a4-pacifics-mallard-with-2139-pieces\/","title":{"rendered":"Mold King 12006 RC Class A4 Pacifics Mallard med 2139 stykker"},"content":{"rendered":"<p>Produktinformasjon:<\/p>\n<ol>\n<li>Merke: Mold King<\/li>\n<li>Kj\u00f8nn: Unisex<\/li>\n<li>Navn: RC klasse A4 Pacifics Mallard<\/li>\n<li>Aldersgruppe: &gt; 14 \u00e5r gammel<\/li>\n<li>Modellnummer: 12006<\/li>\n<li>Klassifisering: Montering<\/li>\n<li>Plastblokkform: Selvl\u00e5sende murstein<\/li>\n<li>Materiale: Plast<\/li>\n<li>Plasttype: ABS<\/li>\n<li>Mursteinsblokker: 2139 STK<\/li>\n<li>Inneholder detaljerte monteringsanvisninger.<\/li>\n<\/ol>\n<p>Legge merke til:<br \/>\n1. Uten original eske, men vi garanterer at v\u00e5re produkter har kvalitetssikring og pen emballasje.<br \/>\n2. Som alle delene vi har sjekket f\u00f8r frakt, s\u00e5 hvis du finner noen deler savnet eller skadet, ikke bekymre deg og bare kontakt oss, s\u00e5 kan vi sende dem til deg p\u00e5 nytt umiddelbart gratis.<\/p>\n<figure id=\"attachment_30370\" aria-describedby=\"caption-attachment-30370\" style=\"width: 790px\" class=\"wp-caption aligncenter\"><img fetchpriority=\"high\" decoding=\"async\" class=\"wp-image-30370 size-full\" src=\"https:\/\/mouldking.store\/wp-content\/uploads\/2022\/03\/Mould-King-12006-RC-Class-A4-Pacifics-Mallard-with-2139-pieces-6.jpg\" alt=\"Mould King 12006 RC Class A4 Pacifics Mallard with 2139 pieces\" width=\"790\" height=\"769\" title=\"-\" srcset=\"https:\/\/mouldking.store\/wp-content\/uploads\/2022\/03\/Mould-King-12006-RC-Class-A4-Pacifics-Mallard-with-2139-pieces-6.jpg 790w, https:\/\/mouldking.store\/wp-content\/uploads\/2022\/03\/Mould-King-12006-RC-Class-A4-Pacifics-Mallard-with-2139-pieces-6-300x292.jpg 300w, https:\/\/mouldking.store\/wp-content\/uploads\/2022\/03\/Mould-King-12006-RC-Class-A4-Pacifics-Mallard-with-2139-pieces-6-768x748.jpg 768w, https:\/\/mouldking.store\/wp-content\/uploads\/2022\/03\/Mould-King-12006-RC-Class-A4-Pacifics-Mallard-with-2139-pieces-6-600x584.jpg 600w, https:\/\/mouldking.store\/wp-content\/uploads\/2022\/03\/Mould-King-12006-RC-Class-A4-Pacifics-Mallard-with-2139-pieces-6-150x146.jpg 150w\" sizes=\"(max-width: 790px) 100vw, 790px\" \/><figcaption id=\"caption-attachment-30370\" class=\"wp-caption-text\">Mold King 12006 RC Class A4 Pacifics Mallard med 2139 stykker<\/figcaption><\/figure>\n<figure id=\"attachment_30365\" aria-describedby=\"caption-attachment-30365\" style=\"width: 800px\" class=\"wp-caption aligncenter\"><img decoding=\"async\" class=\"wp-image-30365 size-full\" src=\"https:\/\/mouldking.store\/wp-content\/uploads\/2022\/03\/Mould-King-12006-RC-Class-A4-Pacifics-Mallard-with-2139-pieces-1.jpg\" alt=\"Mould King 12006 RC Class A4 Pacifics Mallard with 2139 pieces\" width=\"800\" height=\"800\" title=\"-\" srcset=\"https:\/\/mouldking.store\/wp-content\/uploads\/2022\/03\/Mould-King-12006-RC-Class-A4-Pacifics-Mallard-with-2139-pieces-1.jpg 800w, https:\/\/mouldking.store\/wp-content\/uploads\/2022\/03\/Mould-King-12006-RC-Class-A4-Pacifics-Mallard-with-2139-pieces-1-300x300.jpg 300w, https:\/\/mouldking.store\/wp-content\/uploads\/2022\/03\/Mould-King-12006-RC-Class-A4-Pacifics-Mallard-with-2139-pieces-1-768x768.jpg 768w, https:\/\/mouldking.store\/wp-content\/uploads\/2022\/03\/Mould-King-12006-RC-Class-A4-Pacifics-Mallard-with-2139-pieces-1-600x600.jpg 600w, https:\/\/mouldking.store\/wp-content\/uploads\/2022\/03\/Mould-King-12006-RC-Class-A4-Pacifics-Mallard-with-2139-pieces-1-150x150.jpg 150w\" sizes=\"(max-width: 800px) 100vw, 800px\" \/><figcaption id=\"caption-attachment-30365\" class=\"wp-caption-text\">Mold King 12006 RC Class A4 Pacifics Mallard med 2139 stykker<\/figcaption><\/figure>\n<figure id=\"attachment_30369\" aria-describedby=\"caption-attachment-30369\" style=\"width: 790px\" class=\"wp-caption aligncenter\"><img decoding=\"async\" class=\"wp-image-30369 size-full\" src=\"https:\/\/mouldking.store\/wp-content\/uploads\/2022\/03\/Mould-King-12006-RC-Class-A4-Pacifics-Mallard-with-2139-pieces-5.jpg\" alt=\"Mould King 12006 RC Class A4 Pacifics Mallard with 2139 pieces\" width=\"790\" height=\"756\" title=\"-\" srcset=\"https:\/\/mouldking.store\/wp-content\/uploads\/2022\/03\/Mould-King-12006-RC-Class-A4-Pacifics-Mallard-with-2139-pieces-5.jpg 790w, https:\/\/mouldking.store\/wp-content\/uploads\/2022\/03\/Mould-King-12006-RC-Class-A4-Pacifics-Mallard-with-2139-pieces-5-300x287.jpg 300w, https:\/\/mouldking.store\/wp-content\/uploads\/2022\/03\/Mould-King-12006-RC-Class-A4-Pacifics-Mallard-with-2139-pieces-5-768x735.jpg 768w, https:\/\/mouldking.store\/wp-content\/uploads\/2022\/03\/Mould-King-12006-RC-Class-A4-Pacifics-Mallard-with-2139-pieces-5-600x574.jpg 600w, https:\/\/mouldking.store\/wp-content\/uploads\/2022\/03\/Mould-King-12006-RC-Class-A4-Pacifics-Mallard-with-2139-pieces-5-150x144.jpg 150w\" sizes=\"(max-width: 790px) 100vw, 790px\" \/><figcaption id=\"caption-attachment-30369\" class=\"wp-caption-text\">Mold King 12006 RC Class A4 Pacifics Mallard med 2139 stykker<\/figcaption><\/figure>\n<figure id=\"attachment_30368\" aria-describedby=\"caption-attachment-30368\" style=\"width: 790px\" class=\"wp-caption aligncenter\"><img loading=\"lazy\" decoding=\"async\" class=\"wp-image-30368 size-full\" src=\"https:\/\/mouldking.store\/wp-content\/uploads\/2022\/03\/Mould-King-12006-RC-Class-A4-Pacifics-Mallard-with-2139-pieces-4.jpg\" alt=\"Mould King 12006 RC Class A4 Pacifics Mallard with 2139 pieces\" width=\"790\" height=\"932\" title=\"-\" srcset=\"https:\/\/mouldking.store\/wp-content\/uploads\/2022\/03\/Mould-King-12006-RC-Class-A4-Pacifics-Mallard-with-2139-pieces-4.jpg 790w, https:\/\/mouldking.store\/wp-content\/uploads\/2022\/03\/Mould-King-12006-RC-Class-A4-Pacifics-Mallard-with-2139-pieces-4-254x300.jpg 254w, https:\/\/mouldking.store\/wp-content\/uploads\/2022\/03\/Mould-King-12006-RC-Class-A4-Pacifics-Mallard-with-2139-pieces-4-768x906.jpg 768w, https:\/\/mouldking.store\/wp-content\/uploads\/2022\/03\/Mould-King-12006-RC-Class-A4-Pacifics-Mallard-with-2139-pieces-4-300x354.jpg 300w, https:\/\/mouldking.store\/wp-content\/uploads\/2022\/03\/Mould-King-12006-RC-Class-A4-Pacifics-Mallard-with-2139-pieces-4-600x708.jpg 600w, https:\/\/mouldking.store\/wp-content\/uploads\/2022\/03\/Mould-King-12006-RC-Class-A4-Pacifics-Mallard-with-2139-pieces-4-127x150.jpg 127w\" sizes=\"(max-width: 790px) 100vw, 790px\" \/><figcaption id=\"caption-attachment-30368\" class=\"wp-caption-text\">Mold King 12006 RC Class A4 Pacifics Mallard med 2139 stykker<\/figcaption><\/figure>\n<figure id=\"attachment_30367\" aria-describedby=\"caption-attachment-30367\" style=\"width: 640px\" class=\"wp-caption aligncenter\"><img loading=\"lazy\" decoding=\"async\" class=\"wp-image-30367 size-full\" src=\"https:\/\/mouldking.store\/wp-content\/uploads\/2022\/03\/Mould-King-12006-RC-Class-A4-Pacifics-Mallard-with-2139-pieces-3.jpg\" alt=\"Mould King 12006 RC Class A4 Pacifics Mallard with 2139 pieces\" width=\"640\" height=\"640\" title=\"-\" srcset=\"https:\/\/mouldking.store\/wp-content\/uploads\/2022\/03\/Mould-King-12006-RC-Class-A4-Pacifics-Mallard-with-2139-pieces-3.jpg 640w, https:\/\/mouldking.store\/wp-content\/uploads\/2022\/03\/Mould-King-12006-RC-Class-A4-Pacifics-Mallard-with-2139-pieces-3-300x300.jpg 300w, https:\/\/mouldking.store\/wp-content\/uploads\/2022\/03\/Mould-King-12006-RC-Class-A4-Pacifics-Mallard-with-2139-pieces-3-600x600.jpg 600w, https:\/\/mouldking.store\/wp-content\/uploads\/2022\/03\/Mould-King-12006-RC-Class-A4-Pacifics-Mallard-with-2139-pieces-3-150x150.jpg 150w\" sizes=\"(max-width: 640px) 100vw, 640px\" \/><figcaption id=\"caption-attachment-30367\" class=\"wp-caption-text\">Mold King 12006 RC Class A4 Pacifics Mallard med 2139 stykker<\/figcaption><\/figure>\n<figure id=\"attachment_30366\" aria-describedby=\"caption-attachment-30366\" style=\"width: 790px\" class=\"wp-caption aligncenter\"><img loading=\"lazy\" decoding=\"async\" class=\"wp-image-30366 size-full\" src=\"https:\/\/mouldking.store\/wp-content\/uploads\/2022\/03\/Mould-King-12006-RC-Class-A4-Pacifics-Mallard-with-2139-pieces-2.jpg\" alt=\"Mould King 12006 RC Class A4 Pacifics Mallard with 2139 pieces\" width=\"790\" height=\"359\" title=\"-\" srcset=\"https:\/\/mouldking.store\/wp-content\/uploads\/2022\/03\/Mould-King-12006-RC-Class-A4-Pacifics-Mallard-with-2139-pieces-2.jpg 790w, https:\/\/mouldking.store\/wp-content\/uploads\/2022\/03\/Mould-King-12006-RC-Class-A4-Pacifics-Mallard-with-2139-pieces-2-300x136.jpg 300w, https:\/\/mouldking.store\/wp-content\/uploads\/2022\/03\/Mould-King-12006-RC-Class-A4-Pacifics-Mallard-with-2139-pieces-2-768x349.jpg 768w, https:\/\/mouldking.store\/wp-content\/uploads\/2022\/03\/Mould-King-12006-RC-Class-A4-Pacifics-Mallard-with-2139-pieces-2-600x273.jpg 600w, https:\/\/mouldking.store\/wp-content\/uploads\/2022\/03\/Mould-King-12006-RC-Class-A4-Pacifics-Mallard-with-2139-pieces-2-150x68.jpg 150w\" sizes=\"(max-width: 790px) 100vw, 790px\" \/><figcaption id=\"caption-attachment-30366\" class=\"wp-caption-text\">Mold King 12006 RC Class A4 Pacifics Mallard med 2139 stykker<\/figcaption><\/figure>","protected":false},"excerpt":{"rendered":"<p>Product information: Brand: Mould King Gender: Unisex Name: RC Class A4 Pacifics Mallard Age Range: &gt; 14 years old Model Number: 12006 Classification: Assemblage Plastic Block Shape: Self-Locking Bricks Material: Plastic Plastic Type: ABS Bricks Blocks: 2139 PCS Contains detailed assembly instructions. Notice: 1. Without an original box, but we guarantee our products have quality [&hellip;]<\/p>","protected":false},"featured_media":30365,"comment_status":"closed","ping_status":"closed","template":"","meta":{"_acf_changed":false},"product_cat":[364],"product_tag":[5008,5011,5009,615,5006,5005,5004,5010,481,5007],"class_list":["product","first","instock","shipping-taxable","purchasable","product-type-simple"],"acf":[],"_links":{"self":[{"href":"https:\/\/mouldking.store\/nb\/wp-json\/wp\/v2\/product\/30364","targetHints":{"allow":["GET"]}}],"collection":[{"href":"https:\/\/mouldking.store\/nb\/wp-json\/wp\/v2\/product"}],"about":[{"href":"https:\/\/mouldking.store\/nb\/wp-json\/wp\/v2\/types\/product"}],"replies":[{"embeddable":true,"href":"https:\/\/mouldking.store\/nb\/wp-json\/wp\/v2\/comments?post=30364"}],"wp:featuredmedia":[{"embeddable":true,"href":"https:\/\/mouldking.store\/nb\/wp-json\/wp\/v2\/media\/30365"}],"wp:attachment":[{"href":"https:\/\/mouldking.store\/nb\/wp-json\/wp\/v2\/media?parent=30364"}],"wp:term":[{"taxonomy":"product_cat","embeddable":true,"href":"https:\/\/mouldking.store\/nb\/wp-json\/wp\/v2\/product_cat?post=30364"},{"taxonomy":"product_tag","embeddable":true,"href":"https:\/\/mouldking.store\/nb\/wp-json\/wp\/v2\/product_tag?post=30364"}],"curies":[{"name":"wp","href":"https:\/\/api.w.org\/{rel}","templated":true}]}}