{"id":30371,"date":"2022-03-02T11:51:28","date_gmt":"2022-03-02T04:51:28","guid":{"rendered":"https:\/\/mouldking.store\/?post_type=product&#038;p=30371"},"modified":"2022-03-02T11:51:29","modified_gmt":"2022-03-02T04:51:29","slug":"mould-king-12005-rc-sl7-asia-express-train-with-1873-pieces","status":"publish","type":"product","link":"https:\/\/mouldking.store\/nb\/shop\/mould-king-12005-rc-sl7-asia-express-train-with-1873-pieces\/","title":{"rendered":"Mold King 12005 RC SL7 Asia Express Tog med 1873 stk"},"content":{"rendered":"<p>Produktinformasjon:<\/p>\n<ol>\n<li>Merke: Mold King<\/li>\n<li>Kj\u00f8nn: Unisex<\/li>\n<li>Name: RC SL7 Asia Express Train<\/li>\n<li>Aldersgruppe: &gt; 14 \u00e5r gammel<\/li>\n<li>Model Number: 12005<\/li>\n<li>Klassifisering: Montering<\/li>\n<li>Plastblokkform: Selvl\u00e5sende murstein<\/li>\n<li>Materiale: Plast<\/li>\n<li>Plasttype: ABS<\/li>\n<li>Bricks Blocks: 1873 PCS<\/li>\n<li>Inneholder detaljerte monteringsanvisninger.<\/li>\n<\/ol>\n<p>Legge merke til:<br \/>\n1. Uten original eske, men vi garanterer at v\u00e5re produkter har kvalitetssikring og pen emballasje.<br \/>\n2. Som alle delene vi har sjekket f\u00f8r frakt, s\u00e5 hvis du finner noen deler savnet eller skadet, ikke bekymre deg og bare kontakt oss, s\u00e5 kan vi sende dem til deg p\u00e5 nytt umiddelbart gratis.<\/p>\n<figure id=\"attachment_30372\" aria-describedby=\"caption-attachment-30372\" style=\"width: 800px\" class=\"wp-caption aligncenter\"><img fetchpriority=\"high\" decoding=\"async\" class=\"wp-image-30372 size-full\" src=\"https:\/\/mouldking.store\/wp-content\/uploads\/2022\/03\/Mould-King-12005-RC-SL7-Asia-Express-Train-with-1873-pieces-1.jpg\" alt=\"Mould King 12005 RC SL7 Asia Express Train with 1873 pieces\" width=\"800\" height=\"800\" title=\"-\" srcset=\"https:\/\/mouldking.store\/wp-content\/uploads\/2022\/03\/Mould-King-12005-RC-SL7-Asia-Express-Train-with-1873-pieces-1.jpg 800w, https:\/\/mouldking.store\/wp-content\/uploads\/2022\/03\/Mould-King-12005-RC-SL7-Asia-Express-Train-with-1873-pieces-1-300x300.jpg 300w, https:\/\/mouldking.store\/wp-content\/uploads\/2022\/03\/Mould-King-12005-RC-SL7-Asia-Express-Train-with-1873-pieces-1-768x768.jpg 768w, https:\/\/mouldking.store\/wp-content\/uploads\/2022\/03\/Mould-King-12005-RC-SL7-Asia-Express-Train-with-1873-pieces-1-600x600.jpg 600w, https:\/\/mouldking.store\/wp-content\/uploads\/2022\/03\/Mould-King-12005-RC-SL7-Asia-Express-Train-with-1873-pieces-1-150x150.jpg 150w\" sizes=\"(max-width: 800px) 100vw, 800px\" \/><figcaption id=\"caption-attachment-30372\" class=\"wp-caption-text\">Mold King 12005 RC SL7 Asia Express Tog med 1873 stk<\/figcaption><\/figure>\n<figure id=\"attachment_30376\" aria-describedby=\"caption-attachment-30376\" style=\"width: 800px\" class=\"wp-caption aligncenter\"><img decoding=\"async\" class=\"wp-image-30376 size-full\" src=\"https:\/\/mouldking.store\/wp-content\/uploads\/2022\/03\/Mould-King-12005-RC-SL7-Asia-Express-Train-with-1873-pieces-5.jpg\" alt=\"Mould King 12005 RC SL7 Asia Express Train with 1873 pieces\" width=\"800\" height=\"800\" title=\"-\" srcset=\"https:\/\/mouldking.store\/wp-content\/uploads\/2022\/03\/Mould-King-12005-RC-SL7-Asia-Express-Train-with-1873-pieces-5.jpg 800w, https:\/\/mouldking.store\/wp-content\/uploads\/2022\/03\/Mould-King-12005-RC-SL7-Asia-Express-Train-with-1873-pieces-5-300x300.jpg 300w, https:\/\/mouldking.store\/wp-content\/uploads\/2022\/03\/Mould-King-12005-RC-SL7-Asia-Express-Train-with-1873-pieces-5-768x768.jpg 768w, https:\/\/mouldking.store\/wp-content\/uploads\/2022\/03\/Mould-King-12005-RC-SL7-Asia-Express-Train-with-1873-pieces-5-600x600.jpg 600w, https:\/\/mouldking.store\/wp-content\/uploads\/2022\/03\/Mould-King-12005-RC-SL7-Asia-Express-Train-with-1873-pieces-5-150x150.jpg 150w\" sizes=\"(max-width: 800px) 100vw, 800px\" \/><figcaption id=\"caption-attachment-30376\" class=\"wp-caption-text\">Mold King 12005 RC SL7 Asia Express Tog med 1873 stk<\/figcaption><\/figure>\n<figure id=\"attachment_30375\" aria-describedby=\"caption-attachment-30375\" style=\"width: 800px\" class=\"wp-caption aligncenter\"><img decoding=\"async\" class=\"wp-image-30375 size-full\" src=\"https:\/\/mouldking.store\/wp-content\/uploads\/2022\/03\/Mould-King-12005-RC-SL7-Asia-Express-Train-with-1873-pieces-4.jpg\" alt=\"Mould King 12005 RC SL7 Asia Express Train with 1873 pieces\" width=\"800\" height=\"800\" title=\"-\" srcset=\"https:\/\/mouldking.store\/wp-content\/uploads\/2022\/03\/Mould-King-12005-RC-SL7-Asia-Express-Train-with-1873-pieces-4.jpg 800w, https:\/\/mouldking.store\/wp-content\/uploads\/2022\/03\/Mould-King-12005-RC-SL7-Asia-Express-Train-with-1873-pieces-4-300x300.jpg 300w, https:\/\/mouldking.store\/wp-content\/uploads\/2022\/03\/Mould-King-12005-RC-SL7-Asia-Express-Train-with-1873-pieces-4-768x768.jpg 768w, https:\/\/mouldking.store\/wp-content\/uploads\/2022\/03\/Mould-King-12005-RC-SL7-Asia-Express-Train-with-1873-pieces-4-600x600.jpg 600w, https:\/\/mouldking.store\/wp-content\/uploads\/2022\/03\/Mould-King-12005-RC-SL7-Asia-Express-Train-with-1873-pieces-4-150x150.jpg 150w\" sizes=\"(max-width: 800px) 100vw, 800px\" \/><figcaption id=\"caption-attachment-30375\" class=\"wp-caption-text\">Mold King 12005 RC SL7 Asia Express Tog med 1873 stk<\/figcaption><\/figure>\n<figure id=\"attachment_30373\" aria-describedby=\"caption-attachment-30373\" style=\"width: 800px\" class=\"wp-caption aligncenter\"><img loading=\"lazy\" decoding=\"async\" class=\"wp-image-30373 size-full\" src=\"https:\/\/mouldking.store\/wp-content\/uploads\/2022\/03\/Mould-King-12005-RC-SL7-Asia-Express-Train-with-1873-pieces-2.jpg\" alt=\"Mould King 12005 RC SL7 Asia Express Train with 1873 pieces\" width=\"800\" height=\"800\" title=\"-\" srcset=\"https:\/\/mouldking.store\/wp-content\/uploads\/2022\/03\/Mould-King-12005-RC-SL7-Asia-Express-Train-with-1873-pieces-2.jpg 800w, https:\/\/mouldking.store\/wp-content\/uploads\/2022\/03\/Mould-King-12005-RC-SL7-Asia-Express-Train-with-1873-pieces-2-300x300.jpg 300w, https:\/\/mouldking.store\/wp-content\/uploads\/2022\/03\/Mould-King-12005-RC-SL7-Asia-Express-Train-with-1873-pieces-2-768x768.jpg 768w, https:\/\/mouldking.store\/wp-content\/uploads\/2022\/03\/Mould-King-12005-RC-SL7-Asia-Express-Train-with-1873-pieces-2-600x600.jpg 600w, https:\/\/mouldking.store\/wp-content\/uploads\/2022\/03\/Mould-King-12005-RC-SL7-Asia-Express-Train-with-1873-pieces-2-150x150.jpg 150w\" sizes=\"(max-width: 800px) 100vw, 800px\" \/><figcaption id=\"caption-attachment-30373\" class=\"wp-caption-text\">Mold King 12005 RC SL7 Asia Express Tog med 1873 stk<\/figcaption><\/figure>\n<figure id=\"attachment_30374\" aria-describedby=\"caption-attachment-30374\" style=\"width: 800px\" class=\"wp-caption aligncenter\"><img loading=\"lazy\" decoding=\"async\" class=\"wp-image-30374 size-full\" src=\"https:\/\/mouldking.store\/wp-content\/uploads\/2022\/03\/Mould-King-12005-RC-SL7-Asia-Express-Train-with-1873-pieces-3.jpg\" alt=\"Mould King 12005 RC SL7 Asia Express Train with 1873 pieces\" width=\"800\" height=\"800\" title=\"-\" srcset=\"https:\/\/mouldking.store\/wp-content\/uploads\/2022\/03\/Mould-King-12005-RC-SL7-Asia-Express-Train-with-1873-pieces-3.jpg 800w, https:\/\/mouldking.store\/wp-content\/uploads\/2022\/03\/Mould-King-12005-RC-SL7-Asia-Express-Train-with-1873-pieces-3-300x300.jpg 300w, https:\/\/mouldking.store\/wp-content\/uploads\/2022\/03\/Mould-King-12005-RC-SL7-Asia-Express-Train-with-1873-pieces-3-768x768.jpg 768w, https:\/\/mouldking.store\/wp-content\/uploads\/2022\/03\/Mould-King-12005-RC-SL7-Asia-Express-Train-with-1873-pieces-3-600x600.jpg 600w, https:\/\/mouldking.store\/wp-content\/uploads\/2022\/03\/Mould-King-12005-RC-SL7-Asia-Express-Train-with-1873-pieces-3-150x150.jpg 150w\" sizes=\"(max-width: 800px) 100vw, 800px\" \/><figcaption id=\"caption-attachment-30374\" class=\"wp-caption-text\">Mold King 12005 RC SL7 Asia Express Tog med 1873 stk<\/figcaption><\/figure>","protected":false},"excerpt":{"rendered":"<p>Product information: Brand: Mould King Gender: Unisex Name: RC SL7 Asia Express Train Age Range: &gt; 14 years old Model Number: 12005 Classification: Assemblage Plastic Block Shape: Self-Locking Bricks Material: Plastic Plastic Type: ABS Bricks Blocks: 1873 PCS Contains detailed assembly instructions. Notice: 1. Without an original box, but we guarantee our products have quality [&hellip;]<\/p>","protected":false},"featured_media":30372,"comment_status":"closed","ping_status":"closed","template":"","meta":{"_acf_changed":false},"product_cat":[364],"product_tag":[5016,5019,615,5014,5013,5012,481,5015,5017,5018,300],"class_list":["product","first","instock","shipping-taxable","purchasable","product-type-simple"],"acf":[],"_links":{"self":[{"href":"https:\/\/mouldking.store\/nb\/wp-json\/wp\/v2\/product\/30371","targetHints":{"allow":["GET"]}}],"collection":[{"href":"https:\/\/mouldking.store\/nb\/wp-json\/wp\/v2\/product"}],"about":[{"href":"https:\/\/mouldking.store\/nb\/wp-json\/wp\/v2\/types\/product"}],"replies":[{"embeddable":true,"href":"https:\/\/mouldking.store\/nb\/wp-json\/wp\/v2\/comments?post=30371"}],"wp:featuredmedia":[{"embeddable":true,"href":"https:\/\/mouldking.store\/nb\/wp-json\/wp\/v2\/media\/30372"}],"wp:attachment":[{"href":"https:\/\/mouldking.store\/nb\/wp-json\/wp\/v2\/media?parent=30371"}],"wp:term":[{"taxonomy":"product_cat","embeddable":true,"href":"https:\/\/mouldking.store\/nb\/wp-json\/wp\/v2\/product_cat?post=30371"},{"taxonomy":"product_tag","embeddable":true,"href":"https:\/\/mouldking.store\/nb\/wp-json\/wp\/v2\/product_tag?post=30371"}],"curies":[{"name":"wp","href":"https:\/\/api.w.org\/{rel}","templated":true}]}}