{"id":30446,"date":"2022-03-02T14:51:03","date_gmt":"2022-03-02T07:51:03","guid":{"rendered":"https:\/\/mouldking.store\/?post_type=product&#038;p=30446"},"modified":"2025-05-21T09:40:35","modified_gmt":"2025-05-21T02:40:35","slug":"mould-king-21015-minifig-scale-at-at-w-interior-with-6919-pieces","status":"publish","type":"product","link":"https:\/\/mouldking.store\/nb\/shop\/mould-king-21015-minifig-scale-at-at-w-interior-with-6919-pieces\/","title":{"rendered":"Mold King 21015 Minifig Scale AT-AT m\/ Interi\u00f8r med 6919 deler"},"content":{"rendered":"<p>Produktinformasjon:<\/p>\n<ol>\n<li>Merke: Mold King<\/li>\n<li>Kj\u00f8nn: Unisex<\/li>\n<li>Name: Minifig Scale AT-AT w\/ Interior<\/li>\n<li>Aldersgruppe: &gt; 14 \u00e5r gammel<\/li>\n<li>Modellnummer: 21015<\/li>\n<li>Klassifisering: Montering<\/li>\n<li>Plastblokkform: Selvl\u00e5sende murstein<\/li>\n<li>Materiale: Plast<\/li>\n<li>Plasttype: ABS<\/li>\n<li>Bricks Blocks: 6919 PCS<\/li>\n<li>Inneholder detaljerte monteringsanvisninger.<\/li>\n<\/ol>\n<p>Legge merke til:<br \/>\n1. Uten original eske, men vi garanterer at v\u00e5re produkter har kvalitetssikring og pen emballasje.<br \/>\n2. Som alle delene vi har sjekket f\u00f8r frakt, s\u00e5 hvis du finner noen deler savnet eller skadet, ikke bekymre deg og bare kontakt oss, s\u00e5 kan vi sende dem til deg p\u00e5 nytt umiddelbart gratis.<\/p>\n<figure id=\"attachment_30447\" aria-describedby=\"caption-attachment-30447\" style=\"width: 800px\" class=\"wp-caption aligncenter\"><img fetchpriority=\"high\" decoding=\"async\" class=\"wp-image-30447 size-full\" src=\"https:\/\/mouldking.store\/wp-content\/uploads\/2022\/03\/Mould-King-21015-Minifig-Scale-AT-AT-w-Interior-with-6919-pieces-1.jpg\" alt=\"Mould King 21015 Minifig Scale AT-AT w\/ Interior with 6919 pieces\" width=\"800\" height=\"800\" title=\"-\" srcset=\"https:\/\/mouldking.store\/wp-content\/uploads\/2022\/03\/Mould-King-21015-Minifig-Scale-AT-AT-w-Interior-with-6919-pieces-1.jpg 800w, https:\/\/mouldking.store\/wp-content\/uploads\/2022\/03\/Mould-King-21015-Minifig-Scale-AT-AT-w-Interior-with-6919-pieces-1-300x300.jpg 300w, https:\/\/mouldking.store\/wp-content\/uploads\/2022\/03\/Mould-King-21015-Minifig-Scale-AT-AT-w-Interior-with-6919-pieces-1-768x768.jpg 768w, https:\/\/mouldking.store\/wp-content\/uploads\/2022\/03\/Mould-King-21015-Minifig-Scale-AT-AT-w-Interior-with-6919-pieces-1-600x600.jpg 600w, https:\/\/mouldking.store\/wp-content\/uploads\/2022\/03\/Mould-King-21015-Minifig-Scale-AT-AT-w-Interior-with-6919-pieces-1-150x150.jpg 150w\" sizes=\"(max-width: 800px) 100vw, 800px\" \/><figcaption id=\"caption-attachment-30447\" class=\"wp-caption-text\">Mold King 21015 Minifig Scale AT-AT m\/ Interi\u00f8r med 6919 deler<\/figcaption><\/figure>\n<figure id=\"attachment_30452\" aria-describedby=\"caption-attachment-30452\" style=\"width: 790px\" class=\"wp-caption aligncenter\"><img decoding=\"async\" class=\"wp-image-30452 size-full\" src=\"https:\/\/mouldking.store\/wp-content\/uploads\/2022\/03\/Mould-King-21015-Minifig-Scale-AT-AT-w-Interior-with-6919-pieces-6.jpg\" alt=\"Mould King 21015 Minifig Scale AT-AT w\/ Interior with 6919 pieces\" width=\"790\" height=\"874\" title=\"-\" srcset=\"https:\/\/mouldking.store\/wp-content\/uploads\/2022\/03\/Mould-King-21015-Minifig-Scale-AT-AT-w-Interior-with-6919-pieces-6.jpg 790w, https:\/\/mouldking.store\/wp-content\/uploads\/2022\/03\/Mould-King-21015-Minifig-Scale-AT-AT-w-Interior-with-6919-pieces-6-271x300.jpg 271w, https:\/\/mouldking.store\/wp-content\/uploads\/2022\/03\/Mould-King-21015-Minifig-Scale-AT-AT-w-Interior-with-6919-pieces-6-768x850.jpg 768w, https:\/\/mouldking.store\/wp-content\/uploads\/2022\/03\/Mould-King-21015-Minifig-Scale-AT-AT-w-Interior-with-6919-pieces-6-300x332.jpg 300w, https:\/\/mouldking.store\/wp-content\/uploads\/2022\/03\/Mould-King-21015-Minifig-Scale-AT-AT-w-Interior-with-6919-pieces-6-600x664.jpg 600w, https:\/\/mouldking.store\/wp-content\/uploads\/2022\/03\/Mould-King-21015-Minifig-Scale-AT-AT-w-Interior-with-6919-pieces-6-136x150.jpg 136w\" sizes=\"(max-width: 790px) 100vw, 790px\" \/><figcaption id=\"caption-attachment-30452\" class=\"wp-caption-text\">Mold King 21015 Minifig Scale AT-AT m\/ Interi\u00f8r med 6919 deler<\/figcaption><\/figure>\n<figure id=\"attachment_30453\" aria-describedby=\"caption-attachment-30453\" style=\"width: 790px\" class=\"wp-caption aligncenter\"><img decoding=\"async\" class=\"wp-image-30453 size-full\" src=\"https:\/\/mouldking.store\/wp-content\/uploads\/2022\/03\/Mould-King-21015-Minifig-Scale-AT-AT-w-Interior-with-6919-pieces-7.jpg\" alt=\"Mould King 21015 Minifig Scale AT-AT w\/ Interior with 6919 pieces\" width=\"790\" height=\"772\" title=\"-\" srcset=\"https:\/\/mouldking.store\/wp-content\/uploads\/2022\/03\/Mould-King-21015-Minifig-Scale-AT-AT-w-Interior-with-6919-pieces-7.jpg 790w, https:\/\/mouldking.store\/wp-content\/uploads\/2022\/03\/Mould-King-21015-Minifig-Scale-AT-AT-w-Interior-with-6919-pieces-7-300x293.jpg 300w, https:\/\/mouldking.store\/wp-content\/uploads\/2022\/03\/Mould-King-21015-Minifig-Scale-AT-AT-w-Interior-with-6919-pieces-7-768x751.jpg 768w, https:\/\/mouldking.store\/wp-content\/uploads\/2022\/03\/Mould-King-21015-Minifig-Scale-AT-AT-w-Interior-with-6919-pieces-7-600x586.jpg 600w, https:\/\/mouldking.store\/wp-content\/uploads\/2022\/03\/Mould-King-21015-Minifig-Scale-AT-AT-w-Interior-with-6919-pieces-7-150x147.jpg 150w\" sizes=\"(max-width: 790px) 100vw, 790px\" \/><figcaption id=\"caption-attachment-30453\" class=\"wp-caption-text\">Mold King 21015 Minifig Scale AT-AT m\/ Interi\u00f8r med 6919 deler<\/figcaption><\/figure>\n<figure id=\"attachment_30451\" aria-describedby=\"caption-attachment-30451\" style=\"width: 790px\" class=\"wp-caption aligncenter\"><img loading=\"lazy\" decoding=\"async\" class=\"wp-image-30451 size-full\" src=\"https:\/\/mouldking.store\/wp-content\/uploads\/2022\/03\/Mould-King-21015-Minifig-Scale-AT-AT-w-Interior-with-6919-pieces-5.jpg\" alt=\"Mould King 21015 Minifig Scale AT-AT w\/ Interior with 6919 pieces\" width=\"790\" height=\"860\" title=\"-\" srcset=\"https:\/\/mouldking.store\/wp-content\/uploads\/2022\/03\/Mould-King-21015-Minifig-Scale-AT-AT-w-Interior-with-6919-pieces-5.jpg 790w, https:\/\/mouldking.store\/wp-content\/uploads\/2022\/03\/Mould-King-21015-Minifig-Scale-AT-AT-w-Interior-with-6919-pieces-5-276x300.jpg 276w, https:\/\/mouldking.store\/wp-content\/uploads\/2022\/03\/Mould-King-21015-Minifig-Scale-AT-AT-w-Interior-with-6919-pieces-5-768x836.jpg 768w, https:\/\/mouldking.store\/wp-content\/uploads\/2022\/03\/Mould-King-21015-Minifig-Scale-AT-AT-w-Interior-with-6919-pieces-5-300x327.jpg 300w, https:\/\/mouldking.store\/wp-content\/uploads\/2022\/03\/Mould-King-21015-Minifig-Scale-AT-AT-w-Interior-with-6919-pieces-5-600x653.jpg 600w, https:\/\/mouldking.store\/wp-content\/uploads\/2022\/03\/Mould-King-21015-Minifig-Scale-AT-AT-w-Interior-with-6919-pieces-5-138x150.jpg 138w\" sizes=\"(max-width: 790px) 100vw, 790px\" \/><figcaption id=\"caption-attachment-30451\" class=\"wp-caption-text\">Mold King 21015 Minifig Scale AT-AT m\/ Interi\u00f8r med 6919 deler<\/figcaption><\/figure>\n<figure id=\"attachment_30450\" aria-describedby=\"caption-attachment-30450\" style=\"width: 790px\" class=\"wp-caption aligncenter\"><img loading=\"lazy\" decoding=\"async\" class=\"wp-image-30450 size-full\" src=\"https:\/\/mouldking.store\/wp-content\/uploads\/2022\/03\/Mould-King-21015-Minifig-Scale-AT-AT-w-Interior-with-6919-pieces-4.jpg\" alt=\"Mould King 21015 Minifig Scale AT-AT w\/ Interior with 6919 pieces\" width=\"790\" height=\"585\" title=\"-\" srcset=\"https:\/\/mouldking.store\/wp-content\/uploads\/2022\/03\/Mould-King-21015-Minifig-Scale-AT-AT-w-Interior-with-6919-pieces-4.jpg 790w, https:\/\/mouldking.store\/wp-content\/uploads\/2022\/03\/Mould-King-21015-Minifig-Scale-AT-AT-w-Interior-with-6919-pieces-4-300x222.jpg 300w, https:\/\/mouldking.store\/wp-content\/uploads\/2022\/03\/Mould-King-21015-Minifig-Scale-AT-AT-w-Interior-with-6919-pieces-4-768x569.jpg 768w, https:\/\/mouldking.store\/wp-content\/uploads\/2022\/03\/Mould-King-21015-Minifig-Scale-AT-AT-w-Interior-with-6919-pieces-4-600x444.jpg 600w, https:\/\/mouldking.store\/wp-content\/uploads\/2022\/03\/Mould-King-21015-Minifig-Scale-AT-AT-w-Interior-with-6919-pieces-4-150x111.jpg 150w\" sizes=\"(max-width: 790px) 100vw, 790px\" \/><figcaption id=\"caption-attachment-30450\" class=\"wp-caption-text\">Mold King 21015 Minifig Scale AT-AT m\/ Interi\u00f8r med 6919 deler<\/figcaption><\/figure>\n<figure id=\"attachment_30449\" aria-describedby=\"caption-attachment-30449\" style=\"width: 790px\" class=\"wp-caption aligncenter\"><img loading=\"lazy\" decoding=\"async\" class=\"wp-image-30449 size-full\" src=\"https:\/\/mouldking.store\/wp-content\/uploads\/2022\/03\/Mould-King-21015-Minifig-Scale-AT-AT-w-Interior-with-6919-pieces-3.jpg\" alt=\"Mould King 21015 Minifig Scale AT-AT w\/ Interior with 6919 pieces\" width=\"790\" height=\"568\" title=\"-\" srcset=\"https:\/\/mouldking.store\/wp-content\/uploads\/2022\/03\/Mould-King-21015-Minifig-Scale-AT-AT-w-Interior-with-6919-pieces-3.jpg 790w, https:\/\/mouldking.store\/wp-content\/uploads\/2022\/03\/Mould-King-21015-Minifig-Scale-AT-AT-w-Interior-with-6919-pieces-3-300x216.jpg 300w, https:\/\/mouldking.store\/wp-content\/uploads\/2022\/03\/Mould-King-21015-Minifig-Scale-AT-AT-w-Interior-with-6919-pieces-3-768x552.jpg 768w, https:\/\/mouldking.store\/wp-content\/uploads\/2022\/03\/Mould-King-21015-Minifig-Scale-AT-AT-w-Interior-with-6919-pieces-3-600x431.jpg 600w, https:\/\/mouldking.store\/wp-content\/uploads\/2022\/03\/Mould-King-21015-Minifig-Scale-AT-AT-w-Interior-with-6919-pieces-3-150x108.jpg 150w\" sizes=\"(max-width: 790px) 100vw, 790px\" \/><figcaption id=\"caption-attachment-30449\" class=\"wp-caption-text\">Mold King 21015 Minifig Scale AT-AT m\/ Interi\u00f8r med 6919 deler<\/figcaption><\/figure>\n<figure id=\"attachment_30448\" aria-describedby=\"caption-attachment-30448\" style=\"width: 726px\" class=\"wp-caption aligncenter\"><img loading=\"lazy\" decoding=\"async\" class=\"wp-image-30448 size-full\" src=\"https:\/\/mouldking.store\/wp-content\/uploads\/2022\/03\/Mould-King-21015-Minifig-Scale-AT-AT-w-Interior-with-6919-pieces-2.jpg\" alt=\"Mould King 21015 Minifig Scale AT-AT w\/ Interior with 6919 pieces\" width=\"726\" height=\"1024\" title=\"-\" srcset=\"https:\/\/mouldking.store\/wp-content\/uploads\/2022\/03\/Mould-King-21015-Minifig-Scale-AT-AT-w-Interior-with-6919-pieces-2.jpg 726w, https:\/\/mouldking.store\/wp-content\/uploads\/2022\/03\/Mould-King-21015-Minifig-Scale-AT-AT-w-Interior-with-6919-pieces-2-213x300.jpg 213w, https:\/\/mouldking.store\/wp-content\/uploads\/2022\/03\/Mould-King-21015-Minifig-Scale-AT-AT-w-Interior-with-6919-pieces-2-300x423.jpg 300w, https:\/\/mouldking.store\/wp-content\/uploads\/2022\/03\/Mould-King-21015-Minifig-Scale-AT-AT-w-Interior-with-6919-pieces-2-600x846.jpg 600w, https:\/\/mouldking.store\/wp-content\/uploads\/2022\/03\/Mould-King-21015-Minifig-Scale-AT-AT-w-Interior-with-6919-pieces-2-106x150.jpg 106w\" sizes=\"(max-width: 726px) 100vw, 726px\" \/><figcaption id=\"caption-attachment-30448\" class=\"wp-caption-text\">Mold King 21015 Minifig Scale AT-AT m\/ Interi\u00f8r med 6919 deler<\/figcaption><\/figure>","protected":false},"excerpt":{"rendered":"<p>Product information: Brand: Mould King Gender: Unisex Name: Minifig Scale AT-AT w\/ Interior Age Range: &gt; 14 years old Model Number: 21015 Classification: Assemblage Plastic Block Shape: Self-Locking Bricks Material: Plastic Plastic Type: ABS Bricks Blocks: 6919 PCS Contains detailed assembly instructions. Notice: 1. Without an original box, but we guarantee our products have quality [&hellip;]<\/p>","protected":false},"featured_media":30447,"comment_status":"closed","ping_status":"closed","template":"","meta":{"_acf_changed":false},"product_cat":[415],"product_tag":[5077,5079,5078,5076,615,5075,5074,5073],"class_list":["product","first","outofstock","shipping-taxable","purchasable","product-type-simple"],"acf":[],"_links":{"self":[{"href":"https:\/\/mouldking.store\/nb\/wp-json\/wp\/v2\/product\/30446","targetHints":{"allow":["GET"]}}],"collection":[{"href":"https:\/\/mouldking.store\/nb\/wp-json\/wp\/v2\/product"}],"about":[{"href":"https:\/\/mouldking.store\/nb\/wp-json\/wp\/v2\/types\/product"}],"replies":[{"embeddable":true,"href":"https:\/\/mouldking.store\/nb\/wp-json\/wp\/v2\/comments?post=30446"}],"wp:featuredmedia":[{"embeddable":true,"href":"https:\/\/mouldking.store\/nb\/wp-json\/wp\/v2\/media\/30447"}],"wp:attachment":[{"href":"https:\/\/mouldking.store\/nb\/wp-json\/wp\/v2\/media?parent=30446"}],"wp:term":[{"taxonomy":"product_cat","embeddable":true,"href":"https:\/\/mouldking.store\/nb\/wp-json\/wp\/v2\/product_cat?post=30446"},{"taxonomy":"product_tag","embeddable":true,"href":"https:\/\/mouldking.store\/nb\/wp-json\/wp\/v2\/product_tag?post=30446"}],"curies":[{"name":"wp","href":"https:\/\/api.w.org\/{rel}","templated":true}]}}