{"id":30454,"date":"2022-03-02T14:55:38","date_gmt":"2022-03-02T07:55:38","guid":{"rendered":"https:\/\/mouldking.store\/?post_type=product&#038;p=30454"},"modified":"2022-03-02T14:55:38","modified_gmt":"2022-03-02T07:55:38","slug":"decool-kc011-super-bugatti-with-2223-pieces","status":"publish","type":"product","link":"https:\/\/mouldking.store\/nb\/shop\/decool-kc011-super-bugatti-with-2223-pieces\/","title":{"rendered":"DECOOL KC011 Super Bugatti med 2223 stk"},"content":{"rendered":"<p>Produktinformasjon:<\/p>\n<ol>\n<li>Merke: DECOOL<\/li>\n<li>Kj\u00f8nn: Unisex<\/li>\n<li>Name: Super Bugatti<\/li>\n<li>Aldersgruppe: &gt; 6 \u00e5r gammel<\/li>\n<li>Model Number: KC011<\/li>\n<li>Klassifisering: Montering<\/li>\n<li>Plastblokkform: Selvl\u00e5sende murstein<\/li>\n<li>Materiale: Plast<\/li>\n<li>Plasttype: ABS<\/li>\n<li>Bricks Blocks: 2223 PCS<\/li>\n<li>Inneholder detaljerte monteringsanvisninger.<\/li>\n<\/ol>\n<p>Legge merke til:<br \/>\n1. Uten original eske, men vi garanterer at v\u00e5re produkter har kvalitetssikring og pen emballasje.<br \/>\n2. Som alle delene vi har sjekket f\u00f8r frakt, s\u00e5 hvis du finner noen deler savnet eller skadet, ikke bekymre deg og bare kontakt oss, s\u00e5 kan vi sende dem til deg p\u00e5 nytt umiddelbart gratis.<\/p>\n<figure id=\"attachment_30455\" aria-describedby=\"caption-attachment-30455\" style=\"width: 800px\" class=\"wp-caption aligncenter\"><img fetchpriority=\"high\" decoding=\"async\" class=\"wp-image-30455 size-full\" src=\"https:\/\/mouldking.store\/wp-content\/uploads\/2022\/03\/DECOOL-KC011-Super-Bugatti-with-2223-pieces-1.jpg\" alt=\"DECOOL KC011 Super Bugatti with 2223 pieces\" width=\"800\" height=\"800\" title=\"-\" srcset=\"https:\/\/mouldking.store\/wp-content\/uploads\/2022\/03\/DECOOL-KC011-Super-Bugatti-with-2223-pieces-1.jpg 800w, https:\/\/mouldking.store\/wp-content\/uploads\/2022\/03\/DECOOL-KC011-Super-Bugatti-with-2223-pieces-1-300x300.jpg 300w, https:\/\/mouldking.store\/wp-content\/uploads\/2022\/03\/DECOOL-KC011-Super-Bugatti-with-2223-pieces-1-768x768.jpg 768w, https:\/\/mouldking.store\/wp-content\/uploads\/2022\/03\/DECOOL-KC011-Super-Bugatti-with-2223-pieces-1-600x600.jpg 600w, https:\/\/mouldking.store\/wp-content\/uploads\/2022\/03\/DECOOL-KC011-Super-Bugatti-with-2223-pieces-1-150x150.jpg 150w\" sizes=\"(max-width: 800px) 100vw, 800px\" \/><figcaption id=\"caption-attachment-30455\" class=\"wp-caption-text\">DECOOL KC011 Super Bugatti med 2223 stk<\/figcaption><\/figure>\n<figure id=\"attachment_30461\" aria-describedby=\"caption-attachment-30461\" style=\"width: 790px\" class=\"wp-caption aligncenter\"><img decoding=\"async\" class=\"wp-image-30461 size-full\" src=\"https:\/\/mouldking.store\/wp-content\/uploads\/2022\/03\/DECOOL-KC011-Super-Bugatti-with-2223-pieces-6.jpg\" alt=\"DECOOL KC011 Super Bugatti with 2223 pieces\" width=\"790\" height=\"720\" title=\"-\" srcset=\"https:\/\/mouldking.store\/wp-content\/uploads\/2022\/03\/DECOOL-KC011-Super-Bugatti-with-2223-pieces-6.jpg 790w, https:\/\/mouldking.store\/wp-content\/uploads\/2022\/03\/DECOOL-KC011-Super-Bugatti-with-2223-pieces-6-300x273.jpg 300w, https:\/\/mouldking.store\/wp-content\/uploads\/2022\/03\/DECOOL-KC011-Super-Bugatti-with-2223-pieces-6-768x700.jpg 768w, https:\/\/mouldking.store\/wp-content\/uploads\/2022\/03\/DECOOL-KC011-Super-Bugatti-with-2223-pieces-6-600x547.jpg 600w, https:\/\/mouldking.store\/wp-content\/uploads\/2022\/03\/DECOOL-KC011-Super-Bugatti-with-2223-pieces-6-150x137.jpg 150w\" sizes=\"(max-width: 790px) 100vw, 790px\" \/><figcaption id=\"caption-attachment-30461\" class=\"wp-caption-text\">DECOOL KC011 Super Bugatti med 2223 stk<\/figcaption><\/figure>\n<figure id=\"attachment_30459\" aria-describedby=\"caption-attachment-30459\" style=\"width: 800px\" class=\"wp-caption aligncenter\"><img decoding=\"async\" class=\"wp-image-30459 size-full\" src=\"https:\/\/mouldking.store\/wp-content\/uploads\/2022\/03\/DECOOL-KC011-Super-Bugatti-with-2223-pieces-1.png\" alt=\"DECOOL KC011 Super Bugatti with 2223 pieces\" width=\"800\" height=\"800\" title=\"-\" srcset=\"https:\/\/mouldking.store\/wp-content\/uploads\/2022\/03\/DECOOL-KC011-Super-Bugatti-with-2223-pieces-1.png 800w, https:\/\/mouldking.store\/wp-content\/uploads\/2022\/03\/DECOOL-KC011-Super-Bugatti-with-2223-pieces-1-300x300.png 300w, https:\/\/mouldking.store\/wp-content\/uploads\/2022\/03\/DECOOL-KC011-Super-Bugatti-with-2223-pieces-1-768x768.png 768w, https:\/\/mouldking.store\/wp-content\/uploads\/2022\/03\/DECOOL-KC011-Super-Bugatti-with-2223-pieces-1-600x600.png 600w, https:\/\/mouldking.store\/wp-content\/uploads\/2022\/03\/DECOOL-KC011-Super-Bugatti-with-2223-pieces-1-150x150.png 150w\" sizes=\"(max-width: 800px) 100vw, 800px\" \/><figcaption id=\"caption-attachment-30459\" class=\"wp-caption-text\">DECOOL KC011 Super Bugatti med 2223 stk<\/figcaption><\/figure>\n<figure id=\"attachment_30458\" aria-describedby=\"caption-attachment-30458\" style=\"width: 790px\" class=\"wp-caption aligncenter\"><img loading=\"lazy\" decoding=\"async\" class=\"wp-image-30458 size-full\" src=\"https:\/\/mouldking.store\/wp-content\/uploads\/2022\/03\/DECOOL-KC011-Super-Bugatti-with-2223-pieces-4.jpg\" alt=\"DECOOL KC011 Super Bugatti with 2223 pieces\" width=\"790\" height=\"620\" title=\"-\" srcset=\"https:\/\/mouldking.store\/wp-content\/uploads\/2022\/03\/DECOOL-KC011-Super-Bugatti-with-2223-pieces-4.jpg 790w, https:\/\/mouldking.store\/wp-content\/uploads\/2022\/03\/DECOOL-KC011-Super-Bugatti-with-2223-pieces-4-300x235.jpg 300w, https:\/\/mouldking.store\/wp-content\/uploads\/2022\/03\/DECOOL-KC011-Super-Bugatti-with-2223-pieces-4-768x603.jpg 768w, https:\/\/mouldking.store\/wp-content\/uploads\/2022\/03\/DECOOL-KC011-Super-Bugatti-with-2223-pieces-4-600x471.jpg 600w, https:\/\/mouldking.store\/wp-content\/uploads\/2022\/03\/DECOOL-KC011-Super-Bugatti-with-2223-pieces-4-150x118.jpg 150w\" sizes=\"(max-width: 790px) 100vw, 790px\" \/><figcaption id=\"caption-attachment-30458\" class=\"wp-caption-text\">DECOOL KC011 Super Bugatti med 2223 stk<\/figcaption><\/figure>\n<figure id=\"attachment_30457\" aria-describedby=\"caption-attachment-30457\" style=\"width: 790px\" class=\"wp-caption aligncenter\"><img loading=\"lazy\" decoding=\"async\" class=\"wp-image-30457 size-full\" src=\"https:\/\/mouldking.store\/wp-content\/uploads\/2022\/03\/DECOOL-KC011-Super-Bugatti-with-2223-pieces-3.jpg\" alt=\"DECOOL KC011 Super Bugatti with 2223 pieces\" width=\"790\" height=\"528\" title=\"-\" srcset=\"https:\/\/mouldking.store\/wp-content\/uploads\/2022\/03\/DECOOL-KC011-Super-Bugatti-with-2223-pieces-3.jpg 790w, https:\/\/mouldking.store\/wp-content\/uploads\/2022\/03\/DECOOL-KC011-Super-Bugatti-with-2223-pieces-3-300x201.jpg 300w, https:\/\/mouldking.store\/wp-content\/uploads\/2022\/03\/DECOOL-KC011-Super-Bugatti-with-2223-pieces-3-768x513.jpg 768w, https:\/\/mouldking.store\/wp-content\/uploads\/2022\/03\/DECOOL-KC011-Super-Bugatti-with-2223-pieces-3-600x401.jpg 600w, https:\/\/mouldking.store\/wp-content\/uploads\/2022\/03\/DECOOL-KC011-Super-Bugatti-with-2223-pieces-3-150x100.jpg 150w\" sizes=\"(max-width: 790px) 100vw, 790px\" \/><figcaption id=\"caption-attachment-30457\" class=\"wp-caption-text\">DECOOL KC011 Super Bugatti med 2223 stk<\/figcaption><\/figure>\n<figure id=\"attachment_30456\" aria-describedby=\"caption-attachment-30456\" style=\"width: 790px\" class=\"wp-caption aligncenter\"><img loading=\"lazy\" decoding=\"async\" class=\"wp-image-30456 size-full\" src=\"https:\/\/mouldking.store\/wp-content\/uploads\/2022\/03\/DECOOL-KC011-Super-Bugatti-with-2223-pieces-2.jpg\" alt=\"DECOOL KC011 Super Bugatti with 2223 pieces\" width=\"790\" height=\"393\" title=\"-\" srcset=\"https:\/\/mouldking.store\/wp-content\/uploads\/2022\/03\/DECOOL-KC011-Super-Bugatti-with-2223-pieces-2.jpg 790w, https:\/\/mouldking.store\/wp-content\/uploads\/2022\/03\/DECOOL-KC011-Super-Bugatti-with-2223-pieces-2-300x149.jpg 300w, https:\/\/mouldking.store\/wp-content\/uploads\/2022\/03\/DECOOL-KC011-Super-Bugatti-with-2223-pieces-2-768x382.jpg 768w, https:\/\/mouldking.store\/wp-content\/uploads\/2022\/03\/DECOOL-KC011-Super-Bugatti-with-2223-pieces-2-600x298.jpg 600w, https:\/\/mouldking.store\/wp-content\/uploads\/2022\/03\/DECOOL-KC011-Super-Bugatti-with-2223-pieces-2-150x75.jpg 150w\" sizes=\"(max-width: 790px) 100vw, 790px\" \/><figcaption id=\"caption-attachment-30456\" class=\"wp-caption-text\">DECOOL KC011 Super Bugatti med 2223 stk<\/figcaption><\/figure>\n<figure id=\"attachment_30460\" aria-describedby=\"caption-attachment-30460\" style=\"width: 800px\" class=\"wp-caption aligncenter\"><img loading=\"lazy\" decoding=\"async\" class=\"wp-image-30460 size-full\" src=\"https:\/\/mouldking.store\/wp-content\/uploads\/2022\/03\/DECOOL-KC011-Super-Bugatti-with-2223-pieces-5.jpg\" alt=\"DECOOL KC011 Super Bugatti with 2223 pieces\" width=\"800\" height=\"800\" title=\"-\" srcset=\"https:\/\/mouldking.store\/wp-content\/uploads\/2022\/03\/DECOOL-KC011-Super-Bugatti-with-2223-pieces-5.jpg 800w, https:\/\/mouldking.store\/wp-content\/uploads\/2022\/03\/DECOOL-KC011-Super-Bugatti-with-2223-pieces-5-300x300.jpg 300w, https:\/\/mouldking.store\/wp-content\/uploads\/2022\/03\/DECOOL-KC011-Super-Bugatti-with-2223-pieces-5-768x768.jpg 768w, https:\/\/mouldking.store\/wp-content\/uploads\/2022\/03\/DECOOL-KC011-Super-Bugatti-with-2223-pieces-5-600x600.jpg 600w, https:\/\/mouldking.store\/wp-content\/uploads\/2022\/03\/DECOOL-KC011-Super-Bugatti-with-2223-pieces-5-150x150.jpg 150w\" sizes=\"(max-width: 800px) 100vw, 800px\" \/><figcaption id=\"caption-attachment-30460\" class=\"wp-caption-text\">DECOOL KC011 Super Bugatti med 2223 stk<\/figcaption><\/figure>","protected":false},"excerpt":{"rendered":"<p>Product information: Brand: DECOOL Gender: Unisex Name: Super Bugatti Age Range: &gt; 6 years old Model Number: KC011 Classification: Assemblage Plastic Block Shape: Self-Locking Bricks Material: Plastic Plastic Type: ABS Bricks Blocks: 2223 PCS Contains detailed assembly instructions. Notice: 1. Without an original box, but we guarantee our products have quality assurance and nice packaging. [&hellip;]<\/p>","protected":false},"featured_media":30455,"comment_status":"closed","ping_status":"closed","template":"","meta":{"_acf_changed":false},"product_cat":[364],"product_tag":[1730,2463,5082,5081,5080,5084,5083],"class_list":["product","first","instock","shipping-taxable","purchasable","product-type-simple"],"acf":[],"_links":{"self":[{"href":"https:\/\/mouldking.store\/nb\/wp-json\/wp\/v2\/product\/30454","targetHints":{"allow":["GET"]}}],"collection":[{"href":"https:\/\/mouldking.store\/nb\/wp-json\/wp\/v2\/product"}],"about":[{"href":"https:\/\/mouldking.store\/nb\/wp-json\/wp\/v2\/types\/product"}],"replies":[{"embeddable":true,"href":"https:\/\/mouldking.store\/nb\/wp-json\/wp\/v2\/comments?post=30454"}],"wp:featuredmedia":[{"embeddable":true,"href":"https:\/\/mouldking.store\/nb\/wp-json\/wp\/v2\/media\/30455"}],"wp:attachment":[{"href":"https:\/\/mouldking.store\/nb\/wp-json\/wp\/v2\/media?parent=30454"}],"wp:term":[{"taxonomy":"product_cat","embeddable":true,"href":"https:\/\/mouldking.store\/nb\/wp-json\/wp\/v2\/product_cat?post=30454"},{"taxonomy":"product_tag","embeddable":true,"href":"https:\/\/mouldking.store\/nb\/wp-json\/wp\/v2\/product_tag?post=30454"}],"curies":[{"name":"wp","href":"https:\/\/api.w.org\/{rel}","templated":true}]}}