{"id":30471,"date":"2022-03-02T15:04:38","date_gmt":"2022-03-02T08:04:38","guid":{"rendered":"https:\/\/mouldking.store\/?post_type=product&#038;p=30471"},"modified":"2022-03-02T15:04:38","modified_gmt":"2022-03-02T08:04:38","slug":"zys-19008-heavy-bat-mech-with-2234-pieces","status":"publish","type":"product","link":"https:\/\/mouldking.store\/nb\/shop\/zys-19008-heavy-bat-mech-with-2234-pieces\/","title":{"rendered":"ZYS 19008 Heavy Bat Mech med 2234 stykker"},"content":{"rendered":"<p>Produktinformasjon:<\/p>\n<ol>\n<li>Brand: ZYS<\/li>\n<li>Kj\u00f8nn: Unisex<\/li>\n<li>Name: Heavy Bat Mech<\/li>\n<li>Aldersgruppe: &gt; 6 \u00e5r gammel<\/li>\n<li>Model Number: 19008<\/li>\n<li>Klassifisering: Montering<\/li>\n<li>Plastblokkform: Selvl\u00e5sende murstein<\/li>\n<li>Materiale: Plast<\/li>\n<li>Plasttype: ABS<\/li>\n<li>Bricks Blocks: 2234 PCS<\/li>\n<li>Inneholder detaljerte monteringsanvisninger.<\/li>\n<\/ol>\n<p>Legge merke til:<br \/>\n1. Uten original eske, men vi garanterer at v\u00e5re produkter har kvalitetssikring og pen emballasje.<br \/>\n2. Som alle delene vi har sjekket f\u00f8r frakt, s\u00e5 hvis du finner noen deler savnet eller skadet, ikke bekymre deg og bare kontakt oss, s\u00e5 kan vi sende dem til deg p\u00e5 nytt umiddelbart gratis.<\/p>\n<p>&nbsp;<\/p>\n<figure id=\"attachment_30472\" aria-describedby=\"caption-attachment-30472\" style=\"width: 800px\" class=\"wp-caption aligncenter\"><img fetchpriority=\"high\" decoding=\"async\" class=\"wp-image-30472 size-full\" src=\"https:\/\/mouldking.store\/wp-content\/uploads\/2022\/03\/ZYS-19008-Heavy-Bat-Mech-2.jpg\" alt=\"ZYS 19008 Heavy Bat Mech with 2234 pieces\" width=\"800\" height=\"800\" title=\"-\" srcset=\"https:\/\/mouldking.store\/wp-content\/uploads\/2022\/03\/ZYS-19008-Heavy-Bat-Mech-2.jpg 800w, https:\/\/mouldking.store\/wp-content\/uploads\/2022\/03\/ZYS-19008-Heavy-Bat-Mech-2-300x300.jpg 300w, https:\/\/mouldking.store\/wp-content\/uploads\/2022\/03\/ZYS-19008-Heavy-Bat-Mech-2-768x768.jpg 768w, https:\/\/mouldking.store\/wp-content\/uploads\/2022\/03\/ZYS-19008-Heavy-Bat-Mech-2-600x600.jpg 600w, https:\/\/mouldking.store\/wp-content\/uploads\/2022\/03\/ZYS-19008-Heavy-Bat-Mech-2-150x150.jpg 150w\" sizes=\"(max-width: 800px) 100vw, 800px\" \/><figcaption id=\"caption-attachment-30472\" class=\"wp-caption-text\">ZYS 19008 Heavy Bat Mech med 2234 stykker<\/figcaption><\/figure>\n<figure id=\"attachment_30476\" aria-describedby=\"caption-attachment-30476\" style=\"width: 800px\" class=\"wp-caption aligncenter\"><img decoding=\"async\" class=\"wp-image-30476 size-full\" src=\"https:\/\/mouldking.store\/wp-content\/uploads\/2022\/03\/ZYS-19008-Heavy-Bat-Mech-1.jpg\" alt=\"ZYS 19008 Heavy Bat Mech with 2234 pieces\" width=\"800\" height=\"800\" title=\"-\" srcset=\"https:\/\/mouldking.store\/wp-content\/uploads\/2022\/03\/ZYS-19008-Heavy-Bat-Mech-1.jpg 800w, https:\/\/mouldking.store\/wp-content\/uploads\/2022\/03\/ZYS-19008-Heavy-Bat-Mech-1-300x300.jpg 300w, https:\/\/mouldking.store\/wp-content\/uploads\/2022\/03\/ZYS-19008-Heavy-Bat-Mech-1-768x768.jpg 768w, https:\/\/mouldking.store\/wp-content\/uploads\/2022\/03\/ZYS-19008-Heavy-Bat-Mech-1-600x600.jpg 600w, https:\/\/mouldking.store\/wp-content\/uploads\/2022\/03\/ZYS-19008-Heavy-Bat-Mech-1-150x150.jpg 150w\" sizes=\"(max-width: 800px) 100vw, 800px\" \/><figcaption id=\"caption-attachment-30476\" class=\"wp-caption-text\">ZYS 19008 Heavy Bat Mech med 2234 stykker<\/figcaption><\/figure>\n<figure id=\"attachment_30474\" aria-describedby=\"caption-attachment-30474\" style=\"width: 800px\" class=\"wp-caption aligncenter\"><img decoding=\"async\" class=\"wp-image-30474 size-full\" src=\"https:\/\/mouldking.store\/wp-content\/uploads\/2022\/03\/ZYS-19008-Heavy-Bat-Mech-4.jpg\" alt=\"ZYS 19008 Heavy Bat Mech with 2234 pieces\" width=\"800\" height=\"800\" title=\"-\" srcset=\"https:\/\/mouldking.store\/wp-content\/uploads\/2022\/03\/ZYS-19008-Heavy-Bat-Mech-4.jpg 800w, https:\/\/mouldking.store\/wp-content\/uploads\/2022\/03\/ZYS-19008-Heavy-Bat-Mech-4-300x300.jpg 300w, https:\/\/mouldking.store\/wp-content\/uploads\/2022\/03\/ZYS-19008-Heavy-Bat-Mech-4-768x768.jpg 768w, https:\/\/mouldking.store\/wp-content\/uploads\/2022\/03\/ZYS-19008-Heavy-Bat-Mech-4-600x600.jpg 600w, https:\/\/mouldking.store\/wp-content\/uploads\/2022\/03\/ZYS-19008-Heavy-Bat-Mech-4-150x150.jpg 150w\" sizes=\"(max-width: 800px) 100vw, 800px\" \/><figcaption id=\"caption-attachment-30474\" class=\"wp-caption-text\">ZYS 19008 Heavy Bat Mech med 2234 stykker<\/figcaption><\/figure>\n<figure id=\"attachment_30473\" aria-describedby=\"caption-attachment-30473\" style=\"width: 583px\" class=\"wp-caption aligncenter\"><img loading=\"lazy\" decoding=\"async\" class=\"wp-image-30473 size-full\" src=\"https:\/\/mouldking.store\/wp-content\/uploads\/2022\/03\/ZYS-19008-Heavy-Bat-Mech-3.jpg\" alt=\"ZYS 19008 Heavy Bat Mech with 2234 pieces\" width=\"583\" height=\"1024\" title=\"-\" srcset=\"https:\/\/mouldking.store\/wp-content\/uploads\/2022\/03\/ZYS-19008-Heavy-Bat-Mech-3.jpg 583w, https:\/\/mouldking.store\/wp-content\/uploads\/2022\/03\/ZYS-19008-Heavy-Bat-Mech-3-171x300.jpg 171w, https:\/\/mouldking.store\/wp-content\/uploads\/2022\/03\/ZYS-19008-Heavy-Bat-Mech-3-300x527.jpg 300w, https:\/\/mouldking.store\/wp-content\/uploads\/2022\/03\/ZYS-19008-Heavy-Bat-Mech-3-85x150.jpg 85w\" sizes=\"(max-width: 583px) 100vw, 583px\" \/><figcaption id=\"caption-attachment-30473\" class=\"wp-caption-text\">ZYS 19008 Heavy Bat Mech med 2234 stykker<\/figcaption><\/figure>\n<figure id=\"attachment_30475\" aria-describedby=\"caption-attachment-30475\" style=\"width: 790px\" class=\"wp-caption aligncenter\"><img loading=\"lazy\" decoding=\"async\" class=\"wp-image-30475 size-full\" src=\"https:\/\/mouldking.store\/wp-content\/uploads\/2022\/03\/ZYS-19008-Heavy-Bat-Mech-5.jpg\" alt=\"ZYS 19008 Heavy Bat Mech with 2234 pieces\" width=\"790\" height=\"740\" title=\"-\" srcset=\"https:\/\/mouldking.store\/wp-content\/uploads\/2022\/03\/ZYS-19008-Heavy-Bat-Mech-5.jpg 790w, https:\/\/mouldking.store\/wp-content\/uploads\/2022\/03\/ZYS-19008-Heavy-Bat-Mech-5-300x281.jpg 300w, https:\/\/mouldking.store\/wp-content\/uploads\/2022\/03\/ZYS-19008-Heavy-Bat-Mech-5-768x719.jpg 768w, https:\/\/mouldking.store\/wp-content\/uploads\/2022\/03\/ZYS-19008-Heavy-Bat-Mech-5-600x562.jpg 600w, https:\/\/mouldking.store\/wp-content\/uploads\/2022\/03\/ZYS-19008-Heavy-Bat-Mech-5-150x141.jpg 150w\" sizes=\"(max-width: 790px) 100vw, 790px\" \/><figcaption id=\"caption-attachment-30475\" class=\"wp-caption-text\">ZYS 19008 Heavy Bat Mech med 2234 stykker<\/figcaption><\/figure>","protected":false},"excerpt":{"rendered":"<p>Product information: Brand: ZYS Gender: Unisex Name: Heavy Bat Mech Age Range: &gt; 6 years old Model Number: 19008 Classification: Assemblage Plastic Block Shape: Self-Locking Bricks Material: Plastic Plastic Type: ABS Bricks Blocks: 2234 PCS Contains detailed assembly instructions. Notice: 1. Without an original box, but we guarantee our products have quality assurance and nice [&hellip;]<\/p>","protected":false},"author":105,"featured_media":30472,"comment_status":"closed","ping_status":"closed","template":"","meta":{"_acf_changed":false},"product_cat":[371],"product_tag":[5094,5093,5092,5091],"class_list":["product","first","instock","shipping-taxable","purchasable","product-type-simple"],"acf":[],"_links":{"self":[{"href":"https:\/\/mouldking.store\/nb\/wp-json\/wp\/v2\/product\/30471","targetHints":{"allow":["GET"]}}],"collection":[{"href":"https:\/\/mouldking.store\/nb\/wp-json\/wp\/v2\/product"}],"about":[{"href":"https:\/\/mouldking.store\/nb\/wp-json\/wp\/v2\/types\/product"}],"author":[{"embeddable":true,"href":"https:\/\/mouldking.store\/nb\/wp-json\/wp\/v2\/users\/105"}],"replies":[{"embeddable":true,"href":"https:\/\/mouldking.store\/nb\/wp-json\/wp\/v2\/comments?post=30471"}],"wp:featuredmedia":[{"embeddable":true,"href":"https:\/\/mouldking.store\/nb\/wp-json\/wp\/v2\/media\/30472"}],"wp:attachment":[{"href":"https:\/\/mouldking.store\/nb\/wp-json\/wp\/v2\/media?parent=30471"}],"wp:term":[{"taxonomy":"product_cat","embeddable":true,"href":"https:\/\/mouldking.store\/nb\/wp-json\/wp\/v2\/product_cat?post=30471"},{"taxonomy":"product_tag","embeddable":true,"href":"https:\/\/mouldking.store\/nb\/wp-json\/wp\/v2\/product_tag?post=30471"}],"curies":[{"name":"wp","href":"https:\/\/api.w.org\/{rel}","templated":true}]}}