{"id":30477,"date":"2022-03-02T15:08:14","date_gmt":"2022-03-02T08:08:14","guid":{"rendered":"https:\/\/mouldking.store\/?post_type=product&#038;p=30477"},"modified":"2022-03-02T15:08:14","modified_gmt":"2022-03-02T08:08:14","slug":"jie-star-92004-return-to-the-future-with-2716-pieces","status":"publish","type":"product","link":"https:\/\/mouldking.store\/nb\/shop\/jie-star-92004-return-to-the-future-with-2716-pieces\/","title":{"rendered":"JIE STAR 92004 Return To The Future med 2716 deler"},"content":{"rendered":"<p>Produktinformasjon:<\/p>\n<ol>\n<li>Merke: JIE STAR<\/li>\n<li>Kj\u00f8nn: Unisex<\/li>\n<li>Name: Return To The Future<\/li>\n<li>Aldersgruppe: &gt; 6 \u00e5r gammel<\/li>\n<li>Model Number: 92004<\/li>\n<li>Klassifisering: Montering<\/li>\n<li>Plastblokkform: Selvl\u00e5sende murstein<\/li>\n<li>Materiale: Plast<\/li>\n<li>Plasttype: ABS<\/li>\n<li>Bricks Blocks: 2716 PCS<\/li>\n<li>Inneholder detaljerte monteringsanvisninger.<\/li>\n<\/ol>\n<p>Legge merke til:<br \/>\n1. Uten original eske, men vi garanterer at v\u00e5re produkter har kvalitetssikring og pen emballasje.<br \/>\n2. Som alle delene vi har sjekket f\u00f8r frakt, s\u00e5 hvis du finner noen deler savnet eller skadet, ikke bekymre deg og bare kontakt oss, s\u00e5 kan vi sende dem til deg p\u00e5 nytt umiddelbart gratis.<\/p>\n<p>&nbsp;<\/p>\n<figure id=\"attachment_30478\" aria-describedby=\"caption-attachment-30478\" style=\"width: 800px\" class=\"wp-caption aligncenter\"><img fetchpriority=\"high\" decoding=\"async\" class=\"wp-image-30478 size-full\" src=\"https:\/\/mouldking.store\/wp-content\/uploads\/2022\/03\/JIE-STAR-92004-Return-To-The-Future-1.png\" alt=\"JIE STAR 92004 Return To The Future with 2716 pieces\" width=\"800\" height=\"800\" title=\"-\" srcset=\"https:\/\/mouldking.store\/wp-content\/uploads\/2022\/03\/JIE-STAR-92004-Return-To-The-Future-1.png 800w, https:\/\/mouldking.store\/wp-content\/uploads\/2022\/03\/JIE-STAR-92004-Return-To-The-Future-1-300x300.png 300w, https:\/\/mouldking.store\/wp-content\/uploads\/2022\/03\/JIE-STAR-92004-Return-To-The-Future-1-768x768.png 768w, https:\/\/mouldking.store\/wp-content\/uploads\/2022\/03\/JIE-STAR-92004-Return-To-The-Future-1-600x600.png 600w, https:\/\/mouldking.store\/wp-content\/uploads\/2022\/03\/JIE-STAR-92004-Return-To-The-Future-1-150x150.png 150w\" sizes=\"(max-width: 800px) 100vw, 800px\" \/><figcaption id=\"caption-attachment-30478\" class=\"wp-caption-text\">JIE STAR 92004 Return To The Future med 2716 deler<\/figcaption><\/figure>\n<figure id=\"attachment_30483\" aria-describedby=\"caption-attachment-30483\" style=\"width: 781px\" class=\"wp-caption aligncenter\"><img decoding=\"async\" class=\"wp-image-30483 size-full\" src=\"https:\/\/mouldking.store\/wp-content\/uploads\/2022\/03\/JIE-STAR-92004-Return-To-The-Future-6.png\" alt=\"JIE STAR 92004 Return To The Future with 2716 pieces\" width=\"781\" height=\"610\" title=\"-\" srcset=\"https:\/\/mouldking.store\/wp-content\/uploads\/2022\/03\/JIE-STAR-92004-Return-To-The-Future-6.png 781w, https:\/\/mouldking.store\/wp-content\/uploads\/2022\/03\/JIE-STAR-92004-Return-To-The-Future-6-300x234.png 300w, https:\/\/mouldking.store\/wp-content\/uploads\/2022\/03\/JIE-STAR-92004-Return-To-The-Future-6-768x600.png 768w, https:\/\/mouldking.store\/wp-content\/uploads\/2022\/03\/JIE-STAR-92004-Return-To-The-Future-6-600x469.png 600w, https:\/\/mouldking.store\/wp-content\/uploads\/2022\/03\/JIE-STAR-92004-Return-To-The-Future-6-150x117.png 150w\" sizes=\"(max-width: 781px) 100vw, 781px\" \/><figcaption id=\"caption-attachment-30483\" class=\"wp-caption-text\">JIE STAR 92004 Return To The Future med 2716 deler<\/figcaption><\/figure>\n<figure id=\"attachment_30481\" aria-describedby=\"caption-attachment-30481\" style=\"width: 784px\" class=\"wp-caption aligncenter\"><img decoding=\"async\" class=\"wp-image-30481 size-full\" src=\"https:\/\/mouldking.store\/wp-content\/uploads\/2022\/03\/JIE-STAR-92004-Return-To-The-Future-4.png\" alt=\"JIE STAR 92004 Return To The Future with 2716 pieces\" width=\"784\" height=\"545\" title=\"-\" srcset=\"https:\/\/mouldking.store\/wp-content\/uploads\/2022\/03\/JIE-STAR-92004-Return-To-The-Future-4.png 784w, https:\/\/mouldking.store\/wp-content\/uploads\/2022\/03\/JIE-STAR-92004-Return-To-The-Future-4-300x209.png 300w, https:\/\/mouldking.store\/wp-content\/uploads\/2022\/03\/JIE-STAR-92004-Return-To-The-Future-4-768x534.png 768w, https:\/\/mouldking.store\/wp-content\/uploads\/2022\/03\/JIE-STAR-92004-Return-To-The-Future-4-600x417.png 600w, https:\/\/mouldking.store\/wp-content\/uploads\/2022\/03\/JIE-STAR-92004-Return-To-The-Future-4-150x104.png 150w\" sizes=\"(max-width: 784px) 100vw, 784px\" \/><figcaption id=\"caption-attachment-30481\" class=\"wp-caption-text\">JIE STAR 92004 Return To The Future med 2716 deler<\/figcaption><\/figure>\n<figure id=\"attachment_30479\" aria-describedby=\"caption-attachment-30479\" style=\"width: 782px\" class=\"wp-caption aligncenter\"><img loading=\"lazy\" decoding=\"async\" class=\"wp-image-30479 size-full\" src=\"https:\/\/mouldking.store\/wp-content\/uploads\/2022\/03\/JIE-STAR-92004-Return-To-The-Future-2.png\" alt=\"JIE STAR 92004 Return To The Future with 2716 pieces\" width=\"782\" height=\"605\" title=\"-\" srcset=\"https:\/\/mouldking.store\/wp-content\/uploads\/2022\/03\/JIE-STAR-92004-Return-To-The-Future-2.png 782w, https:\/\/mouldking.store\/wp-content\/uploads\/2022\/03\/JIE-STAR-92004-Return-To-The-Future-2-300x232.png 300w, https:\/\/mouldking.store\/wp-content\/uploads\/2022\/03\/JIE-STAR-92004-Return-To-The-Future-2-768x594.png 768w, https:\/\/mouldking.store\/wp-content\/uploads\/2022\/03\/JIE-STAR-92004-Return-To-The-Future-2-600x464.png 600w, https:\/\/mouldking.store\/wp-content\/uploads\/2022\/03\/JIE-STAR-92004-Return-To-The-Future-2-150x116.png 150w\" sizes=\"(max-width: 782px) 100vw, 782px\" \/><figcaption id=\"caption-attachment-30479\" class=\"wp-caption-text\">JIE STAR 92004 Return To The Future med 2716 deler<\/figcaption><\/figure>\n<figure id=\"attachment_30480\" aria-describedby=\"caption-attachment-30480\" style=\"width: 780px\" class=\"wp-caption aligncenter\"><img loading=\"lazy\" decoding=\"async\" class=\"wp-image-30480 size-full\" src=\"https:\/\/mouldking.store\/wp-content\/uploads\/2022\/03\/JIE-STAR-92004-Return-To-The-Future-3.png\" alt=\"JIE STAR 92004 Return To The Future with 2716 pieces\" width=\"780\" height=\"620\" title=\"-\" srcset=\"https:\/\/mouldking.store\/wp-content\/uploads\/2022\/03\/JIE-STAR-92004-Return-To-The-Future-3.png 780w, https:\/\/mouldking.store\/wp-content\/uploads\/2022\/03\/JIE-STAR-92004-Return-To-The-Future-3-300x238.png 300w, https:\/\/mouldking.store\/wp-content\/uploads\/2022\/03\/JIE-STAR-92004-Return-To-The-Future-3-768x610.png 768w, https:\/\/mouldking.store\/wp-content\/uploads\/2022\/03\/JIE-STAR-92004-Return-To-The-Future-3-600x477.png 600w, https:\/\/mouldking.store\/wp-content\/uploads\/2022\/03\/JIE-STAR-92004-Return-To-The-Future-3-150x119.png 150w\" sizes=\"(max-width: 780px) 100vw, 780px\" \/><figcaption id=\"caption-attachment-30480\" class=\"wp-caption-text\">JIE STAR 92004 Return To The Future med 2716 deler<\/figcaption><\/figure>\n<figure id=\"attachment_30482\" aria-describedby=\"caption-attachment-30482\" style=\"width: 786px\" class=\"wp-caption aligncenter\"><img loading=\"lazy\" decoding=\"async\" class=\"wp-image-30482 size-full\" src=\"https:\/\/mouldking.store\/wp-content\/uploads\/2022\/03\/JIE-STAR-92004-Return-To-The-Future-5.png\" alt=\"JIE STAR 92004 Return To The Future with 2716 pieces\" width=\"786\" height=\"541\" title=\"-\" srcset=\"https:\/\/mouldking.store\/wp-content\/uploads\/2022\/03\/JIE-STAR-92004-Return-To-The-Future-5.png 786w, https:\/\/mouldking.store\/wp-content\/uploads\/2022\/03\/JIE-STAR-92004-Return-To-The-Future-5-300x206.png 300w, https:\/\/mouldking.store\/wp-content\/uploads\/2022\/03\/JIE-STAR-92004-Return-To-The-Future-5-768x529.png 768w, https:\/\/mouldking.store\/wp-content\/uploads\/2022\/03\/JIE-STAR-92004-Return-To-The-Future-5-600x413.png 600w, https:\/\/mouldking.store\/wp-content\/uploads\/2022\/03\/JIE-STAR-92004-Return-To-The-Future-5-150x103.png 150w\" sizes=\"(max-width: 786px) 100vw, 786px\" \/><figcaption id=\"caption-attachment-30482\" class=\"wp-caption-text\">JIE STAR 92004 Return To The Future med 2716 deler<\/figcaption><\/figure>","protected":false},"excerpt":{"rendered":"<p>Product information: Brand: JIE STAR Gender: Unisex Name: Return To The Future Age Range: &gt; 6 years old Model Number: 92004 Classification: Assemblage Plastic Block Shape: Self-Locking Bricks Material: Plastic Plastic Type: ABS Bricks Blocks: 2716 PCS Contains detailed assembly instructions. Notice: 1. Without an original box, but we guarantee our products have quality assurance [&hellip;]<\/p>","protected":false},"featured_media":30478,"comment_status":"closed","ping_status":"closed","template":"","meta":{"_acf_changed":false},"product_cat":[364],"product_tag":[5099,2256,5097,5096,5095,5098],"class_list":["product","first","instock","shipping-taxable","purchasable","product-type-simple"],"acf":[],"_links":{"self":[{"href":"https:\/\/mouldking.store\/nb\/wp-json\/wp\/v2\/product\/30477","targetHints":{"allow":["GET"]}}],"collection":[{"href":"https:\/\/mouldking.store\/nb\/wp-json\/wp\/v2\/product"}],"about":[{"href":"https:\/\/mouldking.store\/nb\/wp-json\/wp\/v2\/types\/product"}],"replies":[{"embeddable":true,"href":"https:\/\/mouldking.store\/nb\/wp-json\/wp\/v2\/comments?post=30477"}],"wp:featuredmedia":[{"embeddable":true,"href":"https:\/\/mouldking.store\/nb\/wp-json\/wp\/v2\/media\/30478"}],"wp:attachment":[{"href":"https:\/\/mouldking.store\/nb\/wp-json\/wp\/v2\/media?parent=30477"}],"wp:term":[{"taxonomy":"product_cat","embeddable":true,"href":"https:\/\/mouldking.store\/nb\/wp-json\/wp\/v2\/product_cat?post=30477"},{"taxonomy":"product_tag","embeddable":true,"href":"https:\/\/mouldking.store\/nb\/wp-json\/wp\/v2\/product_tag?post=30477"}],"curies":[{"name":"wp","href":"https:\/\/api.w.org\/{rel}","templated":true}]}}