{"id":30500,"date":"2022-03-02T15:21:53","date_gmt":"2022-03-02T08:21:53","guid":{"rendered":"https:\/\/mouldking.store\/?post_type=product&#038;p=30500"},"modified":"2022-03-02T15:21:53","modified_gmt":"2022-03-02T08:21:53","slug":"cada-c61054-rc-articulated-dump-truck-with-3067-pieces","status":"publish","type":"product","link":"https:\/\/mouldking.store\/nb\/shop\/cada-c61054-rc-articulated-dump-truck-with-3067-pieces\/","title":{"rendered":"CADA C61054 RC leddet dumper med 3067 deler"},"content":{"rendered":"<p>Produktinformasjon:<\/p>\n<ol>\n<li>Merke: CADA<\/li>\n<li>Kj\u00f8nn: Unisex<\/li>\n<li>Name: RC Articulated Dump Truck<\/li>\n<li>Aldersgruppe: &gt; 6 \u00e5r gammel<\/li>\n<li>Model Number: C61054<\/li>\n<li>Klassifisering: Montering<\/li>\n<li>Plastblokkform: Selvl\u00e5sende murstein<\/li>\n<li>Materiale: Plast<\/li>\n<li>Plasttype: ABS<\/li>\n<li>Bricks Blocks: 3067 PCS<\/li>\n<li>Inneholder detaljerte monteringsanvisninger.<\/li>\n<\/ol>\n<p>Legge merke til:<br \/>\n1. Uten original eske, men vi garanterer at v\u00e5re produkter har kvalitetssikring og pen emballasje.<br \/>\n2. Som alle delene vi har sjekket f\u00f8r frakt, s\u00e5 hvis du finner noen deler savnet eller skadet, ikke bekymre deg og bare kontakt oss, s\u00e5 kan vi sende dem til deg p\u00e5 nytt umiddelbart gratis.<\/p>\n<figure id=\"attachment_30501\" aria-describedby=\"caption-attachment-30501\" style=\"width: 800px\" class=\"wp-caption aligncenter\"><img fetchpriority=\"high\" decoding=\"async\" class=\"wp-image-30501 size-full\" src=\"https:\/\/mouldking.store\/wp-content\/uploads\/2022\/03\/CADA-C61054-RC-Articulated-Dump-Truck-1.jpg\" alt=\"CADA C61054 RC Articulated Dump Truck with 3067 pieces\" width=\"800\" height=\"800\" title=\"-\" srcset=\"https:\/\/mouldking.store\/wp-content\/uploads\/2022\/03\/CADA-C61054-RC-Articulated-Dump-Truck-1.jpg 800w, https:\/\/mouldking.store\/wp-content\/uploads\/2022\/03\/CADA-C61054-RC-Articulated-Dump-Truck-1-300x300.jpg 300w, https:\/\/mouldking.store\/wp-content\/uploads\/2022\/03\/CADA-C61054-RC-Articulated-Dump-Truck-1-768x768.jpg 768w, https:\/\/mouldking.store\/wp-content\/uploads\/2022\/03\/CADA-C61054-RC-Articulated-Dump-Truck-1-600x600.jpg 600w, https:\/\/mouldking.store\/wp-content\/uploads\/2022\/03\/CADA-C61054-RC-Articulated-Dump-Truck-1-150x150.jpg 150w\" sizes=\"(max-width: 800px) 100vw, 800px\" \/><figcaption id=\"caption-attachment-30501\" class=\"wp-caption-text\">CADA C61054 RC leddet dumper med 3067 deler<\/figcaption><\/figure>\n<figure id=\"attachment_30515\" aria-describedby=\"caption-attachment-30515\" style=\"width: 635px\" class=\"wp-caption aligncenter\"><img decoding=\"async\" class=\"wp-image-30515 size-full\" src=\"https:\/\/mouldking.store\/wp-content\/uploads\/2022\/03\/CADA-C61054-RC-Articulated-Dump-Truck-14.jpg\" alt=\"CADA C61054 RC Articulated Dump Truck with 3067 pieces\" width=\"635\" height=\"1024\" title=\"-\" srcset=\"https:\/\/mouldking.store\/wp-content\/uploads\/2022\/03\/CADA-C61054-RC-Articulated-Dump-Truck-14.jpg 635w, https:\/\/mouldking.store\/wp-content\/uploads\/2022\/03\/CADA-C61054-RC-Articulated-Dump-Truck-14-186x300.jpg 186w, https:\/\/mouldking.store\/wp-content\/uploads\/2022\/03\/CADA-C61054-RC-Articulated-Dump-Truck-14-300x484.jpg 300w, https:\/\/mouldking.store\/wp-content\/uploads\/2022\/03\/CADA-C61054-RC-Articulated-Dump-Truck-14-600x968.jpg 600w, https:\/\/mouldking.store\/wp-content\/uploads\/2022\/03\/CADA-C61054-RC-Articulated-Dump-Truck-14-93x150.jpg 93w\" sizes=\"(max-width: 635px) 100vw, 635px\" \/><figcaption id=\"caption-attachment-30515\" class=\"wp-caption-text\">CADA C61054 RC leddet dumper med 3067 deler<\/figcaption><\/figure>\n<figure id=\"attachment_30504\" aria-describedby=\"caption-attachment-30504\" style=\"width: 790px\" class=\"wp-caption aligncenter\"><img decoding=\"async\" class=\"wp-image-30504 size-full\" src=\"https:\/\/mouldking.store\/wp-content\/uploads\/2022\/03\/CADA-C61054-RC-Articulated-Dump-Truck-3.jpg\" alt=\"CADA C61054 RC Articulated Dump Truck with 3067 pieces\" width=\"790\" height=\"934\" title=\"-\" srcset=\"https:\/\/mouldking.store\/wp-content\/uploads\/2022\/03\/CADA-C61054-RC-Articulated-Dump-Truck-3.jpg 790w, https:\/\/mouldking.store\/wp-content\/uploads\/2022\/03\/CADA-C61054-RC-Articulated-Dump-Truck-3-254x300.jpg 254w, https:\/\/mouldking.store\/wp-content\/uploads\/2022\/03\/CADA-C61054-RC-Articulated-Dump-Truck-3-768x908.jpg 768w, https:\/\/mouldking.store\/wp-content\/uploads\/2022\/03\/CADA-C61054-RC-Articulated-Dump-Truck-3-300x355.jpg 300w, https:\/\/mouldking.store\/wp-content\/uploads\/2022\/03\/CADA-C61054-RC-Articulated-Dump-Truck-3-600x709.jpg 600w, https:\/\/mouldking.store\/wp-content\/uploads\/2022\/03\/CADA-C61054-RC-Articulated-Dump-Truck-3-127x150.jpg 127w\" sizes=\"(max-width: 790px) 100vw, 790px\" \/><figcaption id=\"caption-attachment-30504\" class=\"wp-caption-text\">CADA C61054 RC leddet dumper med 3067 deler<\/figcaption><\/figure>\n<figure id=\"attachment_30506\" aria-describedby=\"caption-attachment-30506\" style=\"width: 515px\" class=\"wp-caption aligncenter\"><img loading=\"lazy\" decoding=\"async\" class=\"wp-image-30506 size-full\" src=\"https:\/\/mouldking.store\/wp-content\/uploads\/2022\/03\/CADA-C61054-RC-Articulated-Dump-Truck-5.jpg\" alt=\"CADA C61054 RC Articulated Dump Truck with 3067 pieces\" width=\"515\" height=\"1024\" title=\"-\" srcset=\"https:\/\/mouldking.store\/wp-content\/uploads\/2022\/03\/CADA-C61054-RC-Articulated-Dump-Truck-5.jpg 515w, https:\/\/mouldking.store\/wp-content\/uploads\/2022\/03\/CADA-C61054-RC-Articulated-Dump-Truck-5-151x300.jpg 151w, https:\/\/mouldking.store\/wp-content\/uploads\/2022\/03\/CADA-C61054-RC-Articulated-Dump-Truck-5-300x597.jpg 300w, https:\/\/mouldking.store\/wp-content\/uploads\/2022\/03\/CADA-C61054-RC-Articulated-Dump-Truck-5-75x150.jpg 75w\" sizes=\"(max-width: 515px) 100vw, 515px\" \/><figcaption id=\"caption-attachment-30506\" class=\"wp-caption-text\">CADA C61054 RC leddet dumper med 3067 deler<\/figcaption><\/figure>\n<figure id=\"attachment_30505\" aria-describedby=\"caption-attachment-30505\" style=\"width: 750px\" class=\"wp-caption aligncenter\"><img loading=\"lazy\" decoding=\"async\" class=\"wp-image-30505 size-full\" src=\"https:\/\/mouldking.store\/wp-content\/uploads\/2022\/03\/CADA-C61054-RC-Articulated-Dump-Truck-4.jpg\" alt=\"CADA C61054 RC Articulated Dump Truck with 3067 pieces\" width=\"750\" height=\"1024\" title=\"-\" srcset=\"https:\/\/mouldking.store\/wp-content\/uploads\/2022\/03\/CADA-C61054-RC-Articulated-Dump-Truck-4.jpg 750w, https:\/\/mouldking.store\/wp-content\/uploads\/2022\/03\/CADA-C61054-RC-Articulated-Dump-Truck-4-220x300.jpg 220w, https:\/\/mouldking.store\/wp-content\/uploads\/2022\/03\/CADA-C61054-RC-Articulated-Dump-Truck-4-300x410.jpg 300w, https:\/\/mouldking.store\/wp-content\/uploads\/2022\/03\/CADA-C61054-RC-Articulated-Dump-Truck-4-600x819.jpg 600w, https:\/\/mouldking.store\/wp-content\/uploads\/2022\/03\/CADA-C61054-RC-Articulated-Dump-Truck-4-110x150.jpg 110w\" sizes=\"(max-width: 750px) 100vw, 750px\" \/><figcaption id=\"caption-attachment-30505\" class=\"wp-caption-text\">CADA C61054 RC leddet dumper med 3067 deler<\/figcaption><\/figure>\n<figure id=\"attachment_30508\" aria-describedby=\"caption-attachment-30508\" style=\"width: 598px\" class=\"wp-caption aligncenter\"><img loading=\"lazy\" decoding=\"async\" class=\"wp-image-30508 size-full\" src=\"https:\/\/mouldking.store\/wp-content\/uploads\/2022\/03\/CADA-C61054-RC-Articulated-Dump-Truck-7.jpg\" alt=\"CADA C61054 RC Articulated Dump Truck with 3067 pieces\" width=\"598\" height=\"1024\" title=\"-\" srcset=\"https:\/\/mouldking.store\/wp-content\/uploads\/2022\/03\/CADA-C61054-RC-Articulated-Dump-Truck-7.jpg 598w, https:\/\/mouldking.store\/wp-content\/uploads\/2022\/03\/CADA-C61054-RC-Articulated-Dump-Truck-7-175x300.jpg 175w, https:\/\/mouldking.store\/wp-content\/uploads\/2022\/03\/CADA-C61054-RC-Articulated-Dump-Truck-7-300x514.jpg 300w, https:\/\/mouldking.store\/wp-content\/uploads\/2022\/03\/CADA-C61054-RC-Articulated-Dump-Truck-7-88x150.jpg 88w\" sizes=\"(max-width: 598px) 100vw, 598px\" \/><figcaption id=\"caption-attachment-30508\" class=\"wp-caption-text\">CADA C61054 RC leddet dumper med 3067 deler<\/figcaption><\/figure>\n<figure id=\"attachment_30510\" aria-describedby=\"caption-attachment-30510\" style=\"width: 514px\" class=\"wp-caption aligncenter\"><img loading=\"lazy\" decoding=\"async\" class=\"wp-image-30510 size-full\" src=\"https:\/\/mouldking.store\/wp-content\/uploads\/2022\/03\/CADA-C61054-RC-Articulated-Dump-Truck-9.jpg\" alt=\"CADA C61054 RC Articulated Dump Truck with 3067 pieces\" width=\"514\" height=\"1024\" title=\"-\" srcset=\"https:\/\/mouldking.store\/wp-content\/uploads\/2022\/03\/CADA-C61054-RC-Articulated-Dump-Truck-9.jpg 514w, https:\/\/mouldking.store\/wp-content\/uploads\/2022\/03\/CADA-C61054-RC-Articulated-Dump-Truck-9-151x300.jpg 151w, https:\/\/mouldking.store\/wp-content\/uploads\/2022\/03\/CADA-C61054-RC-Articulated-Dump-Truck-9-300x598.jpg 300w, https:\/\/mouldking.store\/wp-content\/uploads\/2022\/03\/CADA-C61054-RC-Articulated-Dump-Truck-9-75x150.jpg 75w\" sizes=\"(max-width: 514px) 100vw, 514px\" \/><figcaption id=\"caption-attachment-30510\" class=\"wp-caption-text\">CADA C61054 RC leddet dumper med 3067 deler<\/figcaption><\/figure>\n<figure id=\"attachment_30513\" aria-describedby=\"caption-attachment-30513\" style=\"width: 618px\" class=\"wp-caption aligncenter\"><img loading=\"lazy\" decoding=\"async\" class=\"wp-image-30513 size-full\" src=\"https:\/\/mouldking.store\/wp-content\/uploads\/2022\/03\/CADA-C61054-RC-Articulated-Dump-Truck-12.jpg\" alt=\"CADA C61054 RC Articulated Dump Truck with 3067 pieces\" width=\"618\" height=\"1024\" title=\"-\" srcset=\"https:\/\/mouldking.store\/wp-content\/uploads\/2022\/03\/CADA-C61054-RC-Articulated-Dump-Truck-12.jpg 618w, https:\/\/mouldking.store\/wp-content\/uploads\/2022\/03\/CADA-C61054-RC-Articulated-Dump-Truck-12-181x300.jpg 181w, https:\/\/mouldking.store\/wp-content\/uploads\/2022\/03\/CADA-C61054-RC-Articulated-Dump-Truck-12-300x497.jpg 300w, https:\/\/mouldking.store\/wp-content\/uploads\/2022\/03\/CADA-C61054-RC-Articulated-Dump-Truck-12-600x994.jpg 600w, https:\/\/mouldking.store\/wp-content\/uploads\/2022\/03\/CADA-C61054-RC-Articulated-Dump-Truck-12-91x150.jpg 91w\" sizes=\"(max-width: 618px) 100vw, 618px\" \/><figcaption id=\"caption-attachment-30513\" class=\"wp-caption-text\">CADA C61054 RC leddet dumper med 3067 deler<\/figcaption><\/figure>\n<figure id=\"attachment_30507\" aria-describedby=\"caption-attachment-30507\" style=\"width: 657px\" class=\"wp-caption aligncenter\"><img loading=\"lazy\" decoding=\"async\" class=\"wp-image-30507 size-full\" src=\"https:\/\/mouldking.store\/wp-content\/uploads\/2022\/03\/CADA-C61054-RC-Articulated-Dump-Truck-6.jpg\" alt=\"CADA C61054 RC Articulated Dump Truck with 3067 pieces\" width=\"657\" height=\"1024\" title=\"-\" srcset=\"https:\/\/mouldking.store\/wp-content\/uploads\/2022\/03\/CADA-C61054-RC-Articulated-Dump-Truck-6.jpg 657w, https:\/\/mouldking.store\/wp-content\/uploads\/2022\/03\/CADA-C61054-RC-Articulated-Dump-Truck-6-192x300.jpg 192w, https:\/\/mouldking.store\/wp-content\/uploads\/2022\/03\/CADA-C61054-RC-Articulated-Dump-Truck-6-300x468.jpg 300w, https:\/\/mouldking.store\/wp-content\/uploads\/2022\/03\/CADA-C61054-RC-Articulated-Dump-Truck-6-600x935.jpg 600w, https:\/\/mouldking.store\/wp-content\/uploads\/2022\/03\/CADA-C61054-RC-Articulated-Dump-Truck-6-96x150.jpg 96w\" sizes=\"(max-width: 657px) 100vw, 657px\" \/><figcaption id=\"caption-attachment-30507\" class=\"wp-caption-text\">CADA C61054 RC leddet dumper med 3067 deler<\/figcaption><\/figure>\n<figure id=\"attachment_30512\" aria-describedby=\"caption-attachment-30512\" style=\"width: 790px\" class=\"wp-caption aligncenter\"><img loading=\"lazy\" decoding=\"async\" class=\"wp-image-30512 size-full\" src=\"https:\/\/mouldking.store\/wp-content\/uploads\/2022\/03\/CADA-C61054-RC-Articulated-Dump-Truck-11.jpg\" alt=\"CADA C61054 RC Articulated Dump Truck with 3067 pieces\" width=\"790\" height=\"905\" title=\"-\" srcset=\"https:\/\/mouldking.store\/wp-content\/uploads\/2022\/03\/CADA-C61054-RC-Articulated-Dump-Truck-11.jpg 790w, https:\/\/mouldking.store\/wp-content\/uploads\/2022\/03\/CADA-C61054-RC-Articulated-Dump-Truck-11-262x300.jpg 262w, https:\/\/mouldking.store\/wp-content\/uploads\/2022\/03\/CADA-C61054-RC-Articulated-Dump-Truck-11-768x880.jpg 768w, https:\/\/mouldking.store\/wp-content\/uploads\/2022\/03\/CADA-C61054-RC-Articulated-Dump-Truck-11-300x344.jpg 300w, https:\/\/mouldking.store\/wp-content\/uploads\/2022\/03\/CADA-C61054-RC-Articulated-Dump-Truck-11-600x687.jpg 600w, https:\/\/mouldking.store\/wp-content\/uploads\/2022\/03\/CADA-C61054-RC-Articulated-Dump-Truck-11-131x150.jpg 131w\" sizes=\"(max-width: 790px) 100vw, 790px\" \/><figcaption id=\"caption-attachment-30512\" class=\"wp-caption-text\">CADA C61054 RC leddet dumper med 3067 deler<\/figcaption><\/figure>\n<figure id=\"attachment_30509\" aria-describedby=\"caption-attachment-30509\" style=\"width: 588px\" class=\"wp-caption aligncenter\"><img loading=\"lazy\" decoding=\"async\" class=\"wp-image-30509 size-full\" src=\"https:\/\/mouldking.store\/wp-content\/uploads\/2022\/03\/CADA-C61054-RC-Articulated-Dump-Truck-8.jpg\" alt=\"CADA C61054 RC Articulated Dump Truck with 3067 pieces\" width=\"588\" height=\"1024\" title=\"-\" srcset=\"https:\/\/mouldking.store\/wp-content\/uploads\/2022\/03\/CADA-C61054-RC-Articulated-Dump-Truck-8.jpg 588w, https:\/\/mouldking.store\/wp-content\/uploads\/2022\/03\/CADA-C61054-RC-Articulated-Dump-Truck-8-172x300.jpg 172w, https:\/\/mouldking.store\/wp-content\/uploads\/2022\/03\/CADA-C61054-RC-Articulated-Dump-Truck-8-300x522.jpg 300w, https:\/\/mouldking.store\/wp-content\/uploads\/2022\/03\/CADA-C61054-RC-Articulated-Dump-Truck-8-86x150.jpg 86w\" sizes=\"(max-width: 588px) 100vw, 588px\" \/><figcaption id=\"caption-attachment-30509\" class=\"wp-caption-text\">CADA C61054 RC leddet dumper med 3067 deler<\/figcaption><\/figure>\n<figure id=\"attachment_30502\" aria-describedby=\"caption-attachment-30502\" style=\"width: 752px\" class=\"wp-caption aligncenter\"><img loading=\"lazy\" decoding=\"async\" class=\"wp-image-30502 size-full\" src=\"https:\/\/mouldking.store\/wp-content\/uploads\/2022\/03\/CADA-C61054-RC-Articulated-Dump-Truck-1.png\" alt=\"CADA C61054 RC Articulated Dump Truck with 3067 pieces\" width=\"752\" height=\"329\" title=\"-\" srcset=\"https:\/\/mouldking.store\/wp-content\/uploads\/2022\/03\/CADA-C61054-RC-Articulated-Dump-Truck-1.png 752w, https:\/\/mouldking.store\/wp-content\/uploads\/2022\/03\/CADA-C61054-RC-Articulated-Dump-Truck-1-300x131.png 300w, https:\/\/mouldking.store\/wp-content\/uploads\/2022\/03\/CADA-C61054-RC-Articulated-Dump-Truck-1-600x263.png 600w, https:\/\/mouldking.store\/wp-content\/uploads\/2022\/03\/CADA-C61054-RC-Articulated-Dump-Truck-1-150x66.png 150w\" sizes=\"(max-width: 752px) 100vw, 752px\" \/><figcaption id=\"caption-attachment-30502\" class=\"wp-caption-text\">CADA C61054 RC leddet dumper med 3067 deler<\/figcaption><\/figure>\n<figure id=\"attachment_30503\" aria-describedby=\"caption-attachment-30503\" style=\"width: 790px\" class=\"wp-caption aligncenter\"><img loading=\"lazy\" decoding=\"async\" class=\"wp-image-30503 size-full\" src=\"https:\/\/mouldking.store\/wp-content\/uploads\/2022\/03\/CADA-C61054-RC-Articulated-Dump-Truck-2.jpg\" alt=\"CADA C61054 RC Articulated Dump Truck with 3067 pieces\" width=\"790\" height=\"932\" title=\"-\" srcset=\"https:\/\/mouldking.store\/wp-content\/uploads\/2022\/03\/CADA-C61054-RC-Articulated-Dump-Truck-2.jpg 790w, https:\/\/mouldking.store\/wp-content\/uploads\/2022\/03\/CADA-C61054-RC-Articulated-Dump-Truck-2-254x300.jpg 254w, https:\/\/mouldking.store\/wp-content\/uploads\/2022\/03\/CADA-C61054-RC-Articulated-Dump-Truck-2-768x906.jpg 768w, https:\/\/mouldking.store\/wp-content\/uploads\/2022\/03\/CADA-C61054-RC-Articulated-Dump-Truck-2-300x354.jpg 300w, https:\/\/mouldking.store\/wp-content\/uploads\/2022\/03\/CADA-C61054-RC-Articulated-Dump-Truck-2-600x708.jpg 600w, https:\/\/mouldking.store\/wp-content\/uploads\/2022\/03\/CADA-C61054-RC-Articulated-Dump-Truck-2-127x150.jpg 127w\" sizes=\"(max-width: 790px) 100vw, 790px\" \/><figcaption id=\"caption-attachment-30503\" class=\"wp-caption-text\">CADA C61054 RC leddet dumper med 3067 deler<\/figcaption><\/figure>\n<figure id=\"attachment_30514\" aria-describedby=\"caption-attachment-30514\" style=\"width: 790px\" class=\"wp-caption aligncenter\"><img loading=\"lazy\" decoding=\"async\" class=\"wp-image-30514 size-full\" src=\"https:\/\/mouldking.store\/wp-content\/uploads\/2022\/03\/CADA-C61054-RC-Articulated-Dump-Truck-13.jpg\" alt=\"CADA C61054 RC Articulated Dump Truck with 3067 pieces\" width=\"790\" height=\"674\" title=\"-\" srcset=\"https:\/\/mouldking.store\/wp-content\/uploads\/2022\/03\/CADA-C61054-RC-Articulated-Dump-Truck-13.jpg 790w, https:\/\/mouldking.store\/wp-content\/uploads\/2022\/03\/CADA-C61054-RC-Articulated-Dump-Truck-13-300x256.jpg 300w, https:\/\/mouldking.store\/wp-content\/uploads\/2022\/03\/CADA-C61054-RC-Articulated-Dump-Truck-13-768x655.jpg 768w, https:\/\/mouldking.store\/wp-content\/uploads\/2022\/03\/CADA-C61054-RC-Articulated-Dump-Truck-13-600x512.jpg 600w, https:\/\/mouldking.store\/wp-content\/uploads\/2022\/03\/CADA-C61054-RC-Articulated-Dump-Truck-13-150x128.jpg 150w\" sizes=\"(max-width: 790px) 100vw, 790px\" \/><figcaption id=\"caption-attachment-30514\" class=\"wp-caption-text\">CADA C61054 RC leddet dumper med 3067 deler<\/figcaption><\/figure>","protected":false},"excerpt":{"rendered":"<p>Product information: Brand: CADA Gender: Unisex Name: RC Articulated Dump Truck Age Range: &gt; 6 years old Model Number: C61054 Classification: Assemblage Plastic Block Shape: Self-Locking Bricks Material: Plastic Plastic Type: ABS Bricks Blocks: 3067 PCS Contains detailed assembly instructions. Notice: 1. Without an original box, but we guarantee our products have quality assurance and [&hellip;]<\/p>","protected":false},"featured_media":30501,"comment_status":"closed","ping_status":"closed","template":"","meta":{"_acf_changed":false},"product_cat":[364],"product_tag":[5111,5110,1916,5108,5107,5106,2900,481,5109,466],"class_list":["product","first","instock","shipping-taxable","purchasable","product-type-simple"],"acf":[],"_links":{"self":[{"href":"https:\/\/mouldking.store\/nb\/wp-json\/wp\/v2\/product\/30500","targetHints":{"allow":["GET"]}}],"collection":[{"href":"https:\/\/mouldking.store\/nb\/wp-json\/wp\/v2\/product"}],"about":[{"href":"https:\/\/mouldking.store\/nb\/wp-json\/wp\/v2\/types\/product"}],"replies":[{"embeddable":true,"href":"https:\/\/mouldking.store\/nb\/wp-json\/wp\/v2\/comments?post=30500"}],"wp:featuredmedia":[{"embeddable":true,"href":"https:\/\/mouldking.store\/nb\/wp-json\/wp\/v2\/media\/30501"}],"wp:attachment":[{"href":"https:\/\/mouldking.store\/nb\/wp-json\/wp\/v2\/media?parent=30500"}],"wp:term":[{"taxonomy":"product_cat","embeddable":true,"href":"https:\/\/mouldking.store\/nb\/wp-json\/wp\/v2\/product_cat?post=30500"},{"taxonomy":"product_tag","embeddable":true,"href":"https:\/\/mouldking.store\/nb\/wp-json\/wp\/v2\/product_tag?post=30500"}],"curies":[{"name":"wp","href":"https:\/\/api.w.org\/{rel}","templated":true}]}}