{"id":30539,"date":"2022-03-02T15:51:41","date_gmt":"2022-03-02T08:51:41","guid":{"rendered":"https:\/\/mouldking.store\/?post_type=product&#038;p=30539"},"modified":"2024-01-19T15:49:45","modified_gmt":"2024-01-19T08:49:45","slug":"k-box-22003-fender-stratocaster-with-1224-pieces","status":"publish","type":"product","link":"https:\/\/mouldking.store\/nb\/shop\/k-box-22003-fender-stratocaster-with-1224-pieces\/","title":{"rendered":"K-BOX 22003 Fender Stratocaster med 1224 stk"},"content":{"rendered":"<p>Produktinformasjon:<\/p>\n<ol>\n<li>Merke: K-BOX<\/li>\n<li>Kj\u00f8nn: Unisex<\/li>\n<li>Navn: Fender Stratocaster<\/li>\n<li>Aldersgruppe: &gt; 6 \u00e5r gammel<\/li>\n<li>Modellnummer: 22003<\/li>\n<li>Klassifisering: Montering<\/li>\n<li>Plastblokkform: Selvl\u00e5sende murstein<\/li>\n<li>Materiale: Plast<\/li>\n<li>Plasttype: ABS<\/li>\n<li>Mursteinsblokker: 1224 STK<\/li>\n<li>Inneholder detaljerte monteringsanvisninger.<\/li>\n<\/ol>\n<p>Legge merke til:<br \/>\n1. Uten original eske, men vi garanterer at v\u00e5re produkter har kvalitetssikring og pen emballasje.<br \/>\n2. Som alle delene vi har sjekket f\u00f8r frakt, s\u00e5 hvis du finner noen deler savnet eller skadet, ikke bekymre deg og bare kontakt oss, s\u00e5 kan vi sende dem til deg p\u00e5 nytt umiddelbart gratis.<\/p>\n<figure id=\"attachment_30540\" aria-describedby=\"caption-attachment-30540\" style=\"width: 800px\" class=\"wp-caption aligncenter\"><img fetchpriority=\"high\" decoding=\"async\" class=\"wp-image-30540 size-full\" src=\"https:\/\/mouldking.store\/wp-content\/uploads\/2022\/03\/K-BOX-22003-Fender-Stratocaster-with-1224-pieces-1.jpg\" alt=\"K-BOX 22003 Fender Stratocaster with 1224 pieces\" width=\"800\" height=\"800\" title=\"-\" srcset=\"https:\/\/mouldking.store\/wp-content\/uploads\/2022\/03\/K-BOX-22003-Fender-Stratocaster-with-1224-pieces-1.jpg 800w, https:\/\/mouldking.store\/wp-content\/uploads\/2022\/03\/K-BOX-22003-Fender-Stratocaster-with-1224-pieces-1-300x300.jpg 300w, https:\/\/mouldking.store\/wp-content\/uploads\/2022\/03\/K-BOX-22003-Fender-Stratocaster-with-1224-pieces-1-768x768.jpg 768w, https:\/\/mouldking.store\/wp-content\/uploads\/2022\/03\/K-BOX-22003-Fender-Stratocaster-with-1224-pieces-1-600x600.jpg 600w, https:\/\/mouldking.store\/wp-content\/uploads\/2022\/03\/K-BOX-22003-Fender-Stratocaster-with-1224-pieces-1-150x150.jpg 150w\" sizes=\"(max-width: 800px) 100vw, 800px\" \/><figcaption id=\"caption-attachment-30540\" class=\"wp-caption-text\">K-BOX 22003 Fender Stratocaster med 1224 stk<\/figcaption><\/figure>\n<figure id=\"attachment_30541\" aria-describedby=\"caption-attachment-30541\" style=\"width: 800px\" class=\"wp-caption aligncenter\"><img decoding=\"async\" class=\"wp-image-30541 size-full\" src=\"https:\/\/mouldking.store\/wp-content\/uploads\/2022\/03\/K-BOX-22003-Fender-Stratocaster-with-1224-pieces-2.jpg\" alt=\"K-BOX 22003 Fender Stratocaster with 1224 pieces\" width=\"800\" height=\"800\" title=\"-\" srcset=\"https:\/\/mouldking.store\/wp-content\/uploads\/2022\/03\/K-BOX-22003-Fender-Stratocaster-with-1224-pieces-2.jpg 800w, https:\/\/mouldking.store\/wp-content\/uploads\/2022\/03\/K-BOX-22003-Fender-Stratocaster-with-1224-pieces-2-300x300.jpg 300w, https:\/\/mouldking.store\/wp-content\/uploads\/2022\/03\/K-BOX-22003-Fender-Stratocaster-with-1224-pieces-2-768x768.jpg 768w, https:\/\/mouldking.store\/wp-content\/uploads\/2022\/03\/K-BOX-22003-Fender-Stratocaster-with-1224-pieces-2-600x600.jpg 600w, https:\/\/mouldking.store\/wp-content\/uploads\/2022\/03\/K-BOX-22003-Fender-Stratocaster-with-1224-pieces-2-150x150.jpg 150w\" sizes=\"(max-width: 800px) 100vw, 800px\" \/><figcaption id=\"caption-attachment-30541\" class=\"wp-caption-text\">K-BOX 22003 Fender Stratocaster med 1224 stk<\/figcaption><\/figure>\n<figure id=\"attachment_30542\" aria-describedby=\"caption-attachment-30542\" style=\"width: 1024px\" class=\"wp-caption aligncenter\"><img decoding=\"async\" class=\"wp-image-30542 size-full\" src=\"https:\/\/mouldking.store\/wp-content\/uploads\/2022\/03\/K-BOX-22003-Fender-Stratocaster-with-1224-pieces-3.jpg\" alt=\"K-BOX 22003 Fender Stratocaster with 1224 pieces\" width=\"1024\" height=\"1024\" title=\"-\" srcset=\"https:\/\/mouldking.store\/wp-content\/uploads\/2022\/03\/K-BOX-22003-Fender-Stratocaster-with-1224-pieces-3.jpg 1024w, https:\/\/mouldking.store\/wp-content\/uploads\/2022\/03\/K-BOX-22003-Fender-Stratocaster-with-1224-pieces-3-300x300.jpg 300w, https:\/\/mouldking.store\/wp-content\/uploads\/2022\/03\/K-BOX-22003-Fender-Stratocaster-with-1224-pieces-3-768x768.jpg 768w, https:\/\/mouldking.store\/wp-content\/uploads\/2022\/03\/K-BOX-22003-Fender-Stratocaster-with-1224-pieces-3-600x600.jpg 600w, https:\/\/mouldking.store\/wp-content\/uploads\/2022\/03\/K-BOX-22003-Fender-Stratocaster-with-1224-pieces-3-150x150.jpg 150w\" sizes=\"(max-width: 1024px) 100vw, 1024px\" \/><figcaption id=\"caption-attachment-30542\" class=\"wp-caption-text\">K-BOX 22003 Fender Stratocaster med 1224 stk<\/figcaption><\/figure>\n<figure id=\"attachment_30544\" aria-describedby=\"caption-attachment-30544\" style=\"width: 1024px\" class=\"wp-caption aligncenter\"><img loading=\"lazy\" decoding=\"async\" class=\"wp-image-30544 size-full\" src=\"https:\/\/mouldking.store\/wp-content\/uploads\/2022\/03\/K-BOX-22003-Fender-Stratocaster-with-1224-pieces-5.jpg\" alt=\"K-BOX 22003 Fender Stratocaster with 1224 pieces\" width=\"1024\" height=\"1024\" title=\"-\" srcset=\"https:\/\/mouldking.store\/wp-content\/uploads\/2022\/03\/K-BOX-22003-Fender-Stratocaster-with-1224-pieces-5.jpg 1024w, https:\/\/mouldking.store\/wp-content\/uploads\/2022\/03\/K-BOX-22003-Fender-Stratocaster-with-1224-pieces-5-300x300.jpg 300w, https:\/\/mouldking.store\/wp-content\/uploads\/2022\/03\/K-BOX-22003-Fender-Stratocaster-with-1224-pieces-5-768x768.jpg 768w, https:\/\/mouldking.store\/wp-content\/uploads\/2022\/03\/K-BOX-22003-Fender-Stratocaster-with-1224-pieces-5-600x600.jpg 600w, https:\/\/mouldking.store\/wp-content\/uploads\/2022\/03\/K-BOX-22003-Fender-Stratocaster-with-1224-pieces-5-150x150.jpg 150w\" sizes=\"(max-width: 1024px) 100vw, 1024px\" \/><figcaption id=\"caption-attachment-30544\" class=\"wp-caption-text\">K-BOX 22003 Fender Stratocaster med 1224 stk<\/figcaption><\/figure>\n<figure id=\"attachment_30545\" aria-describedby=\"caption-attachment-30545\" style=\"width: 1024px\" class=\"wp-caption aligncenter\"><img loading=\"lazy\" decoding=\"async\" class=\"wp-image-30545 size-full\" src=\"https:\/\/mouldking.store\/wp-content\/uploads\/2022\/03\/K-BOX-22003-Fender-Stratocaster-with-1224-pieces-6.jpg\" alt=\"K-BOX 22003 Fender Stratocaster with 1224 pieces\" width=\"1024\" height=\"1024\" title=\"-\" srcset=\"https:\/\/mouldking.store\/wp-content\/uploads\/2022\/03\/K-BOX-22003-Fender-Stratocaster-with-1224-pieces-6.jpg 1024w, https:\/\/mouldking.store\/wp-content\/uploads\/2022\/03\/K-BOX-22003-Fender-Stratocaster-with-1224-pieces-6-300x300.jpg 300w, https:\/\/mouldking.store\/wp-content\/uploads\/2022\/03\/K-BOX-22003-Fender-Stratocaster-with-1224-pieces-6-768x768.jpg 768w, https:\/\/mouldking.store\/wp-content\/uploads\/2022\/03\/K-BOX-22003-Fender-Stratocaster-with-1224-pieces-6-600x600.jpg 600w, https:\/\/mouldking.store\/wp-content\/uploads\/2022\/03\/K-BOX-22003-Fender-Stratocaster-with-1224-pieces-6-150x150.jpg 150w\" sizes=\"(max-width: 1024px) 100vw, 1024px\" \/><figcaption id=\"caption-attachment-30545\" class=\"wp-caption-text\">K-BOX 22003 Fender Stratocaster med 1224 stk<\/figcaption><\/figure>\n<figure id=\"attachment_30543\" aria-describedby=\"caption-attachment-30543\" style=\"width: 1024px\" class=\"wp-caption aligncenter\"><img loading=\"lazy\" decoding=\"async\" class=\"wp-image-30543 size-full\" src=\"https:\/\/mouldking.store\/wp-content\/uploads\/2022\/03\/K-BOX-22003-Fender-Stratocaster-with-1224-pieces-4.jpg\" alt=\"K-BOX 22003 Fender Stratocaster with 1224 pieces\" width=\"1024\" height=\"1024\" title=\"-\" srcset=\"https:\/\/mouldking.store\/wp-content\/uploads\/2022\/03\/K-BOX-22003-Fender-Stratocaster-with-1224-pieces-4.jpg 1024w, https:\/\/mouldking.store\/wp-content\/uploads\/2022\/03\/K-BOX-22003-Fender-Stratocaster-with-1224-pieces-4-300x300.jpg 300w, https:\/\/mouldking.store\/wp-content\/uploads\/2022\/03\/K-BOX-22003-Fender-Stratocaster-with-1224-pieces-4-768x768.jpg 768w, https:\/\/mouldking.store\/wp-content\/uploads\/2022\/03\/K-BOX-22003-Fender-Stratocaster-with-1224-pieces-4-600x600.jpg 600w, https:\/\/mouldking.store\/wp-content\/uploads\/2022\/03\/K-BOX-22003-Fender-Stratocaster-with-1224-pieces-4-150x150.jpg 150w\" sizes=\"(max-width: 1024px) 100vw, 1024px\" \/><figcaption id=\"caption-attachment-30543\" class=\"wp-caption-text\">K-BOX 22003 Fender Stratocaster med 1224 stk<\/figcaption><\/figure>","protected":false},"excerpt":{"rendered":"<p>Product information: Brand: K-BOX Gender: Unisex Name: Fender Stratocaster Age Range: &gt; 6 years old Model Number: 22003 Classification: Assemblage Plastic Block Shape: Self-Locking Bricks Material: Plastic Plastic Type: ABS Bricks Blocks: 1224 PCS Contains detailed assembly instructions. Notice: 1. Without an original box, but we guarantee our products have quality assurance and nice packaging. [&hellip;]<\/p>","protected":false},"featured_media":30540,"comment_status":"closed","ping_status":"closed","template":"","meta":{"_acf_changed":false},"product_cat":[371],"product_tag":[4989,5126,5125,2969,5124,5123,5122,5127],"class_list":["product","first","outofstock","shipping-taxable","purchasable","product-type-simple"],"acf":[],"_links":{"self":[{"href":"https:\/\/mouldking.store\/nb\/wp-json\/wp\/v2\/product\/30539","targetHints":{"allow":["GET"]}}],"collection":[{"href":"https:\/\/mouldking.store\/nb\/wp-json\/wp\/v2\/product"}],"about":[{"href":"https:\/\/mouldking.store\/nb\/wp-json\/wp\/v2\/types\/product"}],"replies":[{"embeddable":true,"href":"https:\/\/mouldking.store\/nb\/wp-json\/wp\/v2\/comments?post=30539"}],"wp:featuredmedia":[{"embeddable":true,"href":"https:\/\/mouldking.store\/nb\/wp-json\/wp\/v2\/media\/30540"}],"wp:attachment":[{"href":"https:\/\/mouldking.store\/nb\/wp-json\/wp\/v2\/media?parent=30539"}],"wp:term":[{"taxonomy":"product_cat","embeddable":true,"href":"https:\/\/mouldking.store\/nb\/wp-json\/wp\/v2\/product_cat?post=30539"},{"taxonomy":"product_tag","embeddable":true,"href":"https:\/\/mouldking.store\/nb\/wp-json\/wp\/v2\/product_tag?post=30539"}],"curies":[{"name":"wp","href":"https:\/\/api.w.org\/{rel}","templated":true}]}}