{"id":30547,"date":"2022-03-02T15:55:01","date_gmt":"2022-03-02T08:55:01","guid":{"rendered":"https:\/\/mouldking.store\/?post_type=product&#038;p=30547"},"modified":"2023-06-12T10:25:44","modified_gmt":"2023-06-12T03:25:44","slug":"mould-king-14016-double-barreled-shotgun-with-1015-pieces","status":"publish","type":"product","link":"https:\/\/mouldking.store\/nb\/shop\/mould-king-14016-double-barreled-shotgun-with-1015-pieces\/","title":{"rendered":"Mold King 14016 Dobbeltl\u00f8pet hagle med 1015 stk"},"content":{"rendered":"<p>Produktinformasjon:<\/p>\n<ol>\n<li>Merke: Mold King<\/li>\n<li>Kj\u00f8nn: Unisex<\/li>\n<li>Name: Double-Barreled Shotgun<\/li>\n<li>Aldersgruppe: &gt; 14 \u00e5r gammel<\/li>\n<li>Model Number: 14016<\/li>\n<li>Klassifisering: Montering<\/li>\n<li>Plastblokkform: Selvl\u00e5sende murstein<\/li>\n<li>Materiale: Plast<\/li>\n<li>Plasttype: ABS<\/li>\n<li>Bricks Blocks: 1015 PCS<\/li>\n<li>Inneholder detaljerte monteringsanvisninger.<\/li>\n<\/ol>\n<p>Legge merke til:<br \/>\n1. Uten original eske, men vi garanterer at v\u00e5re produkter har kvalitetssikring og pen emballasje.<br \/>\n2. Som alle delene vi har sjekket f\u00f8r frakt, s\u00e5 hvis du finner noen deler savnet eller skadet, ikke bekymre deg og bare kontakt oss, s\u00e5 kan vi sende dem til deg p\u00e5 nytt umiddelbart gratis.<\/p>\n<figure id=\"attachment_30548\" aria-describedby=\"caption-attachment-30548\" style=\"width: 901px\" class=\"wp-caption aligncenter\"><img fetchpriority=\"high\" decoding=\"async\" class=\"wp-image-30548 size-full\" src=\"https:\/\/mouldking.store\/wp-content\/uploads\/2022\/03\/MOULD-KING-14016-Double-barreled-Shotgun-1.jpg\" alt=\"Mould King 14016 Double-Barreled Shotgun with 1015 pieces\" width=\"901\" height=\"882\" title=\"-\" srcset=\"https:\/\/mouldking.store\/wp-content\/uploads\/2022\/03\/MOULD-KING-14016-Double-barreled-Shotgun-1.jpg 901w, https:\/\/mouldking.store\/wp-content\/uploads\/2022\/03\/MOULD-KING-14016-Double-barreled-Shotgun-1-300x294.jpg 300w, https:\/\/mouldking.store\/wp-content\/uploads\/2022\/03\/MOULD-KING-14016-Double-barreled-Shotgun-1-768x752.jpg 768w, https:\/\/mouldking.store\/wp-content\/uploads\/2022\/03\/MOULD-KING-14016-Double-barreled-Shotgun-1-600x587.jpg 600w, https:\/\/mouldking.store\/wp-content\/uploads\/2022\/03\/MOULD-KING-14016-Double-barreled-Shotgun-1-150x147.jpg 150w\" sizes=\"(max-width: 901px) 100vw, 901px\" \/><figcaption id=\"caption-attachment-30548\" class=\"wp-caption-text\">Mold King 14016 Dobbeltl\u00f8pet hagle med 1015 stk<\/figcaption><\/figure>\n<figure id=\"attachment_30551\" aria-describedby=\"caption-attachment-30551\" style=\"width: 896px\" class=\"wp-caption aligncenter\"><img decoding=\"async\" class=\"wp-image-30551 size-full\" src=\"https:\/\/mouldking.store\/wp-content\/uploads\/2022\/03\/MOULD-KING-14016-Double-barreled-Shotgun-4.jpg\" alt=\"Mould King 14016 Double-Barreled Shotgun with 1015 pieces\" width=\"896\" height=\"883\" title=\"-\" srcset=\"https:\/\/mouldking.store\/wp-content\/uploads\/2022\/03\/MOULD-KING-14016-Double-barreled-Shotgun-4.jpg 896w, https:\/\/mouldking.store\/wp-content\/uploads\/2022\/03\/MOULD-KING-14016-Double-barreled-Shotgun-4-300x296.jpg 300w, https:\/\/mouldking.store\/wp-content\/uploads\/2022\/03\/MOULD-KING-14016-Double-barreled-Shotgun-4-768x757.jpg 768w, https:\/\/mouldking.store\/wp-content\/uploads\/2022\/03\/MOULD-KING-14016-Double-barreled-Shotgun-4-600x591.jpg 600w, https:\/\/mouldking.store\/wp-content\/uploads\/2022\/03\/MOULD-KING-14016-Double-barreled-Shotgun-4-150x148.jpg 150w\" sizes=\"(max-width: 896px) 100vw, 896px\" \/><figcaption id=\"caption-attachment-30551\" class=\"wp-caption-text\">Mold King 14016 Dobbeltl\u00f8pet hagle med 1015 stk<\/figcaption><\/figure>\n<figure id=\"attachment_30550\" aria-describedby=\"caption-attachment-30550\" style=\"width: 899px\" class=\"wp-caption aligncenter\"><img decoding=\"async\" class=\"wp-image-30550 size-full\" src=\"https:\/\/mouldking.store\/wp-content\/uploads\/2022\/03\/MOULD-KING-14016-Double-barreled-Shotgun-3.jpg\" alt=\"Mould King 14016 Double-Barreled Shotgun with 1015 pieces\" width=\"899\" height=\"896\" title=\"-\" srcset=\"https:\/\/mouldking.store\/wp-content\/uploads\/2022\/03\/MOULD-KING-14016-Double-barreled-Shotgun-3.jpg 899w, https:\/\/mouldking.store\/wp-content\/uploads\/2022\/03\/MOULD-KING-14016-Double-barreled-Shotgun-3-300x299.jpg 300w, https:\/\/mouldking.store\/wp-content\/uploads\/2022\/03\/MOULD-KING-14016-Double-barreled-Shotgun-3-768x765.jpg 768w, https:\/\/mouldking.store\/wp-content\/uploads\/2022\/03\/MOULD-KING-14016-Double-barreled-Shotgun-3-600x598.jpg 600w, https:\/\/mouldking.store\/wp-content\/uploads\/2022\/03\/MOULD-KING-14016-Double-barreled-Shotgun-3-150x150.jpg 150w\" sizes=\"(max-width: 899px) 100vw, 899px\" \/><figcaption id=\"caption-attachment-30550\" class=\"wp-caption-text\">Mold King 14016 Dobbeltl\u00f8pet hagle med 1015 stk<\/figcaption><\/figure>\n<figure id=\"attachment_30549\" aria-describedby=\"caption-attachment-30549\" style=\"width: 900px\" class=\"wp-caption aligncenter\"><img loading=\"lazy\" decoding=\"async\" class=\"wp-image-30549 size-full\" src=\"https:\/\/mouldking.store\/wp-content\/uploads\/2022\/03\/MOULD-KING-14016-Double-barreled-Shotgun-2.jpg\" alt=\"Mould King 14016 Double-Barreled Shotgun with 1015 pieces\" width=\"900\" height=\"877\" title=\"-\" srcset=\"https:\/\/mouldking.store\/wp-content\/uploads\/2022\/03\/MOULD-KING-14016-Double-barreled-Shotgun-2.jpg 900w, https:\/\/mouldking.store\/wp-content\/uploads\/2022\/03\/MOULD-KING-14016-Double-barreled-Shotgun-2-300x292.jpg 300w, https:\/\/mouldking.store\/wp-content\/uploads\/2022\/03\/MOULD-KING-14016-Double-barreled-Shotgun-2-768x748.jpg 768w, https:\/\/mouldking.store\/wp-content\/uploads\/2022\/03\/MOULD-KING-14016-Double-barreled-Shotgun-2-600x585.jpg 600w, https:\/\/mouldking.store\/wp-content\/uploads\/2022\/03\/MOULD-KING-14016-Double-barreled-Shotgun-2-150x146.jpg 150w\" sizes=\"(max-width: 900px) 100vw, 900px\" \/><figcaption id=\"caption-attachment-30549\" class=\"wp-caption-text\">Mold King 14016 Dobbeltl\u00f8pet hagle med 1015 stk<\/figcaption><\/figure>","protected":false},"excerpt":{"rendered":"<p>Product information: Brand: Mould King Gender: Unisex Name: Double-Barreled Shotgun Age Range: &gt; 14 years old Model Number: 14016 Classification: Assemblage Plastic Block Shape: Self-Locking Bricks Material: Plastic Plastic Type: ABS Bricks Blocks: 1015 PCS Contains detailed assembly instructions. Notice: 1. Without an original box, but we guarantee our products have quality assurance and nice [&hellip;]<\/p>","protected":false},"featured_media":30552,"comment_status":"closed","ping_status":"closed","template":"","meta":{"_acf_changed":false},"product_cat":[372],"product_tag":[5132,5133,5131,615,5130,5129,5128,5134],"class_list":["product","first","instock","shipping-taxable","purchasable","product-type-simple"],"acf":[],"_links":{"self":[{"href":"https:\/\/mouldking.store\/nb\/wp-json\/wp\/v2\/product\/30547","targetHints":{"allow":["GET"]}}],"collection":[{"href":"https:\/\/mouldking.store\/nb\/wp-json\/wp\/v2\/product"}],"about":[{"href":"https:\/\/mouldking.store\/nb\/wp-json\/wp\/v2\/types\/product"}],"replies":[{"embeddable":true,"href":"https:\/\/mouldking.store\/nb\/wp-json\/wp\/v2\/comments?post=30547"}],"wp:featuredmedia":[{"embeddable":true,"href":"https:\/\/mouldking.store\/nb\/wp-json\/wp\/v2\/media\/30552"}],"wp:attachment":[{"href":"https:\/\/mouldking.store\/nb\/wp-json\/wp\/v2\/media?parent=30547"}],"wp:term":[{"taxonomy":"product_cat","embeddable":true,"href":"https:\/\/mouldking.store\/nb\/wp-json\/wp\/v2\/product_cat?post=30547"},{"taxonomy":"product_tag","embeddable":true,"href":"https:\/\/mouldking.store\/nb\/wp-json\/wp\/v2\/product_tag?post=30547"}],"curies":[{"name":"wp","href":"https:\/\/api.w.org\/{rel}","templated":true}]}}