{"id":30553,"date":"2022-03-02T15:59:16","date_gmt":"2022-03-02T08:59:16","guid":{"rendered":"https:\/\/mouldking.store\/?post_type=product&#038;p=30553"},"modified":"2022-03-02T15:59:16","modified_gmt":"2022-03-02T08:59:16","slug":"tgl-t5018-rolls-royce-floating-shadow-with-2903-pieces","status":"publish","type":"product","link":"https:\/\/mouldking.store\/nb\/shop\/tgl-t5018-rolls-royce-floating-shadow-with-2903-pieces\/","title":{"rendered":"TGL T5018 Rolls Royce Floating Shadow with 2903 pieces"},"content":{"rendered":"<p>Produktinformasjon:<\/p>\n<ol>\n<li>Merke: TGL<\/li>\n<li>Kj\u00f8nn: Unisex<\/li>\n<li>Name: Rolls Royce Floating Shadow<\/li>\n<li>Aldersgruppe: &gt; 6 \u00e5r gammel<\/li>\n<li>Model Number: T5018<\/li>\n<li>Klassifisering: Montering<\/li>\n<li>Plastblokkform: Selvl\u00e5sende murstein<\/li>\n<li>Materiale: Plast<\/li>\n<li>Plasttype: ABS<\/li>\n<li>Bricks Blocks: 2903 PCS<\/li>\n<li>Inneholder detaljerte monteringsanvisninger.<\/li>\n<\/ol>\n<p>Legge merke til:<br \/>\n1. Uten original eske, men vi garanterer at v\u00e5re produkter har kvalitetssikring og pen emballasje.<br \/>\n2. Som alle delene vi har sjekket f\u00f8r frakt, s\u00e5 hvis du finner noen deler savnet eller skadet, ikke bekymre deg og bare kontakt oss, s\u00e5 kan vi sende dem til deg p\u00e5 nytt umiddelbart gratis.<\/p>\n<figure id=\"attachment_30554\" aria-describedby=\"caption-attachment-30554\" style=\"width: 800px\" class=\"wp-caption aligncenter\"><img fetchpriority=\"high\" decoding=\"async\" class=\"wp-image-30554 size-full\" src=\"https:\/\/mouldking.store\/wp-content\/uploads\/2022\/03\/TGL-T5018-Rolls-Royce-Floating-Shadow-with-2903-pieces-1.jpg\" alt=\"TGL T5018 Rolls Royce Floating Shadow with 2903 pieces\" width=\"800\" height=\"800\" title=\"-\" srcset=\"https:\/\/mouldking.store\/wp-content\/uploads\/2022\/03\/TGL-T5018-Rolls-Royce-Floating-Shadow-with-2903-pieces-1.jpg 800w, https:\/\/mouldking.store\/wp-content\/uploads\/2022\/03\/TGL-T5018-Rolls-Royce-Floating-Shadow-with-2903-pieces-1-300x300.jpg 300w, https:\/\/mouldking.store\/wp-content\/uploads\/2022\/03\/TGL-T5018-Rolls-Royce-Floating-Shadow-with-2903-pieces-1-768x768.jpg 768w, https:\/\/mouldking.store\/wp-content\/uploads\/2022\/03\/TGL-T5018-Rolls-Royce-Floating-Shadow-with-2903-pieces-1-600x600.jpg 600w, https:\/\/mouldking.store\/wp-content\/uploads\/2022\/03\/TGL-T5018-Rolls-Royce-Floating-Shadow-with-2903-pieces-1-150x150.jpg 150w\" sizes=\"(max-width: 800px) 100vw, 800px\" \/><figcaption id=\"caption-attachment-30554\" class=\"wp-caption-text\">TGL T5018 Rolls Royce Floating Shadow with 2903 pieces<\/figcaption><\/figure>\n<figure id=\"attachment_30558\" aria-describedby=\"caption-attachment-30558\" style=\"width: 800px\" class=\"wp-caption aligncenter\"><img decoding=\"async\" class=\"wp-image-30558 size-full\" src=\"https:\/\/mouldking.store\/wp-content\/uploads\/2022\/03\/TGL-T5018-Rolls-Royce-Floating-Shadow-with-2903-pieces-5.jpg\" alt=\"TGL T5018 Rolls Royce Floating Shadow with 2903 pieces\" width=\"800\" height=\"800\" title=\"-\" srcset=\"https:\/\/mouldking.store\/wp-content\/uploads\/2022\/03\/TGL-T5018-Rolls-Royce-Floating-Shadow-with-2903-pieces-5.jpg 800w, https:\/\/mouldking.store\/wp-content\/uploads\/2022\/03\/TGL-T5018-Rolls-Royce-Floating-Shadow-with-2903-pieces-5-300x300.jpg 300w, https:\/\/mouldking.store\/wp-content\/uploads\/2022\/03\/TGL-T5018-Rolls-Royce-Floating-Shadow-with-2903-pieces-5-768x768.jpg 768w, https:\/\/mouldking.store\/wp-content\/uploads\/2022\/03\/TGL-T5018-Rolls-Royce-Floating-Shadow-with-2903-pieces-5-600x600.jpg 600w, https:\/\/mouldking.store\/wp-content\/uploads\/2022\/03\/TGL-T5018-Rolls-Royce-Floating-Shadow-with-2903-pieces-5-150x150.jpg 150w\" sizes=\"(max-width: 800px) 100vw, 800px\" \/><figcaption id=\"caption-attachment-30558\" class=\"wp-caption-text\">TGL T5018 Rolls Royce Floating Shadow with 2903 pieces<\/figcaption><\/figure>\n<figure id=\"attachment_30555\" aria-describedby=\"caption-attachment-30555\" style=\"width: 800px\" class=\"wp-caption aligncenter\"><img decoding=\"async\" class=\"wp-image-30555 size-full\" src=\"https:\/\/mouldking.store\/wp-content\/uploads\/2022\/03\/TGL-T5018-Rolls-Royce-Floating-Shadow-with-2903-pieces-2.jpg\" alt=\"TGL T5018 Rolls Royce Floating Shadow with 2903 pieces\" width=\"800\" height=\"800\" title=\"-\" srcset=\"https:\/\/mouldking.store\/wp-content\/uploads\/2022\/03\/TGL-T5018-Rolls-Royce-Floating-Shadow-with-2903-pieces-2.jpg 800w, https:\/\/mouldking.store\/wp-content\/uploads\/2022\/03\/TGL-T5018-Rolls-Royce-Floating-Shadow-with-2903-pieces-2-300x300.jpg 300w, https:\/\/mouldking.store\/wp-content\/uploads\/2022\/03\/TGL-T5018-Rolls-Royce-Floating-Shadow-with-2903-pieces-2-768x768.jpg 768w, https:\/\/mouldking.store\/wp-content\/uploads\/2022\/03\/TGL-T5018-Rolls-Royce-Floating-Shadow-with-2903-pieces-2-600x600.jpg 600w, https:\/\/mouldking.store\/wp-content\/uploads\/2022\/03\/TGL-T5018-Rolls-Royce-Floating-Shadow-with-2903-pieces-2-150x150.jpg 150w\" sizes=\"(max-width: 800px) 100vw, 800px\" \/><figcaption id=\"caption-attachment-30555\" class=\"wp-caption-text\">TGL T5018 Rolls Royce Floating Shadow with 2903 pieces<\/figcaption><\/figure>\n<figure id=\"attachment_30557\" aria-describedby=\"caption-attachment-30557\" style=\"width: 800px\" class=\"wp-caption aligncenter\"><img loading=\"lazy\" decoding=\"async\" class=\"wp-image-30557 size-full\" src=\"https:\/\/mouldking.store\/wp-content\/uploads\/2022\/03\/TGL-T5018-Rolls-Royce-Floating-Shadow-with-2903-pieces-4.jpg\" alt=\"TGL T5018 Rolls Royce Floating Shadow with 2903 pieces\" width=\"800\" height=\"800\" title=\"-\" srcset=\"https:\/\/mouldking.store\/wp-content\/uploads\/2022\/03\/TGL-T5018-Rolls-Royce-Floating-Shadow-with-2903-pieces-4.jpg 800w, https:\/\/mouldking.store\/wp-content\/uploads\/2022\/03\/TGL-T5018-Rolls-Royce-Floating-Shadow-with-2903-pieces-4-300x300.jpg 300w, https:\/\/mouldking.store\/wp-content\/uploads\/2022\/03\/TGL-T5018-Rolls-Royce-Floating-Shadow-with-2903-pieces-4-768x768.jpg 768w, https:\/\/mouldking.store\/wp-content\/uploads\/2022\/03\/TGL-T5018-Rolls-Royce-Floating-Shadow-with-2903-pieces-4-600x600.jpg 600w, https:\/\/mouldking.store\/wp-content\/uploads\/2022\/03\/TGL-T5018-Rolls-Royce-Floating-Shadow-with-2903-pieces-4-150x150.jpg 150w\" sizes=\"(max-width: 800px) 100vw, 800px\" \/><figcaption id=\"caption-attachment-30557\" class=\"wp-caption-text\">TGL T5018 Rolls Royce Floating Shadow with 2903 pieces<\/figcaption><\/figure>\n<figure id=\"attachment_30556\" aria-describedby=\"caption-attachment-30556\" style=\"width: 800px\" class=\"wp-caption aligncenter\"><img loading=\"lazy\" decoding=\"async\" class=\"wp-image-30556 size-full\" src=\"https:\/\/mouldking.store\/wp-content\/uploads\/2022\/03\/TGL-T5018-Rolls-Royce-Floating-Shadow-with-2903-pieces-3.jpg\" alt=\"TGL T5018 Rolls Royce Floating Shadow with 2903 pieces\" width=\"800\" height=\"800\" title=\"-\" srcset=\"https:\/\/mouldking.store\/wp-content\/uploads\/2022\/03\/TGL-T5018-Rolls-Royce-Floating-Shadow-with-2903-pieces-3.jpg 800w, https:\/\/mouldking.store\/wp-content\/uploads\/2022\/03\/TGL-T5018-Rolls-Royce-Floating-Shadow-with-2903-pieces-3-300x300.jpg 300w, https:\/\/mouldking.store\/wp-content\/uploads\/2022\/03\/TGL-T5018-Rolls-Royce-Floating-Shadow-with-2903-pieces-3-768x768.jpg 768w, https:\/\/mouldking.store\/wp-content\/uploads\/2022\/03\/TGL-T5018-Rolls-Royce-Floating-Shadow-with-2903-pieces-3-600x600.jpg 600w, https:\/\/mouldking.store\/wp-content\/uploads\/2022\/03\/TGL-T5018-Rolls-Royce-Floating-Shadow-with-2903-pieces-3-150x150.jpg 150w\" sizes=\"(max-width: 800px) 100vw, 800px\" \/><figcaption id=\"caption-attachment-30556\" class=\"wp-caption-text\">TGL T5018 Rolls Royce Floating Shadow with 2903 pieces<\/figcaption><\/figure>","protected":false},"excerpt":{"rendered":"<p>Product information: Brand: TGL Gender: Unisex Name: Rolls Royce Floating Shadow Age Range: &gt; 6 years old Model Number: T5018 Classification: Assemblage Plastic Block Shape: Self-Locking Bricks Material: Plastic Plastic Type: ABS Bricks Blocks: 2903 PCS Contains detailed assembly instructions. Notice: 1. Without an original box, but we guarantee our products have quality assurance and [&hellip;]<\/p>","protected":false},"featured_media":30554,"comment_status":"closed","ping_status":"closed","template":"","meta":{"_acf_changed":false},"product_cat":[364],"product_tag":[5140,5138,3472,5141,2739,5137,5139,5136,5135],"class_list":["product","first","instock","shipping-taxable","purchasable","product-type-simple"],"acf":[],"_links":{"self":[{"href":"https:\/\/mouldking.store\/nb\/wp-json\/wp\/v2\/product\/30553","targetHints":{"allow":["GET"]}}],"collection":[{"href":"https:\/\/mouldking.store\/nb\/wp-json\/wp\/v2\/product"}],"about":[{"href":"https:\/\/mouldking.store\/nb\/wp-json\/wp\/v2\/types\/product"}],"replies":[{"embeddable":true,"href":"https:\/\/mouldking.store\/nb\/wp-json\/wp\/v2\/comments?post=30553"}],"wp:featuredmedia":[{"embeddable":true,"href":"https:\/\/mouldking.store\/nb\/wp-json\/wp\/v2\/media\/30554"}],"wp:attachment":[{"href":"https:\/\/mouldking.store\/nb\/wp-json\/wp\/v2\/media?parent=30553"}],"wp:term":[{"taxonomy":"product_cat","embeddable":true,"href":"https:\/\/mouldking.store\/nb\/wp-json\/wp\/v2\/product_cat?post=30553"},{"taxonomy":"product_tag","embeddable":true,"href":"https:\/\/mouldking.store\/nb\/wp-json\/wp\/v2\/product_tag?post=30553"}],"curies":[{"name":"wp","href":"https:\/\/api.w.org\/{rel}","templated":true}]}}