{"id":30584,"date":"2022-01-02T16:12:36","date_gmt":"2022-01-02T09:12:36","guid":{"rendered":"https:\/\/mouldking.store\/?post_type=product&#038;p=30584"},"modified":"2022-03-02T16:16:55","modified_gmt":"2022-03-02T09:16:55","slug":"cada-c61053-rc-gumpert-apollo-ie-with-4449-pieces","status":"publish","type":"product","link":"https:\/\/mouldking.store\/nb\/shop\/cada-c61053-rc-gumpert-apollo-ie-with-4449-pieces\/","title":{"rendered":"CADA C61053 RC Gumpert Apollo IE med 4449 stk"},"content":{"rendered":"<p>Produktinformasjon:<\/p>\n<ol>\n<li>Merke: CADA<\/li>\n<li>Kj\u00f8nn: Unisex<\/li>\n<li>Name: RC Gumpert Apollo IE<\/li>\n<li>Aldersgruppe: &gt; 6 \u00e5r gammel<\/li>\n<li>Model Number: C61053<\/li>\n<li>Klassifisering: Montering<\/li>\n<li>Plastblokkform: Selvl\u00e5sende murstein<\/li>\n<li>Materiale: Plast<\/li>\n<li>Plasttype: ABS<\/li>\n<li>Bricks Blocks: 4449 PCS<\/li>\n<li>Inneholder detaljerte monteringsanvisninger.<\/li>\n<\/ol>\n<p>Legge merke til:<br \/>\n1. Uten original eske, men vi garanterer at v\u00e5re produkter har kvalitetssikring og pen emballasje.<br \/>\n2. Som alle delene vi har sjekket f\u00f8r frakt, s\u00e5 hvis du finner noen deler savnet eller skadet, ikke bekymre deg og bare kontakt oss, s\u00e5 kan vi sende dem til deg p\u00e5 nytt umiddelbart gratis.<\/p>\n<figure id=\"attachment_30585\" aria-describedby=\"caption-attachment-30585\" style=\"width: 800px\" class=\"wp-caption aligncenter\"><img fetchpriority=\"high\" decoding=\"async\" class=\"wp-image-30585 size-full\" src=\"https:\/\/mouldking.store\/wp-content\/uploads\/2022\/03\/CADA-C61053-RC-Gumpert-Apollo-IE-1.jpg\" alt=\"CADA C61053 RC Gumpert Apollo IE with 4449 pieces\" width=\"800\" height=\"800\" title=\"-\" srcset=\"https:\/\/mouldking.store\/wp-content\/uploads\/2022\/03\/CADA-C61053-RC-Gumpert-Apollo-IE-1.jpg 800w, https:\/\/mouldking.store\/wp-content\/uploads\/2022\/03\/CADA-C61053-RC-Gumpert-Apollo-IE-1-300x300.jpg 300w, https:\/\/mouldking.store\/wp-content\/uploads\/2022\/03\/CADA-C61053-RC-Gumpert-Apollo-IE-1-768x768.jpg 768w, https:\/\/mouldking.store\/wp-content\/uploads\/2022\/03\/CADA-C61053-RC-Gumpert-Apollo-IE-1-600x600.jpg 600w, https:\/\/mouldking.store\/wp-content\/uploads\/2022\/03\/CADA-C61053-RC-Gumpert-Apollo-IE-1-150x150.jpg 150w\" sizes=\"(max-width: 800px) 100vw, 800px\" \/><figcaption id=\"caption-attachment-30585\" class=\"wp-caption-text\">CADA C61053 RC Gumpert Apollo IE med 4449 stk<\/figcaption><\/figure>\n<figure id=\"attachment_30597\" aria-describedby=\"caption-attachment-30597\" style=\"width: 790px\" class=\"wp-caption aligncenter\"><img decoding=\"async\" class=\"wp-image-30597 size-full\" src=\"https:\/\/mouldking.store\/wp-content\/uploads\/2022\/03\/CADA-C61053-RC-Gumpert-Apollo-IE-13.jpg\" alt=\"CADA C61053 RC Gumpert Apollo IE with 4449 pieces\" width=\"790\" height=\"887\" title=\"-\" srcset=\"https:\/\/mouldking.store\/wp-content\/uploads\/2022\/03\/CADA-C61053-RC-Gumpert-Apollo-IE-13.jpg 790w, https:\/\/mouldking.store\/wp-content\/uploads\/2022\/03\/CADA-C61053-RC-Gumpert-Apollo-IE-13-267x300.jpg 267w, https:\/\/mouldking.store\/wp-content\/uploads\/2022\/03\/CADA-C61053-RC-Gumpert-Apollo-IE-13-768x862.jpg 768w, https:\/\/mouldking.store\/wp-content\/uploads\/2022\/03\/CADA-C61053-RC-Gumpert-Apollo-IE-13-300x337.jpg 300w, https:\/\/mouldking.store\/wp-content\/uploads\/2022\/03\/CADA-C61053-RC-Gumpert-Apollo-IE-13-600x674.jpg 600w, https:\/\/mouldking.store\/wp-content\/uploads\/2022\/03\/CADA-C61053-RC-Gumpert-Apollo-IE-13-134x150.jpg 134w\" sizes=\"(max-width: 790px) 100vw, 790px\" \/><figcaption id=\"caption-attachment-30597\" class=\"wp-caption-text\">CADA C61053 RC Gumpert Apollo IE med 4449 stk<\/figcaption><\/figure>\n<figure id=\"attachment_30600\" aria-describedby=\"caption-attachment-30600\" style=\"width: 701px\" class=\"wp-caption aligncenter\"><img decoding=\"async\" class=\"wp-image-30600 size-full\" src=\"https:\/\/mouldking.store\/wp-content\/uploads\/2022\/03\/CADA-C61053-RC-Gumpert-Apollo-IE-16.jpg\" alt=\"CADA C61053 RC Gumpert Apollo IE with 4449 pieces\" width=\"701\" height=\"1024\" title=\"-\" srcset=\"https:\/\/mouldking.store\/wp-content\/uploads\/2022\/03\/CADA-C61053-RC-Gumpert-Apollo-IE-16.jpg 701w, https:\/\/mouldking.store\/wp-content\/uploads\/2022\/03\/CADA-C61053-RC-Gumpert-Apollo-IE-16-205x300.jpg 205w, https:\/\/mouldking.store\/wp-content\/uploads\/2022\/03\/CADA-C61053-RC-Gumpert-Apollo-IE-16-300x438.jpg 300w, https:\/\/mouldking.store\/wp-content\/uploads\/2022\/03\/CADA-C61053-RC-Gumpert-Apollo-IE-16-600x876.jpg 600w, https:\/\/mouldking.store\/wp-content\/uploads\/2022\/03\/CADA-C61053-RC-Gumpert-Apollo-IE-16-103x150.jpg 103w\" sizes=\"(max-width: 701px) 100vw, 701px\" \/><figcaption id=\"caption-attachment-30600\" class=\"wp-caption-text\">CADA C61053 RC Gumpert Apollo IE med 4449 stk<\/figcaption><\/figure>\n<figure id=\"attachment_30596\" aria-describedby=\"caption-attachment-30596\" style=\"width: 790px\" class=\"wp-caption aligncenter\"><img loading=\"lazy\" decoding=\"async\" class=\"wp-image-30596 size-full\" src=\"https:\/\/mouldking.store\/wp-content\/uploads\/2022\/03\/CADA-C61053-RC-Gumpert-Apollo-IE-12.jpg\" alt=\"CADA C61053 RC Gumpert Apollo IE with 4449 pieces\" width=\"790\" height=\"1010\" title=\"-\" srcset=\"https:\/\/mouldking.store\/wp-content\/uploads\/2022\/03\/CADA-C61053-RC-Gumpert-Apollo-IE-12.jpg 790w, https:\/\/mouldking.store\/wp-content\/uploads\/2022\/03\/CADA-C61053-RC-Gumpert-Apollo-IE-12-235x300.jpg 235w, https:\/\/mouldking.store\/wp-content\/uploads\/2022\/03\/CADA-C61053-RC-Gumpert-Apollo-IE-12-768x982.jpg 768w, https:\/\/mouldking.store\/wp-content\/uploads\/2022\/03\/CADA-C61053-RC-Gumpert-Apollo-IE-12-300x384.jpg 300w, https:\/\/mouldking.store\/wp-content\/uploads\/2022\/03\/CADA-C61053-RC-Gumpert-Apollo-IE-12-600x767.jpg 600w, https:\/\/mouldking.store\/wp-content\/uploads\/2022\/03\/CADA-C61053-RC-Gumpert-Apollo-IE-12-117x150.jpg 117w\" sizes=\"(max-width: 790px) 100vw, 790px\" \/><figcaption id=\"caption-attachment-30596\" class=\"wp-caption-text\">CADA C61053 RC Gumpert Apollo IE med 4449 stk<\/figcaption><\/figure>\n<figure id=\"attachment_30594\" aria-describedby=\"caption-attachment-30594\" style=\"width: 790px\" class=\"wp-caption aligncenter\"><img loading=\"lazy\" decoding=\"async\" class=\"wp-image-30594 size-full\" src=\"https:\/\/mouldking.store\/wp-content\/uploads\/2022\/03\/CADA-C61053-RC-Gumpert-Apollo-IE-10.jpg\" alt=\"CADA C61053 RC Gumpert Apollo IE with 4449 pieces\" width=\"790\" height=\"545\" title=\"-\" srcset=\"https:\/\/mouldking.store\/wp-content\/uploads\/2022\/03\/CADA-C61053-RC-Gumpert-Apollo-IE-10.jpg 790w, https:\/\/mouldking.store\/wp-content\/uploads\/2022\/03\/CADA-C61053-RC-Gumpert-Apollo-IE-10-300x207.jpg 300w, https:\/\/mouldking.store\/wp-content\/uploads\/2022\/03\/CADA-C61053-RC-Gumpert-Apollo-IE-10-768x530.jpg 768w, https:\/\/mouldking.store\/wp-content\/uploads\/2022\/03\/CADA-C61053-RC-Gumpert-Apollo-IE-10-600x414.jpg 600w, https:\/\/mouldking.store\/wp-content\/uploads\/2022\/03\/CADA-C61053-RC-Gumpert-Apollo-IE-10-150x103.jpg 150w\" sizes=\"(max-width: 790px) 100vw, 790px\" \/><figcaption id=\"caption-attachment-30594\" class=\"wp-caption-text\">CADA C61053 RC Gumpert Apollo IE med 4449 stk<\/figcaption><\/figure>\n<figure id=\"attachment_30593\" aria-describedby=\"caption-attachment-30593\" style=\"width: 790px\" class=\"wp-caption aligncenter\"><img loading=\"lazy\" decoding=\"async\" class=\"wp-image-30593 size-full\" src=\"https:\/\/mouldking.store\/wp-content\/uploads\/2022\/03\/CADA-C61053-RC-Gumpert-Apollo-IE-9.jpg\" alt=\"CADA C61053 RC Gumpert Apollo IE with 4449 pieces\" width=\"790\" height=\"617\" title=\"-\" srcset=\"https:\/\/mouldking.store\/wp-content\/uploads\/2022\/03\/CADA-C61053-RC-Gumpert-Apollo-IE-9.jpg 790w, https:\/\/mouldking.store\/wp-content\/uploads\/2022\/03\/CADA-C61053-RC-Gumpert-Apollo-IE-9-300x234.jpg 300w, https:\/\/mouldking.store\/wp-content\/uploads\/2022\/03\/CADA-C61053-RC-Gumpert-Apollo-IE-9-768x600.jpg 768w, https:\/\/mouldking.store\/wp-content\/uploads\/2022\/03\/CADA-C61053-RC-Gumpert-Apollo-IE-9-600x469.jpg 600w, https:\/\/mouldking.store\/wp-content\/uploads\/2022\/03\/CADA-C61053-RC-Gumpert-Apollo-IE-9-150x117.jpg 150w\" sizes=\"(max-width: 790px) 100vw, 790px\" \/><figcaption id=\"caption-attachment-30593\" class=\"wp-caption-text\">CADA C61053 RC Gumpert Apollo IE med 4449 stk<\/figcaption><\/figure>\n<figure id=\"attachment_30591\" aria-describedby=\"caption-attachment-30591\" style=\"width: 535px\" class=\"wp-caption aligncenter\"><img loading=\"lazy\" decoding=\"async\" class=\"wp-image-30591 size-full\" src=\"https:\/\/mouldking.store\/wp-content\/uploads\/2022\/03\/CADA-C61053-RC-Gumpert-Apollo-IE-7.jpg\" alt=\"CADA C61053 RC Gumpert Apollo IE with 4449 pieces\" width=\"535\" height=\"1024\" title=\"-\" srcset=\"https:\/\/mouldking.store\/wp-content\/uploads\/2022\/03\/CADA-C61053-RC-Gumpert-Apollo-IE-7.jpg 535w, https:\/\/mouldking.store\/wp-content\/uploads\/2022\/03\/CADA-C61053-RC-Gumpert-Apollo-IE-7-157x300.jpg 157w, https:\/\/mouldking.store\/wp-content\/uploads\/2022\/03\/CADA-C61053-RC-Gumpert-Apollo-IE-7-300x574.jpg 300w, https:\/\/mouldking.store\/wp-content\/uploads\/2022\/03\/CADA-C61053-RC-Gumpert-Apollo-IE-7-78x150.jpg 78w\" sizes=\"(max-width: 535px) 100vw, 535px\" \/><figcaption id=\"caption-attachment-30591\" class=\"wp-caption-text\">CADA C61053 RC Gumpert Apollo IE med 4449 stk<\/figcaption><\/figure>\n<figure id=\"attachment_30590\" aria-describedby=\"caption-attachment-30590\" style=\"width: 589px\" class=\"wp-caption aligncenter\"><img loading=\"lazy\" decoding=\"async\" class=\"wp-image-30590 size-full\" src=\"https:\/\/mouldking.store\/wp-content\/uploads\/2022\/03\/CADA-C61053-RC-Gumpert-Apollo-IE-6.jpg\" alt=\"CADA C61053 RC Gumpert Apollo IE with 4449 pieces\" width=\"589\" height=\"1024\" title=\"-\" srcset=\"https:\/\/mouldking.store\/wp-content\/uploads\/2022\/03\/CADA-C61053-RC-Gumpert-Apollo-IE-6.jpg 589w, https:\/\/mouldking.store\/wp-content\/uploads\/2022\/03\/CADA-C61053-RC-Gumpert-Apollo-IE-6-173x300.jpg 173w, https:\/\/mouldking.store\/wp-content\/uploads\/2022\/03\/CADA-C61053-RC-Gumpert-Apollo-IE-6-300x522.jpg 300w, https:\/\/mouldking.store\/wp-content\/uploads\/2022\/03\/CADA-C61053-RC-Gumpert-Apollo-IE-6-86x150.jpg 86w\" sizes=\"(max-width: 589px) 100vw, 589px\" \/><figcaption id=\"caption-attachment-30590\" class=\"wp-caption-text\">CADA C61053 RC Gumpert Apollo IE med 4449 stk<\/figcaption><\/figure>\n<figure id=\"attachment_30589\" aria-describedby=\"caption-attachment-30589\" style=\"width: 790px\" class=\"wp-caption aligncenter\"><img loading=\"lazy\" decoding=\"async\" class=\"wp-image-30589 size-full\" src=\"https:\/\/mouldking.store\/wp-content\/uploads\/2022\/03\/CADA-C61053-RC-Gumpert-Apollo-IE-5.jpg\" alt=\"CADA C61053 RC Gumpert Apollo IE with 4449 pieces\" width=\"790\" height=\"546\" title=\"-\" srcset=\"https:\/\/mouldking.store\/wp-content\/uploads\/2022\/03\/CADA-C61053-RC-Gumpert-Apollo-IE-5.jpg 790w, https:\/\/mouldking.store\/wp-content\/uploads\/2022\/03\/CADA-C61053-RC-Gumpert-Apollo-IE-5-300x207.jpg 300w, https:\/\/mouldking.store\/wp-content\/uploads\/2022\/03\/CADA-C61053-RC-Gumpert-Apollo-IE-5-768x531.jpg 768w, https:\/\/mouldking.store\/wp-content\/uploads\/2022\/03\/CADA-C61053-RC-Gumpert-Apollo-IE-5-600x415.jpg 600w, https:\/\/mouldking.store\/wp-content\/uploads\/2022\/03\/CADA-C61053-RC-Gumpert-Apollo-IE-5-150x104.jpg 150w\" sizes=\"(max-width: 790px) 100vw, 790px\" \/><figcaption id=\"caption-attachment-30589\" class=\"wp-caption-text\">CADA C61053 RC Gumpert Apollo IE med 4449 stk<\/figcaption><\/figure>\n<figure id=\"attachment_30588\" aria-describedby=\"caption-attachment-30588\" style=\"width: 790px\" class=\"wp-caption aligncenter\"><img loading=\"lazy\" decoding=\"async\" class=\"wp-image-30588 size-full\" src=\"https:\/\/mouldking.store\/wp-content\/uploads\/2022\/03\/CADA-C61053-RC-Gumpert-Apollo-IE-4.jpg\" alt=\"CADA C61053 RC Gumpert Apollo IE with 4449 pieces\" width=\"790\" height=\"652\" title=\"-\" srcset=\"https:\/\/mouldking.store\/wp-content\/uploads\/2022\/03\/CADA-C61053-RC-Gumpert-Apollo-IE-4.jpg 790w, https:\/\/mouldking.store\/wp-content\/uploads\/2022\/03\/CADA-C61053-RC-Gumpert-Apollo-IE-4-300x248.jpg 300w, https:\/\/mouldking.store\/wp-content\/uploads\/2022\/03\/CADA-C61053-RC-Gumpert-Apollo-IE-4-768x634.jpg 768w, https:\/\/mouldking.store\/wp-content\/uploads\/2022\/03\/CADA-C61053-RC-Gumpert-Apollo-IE-4-600x495.jpg 600w, https:\/\/mouldking.store\/wp-content\/uploads\/2022\/03\/CADA-C61053-RC-Gumpert-Apollo-IE-4-150x124.jpg 150w\" sizes=\"(max-width: 790px) 100vw, 790px\" \/><figcaption id=\"caption-attachment-30588\" class=\"wp-caption-text\">CADA C61053 RC Gumpert Apollo IE med 4449 stk<\/figcaption><\/figure>\n<figure id=\"attachment_30598\" aria-describedby=\"caption-attachment-30598\" style=\"width: 790px\" class=\"wp-caption aligncenter\"><img loading=\"lazy\" decoding=\"async\" class=\"wp-image-30598 size-full\" src=\"https:\/\/mouldking.store\/wp-content\/uploads\/2022\/03\/CADA-C61053-RC-Gumpert-Apollo-IE-14.jpg\" alt=\"CADA C61053 RC Gumpert Apollo IE with 4449 pieces\" width=\"790\" height=\"914\" title=\"-\" srcset=\"https:\/\/mouldking.store\/wp-content\/uploads\/2022\/03\/CADA-C61053-RC-Gumpert-Apollo-IE-14.jpg 790w, https:\/\/mouldking.store\/wp-content\/uploads\/2022\/03\/CADA-C61053-RC-Gumpert-Apollo-IE-14-259x300.jpg 259w, https:\/\/mouldking.store\/wp-content\/uploads\/2022\/03\/CADA-C61053-RC-Gumpert-Apollo-IE-14-768x889.jpg 768w, https:\/\/mouldking.store\/wp-content\/uploads\/2022\/03\/CADA-C61053-RC-Gumpert-Apollo-IE-14-300x347.jpg 300w, https:\/\/mouldking.store\/wp-content\/uploads\/2022\/03\/CADA-C61053-RC-Gumpert-Apollo-IE-14-600x694.jpg 600w, https:\/\/mouldking.store\/wp-content\/uploads\/2022\/03\/CADA-C61053-RC-Gumpert-Apollo-IE-14-130x150.jpg 130w\" sizes=\"(max-width: 790px) 100vw, 790px\" \/><figcaption id=\"caption-attachment-30598\" class=\"wp-caption-text\">CADA C61053 RC Gumpert Apollo IE med 4449 stk<\/figcaption><\/figure>\n<figure id=\"attachment_30592\" aria-describedby=\"caption-attachment-30592\" style=\"width: 790px\" class=\"wp-caption aligncenter\"><img loading=\"lazy\" decoding=\"async\" class=\"wp-image-30592 size-full\" src=\"https:\/\/mouldking.store\/wp-content\/uploads\/2022\/03\/CADA-C61053-RC-Gumpert-Apollo-IE-8.jpg\" alt=\"CADA C61053 RC Gumpert Apollo IE with 4449 pieces\" width=\"790\" height=\"960\" title=\"-\" srcset=\"https:\/\/mouldking.store\/wp-content\/uploads\/2022\/03\/CADA-C61053-RC-Gumpert-Apollo-IE-8.jpg 790w, https:\/\/mouldking.store\/wp-content\/uploads\/2022\/03\/CADA-C61053-RC-Gumpert-Apollo-IE-8-247x300.jpg 247w, https:\/\/mouldking.store\/wp-content\/uploads\/2022\/03\/CADA-C61053-RC-Gumpert-Apollo-IE-8-768x933.jpg 768w, https:\/\/mouldking.store\/wp-content\/uploads\/2022\/03\/CADA-C61053-RC-Gumpert-Apollo-IE-8-300x365.jpg 300w, https:\/\/mouldking.store\/wp-content\/uploads\/2022\/03\/CADA-C61053-RC-Gumpert-Apollo-IE-8-600x729.jpg 600w, https:\/\/mouldking.store\/wp-content\/uploads\/2022\/03\/CADA-C61053-RC-Gumpert-Apollo-IE-8-123x150.jpg 123w\" sizes=\"(max-width: 790px) 100vw, 790px\" \/><figcaption id=\"caption-attachment-30592\" class=\"wp-caption-text\">CADA C61053 RC Gumpert Apollo IE med 4449 stk<\/figcaption><\/figure>\n<figure id=\"attachment_30587\" aria-describedby=\"caption-attachment-30587\" style=\"width: 790px\" class=\"wp-caption aligncenter\"><img loading=\"lazy\" decoding=\"async\" class=\"wp-image-30587 size-full\" src=\"https:\/\/mouldking.store\/wp-content\/uploads\/2022\/03\/CADA-C61053-RC-Gumpert-Apollo-IE-3.jpg\" alt=\"CADA C61053 RC Gumpert Apollo IE with 4449 pieces\" width=\"790\" height=\"566\" title=\"-\" srcset=\"https:\/\/mouldking.store\/wp-content\/uploads\/2022\/03\/CADA-C61053-RC-Gumpert-Apollo-IE-3.jpg 790w, https:\/\/mouldking.store\/wp-content\/uploads\/2022\/03\/CADA-C61053-RC-Gumpert-Apollo-IE-3-300x215.jpg 300w, https:\/\/mouldking.store\/wp-content\/uploads\/2022\/03\/CADA-C61053-RC-Gumpert-Apollo-IE-3-768x550.jpg 768w, https:\/\/mouldking.store\/wp-content\/uploads\/2022\/03\/CADA-C61053-RC-Gumpert-Apollo-IE-3-600x430.jpg 600w, https:\/\/mouldking.store\/wp-content\/uploads\/2022\/03\/CADA-C61053-RC-Gumpert-Apollo-IE-3-150x107.jpg 150w\" sizes=\"(max-width: 790px) 100vw, 790px\" \/><figcaption id=\"caption-attachment-30587\" class=\"wp-caption-text\">CADA C61053 RC Gumpert Apollo IE med 4449 stk<\/figcaption><\/figure>\n<figure id=\"attachment_30586\" aria-describedby=\"caption-attachment-30586\" style=\"width: 790px\" class=\"wp-caption aligncenter\"><img loading=\"lazy\" decoding=\"async\" class=\"wp-image-30586 size-full\" src=\"https:\/\/mouldking.store\/wp-content\/uploads\/2022\/03\/CADA-C61053-RC-Gumpert-Apollo-IE-2.jpg\" alt=\"CADA C61053 RC Gumpert Apollo IE with 4449 pieces\" width=\"790\" height=\"566\" title=\"-\" srcset=\"https:\/\/mouldking.store\/wp-content\/uploads\/2022\/03\/CADA-C61053-RC-Gumpert-Apollo-IE-2.jpg 790w, https:\/\/mouldking.store\/wp-content\/uploads\/2022\/03\/CADA-C61053-RC-Gumpert-Apollo-IE-2-300x215.jpg 300w, https:\/\/mouldking.store\/wp-content\/uploads\/2022\/03\/CADA-C61053-RC-Gumpert-Apollo-IE-2-768x550.jpg 768w, https:\/\/mouldking.store\/wp-content\/uploads\/2022\/03\/CADA-C61053-RC-Gumpert-Apollo-IE-2-600x430.jpg 600w, https:\/\/mouldking.store\/wp-content\/uploads\/2022\/03\/CADA-C61053-RC-Gumpert-Apollo-IE-2-150x107.jpg 150w\" sizes=\"(max-width: 790px) 100vw, 790px\" \/><figcaption id=\"caption-attachment-30586\" class=\"wp-caption-text\">CADA C61053 RC Gumpert Apollo IE med 4449 stk<\/figcaption><\/figure>\n<figure id=\"attachment_30599\" aria-describedby=\"caption-attachment-30599\" style=\"width: 790px\" class=\"wp-caption aligncenter\"><img loading=\"lazy\" decoding=\"async\" class=\"wp-image-30599 size-full\" src=\"https:\/\/mouldking.store\/wp-content\/uploads\/2022\/03\/CADA-C61053-RC-Gumpert-Apollo-IE-15.jpg\" alt=\"CADA C61053 RC Gumpert Apollo IE with 4449 pieces\" width=\"790\" height=\"898\" title=\"-\" srcset=\"https:\/\/mouldking.store\/wp-content\/uploads\/2022\/03\/CADA-C61053-RC-Gumpert-Apollo-IE-15.jpg 790w, https:\/\/mouldking.store\/wp-content\/uploads\/2022\/03\/CADA-C61053-RC-Gumpert-Apollo-IE-15-264x300.jpg 264w, https:\/\/mouldking.store\/wp-content\/uploads\/2022\/03\/CADA-C61053-RC-Gumpert-Apollo-IE-15-768x873.jpg 768w, https:\/\/mouldking.store\/wp-content\/uploads\/2022\/03\/CADA-C61053-RC-Gumpert-Apollo-IE-15-300x341.jpg 300w, https:\/\/mouldking.store\/wp-content\/uploads\/2022\/03\/CADA-C61053-RC-Gumpert-Apollo-IE-15-600x682.jpg 600w, https:\/\/mouldking.store\/wp-content\/uploads\/2022\/03\/CADA-C61053-RC-Gumpert-Apollo-IE-15-132x150.jpg 132w\" sizes=\"(max-width: 790px) 100vw, 790px\" \/><figcaption id=\"caption-attachment-30599\" class=\"wp-caption-text\">CADA C61053 RC Gumpert Apollo IE med 4449 stk<\/figcaption><\/figure>","protected":false},"excerpt":{"rendered":"<p>Product information: Brand: CADA Gender: Unisex Name: RC Gumpert Apollo IE Age Range: &gt; 6 years old Model Number: C61053 Classification: Assemblage Plastic Block Shape: Self-Locking Bricks Material: Plastic Plastic Type: ABS Bricks Blocks: 4449 PCS Contains detailed assembly instructions. Notice: 1. Without an original box, but we guarantee our products have quality assurance and [&hellip;]<\/p>","protected":false},"featured_media":30585,"comment_status":"closed","ping_status":"closed","template":"","meta":{"_acf_changed":false},"product_cat":[364],"product_tag":[5173,5172,1916,5170,5169,5168,4923,481,5171],"class_list":["product","first","outofstock","shipping-taxable","purchasable","product-type-simple"],"acf":[],"_links":{"self":[{"href":"https:\/\/mouldking.store\/nb\/wp-json\/wp\/v2\/product\/30584","targetHints":{"allow":["GET"]}}],"collection":[{"href":"https:\/\/mouldking.store\/nb\/wp-json\/wp\/v2\/product"}],"about":[{"href":"https:\/\/mouldking.store\/nb\/wp-json\/wp\/v2\/types\/product"}],"replies":[{"embeddable":true,"href":"https:\/\/mouldking.store\/nb\/wp-json\/wp\/v2\/comments?post=30584"}],"wp:featuredmedia":[{"embeddable":true,"href":"https:\/\/mouldking.store\/nb\/wp-json\/wp\/v2\/media\/30585"}],"wp:attachment":[{"href":"https:\/\/mouldking.store\/nb\/wp-json\/wp\/v2\/media?parent=30584"}],"wp:term":[{"taxonomy":"product_cat","embeddable":true,"href":"https:\/\/mouldking.store\/nb\/wp-json\/wp\/v2\/product_cat?post=30584"},{"taxonomy":"product_tag","embeddable":true,"href":"https:\/\/mouldking.store\/nb\/wp-json\/wp\/v2\/product_tag?post=30584"}],"curies":[{"name":"wp","href":"https:\/\/api.w.org\/{rel}","templated":true}]}}