{"id":30674,"date":"2022-03-08T15:27:34","date_gmt":"2022-03-08T08:27:34","guid":{"rendered":"https:\/\/mouldking.store\/?post_type=product&#038;p=30674"},"modified":"2023-05-17T14:41:57","modified_gmt":"2023-05-17T07:41:57","slug":"18k-k138-howls-moving-castle-with-1000-pieces","status":"publish","type":"product","link":"https:\/\/mouldking.store\/nb\/shop\/18k-k138-howls-moving-castle-with-1000-pieces\/","title":{"rendered":"18K K138 Howl&#039;s Moving Castle med 1000 stykker"},"content":{"rendered":"<p>Produktinformasjon:<\/p>\n<ol>\n<li>Merke: 18K<\/li>\n<li>Kj\u00f8nn: Unisex<\/li>\n<li>Name: Howl&#8217;s Moving Castle<\/li>\n<li>Age Range: &gt; 7 years old<\/li>\n<li>Model Number: K138<\/li>\n<li>Klassifisering: Montering<\/li>\n<li>Plastblokkform: Selvl\u00e5sende murstein<\/li>\n<li>Materiale: Plast<\/li>\n<li>Plasttype: ABS<\/li>\n<li>Bricks Blocks: 1000 PCS<\/li>\n<li>Inneholder detaljerte monteringsanvisninger.<\/li>\n<\/ol>\n<p>Legge merke til:<br \/>\n1. Uten original eske, men vi garanterer at v\u00e5re produkter har kvalitetssikring og pen emballasje.<br \/>\n2. Som alle delene vi har sjekket f\u00f8r frakt, s\u00e5 hvis du finner noen deler savnet eller skadet, ikke bekymre deg og bare kontakt oss, s\u00e5 kan vi sende dem til deg p\u00e5 nytt umiddelbart gratis.<\/p>\n<figure id=\"attachment_30681\" aria-describedby=\"caption-attachment-30681\" style=\"width: 684px\" class=\"wp-caption aligncenter\"><img fetchpriority=\"high\" decoding=\"async\" class=\"wp-image-30681 size-full\" src=\"https:\/\/mouldking.store\/wp-content\/uploads\/2022\/03\/18K-K138-Howls-Moving-Castle-7.jpg\" alt=\"18K K138 Howl&#039;s Moving Castle with 1000 pieces\" width=\"684\" height=\"1024\" title=\"-\" srcset=\"https:\/\/mouldking.store\/wp-content\/uploads\/2022\/03\/18K-K138-Howls-Moving-Castle-7.jpg 684w, https:\/\/mouldking.store\/wp-content\/uploads\/2022\/03\/18K-K138-Howls-Moving-Castle-7-200x300.jpg 200w, https:\/\/mouldking.store\/wp-content\/uploads\/2022\/03\/18K-K138-Howls-Moving-Castle-7-300x449.jpg 300w, https:\/\/mouldking.store\/wp-content\/uploads\/2022\/03\/18K-K138-Howls-Moving-Castle-7-600x898.jpg 600w, https:\/\/mouldking.store\/wp-content\/uploads\/2022\/03\/18K-K138-Howls-Moving-Castle-7-100x150.jpg 100w\" sizes=\"(max-width: 684px) 100vw, 684px\" \/><figcaption id=\"caption-attachment-30681\" class=\"wp-caption-text\">18K K138 Howl&#039;s Moving Castle med 1000 stykker<\/figcaption><\/figure>\n<figure id=\"attachment_30680\" aria-describedby=\"caption-attachment-30680\" style=\"width: 750px\" class=\"wp-caption aligncenter\"><img decoding=\"async\" class=\"wp-image-30680 size-full\" src=\"https:\/\/mouldking.store\/wp-content\/uploads\/2022\/03\/18K-K138-Howls-Moving-Castle-6.jpg\" alt=\"18K K138 Howl&#039;s Moving Castle with 1000 pieces\" width=\"750\" height=\"710\" title=\"-\" srcset=\"https:\/\/mouldking.store\/wp-content\/uploads\/2022\/03\/18K-K138-Howls-Moving-Castle-6.jpg 750w, https:\/\/mouldking.store\/wp-content\/uploads\/2022\/03\/18K-K138-Howls-Moving-Castle-6-300x284.jpg 300w, https:\/\/mouldking.store\/wp-content\/uploads\/2022\/03\/18K-K138-Howls-Moving-Castle-6-600x568.jpg 600w, https:\/\/mouldking.store\/wp-content\/uploads\/2022\/03\/18K-K138-Howls-Moving-Castle-6-150x142.jpg 150w\" sizes=\"(max-width: 750px) 100vw, 750px\" \/><figcaption id=\"caption-attachment-30680\" class=\"wp-caption-text\">18K K138 Howl&#039;s Moving Castle med 1000 stykker<\/figcaption><\/figure>\n<figure id=\"attachment_30679\" aria-describedby=\"caption-attachment-30679\" style=\"width: 750px\" class=\"wp-caption aligncenter\"><img decoding=\"async\" class=\"wp-image-30679 size-full\" src=\"https:\/\/mouldking.store\/wp-content\/uploads\/2022\/03\/18K-K138-Howls-Moving-Castle-5.jpg\" alt=\"18K K138 Howl&#039;s Moving Castle with 1000 pieces\" width=\"750\" height=\"656\" title=\"-\" srcset=\"https:\/\/mouldking.store\/wp-content\/uploads\/2022\/03\/18K-K138-Howls-Moving-Castle-5.jpg 750w, https:\/\/mouldking.store\/wp-content\/uploads\/2022\/03\/18K-K138-Howls-Moving-Castle-5-300x262.jpg 300w, https:\/\/mouldking.store\/wp-content\/uploads\/2022\/03\/18K-K138-Howls-Moving-Castle-5-600x525.jpg 600w, https:\/\/mouldking.store\/wp-content\/uploads\/2022\/03\/18K-K138-Howls-Moving-Castle-5-150x131.jpg 150w\" sizes=\"(max-width: 750px) 100vw, 750px\" \/><figcaption id=\"caption-attachment-30679\" class=\"wp-caption-text\">18K K138 Howl&#039;s Moving Castle med 1000 stykker<\/figcaption><\/figure>\n<figure id=\"attachment_30678\" aria-describedby=\"caption-attachment-30678\" style=\"width: 710px\" class=\"wp-caption aligncenter\"><img loading=\"lazy\" decoding=\"async\" class=\"wp-image-30678 size-full\" src=\"https:\/\/mouldking.store\/wp-content\/uploads\/2022\/03\/18K-K138-Howls-Moving-Castle-4.jpg\" alt=\"18K K138 Howl&#039;s Moving Castle with 1000 pieces\" width=\"710\" height=\"1024\" title=\"-\" srcset=\"https:\/\/mouldking.store\/wp-content\/uploads\/2022\/03\/18K-K138-Howls-Moving-Castle-4.jpg 710w, https:\/\/mouldking.store\/wp-content\/uploads\/2022\/03\/18K-K138-Howls-Moving-Castle-4-208x300.jpg 208w, https:\/\/mouldking.store\/wp-content\/uploads\/2022\/03\/18K-K138-Howls-Moving-Castle-4-300x433.jpg 300w, https:\/\/mouldking.store\/wp-content\/uploads\/2022\/03\/18K-K138-Howls-Moving-Castle-4-600x865.jpg 600w, https:\/\/mouldking.store\/wp-content\/uploads\/2022\/03\/18K-K138-Howls-Moving-Castle-4-104x150.jpg 104w\" sizes=\"(max-width: 710px) 100vw, 710px\" \/><figcaption id=\"caption-attachment-30678\" class=\"wp-caption-text\">18K K138 Howl&#039;s Moving Castle med 1000 stykker<\/figcaption><\/figure>\n<figure id=\"attachment_30677\" aria-describedby=\"caption-attachment-30677\" style=\"width: 750px\" class=\"wp-caption aligncenter\"><img loading=\"lazy\" decoding=\"async\" class=\"wp-image-30677 size-full\" src=\"https:\/\/mouldking.store\/wp-content\/uploads\/2022\/03\/18K-K138-Howls-Moving-Castle-3.jpg\" alt=\"18K K138 Howl&#039;s Moving Castle with 1000 pieces\" width=\"750\" height=\"872\" title=\"-\" srcset=\"https:\/\/mouldking.store\/wp-content\/uploads\/2022\/03\/18K-K138-Howls-Moving-Castle-3.jpg 750w, https:\/\/mouldking.store\/wp-content\/uploads\/2022\/03\/18K-K138-Howls-Moving-Castle-3-258x300.jpg 258w, https:\/\/mouldking.store\/wp-content\/uploads\/2022\/03\/18K-K138-Howls-Moving-Castle-3-300x349.jpg 300w, https:\/\/mouldking.store\/wp-content\/uploads\/2022\/03\/18K-K138-Howls-Moving-Castle-3-600x698.jpg 600w, https:\/\/mouldking.store\/wp-content\/uploads\/2022\/03\/18K-K138-Howls-Moving-Castle-3-129x150.jpg 129w\" sizes=\"(max-width: 750px) 100vw, 750px\" \/><figcaption id=\"caption-attachment-30677\" class=\"wp-caption-text\">18K K138 Howl&#039;s Moving Castle med 1000 stykker<\/figcaption><\/figure>\n<figure id=\"attachment_30676\" aria-describedby=\"caption-attachment-30676\" style=\"width: 750px\" class=\"wp-caption aligncenter\"><img loading=\"lazy\" decoding=\"async\" class=\"wp-image-30676 size-full\" src=\"https:\/\/mouldking.store\/wp-content\/uploads\/2022\/03\/18K-K138-Howls-Moving-Castle-2.jpg\" alt=\"18K K138 Howl&#039;s Moving Castle with 1000 pieces\" width=\"750\" height=\"473\" title=\"-\" srcset=\"https:\/\/mouldking.store\/wp-content\/uploads\/2022\/03\/18K-K138-Howls-Moving-Castle-2.jpg 750w, https:\/\/mouldking.store\/wp-content\/uploads\/2022\/03\/18K-K138-Howls-Moving-Castle-2-300x189.jpg 300w, https:\/\/mouldking.store\/wp-content\/uploads\/2022\/03\/18K-K138-Howls-Moving-Castle-2-600x378.jpg 600w, https:\/\/mouldking.store\/wp-content\/uploads\/2022\/03\/18K-K138-Howls-Moving-Castle-2-150x95.jpg 150w\" sizes=\"(max-width: 750px) 100vw, 750px\" \/><figcaption id=\"caption-attachment-30676\" class=\"wp-caption-text\">18K K138 Howl&#039;s Moving Castle med 1000 stykker<\/figcaption><\/figure>","protected":false},"excerpt":{"rendered":"<p>Product information: Brand: 18K Gender: Unisex Name: Howl&#8217;s Moving Castle Age Range: &gt; 7 years old Model Number: K138 Classification: Assemblage Plastic Block Shape: Self-Locking Bricks Material: Plastic Plastic Type: ABS Bricks Blocks: 1000 PCS Contains detailed assembly instructions. Notice: 1. Without an original box, but we guarantee our products have quality assurance and nice [&hellip;]<\/p>","protected":false},"featured_media":30675,"comment_status":"closed","ping_status":"closed","template":"","meta":{"_acf_changed":false},"product_cat":[581],"product_tag":[1770,5208,5207,5206,787,5211,5209,5210,5212],"class_list":["product","first","instock","shipping-taxable","purchasable","product-type-simple"],"acf":[],"_links":{"self":[{"href":"https:\/\/mouldking.store\/nb\/wp-json\/wp\/v2\/product\/30674","targetHints":{"allow":["GET"]}}],"collection":[{"href":"https:\/\/mouldking.store\/nb\/wp-json\/wp\/v2\/product"}],"about":[{"href":"https:\/\/mouldking.store\/nb\/wp-json\/wp\/v2\/types\/product"}],"replies":[{"embeddable":true,"href":"https:\/\/mouldking.store\/nb\/wp-json\/wp\/v2\/comments?post=30674"}],"wp:featuredmedia":[{"embeddable":true,"href":"https:\/\/mouldking.store\/nb\/wp-json\/wp\/v2\/media\/30675"}],"wp:attachment":[{"href":"https:\/\/mouldking.store\/nb\/wp-json\/wp\/v2\/media?parent=30674"}],"wp:term":[{"taxonomy":"product_cat","embeddable":true,"href":"https:\/\/mouldking.store\/nb\/wp-json\/wp\/v2\/product_cat?post=30674"},{"taxonomy":"product_tag","embeddable":true,"href":"https:\/\/mouldking.store\/nb\/wp-json\/wp\/v2\/product_tag?post=30674"}],"curies":[{"name":"wp","href":"https:\/\/api.w.org\/{rel}","templated":true}]}}