{"id":30682,"date":"2022-03-08T15:30:11","date_gmt":"2022-03-08T08:30:11","guid":{"rendered":"https:\/\/mouldking.store\/?post_type=product&#038;p=30682"},"modified":"2022-03-08T15:30:12","modified_gmt":"2022-03-08T08:30:12","slug":"mould-king-18024b-f1-thunder-furious-with-1065-pieces","status":"publish","type":"product","link":"https:\/\/mouldking.store\/nb\/shop\/mould-king-18024b-f1-thunder-furious-with-1065-pieces\/","title":{"rendered":"Mold King 18024B F1 Thunder Furious med 1065 deler"},"content":{"rendered":"<p>Produktinformasjon:<\/p>\n<ol>\n<li>Merke: Mold King<\/li>\n<li>Kj\u00f8nn: Unisex<\/li>\n<li>Name: F1 Thunder Furious<\/li>\n<li>Aldersgruppe: &gt; 14 \u00e5r gammel<\/li>\n<li>Model Number: 18024B<\/li>\n<li>Klassifisering: Montering<\/li>\n<li>Plastblokkform: Selvl\u00e5sende murstein<\/li>\n<li>Materiale: Plast<\/li>\n<li>Plasttype: ABS<\/li>\n<li>Bricks Blocks: 1065 PCS<\/li>\n<li>Inneholder detaljerte monteringsanvisninger.<\/li>\n<\/ol>\n<p>Legge merke til:<br \/>\n1. Uten original eske, men vi garanterer at v\u00e5re produkter har kvalitetssikring og pen emballasje.<br \/>\n2. Som alle delene vi har sjekket f\u00f8r frakt, s\u00e5 hvis du finner noen deler savnet eller skadet, ikke bekymre deg og bare kontakt oss, s\u00e5 kan vi sende dem til deg p\u00e5 nytt umiddelbart gratis.<\/p>\n<figure id=\"attachment_30683\" aria-describedby=\"caption-attachment-30683\" style=\"width: 898px\" class=\"wp-caption aligncenter\"><img fetchpriority=\"high\" decoding=\"async\" class=\"wp-image-30683 size-full\" src=\"https:\/\/mouldking.store\/wp-content\/uploads\/2022\/03\/MOULD-KING-18024B-Blue-Formula-1-1.jpg\" alt=\"Mould King 18024B F1 Thunder Furious with 1065 pieces\" width=\"898\" height=\"894\" title=\"-\" srcset=\"https:\/\/mouldking.store\/wp-content\/uploads\/2022\/03\/MOULD-KING-18024B-Blue-Formula-1-1.jpg 898w, https:\/\/mouldking.store\/wp-content\/uploads\/2022\/03\/MOULD-KING-18024B-Blue-Formula-1-1-300x299.jpg 300w, https:\/\/mouldking.store\/wp-content\/uploads\/2022\/03\/MOULD-KING-18024B-Blue-Formula-1-1-768x765.jpg 768w, https:\/\/mouldking.store\/wp-content\/uploads\/2022\/03\/MOULD-KING-18024B-Blue-Formula-1-1-600x597.jpg 600w, https:\/\/mouldking.store\/wp-content\/uploads\/2022\/03\/MOULD-KING-18024B-Blue-Formula-1-1-150x150.jpg 150w\" sizes=\"(max-width: 898px) 100vw, 898px\" \/><figcaption id=\"caption-attachment-30683\" class=\"wp-caption-text\">Mold King 18024B F1 Thunder Furious med 1065 deler<\/figcaption><\/figure>\n<figure id=\"attachment_30685\" aria-describedby=\"caption-attachment-30685\" style=\"width: 901px\" class=\"wp-caption aligncenter\"><img decoding=\"async\" class=\"wp-image-30685 size-full\" src=\"https:\/\/mouldking.store\/wp-content\/uploads\/2022\/03\/MOULD-KING-18024B-Blue-Formula-1-3.jpg\" alt=\"Mould King 18024B F1 Thunder Furious with 1065 pieces\" width=\"901\" height=\"882\" title=\"-\" srcset=\"https:\/\/mouldking.store\/wp-content\/uploads\/2022\/03\/MOULD-KING-18024B-Blue-Formula-1-3.jpg 901w, https:\/\/mouldking.store\/wp-content\/uploads\/2022\/03\/MOULD-KING-18024B-Blue-Formula-1-3-300x294.jpg 300w, https:\/\/mouldking.store\/wp-content\/uploads\/2022\/03\/MOULD-KING-18024B-Blue-Formula-1-3-768x752.jpg 768w, https:\/\/mouldking.store\/wp-content\/uploads\/2022\/03\/MOULD-KING-18024B-Blue-Formula-1-3-600x587.jpg 600w, https:\/\/mouldking.store\/wp-content\/uploads\/2022\/03\/MOULD-KING-18024B-Blue-Formula-1-3-150x147.jpg 150w\" sizes=\"(max-width: 901px) 100vw, 901px\" \/><figcaption id=\"caption-attachment-30685\" class=\"wp-caption-text\">Mold King 18024B F1 Thunder Furious med 1065 deler<\/figcaption><\/figure>\n<figure id=\"attachment_30686\" aria-describedby=\"caption-attachment-30686\" style=\"width: 906px\" class=\"wp-caption aligncenter\"><img decoding=\"async\" class=\"wp-image-30686 size-full\" src=\"https:\/\/mouldking.store\/wp-content\/uploads\/2022\/03\/MOULD-KING-18024B-Blue-Formula-1-4.jpg\" alt=\"Mould King 18024B F1 Thunder Furious with 1065 pieces\" width=\"906\" height=\"885\" title=\"-\" srcset=\"https:\/\/mouldking.store\/wp-content\/uploads\/2022\/03\/MOULD-KING-18024B-Blue-Formula-1-4.jpg 906w, https:\/\/mouldking.store\/wp-content\/uploads\/2022\/03\/MOULD-KING-18024B-Blue-Formula-1-4-300x293.jpg 300w, https:\/\/mouldking.store\/wp-content\/uploads\/2022\/03\/MOULD-KING-18024B-Blue-Formula-1-4-768x750.jpg 768w, https:\/\/mouldking.store\/wp-content\/uploads\/2022\/03\/MOULD-KING-18024B-Blue-Formula-1-4-600x586.jpg 600w, https:\/\/mouldking.store\/wp-content\/uploads\/2022\/03\/MOULD-KING-18024B-Blue-Formula-1-4-150x147.jpg 150w\" sizes=\"(max-width: 906px) 100vw, 906px\" \/><figcaption id=\"caption-attachment-30686\" class=\"wp-caption-text\">Mold King 18024B F1 Thunder Furious med 1065 deler<\/figcaption><\/figure>\n<figure id=\"attachment_30684\" aria-describedby=\"caption-attachment-30684\" style=\"width: 901px\" class=\"wp-caption aligncenter\"><img loading=\"lazy\" decoding=\"async\" class=\"wp-image-30684 size-full\" src=\"https:\/\/mouldking.store\/wp-content\/uploads\/2022\/03\/MOULD-KING-18024B-Blue-Formula-1-2.jpg\" alt=\"Mould King 18024B F1 Thunder Furious with 1065 pieces\" width=\"901\" height=\"877\" title=\"-\" srcset=\"https:\/\/mouldking.store\/wp-content\/uploads\/2022\/03\/MOULD-KING-18024B-Blue-Formula-1-2.jpg 901w, https:\/\/mouldking.store\/wp-content\/uploads\/2022\/03\/MOULD-KING-18024B-Blue-Formula-1-2-300x292.jpg 300w, https:\/\/mouldking.store\/wp-content\/uploads\/2022\/03\/MOULD-KING-18024B-Blue-Formula-1-2-768x748.jpg 768w, https:\/\/mouldking.store\/wp-content\/uploads\/2022\/03\/MOULD-KING-18024B-Blue-Formula-1-2-600x584.jpg 600w, https:\/\/mouldking.store\/wp-content\/uploads\/2022\/03\/MOULD-KING-18024B-Blue-Formula-1-2-150x146.jpg 150w\" sizes=\"(max-width: 901px) 100vw, 901px\" \/><figcaption id=\"caption-attachment-30684\" class=\"wp-caption-text\">Mold King 18024B F1 Thunder Furious med 1065 deler<\/figcaption><\/figure>","protected":false},"excerpt":{"rendered":"<p>Product information: Brand: Mould King Gender: Unisex Name: F1 Thunder Furious Age Range: &gt; 14 years old Model Number: 18024B Classification: Assemblage Plastic Block Shape: Self-Locking Bricks Material: Plastic Plastic Type: ABS Bricks Blocks: 1065 PCS Contains detailed assembly instructions. Notice: 1. Without an original box, but we guarantee our products have quality assurance and [&hellip;]<\/p>","protected":false},"featured_media":30683,"comment_status":"closed","ping_status":"closed","template":"","meta":{"_acf_changed":false},"product_cat":[364],"product_tag":[5217,1514,5216,615,5215,5214,5213,5218],"class_list":["product","first","instock","shipping-taxable","purchasable","product-type-simple"],"acf":[],"_links":{"self":[{"href":"https:\/\/mouldking.store\/nb\/wp-json\/wp\/v2\/product\/30682","targetHints":{"allow":["GET"]}}],"collection":[{"href":"https:\/\/mouldking.store\/nb\/wp-json\/wp\/v2\/product"}],"about":[{"href":"https:\/\/mouldking.store\/nb\/wp-json\/wp\/v2\/types\/product"}],"replies":[{"embeddable":true,"href":"https:\/\/mouldking.store\/nb\/wp-json\/wp\/v2\/comments?post=30682"}],"wp:featuredmedia":[{"embeddable":true,"href":"https:\/\/mouldking.store\/nb\/wp-json\/wp\/v2\/media\/30683"}],"wp:attachment":[{"href":"https:\/\/mouldking.store\/nb\/wp-json\/wp\/v2\/media?parent=30682"}],"wp:term":[{"taxonomy":"product_cat","embeddable":true,"href":"https:\/\/mouldking.store\/nb\/wp-json\/wp\/v2\/product_cat?post=30682"},{"taxonomy":"product_tag","embeddable":true,"href":"https:\/\/mouldking.store\/nb\/wp-json\/wp\/v2\/product_tag?post=30682"}],"curies":[{"name":"wp","href":"https:\/\/api.w.org\/{rel}","templated":true}]}}