{"id":30687,"date":"2022-03-08T15:32:58","date_gmt":"2022-03-08T08:32:58","guid":{"rendered":"https:\/\/mouldking.store\/?post_type=product&#038;p=30687"},"modified":"2022-03-08T15:32:58","modified_gmt":"2022-03-08T08:32:58","slug":"mould-king-18024a-formula-1-with-1065-pieces","status":"publish","type":"product","link":"https:\/\/mouldking.store\/nb\/shop\/mould-king-18024a-formula-1-with-1065-pieces\/","title":{"rendered":"Mould King 18024A Formula 1 with 1065 pieces"},"content":{"rendered":"<p>Produktinformasjon:<\/p>\n<ol>\n<li>Merke: Mold King<\/li>\n<li>Kj\u00f8nn: Unisex<\/li>\n<li>Name: Formula 1<\/li>\n<li>Aldersgruppe: &gt; 14 \u00e5r gammel<\/li>\n<li>Model Number: 18024A<\/li>\n<li>Klassifisering: Montering<\/li>\n<li>Plastblokkform: Selvl\u00e5sende murstein<\/li>\n<li>Materiale: Plast<\/li>\n<li>Plasttype: ABS<\/li>\n<li>Bricks Blocks: 1065 PCS<\/li>\n<li>Inneholder detaljerte monteringsanvisninger.<\/li>\n<\/ol>\n<p>Legge merke til:<br \/>\n1. Uten original eske, men vi garanterer at v\u00e5re produkter har kvalitetssikring og pen emballasje.<br \/>\n2. Som alle delene vi har sjekket f\u00f8r frakt, s\u00e5 hvis du finner noen deler savnet eller skadet, ikke bekymre deg og bare kontakt oss, s\u00e5 kan vi sende dem til deg p\u00e5 nytt umiddelbart gratis.<\/p>\n<figure id=\"attachment_30688\" aria-describedby=\"caption-attachment-30688\" style=\"width: 898px\" class=\"wp-caption aligncenter\"><img fetchpriority=\"high\" decoding=\"async\" class=\"wp-image-30688 size-full\" src=\"https:\/\/mouldking.store\/wp-content\/uploads\/2022\/03\/MOULD-KING-18024A-Red-Formula-1-1.jpg\" alt=\"Mould King 18024A Formula 1 with 1065 pieces\" width=\"898\" height=\"884\" title=\"-\" srcset=\"https:\/\/mouldking.store\/wp-content\/uploads\/2022\/03\/MOULD-KING-18024A-Red-Formula-1-1.jpg 898w, https:\/\/mouldking.store\/wp-content\/uploads\/2022\/03\/MOULD-KING-18024A-Red-Formula-1-1-300x295.jpg 300w, https:\/\/mouldking.store\/wp-content\/uploads\/2022\/03\/MOULD-KING-18024A-Red-Formula-1-1-768x756.jpg 768w, https:\/\/mouldking.store\/wp-content\/uploads\/2022\/03\/MOULD-KING-18024A-Red-Formula-1-1-600x591.jpg 600w, https:\/\/mouldking.store\/wp-content\/uploads\/2022\/03\/MOULD-KING-18024A-Red-Formula-1-1-150x148.jpg 150w\" sizes=\"(max-width: 898px) 100vw, 898px\" \/><figcaption id=\"caption-attachment-30688\" class=\"wp-caption-text\">Mould King 18024A Formula 1 with 1065 pieces<\/figcaption><\/figure>\n<figure id=\"attachment_30690\" aria-describedby=\"caption-attachment-30690\" style=\"width: 898px\" class=\"wp-caption aligncenter\"><img decoding=\"async\" class=\"wp-image-30690 size-full\" src=\"https:\/\/mouldking.store\/wp-content\/uploads\/2022\/03\/MOULD-KING-18024A-Red-Formula-1-3.jpg\" alt=\"Mould King 18024A Formula 1 with 1065 pieces\" width=\"898\" height=\"892\" title=\"-\" srcset=\"https:\/\/mouldking.store\/wp-content\/uploads\/2022\/03\/MOULD-KING-18024A-Red-Formula-1-3.jpg 898w, https:\/\/mouldking.store\/wp-content\/uploads\/2022\/03\/MOULD-KING-18024A-Red-Formula-1-3-300x298.jpg 300w, https:\/\/mouldking.store\/wp-content\/uploads\/2022\/03\/MOULD-KING-18024A-Red-Formula-1-3-768x763.jpg 768w, https:\/\/mouldking.store\/wp-content\/uploads\/2022\/03\/MOULD-KING-18024A-Red-Formula-1-3-600x596.jpg 600w, https:\/\/mouldking.store\/wp-content\/uploads\/2022\/03\/MOULD-KING-18024A-Red-Formula-1-3-150x150.jpg 150w\" sizes=\"(max-width: 898px) 100vw, 898px\" \/><figcaption id=\"caption-attachment-30690\" class=\"wp-caption-text\">Mould King 18024A Formula 1 with 1065 pieces<\/figcaption><\/figure>\n<figure id=\"attachment_30691\" aria-describedby=\"caption-attachment-30691\" style=\"width: 898px\" class=\"wp-caption aligncenter\"><img decoding=\"async\" class=\"wp-image-30691 size-full\" src=\"https:\/\/mouldking.store\/wp-content\/uploads\/2022\/03\/MOULD-KING-18024A-Red-Formula-1-4.jpg\" alt=\"Mould King 18024A Formula 1 with 1065 pieces\" width=\"898\" height=\"890\" title=\"-\" srcset=\"https:\/\/mouldking.store\/wp-content\/uploads\/2022\/03\/MOULD-KING-18024A-Red-Formula-1-4.jpg 898w, https:\/\/mouldking.store\/wp-content\/uploads\/2022\/03\/MOULD-KING-18024A-Red-Formula-1-4-300x297.jpg 300w, https:\/\/mouldking.store\/wp-content\/uploads\/2022\/03\/MOULD-KING-18024A-Red-Formula-1-4-768x761.jpg 768w, https:\/\/mouldking.store\/wp-content\/uploads\/2022\/03\/MOULD-KING-18024A-Red-Formula-1-4-600x595.jpg 600w, https:\/\/mouldking.store\/wp-content\/uploads\/2022\/03\/MOULD-KING-18024A-Red-Formula-1-4-150x150.jpg 150w\" sizes=\"(max-width: 898px) 100vw, 898px\" \/><figcaption id=\"caption-attachment-30691\" class=\"wp-caption-text\">Mould King 18024A Formula 1 with 1065 pieces<\/figcaption><\/figure>\n<figure id=\"attachment_30689\" aria-describedby=\"caption-attachment-30689\" style=\"width: 898px\" class=\"wp-caption aligncenter\"><img loading=\"lazy\" decoding=\"async\" class=\"wp-image-30689 size-full\" src=\"https:\/\/mouldking.store\/wp-content\/uploads\/2022\/03\/MOULD-KING-18024A-Red-Formula-1-2.jpg\" alt=\"Mould King 18024A Formula 1 with 1065 pieces\" width=\"898\" height=\"889\" title=\"-\" srcset=\"https:\/\/mouldking.store\/wp-content\/uploads\/2022\/03\/MOULD-KING-18024A-Red-Formula-1-2.jpg 898w, https:\/\/mouldking.store\/wp-content\/uploads\/2022\/03\/MOULD-KING-18024A-Red-Formula-1-2-300x297.jpg 300w, https:\/\/mouldking.store\/wp-content\/uploads\/2022\/03\/MOULD-KING-18024A-Red-Formula-1-2-768x760.jpg 768w, https:\/\/mouldking.store\/wp-content\/uploads\/2022\/03\/MOULD-KING-18024A-Red-Formula-1-2-600x594.jpg 600w, https:\/\/mouldking.store\/wp-content\/uploads\/2022\/03\/MOULD-KING-18024A-Red-Formula-1-2-150x148.jpg 150w\" sizes=\"(max-width: 898px) 100vw, 898px\" \/><figcaption id=\"caption-attachment-30689\" class=\"wp-caption-text\">Mould King 18024A Formula 1 with 1065 pieces<\/figcaption><\/figure>","protected":false},"excerpt":{"rendered":"<p>Product information: Brand: Mould King Gender: Unisex Name: Formula 1 Age Range: &gt; 14 years old Model Number: 18024A Classification: Assemblage Plastic Block Shape: Self-Locking Bricks Material: Plastic Plastic Type: ABS Bricks Blocks: 1065 PCS Contains detailed assembly instructions. Notice: 1. Without an original box, but we guarantee our products have quality assurance and nice [&hellip;]<\/p>","protected":false},"featured_media":30688,"comment_status":"closed","ping_status":"closed","template":"","meta":{"_acf_changed":false},"product_cat":[364],"product_tag":[5223,1514,5222,615,5221,5220,5219],"class_list":["product","first","instock","shipping-taxable","purchasable","product-type-simple"],"acf":[],"_links":{"self":[{"href":"https:\/\/mouldking.store\/nb\/wp-json\/wp\/v2\/product\/30687","targetHints":{"allow":["GET"]}}],"collection":[{"href":"https:\/\/mouldking.store\/nb\/wp-json\/wp\/v2\/product"}],"about":[{"href":"https:\/\/mouldking.store\/nb\/wp-json\/wp\/v2\/types\/product"}],"replies":[{"embeddable":true,"href":"https:\/\/mouldking.store\/nb\/wp-json\/wp\/v2\/comments?post=30687"}],"wp:featuredmedia":[{"embeddable":true,"href":"https:\/\/mouldking.store\/nb\/wp-json\/wp\/v2\/media\/30688"}],"wp:attachment":[{"href":"https:\/\/mouldking.store\/nb\/wp-json\/wp\/v2\/media?parent=30687"}],"wp:term":[{"taxonomy":"product_cat","embeddable":true,"href":"https:\/\/mouldking.store\/nb\/wp-json\/wp\/v2\/product_cat?post=30687"},{"taxonomy":"product_tag","embeddable":true,"href":"https:\/\/mouldking.store\/nb\/wp-json\/wp\/v2\/product_tag?post=30687"}],"curies":[{"name":"wp","href":"https:\/\/api.w.org\/{rel}","templated":true}]}}