{"id":30709,"date":"2022-03-08T15:45:24","date_gmt":"2022-03-08T08:45:24","guid":{"rendered":"https:\/\/mouldking.store\/?post_type=product&#038;p=30709"},"modified":"2022-11-01T09:45:01","modified_gmt":"2022-11-01T02:45:01","slug":"dk-1501-v2-bleach-zangetsu-with-936-pieces","status":"publish","type":"product","link":"https:\/\/mouldking.store\/nb\/shop\/dk-1501-v2-bleach-zangetsu-with-936-pieces\/","title":{"rendered":"DK 1501 V2 Bleach Zangetsu med 936 stk"},"content":{"rendered":"<p>Produktinformasjon:<\/p>\n<ol>\n<li>Merke: DK<\/li>\n<li>Kj\u00f8nn: Unisex<\/li>\n<li>Name: V2 Bleach Zangetsu<\/li>\n<li>Aldersgruppe: &gt; 8 \u00e5r gammel<\/li>\n<li>Model Number: 1501<\/li>\n<li>Klassifisering: Montering<\/li>\n<li>Plastblokkform: Selvl\u00e5sende murstein<\/li>\n<li>Materiale: Plast<\/li>\n<li>Plasttype: ABS<\/li>\n<li>Bricks Blocks: 936 PCS<\/li>\n<li>Inneholder detaljerte monteringsanvisninger.<\/li>\n<\/ol>\n<p>Legge merke til:<br \/>\n1. Uten original eske, men vi garanterer at v\u00e5re produkter har kvalitetssikring og pen emballasje.<br \/>\n2. Som alle delene vi har sjekket f\u00f8r frakt, s\u00e5 hvis du finner noen deler savnet eller skadet, ikke bekymre deg og bare kontakt oss, s\u00e5 kan vi sende dem til deg p\u00e5 nytt umiddelbart gratis.<\/p>\n<figure id=\"attachment_30714\" aria-describedby=\"caption-attachment-30714\" style=\"width: 800px\" class=\"wp-caption aligncenter\"><img fetchpriority=\"high\" decoding=\"async\" class=\"wp-image-30714 size-full\" src=\"https:\/\/mouldking.store\/wp-content\/uploads\/2022\/03\/DK-1501-Bleach-Zangetsu-5.jpg\" alt=\"DK 1501 V2 Bleach Zangetsu with 936 pieces\" width=\"800\" height=\"865\" title=\"-\" srcset=\"https:\/\/mouldking.store\/wp-content\/uploads\/2022\/03\/DK-1501-Bleach-Zangetsu-5.jpg 800w, https:\/\/mouldking.store\/wp-content\/uploads\/2022\/03\/DK-1501-Bleach-Zangetsu-5-277x300.jpg 277w, https:\/\/mouldking.store\/wp-content\/uploads\/2022\/03\/DK-1501-Bleach-Zangetsu-5-768x830.jpg 768w, https:\/\/mouldking.store\/wp-content\/uploads\/2022\/03\/DK-1501-Bleach-Zangetsu-5-300x324.jpg 300w, https:\/\/mouldking.store\/wp-content\/uploads\/2022\/03\/DK-1501-Bleach-Zangetsu-5-600x649.jpg 600w, https:\/\/mouldking.store\/wp-content\/uploads\/2022\/03\/DK-1501-Bleach-Zangetsu-5-139x150.jpg 139w\" sizes=\"(max-width: 800px) 100vw, 800px\" \/><figcaption id=\"caption-attachment-30714\" class=\"wp-caption-text\">DK 1501 V2 Bleach Zangetsu med 936 stk<\/figcaption><\/figure>\n<figure id=\"attachment_30710\" aria-describedby=\"caption-attachment-30710\" style=\"width: 800px\" class=\"wp-caption aligncenter\"><img decoding=\"async\" class=\"wp-image-30710 size-full\" src=\"https:\/\/mouldking.store\/wp-content\/uploads\/2022\/03\/DK-1501-Bleach-Zangetsu-1.jpg\" alt=\"DK 1501 V2 Bleach Zangetsu with 936 pieces\" width=\"800\" height=\"800\" title=\"-\" srcset=\"https:\/\/mouldking.store\/wp-content\/uploads\/2022\/03\/DK-1501-Bleach-Zangetsu-1.jpg 800w, https:\/\/mouldking.store\/wp-content\/uploads\/2022\/03\/DK-1501-Bleach-Zangetsu-1-300x300.jpg 300w, https:\/\/mouldking.store\/wp-content\/uploads\/2022\/03\/DK-1501-Bleach-Zangetsu-1-768x768.jpg 768w, https:\/\/mouldking.store\/wp-content\/uploads\/2022\/03\/DK-1501-Bleach-Zangetsu-1-600x600.jpg 600w, https:\/\/mouldking.store\/wp-content\/uploads\/2022\/03\/DK-1501-Bleach-Zangetsu-1-150x150.jpg 150w\" sizes=\"(max-width: 800px) 100vw, 800px\" \/><figcaption id=\"caption-attachment-30710\" class=\"wp-caption-text\">DK 1501 V2 Bleach Zangetsu med 936 stk<\/figcaption><\/figure>\n<figure id=\"attachment_30712\" aria-describedby=\"caption-attachment-30712\" style=\"width: 801px\" class=\"wp-caption aligncenter\"><img decoding=\"async\" class=\"wp-image-30712 size-full\" src=\"https:\/\/mouldking.store\/wp-content\/uploads\/2022\/03\/DK-1501-Bleach-Zangetsu-3.jpg\" alt=\"DK 1501 V2 Bleach Zangetsu with 936 pieces\" width=\"801\" height=\"1016\" title=\"-\" srcset=\"https:\/\/mouldking.store\/wp-content\/uploads\/2022\/03\/DK-1501-Bleach-Zangetsu-3.jpg 801w, https:\/\/mouldking.store\/wp-content\/uploads\/2022\/03\/DK-1501-Bleach-Zangetsu-3-237x300.jpg 237w, https:\/\/mouldking.store\/wp-content\/uploads\/2022\/03\/DK-1501-Bleach-Zangetsu-3-768x974.jpg 768w, https:\/\/mouldking.store\/wp-content\/uploads\/2022\/03\/DK-1501-Bleach-Zangetsu-3-300x381.jpg 300w, https:\/\/mouldking.store\/wp-content\/uploads\/2022\/03\/DK-1501-Bleach-Zangetsu-3-600x761.jpg 600w, https:\/\/mouldking.store\/wp-content\/uploads\/2022\/03\/DK-1501-Bleach-Zangetsu-3-118x150.jpg 118w\" sizes=\"(max-width: 801px) 100vw, 801px\" \/><figcaption id=\"caption-attachment-30712\" class=\"wp-caption-text\">DK 1501 V2 Bleach Zangetsu med 936 stk<\/figcaption><\/figure>\n<figure id=\"attachment_30713\" aria-describedby=\"caption-attachment-30713\" style=\"width: 801px\" class=\"wp-caption aligncenter\"><img loading=\"lazy\" decoding=\"async\" class=\"wp-image-30713 size-full\" src=\"https:\/\/mouldking.store\/wp-content\/uploads\/2022\/03\/DK-1501-Bleach-Zangetsu-4.jpg\" alt=\"DK 1501 V2 Bleach Zangetsu with 936 pieces\" width=\"801\" height=\"1014\" title=\"-\" srcset=\"https:\/\/mouldking.store\/wp-content\/uploads\/2022\/03\/DK-1501-Bleach-Zangetsu-4.jpg 801w, https:\/\/mouldking.store\/wp-content\/uploads\/2022\/03\/DK-1501-Bleach-Zangetsu-4-237x300.jpg 237w, https:\/\/mouldking.store\/wp-content\/uploads\/2022\/03\/DK-1501-Bleach-Zangetsu-4-768x972.jpg 768w, https:\/\/mouldking.store\/wp-content\/uploads\/2022\/03\/DK-1501-Bleach-Zangetsu-4-300x380.jpg 300w, https:\/\/mouldking.store\/wp-content\/uploads\/2022\/03\/DK-1501-Bleach-Zangetsu-4-600x760.jpg 600w, https:\/\/mouldking.store\/wp-content\/uploads\/2022\/03\/DK-1501-Bleach-Zangetsu-4-118x150.jpg 118w\" sizes=\"(max-width: 801px) 100vw, 801px\" \/><figcaption id=\"caption-attachment-30713\" class=\"wp-caption-text\">DK 1501 V2 Bleach Zangetsu med 936 stk<\/figcaption><\/figure>\n<figure id=\"attachment_30711\" aria-describedby=\"caption-attachment-30711\" style=\"width: 801px\" class=\"wp-caption aligncenter\"><img loading=\"lazy\" decoding=\"async\" class=\"wp-image-30711 size-full\" src=\"https:\/\/mouldking.store\/wp-content\/uploads\/2022\/03\/DK-1501-Bleach-Zangetsu-2.jpg\" alt=\"DK 1501 V2 Bleach Zangetsu with 936 pieces\" width=\"801\" height=\"920\" title=\"-\" srcset=\"https:\/\/mouldking.store\/wp-content\/uploads\/2022\/03\/DK-1501-Bleach-Zangetsu-2.jpg 801w, https:\/\/mouldking.store\/wp-content\/uploads\/2022\/03\/DK-1501-Bleach-Zangetsu-2-261x300.jpg 261w, https:\/\/mouldking.store\/wp-content\/uploads\/2022\/03\/DK-1501-Bleach-Zangetsu-2-768x882.jpg 768w, https:\/\/mouldking.store\/wp-content\/uploads\/2022\/03\/DK-1501-Bleach-Zangetsu-2-300x345.jpg 300w, https:\/\/mouldking.store\/wp-content\/uploads\/2022\/03\/DK-1501-Bleach-Zangetsu-2-600x689.jpg 600w, https:\/\/mouldking.store\/wp-content\/uploads\/2022\/03\/DK-1501-Bleach-Zangetsu-2-131x150.jpg 131w\" sizes=\"(max-width: 801px) 100vw, 801px\" \/><figcaption id=\"caption-attachment-30711\" class=\"wp-caption-text\">DK 1501 V2 Bleach Zangetsu med 936 stk<\/figcaption><\/figure>","protected":false},"excerpt":{"rendered":"<p>Product information: Brand: DK Gender: Unisex Name: V2 Bleach Zangetsu Age Range: &gt; 8 years old Model Number: 1501 Classification: Assemblage Plastic Block Shape: Self-Locking Bricks Material: Plastic Plastic Type: ABS Bricks Blocks: 936 PCS Contains detailed assembly instructions. Notice: 1. Without an original box, but we guarantee our products have quality assurance and nice [&hellip;]<\/p>","protected":false},"featured_media":30710,"comment_status":"closed","ping_status":"closed","template":"","meta":{"_acf_changed":false},"product_cat":[581],"product_tag":[5239,5240,2914,5237,5236,5235,5238,5241],"class_list":["product","first","instock","shipping-taxable","purchasable","product-type-simple"],"acf":[],"_links":{"self":[{"href":"https:\/\/mouldking.store\/nb\/wp-json\/wp\/v2\/product\/30709","targetHints":{"allow":["GET"]}}],"collection":[{"href":"https:\/\/mouldking.store\/nb\/wp-json\/wp\/v2\/product"}],"about":[{"href":"https:\/\/mouldking.store\/nb\/wp-json\/wp\/v2\/types\/product"}],"replies":[{"embeddable":true,"href":"https:\/\/mouldking.store\/nb\/wp-json\/wp\/v2\/comments?post=30709"}],"wp:featuredmedia":[{"embeddable":true,"href":"https:\/\/mouldking.store\/nb\/wp-json\/wp\/v2\/media\/30710"}],"wp:attachment":[{"href":"https:\/\/mouldking.store\/nb\/wp-json\/wp\/v2\/media?parent=30709"}],"wp:term":[{"taxonomy":"product_cat","embeddable":true,"href":"https:\/\/mouldking.store\/nb\/wp-json\/wp\/v2\/product_cat?post=30709"},{"taxonomy":"product_tag","embeddable":true,"href":"https:\/\/mouldking.store\/nb\/wp-json\/wp\/v2\/product_tag?post=30709"}],"curies":[{"name":"wp","href":"https:\/\/api.w.org\/{rel}","templated":true}]}}