{"id":30726,"date":"2022-03-08T15:56:54","date_gmt":"2022-03-08T08:56:54","guid":{"rendered":"https:\/\/mouldking.store\/?post_type=product&#038;p=30726"},"modified":"2022-03-08T15:56:54","modified_gmt":"2022-03-08T08:56:54","slug":"panlos-687002-king-kong-with-1803-pieces","status":"publish","type":"product","link":"https:\/\/mouldking.store\/nb\/shop\/panlos-687002-king-kong-with-1803-pieces\/","title":{"rendered":"PANLOS 687002 King Kong med 1803 stk"},"content":{"rendered":"<p>Produktinformasjon:<\/p>\n<ol>\n<li>Merke: PANLOS<\/li>\n<li>Kj\u00f8nn: Unisex<\/li>\n<li>Navn: King Kong<\/li>\n<li>Aldersgruppe: &gt; 6 \u00e5r gammel<\/li>\n<li>Modellnummer: 687002<\/li>\n<li>Klassifisering: Montering<\/li>\n<li>Plastblokkform: Selvl\u00e5sende murstein<\/li>\n<li>Materiale: Plast<\/li>\n<li>Plasttype: ABS<\/li>\n<li>Mursteinsblokker: 1803 STK<\/li>\n<li>Inneholder detaljerte monteringsanvisninger.<\/li>\n<\/ol>\n<p>Legge merke til:<br \/>\n1. Uten original eske, men vi garanterer at v\u00e5re produkter har kvalitetssikring og pen emballasje.<br \/>\n2. Som alle delene vi har sjekket f\u00f8r frakt, s\u00e5 hvis du finner noen deler savnet eller skadet, ikke bekymre deg og bare kontakt oss, s\u00e5 kan vi sende dem til deg p\u00e5 nytt umiddelbart gratis.<\/p>\n<figure id=\"attachment_30729\" aria-describedby=\"caption-attachment-30729\" style=\"width: 897px\" class=\"wp-caption aligncenter\"><img fetchpriority=\"high\" decoding=\"async\" class=\"wp-image-30729 size-full\" src=\"https:\/\/mouldking.store\/wp-content\/uploads\/2022\/03\/PANLOS-687002-King-Kong-2.jpg\" alt=\"PANLOS 687002 King Kong with 1803 pieces\" width=\"897\" height=\"889\" title=\"-\" srcset=\"https:\/\/mouldking.store\/wp-content\/uploads\/2022\/03\/PANLOS-687002-King-Kong-2.jpg 897w, https:\/\/mouldking.store\/wp-content\/uploads\/2022\/03\/PANLOS-687002-King-Kong-2-300x297.jpg 300w, https:\/\/mouldking.store\/wp-content\/uploads\/2022\/03\/PANLOS-687002-King-Kong-2-768x761.jpg 768w, https:\/\/mouldking.store\/wp-content\/uploads\/2022\/03\/PANLOS-687002-King-Kong-2-600x595.jpg 600w, https:\/\/mouldking.store\/wp-content\/uploads\/2022\/03\/PANLOS-687002-King-Kong-2-150x150.jpg 150w\" sizes=\"(max-width: 897px) 100vw, 897px\" \/><figcaption id=\"caption-attachment-30729\" class=\"wp-caption-text\">PANLOS 687002 King Kong med 1803 stk<\/figcaption><\/figure>\n<figure id=\"attachment_30730\" aria-describedby=\"caption-attachment-30730\" style=\"width: 897px\" class=\"wp-caption aligncenter\"><img decoding=\"async\" class=\"wp-image-30730 size-full\" src=\"https:\/\/mouldking.store\/wp-content\/uploads\/2022\/03\/PANLOS-687002-King-Kong-3.jpg\" alt=\"PANLOS 687002 King Kong with 1803 pieces\" width=\"897\" height=\"878\" title=\"-\" srcset=\"https:\/\/mouldking.store\/wp-content\/uploads\/2022\/03\/PANLOS-687002-King-Kong-3.jpg 897w, https:\/\/mouldking.store\/wp-content\/uploads\/2022\/03\/PANLOS-687002-King-Kong-3-300x294.jpg 300w, https:\/\/mouldking.store\/wp-content\/uploads\/2022\/03\/PANLOS-687002-King-Kong-3-768x752.jpg 768w, https:\/\/mouldking.store\/wp-content\/uploads\/2022\/03\/PANLOS-687002-King-Kong-3-600x587.jpg 600w, https:\/\/mouldking.store\/wp-content\/uploads\/2022\/03\/PANLOS-687002-King-Kong-3-150x147.jpg 150w\" sizes=\"(max-width: 897px) 100vw, 897px\" \/><figcaption id=\"caption-attachment-30730\" class=\"wp-caption-text\">PANLOS 687002 King Kong med 1803 stk<\/figcaption><\/figure>\n<figure id=\"attachment_30727\" aria-describedby=\"caption-attachment-30727\" style=\"width: 895px\" class=\"wp-caption aligncenter\"><img decoding=\"async\" class=\"wp-image-30727 size-full\" src=\"https:\/\/mouldking.store\/wp-content\/uploads\/2022\/03\/PANLOS-687002-King-Kong-4.jpg\" alt=\"PANLOS 687002 King Kong with 1803 pieces\" width=\"895\" height=\"878\" title=\"-\" srcset=\"https:\/\/mouldking.store\/wp-content\/uploads\/2022\/03\/PANLOS-687002-King-Kong-4.jpg 895w, https:\/\/mouldking.store\/wp-content\/uploads\/2022\/03\/PANLOS-687002-King-Kong-4-300x294.jpg 300w, https:\/\/mouldking.store\/wp-content\/uploads\/2022\/03\/PANLOS-687002-King-Kong-4-768x753.jpg 768w, https:\/\/mouldking.store\/wp-content\/uploads\/2022\/03\/PANLOS-687002-King-Kong-4-600x589.jpg 600w, https:\/\/mouldking.store\/wp-content\/uploads\/2022\/03\/PANLOS-687002-King-Kong-4-150x147.jpg 150w\" sizes=\"(max-width: 895px) 100vw, 895px\" \/><figcaption id=\"caption-attachment-30727\" class=\"wp-caption-text\">PANLOS 687002 King Kong med 1803 stk<\/figcaption><\/figure>\n<figure id=\"attachment_30728\" aria-describedby=\"caption-attachment-30728\" style=\"width: 800px\" class=\"wp-caption aligncenter\"><img loading=\"lazy\" decoding=\"async\" class=\"wp-image-30728 size-full\" src=\"https:\/\/mouldking.store\/wp-content\/uploads\/2022\/03\/PANLOS-687002-King-Kong-1.jpg\" alt=\"PANLOS 687002 King Kong with 1803 pieces\" width=\"800\" height=\"800\" title=\"-\" srcset=\"https:\/\/mouldking.store\/wp-content\/uploads\/2022\/03\/PANLOS-687002-King-Kong-1.jpg 800w, https:\/\/mouldking.store\/wp-content\/uploads\/2022\/03\/PANLOS-687002-King-Kong-1-300x300.jpg 300w, https:\/\/mouldking.store\/wp-content\/uploads\/2022\/03\/PANLOS-687002-King-Kong-1-768x768.jpg 768w, https:\/\/mouldking.store\/wp-content\/uploads\/2022\/03\/PANLOS-687002-King-Kong-1-600x600.jpg 600w, https:\/\/mouldking.store\/wp-content\/uploads\/2022\/03\/PANLOS-687002-King-Kong-1-150x150.jpg 150w\" sizes=\"(max-width: 800px) 100vw, 800px\" \/><figcaption id=\"caption-attachment-30728\" class=\"wp-caption-text\">PANLOS 687002 King Kong med 1803 stk<\/figcaption><\/figure>","protected":false},"excerpt":{"rendered":"<p>Product information: Brand: PANLOS Gender: Unisex Name: King Kong Age Range: &gt; 6 years old Model Number: 687002 Classification: Assemblage Plastic Block Shape: Self-Locking Bricks Material: Plastic Plastic Type: ABS Bricks Blocks: 1803 PCS Contains detailed assembly instructions. Notice: 1. Without an original box, but we guarantee our products have quality assurance and nice packaging. [&hellip;]<\/p>","protected":false},"featured_media":30727,"comment_status":"closed","ping_status":"closed","template":"","meta":{"_acf_changed":false},"product_cat":[581],"product_tag":[5253,2508,1851,5252,5251,5250],"class_list":["product","first","instock","shipping-taxable","purchasable","product-type-simple"],"acf":[],"_links":{"self":[{"href":"https:\/\/mouldking.store\/nb\/wp-json\/wp\/v2\/product\/30726","targetHints":{"allow":["GET"]}}],"collection":[{"href":"https:\/\/mouldking.store\/nb\/wp-json\/wp\/v2\/product"}],"about":[{"href":"https:\/\/mouldking.store\/nb\/wp-json\/wp\/v2\/types\/product"}],"replies":[{"embeddable":true,"href":"https:\/\/mouldking.store\/nb\/wp-json\/wp\/v2\/comments?post=30726"}],"wp:featuredmedia":[{"embeddable":true,"href":"https:\/\/mouldking.store\/nb\/wp-json\/wp\/v2\/media\/30727"}],"wp:attachment":[{"href":"https:\/\/mouldking.store\/nb\/wp-json\/wp\/v2\/media?parent=30726"}],"wp:term":[{"taxonomy":"product_cat","embeddable":true,"href":"https:\/\/mouldking.store\/nb\/wp-json\/wp\/v2\/product_cat?post=30726"},{"taxonomy":"product_tag","embeddable":true,"href":"https:\/\/mouldking.store\/nb\/wp-json\/wp\/v2\/product_tag?post=30726"}],"curies":[{"name":"wp","href":"https:\/\/api.w.org\/{rel}","templated":true}]}}