{"id":30745,"date":"2022-03-08T16:21:06","date_gmt":"2022-03-08T09:21:06","guid":{"rendered":"https:\/\/mouldking.store\/?post_type=product&#038;p=30745"},"modified":"2022-03-08T16:21:06","modified_gmt":"2022-03-08T09:21:06","slug":"xingbao-06043-gtk-boxer-bundeswehr-with-808-pieces","status":"publish","type":"product","link":"https:\/\/mouldking.store\/nb\/shop\/xingbao-06043-gtk-boxer-bundeswehr-with-808-pieces\/","title":{"rendered":"XINGBAO 06043 GTK Boxer Bundeswehr med 808 stk"},"content":{"rendered":"<p>Produktinformasjon:<\/p>\n<ol>\n<li>Merke: XINGBAO<\/li>\n<li>Kj\u00f8nn: Unisex<\/li>\n<li>Name: GTK Boxer Bundeswehr<\/li>\n<li>Aldersgruppe: &gt; 6 \u00e5r gammel<\/li>\n<li>Model Number: 06043<\/li>\n<li>Klassifisering: Montering<\/li>\n<li>Plastblokkform: Selvl\u00e5sende murstein<\/li>\n<li>Materiale: Plast<\/li>\n<li>Plasttype: ABS<\/li>\n<li>Bricks Blocks: 808 PCS<\/li>\n<li>Inneholder detaljerte monteringsanvisninger.<\/li>\n<\/ol>\n<p>Legge merke til:<br \/>\n1. Uten original eske, men vi garanterer at v\u00e5re produkter har kvalitetssikring og pen emballasje.<br \/>\n2. Som alle delene vi har sjekket f\u00f8r frakt, s\u00e5 hvis du finner noen deler savnet eller skadet, ikke bekymre deg og bare kontakt oss, s\u00e5 kan vi sende dem til deg p\u00e5 nytt umiddelbart gratis.<\/p>\n<figure id=\"attachment_30746\" aria-describedby=\"caption-attachment-30746\" style=\"width: 800px\" class=\"wp-caption aligncenter\"><img fetchpriority=\"high\" decoding=\"async\" class=\"wp-image-30746 size-full\" src=\"https:\/\/mouldking.store\/wp-content\/uploads\/2022\/03\/XingBao-06043-06050-Axis-Panthet-Tank.jpg\" alt=\"XINGBAO 06043 GTK Boxer Bundeswehr with 808 pieces\" width=\"800\" height=\"800\" title=\"-\" srcset=\"https:\/\/mouldking.store\/wp-content\/uploads\/2022\/03\/XingBao-06043-06050-Axis-Panthet-Tank.jpg 800w, https:\/\/mouldking.store\/wp-content\/uploads\/2022\/03\/XingBao-06043-06050-Axis-Panthet-Tank-300x300.jpg 300w, https:\/\/mouldking.store\/wp-content\/uploads\/2022\/03\/XingBao-06043-06050-Axis-Panthet-Tank-768x768.jpg 768w, https:\/\/mouldking.store\/wp-content\/uploads\/2022\/03\/XingBao-06043-06050-Axis-Panthet-Tank-600x600.jpg 600w, https:\/\/mouldking.store\/wp-content\/uploads\/2022\/03\/XingBao-06043-06050-Axis-Panthet-Tank-150x150.jpg 150w\" sizes=\"(max-width: 800px) 100vw, 800px\" \/><figcaption id=\"caption-attachment-30746\" class=\"wp-caption-text\">XINGBAO 06043 GTK Boxer Bundeswehr med 808 stk<\/figcaption><\/figure>\n<figure id=\"attachment_30747\" aria-describedby=\"caption-attachment-30747\" style=\"width: 1000px\" class=\"wp-caption aligncenter\"><img decoding=\"async\" class=\"wp-image-30747 size-full\" src=\"https:\/\/mouldking.store\/wp-content\/uploads\/2022\/03\/XINGBAO-06043-GTK-Boxer-Bundeswehr-with-808-pieces-1.jpg\" alt=\"XINGBAO 06043 GTK Boxer Bundeswehr with 808 pieces\" width=\"1000\" height=\"563\" title=\"-\" srcset=\"https:\/\/mouldking.store\/wp-content\/uploads\/2022\/03\/XINGBAO-06043-GTK-Boxer-Bundeswehr-with-808-pieces-1.jpg 1000w, https:\/\/mouldking.store\/wp-content\/uploads\/2022\/03\/XINGBAO-06043-GTK-Boxer-Bundeswehr-with-808-pieces-1-300x169.jpg 300w, https:\/\/mouldking.store\/wp-content\/uploads\/2022\/03\/XINGBAO-06043-GTK-Boxer-Bundeswehr-with-808-pieces-1-768x432.jpg 768w, https:\/\/mouldking.store\/wp-content\/uploads\/2022\/03\/XINGBAO-06043-GTK-Boxer-Bundeswehr-with-808-pieces-1-600x338.jpg 600w, https:\/\/mouldking.store\/wp-content\/uploads\/2022\/03\/XINGBAO-06043-GTK-Boxer-Bundeswehr-with-808-pieces-1-150x84.jpg 150w\" sizes=\"(max-width: 1000px) 100vw, 1000px\" \/><figcaption id=\"caption-attachment-30747\" class=\"wp-caption-text\">XINGBAO 06043 GTK Boxer Bundeswehr med 808 stk<\/figcaption><\/figure>\n<figure id=\"attachment_30753\" aria-describedby=\"caption-attachment-30753\" style=\"width: 930px\" class=\"wp-caption aligncenter\"><img decoding=\"async\" class=\"wp-image-30753 size-full\" src=\"https:\/\/mouldking.store\/wp-content\/uploads\/2022\/03\/XINGBAO-06043-GTK-Boxer-Bundeswehr-with-808-pieces-7.jpg\" alt=\"XINGBAO 06043 GTK Boxer Bundeswehr with 808 pieces\" width=\"930\" height=\"930\" title=\"-\" srcset=\"https:\/\/mouldking.store\/wp-content\/uploads\/2022\/03\/XINGBAO-06043-GTK-Boxer-Bundeswehr-with-808-pieces-7.jpg 930w, https:\/\/mouldking.store\/wp-content\/uploads\/2022\/03\/XINGBAO-06043-GTK-Boxer-Bundeswehr-with-808-pieces-7-300x300.jpg 300w, https:\/\/mouldking.store\/wp-content\/uploads\/2022\/03\/XINGBAO-06043-GTK-Boxer-Bundeswehr-with-808-pieces-7-768x768.jpg 768w, https:\/\/mouldking.store\/wp-content\/uploads\/2022\/03\/XINGBAO-06043-GTK-Boxer-Bundeswehr-with-808-pieces-7-600x600.jpg 600w, https:\/\/mouldking.store\/wp-content\/uploads\/2022\/03\/XINGBAO-06043-GTK-Boxer-Bundeswehr-with-808-pieces-7-150x150.jpg 150w\" sizes=\"(max-width: 930px) 100vw, 930px\" \/><figcaption id=\"caption-attachment-30753\" class=\"wp-caption-text\">XINGBAO 06043 GTK Boxer Bundeswehr med 808 stk<\/figcaption><\/figure>\n<figure id=\"attachment_30755\" aria-describedby=\"caption-attachment-30755\" style=\"width: 930px\" class=\"wp-caption aligncenter\"><img loading=\"lazy\" decoding=\"async\" class=\"wp-image-30755 size-full\" src=\"https:\/\/mouldking.store\/wp-content\/uploads\/2022\/03\/XINGBAO-06043-GTK-Boxer-Bundeswehr-with-808-pieces-9.jpg\" alt=\"XINGBAO 06043 GTK Boxer Bundeswehr with 808 pieces\" width=\"930\" height=\"930\" title=\"-\" srcset=\"https:\/\/mouldking.store\/wp-content\/uploads\/2022\/03\/XINGBAO-06043-GTK-Boxer-Bundeswehr-with-808-pieces-9.jpg 930w, https:\/\/mouldking.store\/wp-content\/uploads\/2022\/03\/XINGBAO-06043-GTK-Boxer-Bundeswehr-with-808-pieces-9-300x300.jpg 300w, https:\/\/mouldking.store\/wp-content\/uploads\/2022\/03\/XINGBAO-06043-GTK-Boxer-Bundeswehr-with-808-pieces-9-768x768.jpg 768w, https:\/\/mouldking.store\/wp-content\/uploads\/2022\/03\/XINGBAO-06043-GTK-Boxer-Bundeswehr-with-808-pieces-9-600x600.jpg 600w, https:\/\/mouldking.store\/wp-content\/uploads\/2022\/03\/XINGBAO-06043-GTK-Boxer-Bundeswehr-with-808-pieces-9-150x150.jpg 150w\" sizes=\"(max-width: 930px) 100vw, 930px\" \/><figcaption id=\"caption-attachment-30755\" class=\"wp-caption-text\">XINGBAO 06043 GTK Boxer Bundeswehr med 808 stk<\/figcaption><\/figure>\n<figure id=\"attachment_30756\" aria-describedby=\"caption-attachment-30756\" style=\"width: 930px\" class=\"wp-caption aligncenter\"><img loading=\"lazy\" decoding=\"async\" class=\"wp-image-30756 size-full\" src=\"https:\/\/mouldking.store\/wp-content\/uploads\/2022\/03\/XINGBAO-06043-GTK-Boxer-Bundeswehr-with-808-pieces-10.jpg\" alt=\"XINGBAO 06043 GTK Boxer Bundeswehr with 808 pieces\" width=\"930\" height=\"930\" title=\"-\" srcset=\"https:\/\/mouldking.store\/wp-content\/uploads\/2022\/03\/XINGBAO-06043-GTK-Boxer-Bundeswehr-with-808-pieces-10.jpg 930w, https:\/\/mouldking.store\/wp-content\/uploads\/2022\/03\/XINGBAO-06043-GTK-Boxer-Bundeswehr-with-808-pieces-10-300x300.jpg 300w, https:\/\/mouldking.store\/wp-content\/uploads\/2022\/03\/XINGBAO-06043-GTK-Boxer-Bundeswehr-with-808-pieces-10-768x768.jpg 768w, https:\/\/mouldking.store\/wp-content\/uploads\/2022\/03\/XINGBAO-06043-GTK-Boxer-Bundeswehr-with-808-pieces-10-600x600.jpg 600w, https:\/\/mouldking.store\/wp-content\/uploads\/2022\/03\/XINGBAO-06043-GTK-Boxer-Bundeswehr-with-808-pieces-10-150x150.jpg 150w\" sizes=\"(max-width: 930px) 100vw, 930px\" \/><figcaption id=\"caption-attachment-30756\" class=\"wp-caption-text\">XINGBAO 06043 GTK Boxer Bundeswehr med 808 stk<\/figcaption><\/figure>\n<figure id=\"attachment_30757\" aria-describedby=\"caption-attachment-30757\" style=\"width: 1000px\" class=\"wp-caption aligncenter\"><img loading=\"lazy\" decoding=\"async\" class=\"wp-image-30757 size-full\" src=\"https:\/\/mouldking.store\/wp-content\/uploads\/2022\/03\/XINGBAO-06043-GTK-Boxer-Bundeswehr-with-808-pieces-11.jpg\" alt=\"XINGBAO 06043 GTK Boxer Bundeswehr with 808 pieces\" width=\"1000\" height=\"1000\" title=\"-\" srcset=\"https:\/\/mouldking.store\/wp-content\/uploads\/2022\/03\/XINGBAO-06043-GTK-Boxer-Bundeswehr-with-808-pieces-11.jpg 1000w, https:\/\/mouldking.store\/wp-content\/uploads\/2022\/03\/XINGBAO-06043-GTK-Boxer-Bundeswehr-with-808-pieces-11-300x300.jpg 300w, https:\/\/mouldking.store\/wp-content\/uploads\/2022\/03\/XINGBAO-06043-GTK-Boxer-Bundeswehr-with-808-pieces-11-768x768.jpg 768w, https:\/\/mouldking.store\/wp-content\/uploads\/2022\/03\/XINGBAO-06043-GTK-Boxer-Bundeswehr-with-808-pieces-11-600x600.jpg 600w, https:\/\/mouldking.store\/wp-content\/uploads\/2022\/03\/XINGBAO-06043-GTK-Boxer-Bundeswehr-with-808-pieces-11-150x150.jpg 150w\" sizes=\"(max-width: 1000px) 100vw, 1000px\" \/><figcaption id=\"caption-attachment-30757\" class=\"wp-caption-text\">XINGBAO 06043 GTK Boxer Bundeswehr med 808 stk<\/figcaption><\/figure>\n<figure id=\"attachment_30754\" aria-describedby=\"caption-attachment-30754\" style=\"width: 930px\" class=\"wp-caption aligncenter\"><img loading=\"lazy\" decoding=\"async\" class=\"wp-image-30754 size-full\" src=\"https:\/\/mouldking.store\/wp-content\/uploads\/2022\/03\/XINGBAO-06043-GTK-Boxer-Bundeswehr-with-808-pieces-8.jpg\" alt=\"XINGBAO 06043 GTK Boxer Bundeswehr with 808 pieces\" width=\"930\" height=\"780\" title=\"-\" srcset=\"https:\/\/mouldking.store\/wp-content\/uploads\/2022\/03\/XINGBAO-06043-GTK-Boxer-Bundeswehr-with-808-pieces-8.jpg 930w, https:\/\/mouldking.store\/wp-content\/uploads\/2022\/03\/XINGBAO-06043-GTK-Boxer-Bundeswehr-with-808-pieces-8-300x252.jpg 300w, https:\/\/mouldking.store\/wp-content\/uploads\/2022\/03\/XINGBAO-06043-GTK-Boxer-Bundeswehr-with-808-pieces-8-768x644.jpg 768w, https:\/\/mouldking.store\/wp-content\/uploads\/2022\/03\/XINGBAO-06043-GTK-Boxer-Bundeswehr-with-808-pieces-8-600x503.jpg 600w, https:\/\/mouldking.store\/wp-content\/uploads\/2022\/03\/XINGBAO-06043-GTK-Boxer-Bundeswehr-with-808-pieces-8-150x126.jpg 150w\" sizes=\"(max-width: 930px) 100vw, 930px\" \/><figcaption id=\"caption-attachment-30754\" class=\"wp-caption-text\">XINGBAO 06043 GTK Boxer Bundeswehr med 808 stk<\/figcaption><\/figure>\n<figure id=\"attachment_30752\" aria-describedby=\"caption-attachment-30752\" style=\"width: 930px\" class=\"wp-caption aligncenter\"><img loading=\"lazy\" decoding=\"async\" class=\"wp-image-30752 size-full\" src=\"https:\/\/mouldking.store\/wp-content\/uploads\/2022\/03\/XINGBAO-06043-GTK-Boxer-Bundeswehr-with-808-pieces-6.jpg\" alt=\"XINGBAO 06043 GTK Boxer Bundeswehr with 808 pieces\" width=\"930\" height=\"930\" title=\"-\" srcset=\"https:\/\/mouldking.store\/wp-content\/uploads\/2022\/03\/XINGBAO-06043-GTK-Boxer-Bundeswehr-with-808-pieces-6.jpg 930w, https:\/\/mouldking.store\/wp-content\/uploads\/2022\/03\/XINGBAO-06043-GTK-Boxer-Bundeswehr-with-808-pieces-6-300x300.jpg 300w, https:\/\/mouldking.store\/wp-content\/uploads\/2022\/03\/XINGBAO-06043-GTK-Boxer-Bundeswehr-with-808-pieces-6-768x768.jpg 768w, https:\/\/mouldking.store\/wp-content\/uploads\/2022\/03\/XINGBAO-06043-GTK-Boxer-Bundeswehr-with-808-pieces-6-600x600.jpg 600w, https:\/\/mouldking.store\/wp-content\/uploads\/2022\/03\/XINGBAO-06043-GTK-Boxer-Bundeswehr-with-808-pieces-6-150x150.jpg 150w\" sizes=\"(max-width: 930px) 100vw, 930px\" \/><figcaption id=\"caption-attachment-30752\" class=\"wp-caption-text\">XINGBAO 06043 GTK Boxer Bundeswehr med 808 stk<\/figcaption><\/figure>\n<figure id=\"attachment_30749\" aria-describedby=\"caption-attachment-30749\" style=\"width: 930px\" class=\"wp-caption aligncenter\"><img loading=\"lazy\" decoding=\"async\" class=\"wp-image-30749 size-full\" src=\"https:\/\/mouldking.store\/wp-content\/uploads\/2022\/03\/XINGBAO-06043-GTK-Boxer-Bundeswehr-with-808-pieces-3.jpg\" alt=\"XINGBAO 06043 GTK Boxer Bundeswehr with 808 pieces\" width=\"930\" height=\"619\" title=\"-\" srcset=\"https:\/\/mouldking.store\/wp-content\/uploads\/2022\/03\/XINGBAO-06043-GTK-Boxer-Bundeswehr-with-808-pieces-3.jpg 930w, https:\/\/mouldking.store\/wp-content\/uploads\/2022\/03\/XINGBAO-06043-GTK-Boxer-Bundeswehr-with-808-pieces-3-300x200.jpg 300w, https:\/\/mouldking.store\/wp-content\/uploads\/2022\/03\/XINGBAO-06043-GTK-Boxer-Bundeswehr-with-808-pieces-3-768x511.jpg 768w, https:\/\/mouldking.store\/wp-content\/uploads\/2022\/03\/XINGBAO-06043-GTK-Boxer-Bundeswehr-with-808-pieces-3-600x399.jpg 600w, https:\/\/mouldking.store\/wp-content\/uploads\/2022\/03\/XINGBAO-06043-GTK-Boxer-Bundeswehr-with-808-pieces-3-150x100.jpg 150w\" sizes=\"(max-width: 930px) 100vw, 930px\" \/><figcaption id=\"caption-attachment-30749\" class=\"wp-caption-text\">XINGBAO 06043 GTK Boxer Bundeswehr med 808 stk<\/figcaption><\/figure>\n<figure id=\"attachment_30750\" aria-describedby=\"caption-attachment-30750\" style=\"width: 930px\" class=\"wp-caption aligncenter\"><img loading=\"lazy\" decoding=\"async\" class=\"wp-image-30750 size-full\" src=\"https:\/\/mouldking.store\/wp-content\/uploads\/2022\/03\/XINGBAO-06043-GTK-Boxer-Bundeswehr-with-808-pieces-4.jpg\" alt=\"XINGBAO 06043 GTK Boxer Bundeswehr with 808 pieces\" width=\"930\" height=\"619\" title=\"-\" srcset=\"https:\/\/mouldking.store\/wp-content\/uploads\/2022\/03\/XINGBAO-06043-GTK-Boxer-Bundeswehr-with-808-pieces-4.jpg 930w, https:\/\/mouldking.store\/wp-content\/uploads\/2022\/03\/XINGBAO-06043-GTK-Boxer-Bundeswehr-with-808-pieces-4-300x200.jpg 300w, https:\/\/mouldking.store\/wp-content\/uploads\/2022\/03\/XINGBAO-06043-GTK-Boxer-Bundeswehr-with-808-pieces-4-768x511.jpg 768w, https:\/\/mouldking.store\/wp-content\/uploads\/2022\/03\/XINGBAO-06043-GTK-Boxer-Bundeswehr-with-808-pieces-4-600x399.jpg 600w, https:\/\/mouldking.store\/wp-content\/uploads\/2022\/03\/XINGBAO-06043-GTK-Boxer-Bundeswehr-with-808-pieces-4-150x100.jpg 150w\" sizes=\"(max-width: 930px) 100vw, 930px\" \/><figcaption id=\"caption-attachment-30750\" class=\"wp-caption-text\">XINGBAO 06043 GTK Boxer Bundeswehr med 808 stk<\/figcaption><\/figure>\n<figure id=\"attachment_30751\" aria-describedby=\"caption-attachment-30751\" style=\"width: 930px\" class=\"wp-caption aligncenter\"><img loading=\"lazy\" decoding=\"async\" class=\"wp-image-30751 size-full\" src=\"https:\/\/mouldking.store\/wp-content\/uploads\/2022\/03\/XINGBAO-06043-GTK-Boxer-Bundeswehr-with-808-pieces-5.jpg\" alt=\"XINGBAO 06043 GTK Boxer Bundeswehr with 808 pieces\" width=\"930\" height=\"619\" title=\"-\" srcset=\"https:\/\/mouldking.store\/wp-content\/uploads\/2022\/03\/XINGBAO-06043-GTK-Boxer-Bundeswehr-with-808-pieces-5.jpg 930w, https:\/\/mouldking.store\/wp-content\/uploads\/2022\/03\/XINGBAO-06043-GTK-Boxer-Bundeswehr-with-808-pieces-5-300x200.jpg 300w, https:\/\/mouldking.store\/wp-content\/uploads\/2022\/03\/XINGBAO-06043-GTK-Boxer-Bundeswehr-with-808-pieces-5-768x511.jpg 768w, https:\/\/mouldking.store\/wp-content\/uploads\/2022\/03\/XINGBAO-06043-GTK-Boxer-Bundeswehr-with-808-pieces-5-600x399.jpg 600w, https:\/\/mouldking.store\/wp-content\/uploads\/2022\/03\/XINGBAO-06043-GTK-Boxer-Bundeswehr-with-808-pieces-5-150x100.jpg 150w\" sizes=\"(max-width: 930px) 100vw, 930px\" \/><figcaption id=\"caption-attachment-30751\" class=\"wp-caption-text\">XINGBAO 06043 GTK Boxer Bundeswehr med 808 stk<\/figcaption><\/figure>\n<figure id=\"attachment_30748\" aria-describedby=\"caption-attachment-30748\" style=\"width: 930px\" class=\"wp-caption aligncenter\"><img loading=\"lazy\" decoding=\"async\" class=\"wp-image-30748 size-full\" src=\"https:\/\/mouldking.store\/wp-content\/uploads\/2022\/03\/XINGBAO-06043-GTK-Boxer-Bundeswehr-with-808-pieces-2.jpg\" alt=\"XINGBAO 06043 GTK Boxer Bundeswehr with 808 pieces\" width=\"930\" height=\"619\" title=\"-\" srcset=\"https:\/\/mouldking.store\/wp-content\/uploads\/2022\/03\/XINGBAO-06043-GTK-Boxer-Bundeswehr-with-808-pieces-2.jpg 930w, https:\/\/mouldking.store\/wp-content\/uploads\/2022\/03\/XINGBAO-06043-GTK-Boxer-Bundeswehr-with-808-pieces-2-300x200.jpg 300w, https:\/\/mouldking.store\/wp-content\/uploads\/2022\/03\/XINGBAO-06043-GTK-Boxer-Bundeswehr-with-808-pieces-2-768x511.jpg 768w, https:\/\/mouldking.store\/wp-content\/uploads\/2022\/03\/XINGBAO-06043-GTK-Boxer-Bundeswehr-with-808-pieces-2-600x399.jpg 600w, https:\/\/mouldking.store\/wp-content\/uploads\/2022\/03\/XINGBAO-06043-GTK-Boxer-Bundeswehr-with-808-pieces-2-150x100.jpg 150w\" sizes=\"(max-width: 930px) 100vw, 930px\" \/><figcaption id=\"caption-attachment-30748\" class=\"wp-caption-text\">XINGBAO 06043 GTK Boxer Bundeswehr med 808 stk<\/figcaption><\/figure>","protected":false},"excerpt":{"rendered":"<p>Product information: Brand: XINGBAO Gender: Unisex Name: GTK Boxer Bundeswehr Age Range: &gt; 6 years old Model Number: 06043 Classification: Assemblage Plastic Block Shape: Self-Locking Bricks Material: Plastic Plastic Type: ABS Bricks Blocks: 808 PCS Contains detailed assembly instructions. Notice: 1. Without an original box, but we guarantee our products have quality assurance and nice [&hellip;]<\/p>","protected":false},"featured_media":30746,"comment_status":"closed","ping_status":"closed","template":"","meta":{"_acf_changed":false},"product_cat":[372],"product_tag":[5276,5278,5279,5277,5275,1512,5274,5273,5272],"class_list":["product","first","instock","shipping-taxable","purchasable","product-type-simple"],"acf":[],"_links":{"self":[{"href":"https:\/\/mouldking.store\/nb\/wp-json\/wp\/v2\/product\/30745","targetHints":{"allow":["GET"]}}],"collection":[{"href":"https:\/\/mouldking.store\/nb\/wp-json\/wp\/v2\/product"}],"about":[{"href":"https:\/\/mouldking.store\/nb\/wp-json\/wp\/v2\/types\/product"}],"replies":[{"embeddable":true,"href":"https:\/\/mouldking.store\/nb\/wp-json\/wp\/v2\/comments?post=30745"}],"wp:featuredmedia":[{"embeddable":true,"href":"https:\/\/mouldking.store\/nb\/wp-json\/wp\/v2\/media\/30746"}],"wp:attachment":[{"href":"https:\/\/mouldking.store\/nb\/wp-json\/wp\/v2\/media?parent=30745"}],"wp:term":[{"taxonomy":"product_cat","embeddable":true,"href":"https:\/\/mouldking.store\/nb\/wp-json\/wp\/v2\/product_cat?post=30745"},{"taxonomy":"product_tag","embeddable":true,"href":"https:\/\/mouldking.store\/nb\/wp-json\/wp\/v2\/product_tag?post=30745"}],"curies":[{"name":"wp","href":"https:\/\/api.w.org\/{rel}","templated":true}]}}