{"id":30812,"date":"2022-03-08T17:07:39","date_gmt":"2022-03-08T10:07:39","guid":{"rendered":"https:\/\/mouldking.store\/?post_type=product&#038;p=30812"},"modified":"2022-03-08T17:07:40","modified_gmt":"2022-03-08T10:07:40","slug":"quanguan-722-demon-slayer-kimetsu-no-yaiba-nichirin-sword-with-806-pieces","status":"publish","type":"product","link":"https:\/\/mouldking.store\/nb\/shop\/quanguan-722-demon-slayer-kimetsu-no-yaiba-nichirin-sword-with-806-pieces\/","title":{"rendered":"Quanguan 722 Demon Slayer: Kimetsu no Yaiba Nichirin Sword med 806 brikker"},"content":{"rendered":"<p>Produktinformasjon:<\/p>\n<ol>\n<li>Brand: Quanguan<\/li>\n<li>Kj\u00f8nn: Unisex<\/li>\n<li>Name: Demon Slayer: Kimetsu no Yaiba Nichirin Sword<\/li>\n<li>Aldersgruppe: &gt; 6 \u00e5r gammel<\/li>\n<li>Model Number: 722<\/li>\n<li>Klassifisering: Montering<\/li>\n<li>Plastblokkform: Selvl\u00e5sende murstein<\/li>\n<li>Materiale: Plast<\/li>\n<li>Plasttype: ABS<\/li>\n<li>Bricks Blocks: 806 PCS<\/li>\n<li>Inneholder detaljerte monteringsanvisninger.<\/li>\n<\/ol>\n<p>Legge merke til:<br \/>\n1. Uten original eske, men vi garanterer at v\u00e5re produkter har kvalitetssikring og pen emballasje.<br \/>\n2. Som alle delene vi har sjekket f\u00f8r frakt, s\u00e5 hvis du finner noen deler savnet eller skadet, ikke bekymre deg og bare kontakt oss, s\u00e5 kan vi sende dem til deg p\u00e5 nytt umiddelbart gratis.<\/p>\n<figure id=\"attachment_30813\" aria-describedby=\"caption-attachment-30813\" style=\"width: 800px\" class=\"wp-caption aligncenter\"><img fetchpriority=\"high\" decoding=\"async\" class=\"wp-image-30813 size-full\" src=\"https:\/\/mouldking.store\/wp-content\/uploads\/2022\/03\/Quanguan-722-Demon-Slayer-Kimetsu-no-Yaiba-Nichirin-Sword-1.jpg\" alt=\"Quanguan 722 Demon Slayer: Kimetsu no Yaiba Nichirin Sword with 806 pieces\" width=\"800\" height=\"800\" title=\"-\" srcset=\"https:\/\/mouldking.store\/wp-content\/uploads\/2022\/03\/Quanguan-722-Demon-Slayer-Kimetsu-no-Yaiba-Nichirin-Sword-1.jpg 800w, https:\/\/mouldking.store\/wp-content\/uploads\/2022\/03\/Quanguan-722-Demon-Slayer-Kimetsu-no-Yaiba-Nichirin-Sword-1-300x300.jpg 300w, https:\/\/mouldking.store\/wp-content\/uploads\/2022\/03\/Quanguan-722-Demon-Slayer-Kimetsu-no-Yaiba-Nichirin-Sword-1-768x768.jpg 768w, https:\/\/mouldking.store\/wp-content\/uploads\/2022\/03\/Quanguan-722-Demon-Slayer-Kimetsu-no-Yaiba-Nichirin-Sword-1-600x600.jpg 600w, https:\/\/mouldking.store\/wp-content\/uploads\/2022\/03\/Quanguan-722-Demon-Slayer-Kimetsu-no-Yaiba-Nichirin-Sword-1-150x150.jpg 150w\" sizes=\"(max-width: 800px) 100vw, 800px\" \/><figcaption id=\"caption-attachment-30813\" class=\"wp-caption-text\">Quanguan 722 Demon Slayer: Kimetsu no Yaiba Nichirin Sword med 806 brikker<\/figcaption><\/figure>\n<figure id=\"attachment_30817\" aria-describedby=\"caption-attachment-30817\" style=\"width: 679px\" class=\"wp-caption aligncenter\"><img decoding=\"async\" class=\"wp-image-30817 size-full\" src=\"https:\/\/mouldking.store\/wp-content\/uploads\/2022\/03\/Quanguan-722-Demon-Slayer-Kimetsu-no-Yaiba-Nichirin-Sword-4.png\" alt=\"Quanguan 722 Demon Slayer: Kimetsu no Yaiba Nichirin Sword with 806 pieces\" width=\"679\" height=\"694\" title=\"-\" srcset=\"https:\/\/mouldking.store\/wp-content\/uploads\/2022\/03\/Quanguan-722-Demon-Slayer-Kimetsu-no-Yaiba-Nichirin-Sword-4.png 679w, https:\/\/mouldking.store\/wp-content\/uploads\/2022\/03\/Quanguan-722-Demon-Slayer-Kimetsu-no-Yaiba-Nichirin-Sword-4-294x300.png 294w, https:\/\/mouldking.store\/wp-content\/uploads\/2022\/03\/Quanguan-722-Demon-Slayer-Kimetsu-no-Yaiba-Nichirin-Sword-4-300x307.png 300w, https:\/\/mouldking.store\/wp-content\/uploads\/2022\/03\/Quanguan-722-Demon-Slayer-Kimetsu-no-Yaiba-Nichirin-Sword-4-600x613.png 600w, https:\/\/mouldking.store\/wp-content\/uploads\/2022\/03\/Quanguan-722-Demon-Slayer-Kimetsu-no-Yaiba-Nichirin-Sword-4-147x150.png 147w\" sizes=\"(max-width: 679px) 100vw, 679px\" \/><figcaption id=\"caption-attachment-30817\" class=\"wp-caption-text\">Quanguan 722 Demon Slayer: Kimetsu no Yaiba Nichirin Sword med 806 brikker<\/figcaption><\/figure>\n<figure id=\"attachment_30816\" aria-describedby=\"caption-attachment-30816\" style=\"width: 684px\" class=\"wp-caption aligncenter\"><img decoding=\"async\" class=\"wp-image-30816 size-full\" src=\"https:\/\/mouldking.store\/wp-content\/uploads\/2022\/03\/Quanguan-722-Demon-Slayer-Kimetsu-no-Yaiba-Nichirin-Sword-3.png\" alt=\"Quanguan 722 Demon Slayer: Kimetsu no Yaiba Nichirin Sword with 806 pieces\" width=\"684\" height=\"689\" title=\"-\" srcset=\"https:\/\/mouldking.store\/wp-content\/uploads\/2022\/03\/Quanguan-722-Demon-Slayer-Kimetsu-no-Yaiba-Nichirin-Sword-3.png 684w, https:\/\/mouldking.store\/wp-content\/uploads\/2022\/03\/Quanguan-722-Demon-Slayer-Kimetsu-no-Yaiba-Nichirin-Sword-3-298x300.png 298w, https:\/\/mouldking.store\/wp-content\/uploads\/2022\/03\/Quanguan-722-Demon-Slayer-Kimetsu-no-Yaiba-Nichirin-Sword-3-300x302.png 300w, https:\/\/mouldking.store\/wp-content\/uploads\/2022\/03\/Quanguan-722-Demon-Slayer-Kimetsu-no-Yaiba-Nichirin-Sword-3-600x604.png 600w, https:\/\/mouldking.store\/wp-content\/uploads\/2022\/03\/Quanguan-722-Demon-Slayer-Kimetsu-no-Yaiba-Nichirin-Sword-3-150x150.png 150w\" sizes=\"(max-width: 684px) 100vw, 684px\" \/><figcaption id=\"caption-attachment-30816\" class=\"wp-caption-text\">Quanguan 722 Demon Slayer: Kimetsu no Yaiba Nichirin Sword med 806 brikker<\/figcaption><\/figure>\n<figure id=\"attachment_30815\" aria-describedby=\"caption-attachment-30815\" style=\"width: 683px\" class=\"wp-caption aligncenter\"><img loading=\"lazy\" decoding=\"async\" class=\"wp-image-30815 size-full\" src=\"https:\/\/mouldking.store\/wp-content\/uploads\/2022\/03\/Quanguan-722-Demon-Slayer-Kimetsu-no-Yaiba-Nichirin-Sword-2.png\" alt=\"Quanguan 722 Demon Slayer: Kimetsu no Yaiba Nichirin Sword with 806 pieces\" width=\"683\" height=\"693\" title=\"-\" srcset=\"https:\/\/mouldking.store\/wp-content\/uploads\/2022\/03\/Quanguan-722-Demon-Slayer-Kimetsu-no-Yaiba-Nichirin-Sword-2.png 683w, https:\/\/mouldking.store\/wp-content\/uploads\/2022\/03\/Quanguan-722-Demon-Slayer-Kimetsu-no-Yaiba-Nichirin-Sword-2-296x300.png 296w, https:\/\/mouldking.store\/wp-content\/uploads\/2022\/03\/Quanguan-722-Demon-Slayer-Kimetsu-no-Yaiba-Nichirin-Sword-2-300x304.png 300w, https:\/\/mouldking.store\/wp-content\/uploads\/2022\/03\/Quanguan-722-Demon-Slayer-Kimetsu-no-Yaiba-Nichirin-Sword-2-600x609.png 600w, https:\/\/mouldking.store\/wp-content\/uploads\/2022\/03\/Quanguan-722-Demon-Slayer-Kimetsu-no-Yaiba-Nichirin-Sword-2-148x150.png 148w\" sizes=\"(max-width: 683px) 100vw, 683px\" \/><figcaption id=\"caption-attachment-30815\" class=\"wp-caption-text\">Quanguan 722 Demon Slayer: Kimetsu no Yaiba Nichirin Sword med 806 brikker<\/figcaption><\/figure>\n<figure id=\"attachment_30814\" aria-describedby=\"caption-attachment-30814\" style=\"width: 680px\" class=\"wp-caption aligncenter\"><img loading=\"lazy\" decoding=\"async\" class=\"wp-image-30814 size-full\" src=\"https:\/\/mouldking.store\/wp-content\/uploads\/2022\/03\/Quanguan-722-Demon-Slayer-Kimetsu-no-Yaiba-Nichirin-Sword-1.png\" alt=\"Quanguan 722 Demon Slayer: Kimetsu no Yaiba Nichirin Sword with 806 pieces\" width=\"680\" height=\"693\" title=\"-\" srcset=\"https:\/\/mouldking.store\/wp-content\/uploads\/2022\/03\/Quanguan-722-Demon-Slayer-Kimetsu-no-Yaiba-Nichirin-Sword-1.png 680w, https:\/\/mouldking.store\/wp-content\/uploads\/2022\/03\/Quanguan-722-Demon-Slayer-Kimetsu-no-Yaiba-Nichirin-Sword-1-294x300.png 294w, https:\/\/mouldking.store\/wp-content\/uploads\/2022\/03\/Quanguan-722-Demon-Slayer-Kimetsu-no-Yaiba-Nichirin-Sword-1-300x306.png 300w, https:\/\/mouldking.store\/wp-content\/uploads\/2022\/03\/Quanguan-722-Demon-Slayer-Kimetsu-no-Yaiba-Nichirin-Sword-1-600x611.png 600w, https:\/\/mouldking.store\/wp-content\/uploads\/2022\/03\/Quanguan-722-Demon-Slayer-Kimetsu-no-Yaiba-Nichirin-Sword-1-147x150.png 147w\" sizes=\"(max-width: 680px) 100vw, 680px\" \/><figcaption id=\"caption-attachment-30814\" class=\"wp-caption-text\">Quanguan 722 Demon Slayer: Kimetsu no Yaiba Nichirin Sword med 806 brikker<\/figcaption><\/figure>","protected":false},"excerpt":{"rendered":"<p>Product information: Brand: Quanguan Gender: Unisex Name: Demon Slayer: Kimetsu no Yaiba Nichirin Sword Age Range: &gt; 6 years old Model Number: 722 Classification: Assemblage Plastic Block Shape: Self-Locking Bricks Material: Plastic Plastic Type: ABS Bricks Blocks: 806 PCS Contains detailed assembly instructions. Notice: 1. Without an original box, but we guarantee our products have [&hellip;]<\/p>","protected":false},"featured_media":30813,"comment_status":"closed","ping_status":"closed","template":"","meta":{"_acf_changed":false},"product_cat":[581],"product_tag":[2977,5311,5315,5313,2975,5310,5312,5309,5308,2981,5314],"class_list":["product","first","instock","shipping-taxable","purchasable","product-type-simple"],"acf":[],"_links":{"self":[{"href":"https:\/\/mouldking.store\/nb\/wp-json\/wp\/v2\/product\/30812","targetHints":{"allow":["GET"]}}],"collection":[{"href":"https:\/\/mouldking.store\/nb\/wp-json\/wp\/v2\/product"}],"about":[{"href":"https:\/\/mouldking.store\/nb\/wp-json\/wp\/v2\/types\/product"}],"replies":[{"embeddable":true,"href":"https:\/\/mouldking.store\/nb\/wp-json\/wp\/v2\/comments?post=30812"}],"wp:featuredmedia":[{"embeddable":true,"href":"https:\/\/mouldking.store\/nb\/wp-json\/wp\/v2\/media\/30813"}],"wp:attachment":[{"href":"https:\/\/mouldking.store\/nb\/wp-json\/wp\/v2\/media?parent=30812"}],"wp:term":[{"taxonomy":"product_cat","embeddable":true,"href":"https:\/\/mouldking.store\/nb\/wp-json\/wp\/v2\/product_cat?post=30812"},{"taxonomy":"product_tag","embeddable":true,"href":"https:\/\/mouldking.store\/nb\/wp-json\/wp\/v2\/product_tag?post=30812"}],"curies":[{"name":"wp","href":"https:\/\/api.w.org\/{rel}","templated":true}]}}