{"id":30818,"date":"2022-03-08T17:15:37","date_gmt":"2022-03-08T10:15:37","guid":{"rendered":"https:\/\/mouldking.store\/?post_type=product&#038;p=30818"},"modified":"2022-03-08T17:15:37","modified_gmt":"2022-03-08T10:15:37","slug":"k-box-10249-toyota-supra-with-2628-pieces","status":"publish","type":"product","link":"https:\/\/mouldking.store\/nb\/shop\/k-box-10249-toyota-supra-with-2628-pieces\/","title":{"rendered":"K BOX 10249 Toyota Supra med 2628 stk"},"content":{"rendered":"<p>Produktinformasjon:<\/p>\n<ol>\n<li>Brand: K BOX<\/li>\n<li>Kj\u00f8nn: Unisex<\/li>\n<li>Name: Toyota Supra<\/li>\n<li>Aldersgruppe: &gt; 14 \u00e5r gammel<\/li>\n<li>Model Number: 10249<\/li>\n<li>Klassifisering: Montering<\/li>\n<li>Plastblokkform: Selvl\u00e5sende murstein<\/li>\n<li>Materiale: Plast<\/li>\n<li>Plasttype: ABS<\/li>\n<li>Bricks Blocks: 2628 PCS<\/li>\n<li>Inneholder detaljerte monteringsanvisninger.<\/li>\n<\/ol>\n<p>Legge merke til:<br \/>\n1. Uten original eske, men vi garanterer at v\u00e5re produkter har kvalitetssikring og pen emballasje.<br \/>\n2. Som alle delene vi har sjekket f\u00f8r frakt, s\u00e5 hvis du finner noen deler savnet eller skadet, ikke bekymre deg og bare kontakt oss, s\u00e5 kan vi sende dem til deg p\u00e5 nytt umiddelbart gratis.<\/p>\n<figure id=\"attachment_30825\" aria-describedby=\"caption-attachment-30825\" style=\"width: 800px\" class=\"wp-caption aligncenter\"><img fetchpriority=\"high\" decoding=\"async\" class=\"wp-image-30825 size-full\" src=\"https:\/\/mouldking.store\/wp-content\/uploads\/2022\/03\/K-Box-10249-Toyota-Bull-Demon-Supra-110-6.jpg\" alt=\"K BOX 10249 Toyota Supra with 2628 pieces\" width=\"800\" height=\"800\" title=\"-\" srcset=\"https:\/\/mouldking.store\/wp-content\/uploads\/2022\/03\/K-Box-10249-Toyota-Bull-Demon-Supra-110-6.jpg 800w, https:\/\/mouldking.store\/wp-content\/uploads\/2022\/03\/K-Box-10249-Toyota-Bull-Demon-Supra-110-6-300x300.jpg 300w, https:\/\/mouldking.store\/wp-content\/uploads\/2022\/03\/K-Box-10249-Toyota-Bull-Demon-Supra-110-6-768x768.jpg 768w, https:\/\/mouldking.store\/wp-content\/uploads\/2022\/03\/K-Box-10249-Toyota-Bull-Demon-Supra-110-6-600x600.jpg 600w, https:\/\/mouldking.store\/wp-content\/uploads\/2022\/03\/K-Box-10249-Toyota-Bull-Demon-Supra-110-6-150x150.jpg 150w\" sizes=\"(max-width: 800px) 100vw, 800px\" \/><figcaption id=\"caption-attachment-30825\" class=\"wp-caption-text\">K BOX 10249 Toyota Supra med 2628 stk<\/figcaption><\/figure>\n<figure id=\"attachment_30821\" aria-describedby=\"caption-attachment-30821\" style=\"width: 830px\" class=\"wp-caption aligncenter\"><img decoding=\"async\" class=\"wp-image-30821 size-full\" src=\"https:\/\/mouldking.store\/wp-content\/uploads\/2022\/03\/K-Box-10249-Toyota-Bull-Demon-Supra-110-4.jpg\" alt=\"K BOX 10249 Toyota Supra with 2628 pieces\" width=\"830\" height=\"822\" title=\"-\" srcset=\"https:\/\/mouldking.store\/wp-content\/uploads\/2022\/03\/K-Box-10249-Toyota-Bull-Demon-Supra-110-4.jpg 830w, https:\/\/mouldking.store\/wp-content\/uploads\/2022\/03\/K-Box-10249-Toyota-Bull-Demon-Supra-110-4-300x297.jpg 300w, https:\/\/mouldking.store\/wp-content\/uploads\/2022\/03\/K-Box-10249-Toyota-Bull-Demon-Supra-110-4-768x761.jpg 768w, https:\/\/mouldking.store\/wp-content\/uploads\/2022\/03\/K-Box-10249-Toyota-Bull-Demon-Supra-110-4-600x594.jpg 600w, https:\/\/mouldking.store\/wp-content\/uploads\/2022\/03\/K-Box-10249-Toyota-Bull-Demon-Supra-110-4-150x150.jpg 150w\" sizes=\"(max-width: 830px) 100vw, 830px\" \/><figcaption id=\"caption-attachment-30821\" class=\"wp-caption-text\">K BOX 10249 Toyota Supra med 2628 stk<\/figcaption><\/figure>\n<figure id=\"attachment_30820\" aria-describedby=\"caption-attachment-30820\" style=\"width: 640px\" class=\"wp-caption aligncenter\"><img decoding=\"async\" class=\"wp-image-30820 size-full\" src=\"https:\/\/mouldking.store\/wp-content\/uploads\/2022\/03\/K-Box-10249-Toyota-Bull-Demon-Supra-110-7.jpg\" alt=\"K BOX 10249 Toyota Supra with 2628 pieces\" width=\"640\" height=\"640\" title=\"-\" srcset=\"https:\/\/mouldking.store\/wp-content\/uploads\/2022\/03\/K-Box-10249-Toyota-Bull-Demon-Supra-110-7.jpg 640w, https:\/\/mouldking.store\/wp-content\/uploads\/2022\/03\/K-Box-10249-Toyota-Bull-Demon-Supra-110-7-300x300.jpg 300w, https:\/\/mouldking.store\/wp-content\/uploads\/2022\/03\/K-Box-10249-Toyota-Bull-Demon-Supra-110-7-600x600.jpg 600w, https:\/\/mouldking.store\/wp-content\/uploads\/2022\/03\/K-Box-10249-Toyota-Bull-Demon-Supra-110-7-150x150.jpg 150w\" sizes=\"(max-width: 640px) 100vw, 640px\" \/><figcaption id=\"caption-attachment-30820\" class=\"wp-caption-text\">K BOX 10249 Toyota Supra med 2628 stk<\/figcaption><\/figure>\n<figure id=\"attachment_30823\" aria-describedby=\"caption-attachment-30823\" style=\"width: 800px\" class=\"wp-caption aligncenter\"><img loading=\"lazy\" decoding=\"async\" class=\"wp-image-30823 size-full\" src=\"https:\/\/mouldking.store\/wp-content\/uploads\/2022\/03\/K-Box-10249-Toyota-Bull-Demon-Supra-110-3.jpg\" alt=\"K BOX 10249 Toyota Supra with 2628 pieces\" width=\"800\" height=\"800\" title=\"-\" srcset=\"https:\/\/mouldking.store\/wp-content\/uploads\/2022\/03\/K-Box-10249-Toyota-Bull-Demon-Supra-110-3.jpg 800w, https:\/\/mouldking.store\/wp-content\/uploads\/2022\/03\/K-Box-10249-Toyota-Bull-Demon-Supra-110-3-300x300.jpg 300w, https:\/\/mouldking.store\/wp-content\/uploads\/2022\/03\/K-Box-10249-Toyota-Bull-Demon-Supra-110-3-768x768.jpg 768w, https:\/\/mouldking.store\/wp-content\/uploads\/2022\/03\/K-Box-10249-Toyota-Bull-Demon-Supra-110-3-600x600.jpg 600w, https:\/\/mouldking.store\/wp-content\/uploads\/2022\/03\/K-Box-10249-Toyota-Bull-Demon-Supra-110-3-150x150.jpg 150w\" sizes=\"(max-width: 800px) 100vw, 800px\" \/><figcaption id=\"caption-attachment-30823\" class=\"wp-caption-text\">K BOX 10249 Toyota Supra med 2628 stk<\/figcaption><\/figure>\n<figure id=\"attachment_30824\" aria-describedby=\"caption-attachment-30824\" style=\"width: 800px\" class=\"wp-caption aligncenter\"><img loading=\"lazy\" decoding=\"async\" class=\"wp-image-30824 size-full\" src=\"https:\/\/mouldking.store\/wp-content\/uploads\/2022\/03\/K-Box-10249-Toyota-Bull-Demon-Supra-110-2.jpg\" alt=\"K BOX 10249 Toyota Supra with 2628 pieces\" width=\"800\" height=\"800\" title=\"-\" srcset=\"https:\/\/mouldking.store\/wp-content\/uploads\/2022\/03\/K-Box-10249-Toyota-Bull-Demon-Supra-110-2.jpg 800w, https:\/\/mouldking.store\/wp-content\/uploads\/2022\/03\/K-Box-10249-Toyota-Bull-Demon-Supra-110-2-300x300.jpg 300w, https:\/\/mouldking.store\/wp-content\/uploads\/2022\/03\/K-Box-10249-Toyota-Bull-Demon-Supra-110-2-768x768.jpg 768w, https:\/\/mouldking.store\/wp-content\/uploads\/2022\/03\/K-Box-10249-Toyota-Bull-Demon-Supra-110-2-600x600.jpg 600w, https:\/\/mouldking.store\/wp-content\/uploads\/2022\/03\/K-Box-10249-Toyota-Bull-Demon-Supra-110-2-150x150.jpg 150w\" sizes=\"(max-width: 800px) 100vw, 800px\" \/><figcaption id=\"caption-attachment-30824\" class=\"wp-caption-text\">K BOX 10249 Toyota Supra med 2628 stk<\/figcaption><\/figure>\n<figure id=\"attachment_30819\" aria-describedby=\"caption-attachment-30819\" style=\"width: 800px\" class=\"wp-caption aligncenter\"><img loading=\"lazy\" decoding=\"async\" class=\"wp-image-30819 size-full\" src=\"https:\/\/mouldking.store\/wp-content\/uploads\/2022\/03\/K-Box-10249-Toyota-Bull-Demon-Supra-110-1.jpg\" alt=\"K BOX 10249 Toyota Supra with 2628 pieces\" width=\"800\" height=\"800\" title=\"-\" srcset=\"https:\/\/mouldking.store\/wp-content\/uploads\/2022\/03\/K-Box-10249-Toyota-Bull-Demon-Supra-110-1.jpg 800w, https:\/\/mouldking.store\/wp-content\/uploads\/2022\/03\/K-Box-10249-Toyota-Bull-Demon-Supra-110-1-300x300.jpg 300w, https:\/\/mouldking.store\/wp-content\/uploads\/2022\/03\/K-Box-10249-Toyota-Bull-Demon-Supra-110-1-768x768.jpg 768w, https:\/\/mouldking.store\/wp-content\/uploads\/2022\/03\/K-Box-10249-Toyota-Bull-Demon-Supra-110-1-600x600.jpg 600w, https:\/\/mouldking.store\/wp-content\/uploads\/2022\/03\/K-Box-10249-Toyota-Bull-Demon-Supra-110-1-150x150.jpg 150w\" sizes=\"(max-width: 800px) 100vw, 800px\" \/><figcaption id=\"caption-attachment-30819\" class=\"wp-caption-text\">K BOX 10249 Toyota Supra med 2628 stk<\/figcaption><\/figure>","protected":false},"excerpt":{"rendered":"<p>Product information: Brand: K BOX Gender: Unisex Name: Toyota Supra Age Range: &gt; 14 years old Model Number: 10249 Classification: Assemblage Plastic Block Shape: Self-Locking Bricks Material: Plastic Plastic Type: ABS Bricks Blocks: 2628 PCS Contains detailed assembly instructions. Notice: 1. Without an original box, but we guarantee our products have quality assurance and nice [&hellip;]<\/p>","protected":false},"featured_media":30825,"comment_status":"closed","ping_status":"closed","template":"","meta":{"_acf_changed":false},"product_cat":[364],"product_tag":[5320,5318,5317,5316,2969,5321,3353,5319],"class_list":["product","first","instock","shipping-taxable","purchasable","product-type-variable"],"acf":[],"_links":{"self":[{"href":"https:\/\/mouldking.store\/nb\/wp-json\/wp\/v2\/product\/30818","targetHints":{"allow":["GET"]}}],"collection":[{"href":"https:\/\/mouldking.store\/nb\/wp-json\/wp\/v2\/product"}],"about":[{"href":"https:\/\/mouldking.store\/nb\/wp-json\/wp\/v2\/types\/product"}],"replies":[{"embeddable":true,"href":"https:\/\/mouldking.store\/nb\/wp-json\/wp\/v2\/comments?post=30818"}],"wp:featuredmedia":[{"embeddable":true,"href":"https:\/\/mouldking.store\/nb\/wp-json\/wp\/v2\/media\/30825"}],"wp:attachment":[{"href":"https:\/\/mouldking.store\/nb\/wp-json\/wp\/v2\/media?parent=30818"}],"wp:term":[{"taxonomy":"product_cat","embeddable":true,"href":"https:\/\/mouldking.store\/nb\/wp-json\/wp\/v2\/product_cat?post=30818"},{"taxonomy":"product_tag","embeddable":true,"href":"https:\/\/mouldking.store\/nb\/wp-json\/wp\/v2\/product_tag?post=30818"}],"curies":[{"name":"wp","href":"https:\/\/api.w.org\/{rel}","templated":true}]}}