{"id":31305,"date":"2022-05-27T10:40:30","date_gmt":"2022-05-27T03:40:30","guid":{"rendered":"https:\/\/mouldking.store\/?post_type=product&#038;p=31305"},"modified":"2025-12-25T09:12:29","modified_gmt":"2025-12-25T02:12:29","slug":"yourbricks-30001-millennium-falcon-ucs-engine-mod-v2-moc-75192-with-242-pieces","status":"publish","type":"product","link":"https:\/\/mouldking.store\/nb\/shop\/yourbricks-30001-millennium-falcon-ucs-engine-mod-v2-moc-75192-with-242-pieces\/","title":{"rendered":"YOURBRICKS 30001 Millennium Falcon UCS Engine MOD V2 MOC 75192 med 242 deler"},"content":{"rendered":"<p>Produktinformasjon:<\/p>\n<ol>\n<li>Brand: YOURBRICKS<\/li>\n<li>Kj\u00f8nn: Unisex<\/li>\n<li>Name: Millennium Falcon UCS Engine MOD V2 MOC 75192<\/li>\n<li>Aldersgruppe: &gt; 6 \u00e5r gammel<\/li>\n<li>Model Number: 30001<\/li>\n<li>Klassifisering: Montering<\/li>\n<li>Plastblokkform: Selvl\u00e5sende murstein<\/li>\n<li>Materiale: Plast<\/li>\n<li>Plasttype: ABS<\/li>\n<li>Bricks Blocks: 242 PCS<\/li>\n<li>Inneholder detaljerte monteringsanvisninger.<\/li>\n<\/ol>\n<p>Legge merke til:<br \/>\n1. Uten original eske, men vi garanterer at v\u00e5re produkter har kvalitetssikring og pen emballasje.<br \/>\n2. Som alle delene vi har sjekket f\u00f8r frakt, s\u00e5 hvis du finner noen deler savnet eller skadet, ikke bekymre deg og bare kontakt oss, s\u00e5 kan vi sende dem til deg p\u00e5 nytt umiddelbart gratis.<\/p>\n<p>&nbsp;<\/p>\n<figure id=\"attachment_31306\" aria-describedby=\"caption-attachment-31306\" style=\"width: 800px\" class=\"wp-caption aligncenter\"><img fetchpriority=\"high\" decoding=\"async\" class=\"wp-image-31306 size-full\" src=\"https:\/\/mouldking.store\/wp-content\/uploads\/2022\/05\/YOURBRICKS-30001-Millennium-Falcon-UCS-Engine-MOD-V2-1.jpg\" alt=\"YOURBRICKS 30001 Millennium Falcon UCS Engine MOD V2 MOC 75192 with 242 pieces\" width=\"800\" height=\"800\" title=\"-\" srcset=\"https:\/\/mouldking.store\/wp-content\/uploads\/2022\/05\/YOURBRICKS-30001-Millennium-Falcon-UCS-Engine-MOD-V2-1.jpg 800w, https:\/\/mouldking.store\/wp-content\/uploads\/2022\/05\/YOURBRICKS-30001-Millennium-Falcon-UCS-Engine-MOD-V2-1-300x300.jpg 300w, https:\/\/mouldking.store\/wp-content\/uploads\/2022\/05\/YOURBRICKS-30001-Millennium-Falcon-UCS-Engine-MOD-V2-1-768x768.jpg 768w, https:\/\/mouldking.store\/wp-content\/uploads\/2022\/05\/YOURBRICKS-30001-Millennium-Falcon-UCS-Engine-MOD-V2-1-600x600.jpg 600w, https:\/\/mouldking.store\/wp-content\/uploads\/2022\/05\/YOURBRICKS-30001-Millennium-Falcon-UCS-Engine-MOD-V2-1-150x150.jpg 150w\" sizes=\"(max-width: 800px) 100vw, 800px\" \/><figcaption id=\"caption-attachment-31306\" class=\"wp-caption-text\">YOURBRICKS 30001 Millennium Falcon UCS Engine MOD V2 MOC 75192 med 242 deler<\/figcaption><\/figure>\n<figure id=\"attachment_31308\" aria-describedby=\"caption-attachment-31308\" style=\"width: 1024px\" class=\"wp-caption aligncenter\"><img decoding=\"async\" class=\"wp-image-31308 size-full\" src=\"https:\/\/mouldking.store\/wp-content\/uploads\/2022\/05\/YOURBRICKS-30001-Millennium-Falcon-UCS-Engine-MOD-V2-3.jpg\" alt=\"YOURBRICKS 30001 Millennium Falcon UCS Engine MOD V2 MOC 75192 with 242 pieces\" width=\"1024\" height=\"768\" title=\"-\" srcset=\"https:\/\/mouldking.store\/wp-content\/uploads\/2022\/05\/YOURBRICKS-30001-Millennium-Falcon-UCS-Engine-MOD-V2-3.jpg 1024w, https:\/\/mouldking.store\/wp-content\/uploads\/2022\/05\/YOURBRICKS-30001-Millennium-Falcon-UCS-Engine-MOD-V2-3-300x225.jpg 300w, https:\/\/mouldking.store\/wp-content\/uploads\/2022\/05\/YOURBRICKS-30001-Millennium-Falcon-UCS-Engine-MOD-V2-3-768x576.jpg 768w, https:\/\/mouldking.store\/wp-content\/uploads\/2022\/05\/YOURBRICKS-30001-Millennium-Falcon-UCS-Engine-MOD-V2-3-600x450.jpg 600w, https:\/\/mouldking.store\/wp-content\/uploads\/2022\/05\/YOURBRICKS-30001-Millennium-Falcon-UCS-Engine-MOD-V2-3-150x113.jpg 150w\" sizes=\"(max-width: 1024px) 100vw, 1024px\" \/><figcaption id=\"caption-attachment-31308\" class=\"wp-caption-text\">YOURBRICKS 30001 Millennium Falcon UCS Engine MOD V2 MOC 75192 med 242 deler<\/figcaption><\/figure>\n<figure id=\"attachment_31307\" aria-describedby=\"caption-attachment-31307\" style=\"width: 1024px\" class=\"wp-caption aligncenter\"><img decoding=\"async\" class=\"wp-image-31307 size-full\" src=\"https:\/\/mouldking.store\/wp-content\/uploads\/2022\/05\/YOURBRICKS-30001-Millennium-Falcon-UCS-Engine-MOD-V2-2.jpg\" alt=\"YOURBRICKS 30001 Millennium Falcon UCS Engine MOD V2 MOC 75192 with 242 pieces\" width=\"1024\" height=\"768\" title=\"-\" srcset=\"https:\/\/mouldking.store\/wp-content\/uploads\/2022\/05\/YOURBRICKS-30001-Millennium-Falcon-UCS-Engine-MOD-V2-2.jpg 1024w, https:\/\/mouldking.store\/wp-content\/uploads\/2022\/05\/YOURBRICKS-30001-Millennium-Falcon-UCS-Engine-MOD-V2-2-300x225.jpg 300w, https:\/\/mouldking.store\/wp-content\/uploads\/2022\/05\/YOURBRICKS-30001-Millennium-Falcon-UCS-Engine-MOD-V2-2-768x576.jpg 768w, https:\/\/mouldking.store\/wp-content\/uploads\/2022\/05\/YOURBRICKS-30001-Millennium-Falcon-UCS-Engine-MOD-V2-2-600x450.jpg 600w, https:\/\/mouldking.store\/wp-content\/uploads\/2022\/05\/YOURBRICKS-30001-Millennium-Falcon-UCS-Engine-MOD-V2-2-150x113.jpg 150w\" sizes=\"(max-width: 1024px) 100vw, 1024px\" \/><figcaption id=\"caption-attachment-31307\" class=\"wp-caption-text\">YOURBRICKS 30001 Millennium Falcon UCS Engine MOD V2 MOC 75192 med 242 deler<\/figcaption><\/figure>","protected":false},"excerpt":{"rendered":"<p>Product information: Brand: YOURBRICKS Gender: Unisex Name: Millennium Falcon UCS Engine MOD V2 MOC 75192 Age Range: &gt; 6 years old Model Number: 30001 Classification: Assemblage Plastic Block Shape: Self-Locking Bricks Material: Plastic Plastic Type: ABS Bricks Blocks: 242 PCS Contains detailed assembly instructions. Notice: 1. Without an original box, but we guarantee our products [&hellip;]<\/p>","protected":false},"featured_media":31306,"comment_status":"closed","ping_status":"closed","template":"","meta":{"_acf_changed":false},"product_cat":[415],"product_tag":[1872,5346,5349,5348,3989,5345,5344,5342,4093,5347,5343,5341,5340,5339],"class_list":["product","first","instock","shipping-taxable","purchasable","product-type-simple"],"acf":[],"_links":{"self":[{"href":"https:\/\/mouldking.store\/nb\/wp-json\/wp\/v2\/product\/31305","targetHints":{"allow":["GET"]}}],"collection":[{"href":"https:\/\/mouldking.store\/nb\/wp-json\/wp\/v2\/product"}],"about":[{"href":"https:\/\/mouldking.store\/nb\/wp-json\/wp\/v2\/types\/product"}],"replies":[{"embeddable":true,"href":"https:\/\/mouldking.store\/nb\/wp-json\/wp\/v2\/comments?post=31305"}],"wp:featuredmedia":[{"embeddable":true,"href":"https:\/\/mouldking.store\/nb\/wp-json\/wp\/v2\/media\/31306"}],"wp:attachment":[{"href":"https:\/\/mouldking.store\/nb\/wp-json\/wp\/v2\/media?parent=31305"}],"wp:term":[{"taxonomy":"product_cat","embeddable":true,"href":"https:\/\/mouldking.store\/nb\/wp-json\/wp\/v2\/product_cat?post=31305"},{"taxonomy":"product_tag","embeddable":true,"href":"https:\/\/mouldking.store\/nb\/wp-json\/wp\/v2\/product_tag?post=31305"}],"curies":[{"name":"wp","href":"https:\/\/api.w.org\/{rel}","templated":true}]}}