{"id":31309,"date":"2022-05-27T10:48:28","date_gmt":"2022-05-27T03:48:28","guid":{"rendered":"https:\/\/mouldking.store\/?post_type=product&#038;p=31309"},"modified":"2022-05-27T10:48:28","modified_gmt":"2022-05-27T03:48:28","slug":"quanguan-724-assassin-wu-liuqi-qingfeng-sword-with-763-pieces","status":"publish","type":"product","link":"https:\/\/mouldking.store\/nb\/shop\/quanguan-724-assassin-wu-liuqi-qingfeng-sword-with-763-pieces\/","title":{"rendered":"QuanGuan 724 Assassin Wu Liuqi Qingfeng sverd med 763 deler"},"content":{"rendered":"<p>Produktinformasjon:<\/p>\n<ol>\n<li>Merke: QuanGuan<\/li>\n<li>Kj\u00f8nn: Unisex<\/li>\n<li>Name: Assassin Wu Liuqi Qingfeng Sword<\/li>\n<li>Aldersgruppe: &gt; 6 \u00e5r gammel<\/li>\n<li>Model Number: 724<\/li>\n<li>Klassifisering: Montering<\/li>\n<li>Plastblokkform: Selvl\u00e5sende murstein<\/li>\n<li>Materiale: Plast<\/li>\n<li>Plasttype: ABS<\/li>\n<li>Bricks Blocks: 763 PCS<\/li>\n<li>Inneholder detaljerte monteringsanvisninger.<\/li>\n<\/ol>\n<p>Legge merke til:<br \/>\n1. Uten original eske, men vi garanterer at v\u00e5re produkter har kvalitetssikring og pen emballasje.<br \/>\n2. Som alle delene vi har sjekket f\u00f8r frakt, s\u00e5 hvis du finner noen deler savnet eller skadet, ikke bekymre deg og bare kontakt oss, s\u00e5 kan vi sende dem til deg p\u00e5 nytt umiddelbart gratis.<\/p>\n<p>&nbsp;<\/p>\n<figure id=\"attachment_31310\" aria-describedby=\"caption-attachment-31310\" style=\"width: 746px\" class=\"wp-caption aligncenter\"><img fetchpriority=\"high\" decoding=\"async\" class=\"wp-image-31310 size-full\" src=\"https:\/\/mouldking.store\/wp-content\/uploads\/2022\/05\/QUANGUAN-724-Assassin-Wu-Liuqi-Qingfeng-Sword-1.jpg\" alt=\"QuanGuan 724 Assassin Wu Liuqi Qingfeng Sword with 763 pieces\" width=\"746\" height=\"755\" title=\"-\" srcset=\"https:\/\/mouldking.store\/wp-content\/uploads\/2022\/05\/QUANGUAN-724-Assassin-Wu-Liuqi-Qingfeng-Sword-1.jpg 746w, https:\/\/mouldking.store\/wp-content\/uploads\/2022\/05\/QUANGUAN-724-Assassin-Wu-Liuqi-Qingfeng-Sword-1-296x300.jpg 296w, https:\/\/mouldking.store\/wp-content\/uploads\/2022\/05\/QUANGUAN-724-Assassin-Wu-Liuqi-Qingfeng-Sword-1-300x304.jpg 300w, https:\/\/mouldking.store\/wp-content\/uploads\/2022\/05\/QUANGUAN-724-Assassin-Wu-Liuqi-Qingfeng-Sword-1-600x607.jpg 600w, https:\/\/mouldking.store\/wp-content\/uploads\/2022\/05\/QUANGUAN-724-Assassin-Wu-Liuqi-Qingfeng-Sword-1-148x150.jpg 148w\" sizes=\"(max-width: 746px) 100vw, 746px\" \/><figcaption id=\"caption-attachment-31310\" class=\"wp-caption-text\">QuanGuan 724 Assassin Wu Liuqi Qingfeng sverd med 763 deler<\/figcaption><\/figure>\n<figure id=\"attachment_31312\" aria-describedby=\"caption-attachment-31312\" style=\"width: 800px\" class=\"wp-caption aligncenter\"><img decoding=\"async\" class=\"wp-image-31312\" src=\"https:\/\/mouldking.store\/wp-content\/uploads\/2022\/05\/QuanGuan-724-Assassin-Wu-Liuqi-Qingfeng-Sword-with-763-pieces-1-300x300.jpg\" alt=\"QuanGuan 724 Assassin Wu Liuqi Qingfeng Sword with 763 pieces\" width=\"800\" height=\"800\" title=\"-\" srcset=\"https:\/\/mouldking.store\/wp-content\/uploads\/2022\/05\/QuanGuan-724-Assassin-Wu-Liuqi-Qingfeng-Sword-with-763-pieces-1-300x300.jpg 300w, https:\/\/mouldking.store\/wp-content\/uploads\/2022\/05\/QuanGuan-724-Assassin-Wu-Liuqi-Qingfeng-Sword-with-763-pieces-1-768x768.jpg 768w, https:\/\/mouldking.store\/wp-content\/uploads\/2022\/05\/QuanGuan-724-Assassin-Wu-Liuqi-Qingfeng-Sword-with-763-pieces-1-600x600.jpg 600w, https:\/\/mouldking.store\/wp-content\/uploads\/2022\/05\/QuanGuan-724-Assassin-Wu-Liuqi-Qingfeng-Sword-with-763-pieces-1-150x150.jpg 150w, https:\/\/mouldking.store\/wp-content\/uploads\/2022\/05\/QuanGuan-724-Assassin-Wu-Liuqi-Qingfeng-Sword-with-763-pieces-1.jpg 1000w\" sizes=\"(max-width: 800px) 100vw, 800px\" \/><figcaption id=\"caption-attachment-31312\" class=\"wp-caption-text\">QuanGuan 724 Assassin Wu Liuqi Qingfeng sverd med 763 deler<\/figcaption><\/figure>\n<figure id=\"attachment_31315\" aria-describedby=\"caption-attachment-31315\" style=\"width: 800px\" class=\"wp-caption aligncenter\"><img decoding=\"async\" class=\"wp-image-31315\" src=\"https:\/\/mouldking.store\/wp-content\/uploads\/2022\/05\/QuanGuan-724-Assassin-Wu-Liuqi-Qingfeng-Sword-with-763-pieces-4-300x300.jpg\" alt=\"QuanGuan 724 Assassin Wu Liuqi Qingfeng Sword with 763 pieces\" width=\"800\" height=\"800\" title=\"-\" srcset=\"https:\/\/mouldking.store\/wp-content\/uploads\/2022\/05\/QuanGuan-724-Assassin-Wu-Liuqi-Qingfeng-Sword-with-763-pieces-4-300x300.jpg 300w, https:\/\/mouldking.store\/wp-content\/uploads\/2022\/05\/QuanGuan-724-Assassin-Wu-Liuqi-Qingfeng-Sword-with-763-pieces-4-768x768.jpg 768w, https:\/\/mouldking.store\/wp-content\/uploads\/2022\/05\/QuanGuan-724-Assassin-Wu-Liuqi-Qingfeng-Sword-with-763-pieces-4-600x600.jpg 600w, https:\/\/mouldking.store\/wp-content\/uploads\/2022\/05\/QuanGuan-724-Assassin-Wu-Liuqi-Qingfeng-Sword-with-763-pieces-4-150x150.jpg 150w, https:\/\/mouldking.store\/wp-content\/uploads\/2022\/05\/QuanGuan-724-Assassin-Wu-Liuqi-Qingfeng-Sword-with-763-pieces-4.jpg 1000w\" sizes=\"(max-width: 800px) 100vw, 800px\" \/><figcaption id=\"caption-attachment-31315\" class=\"wp-caption-text\">QuanGuan 724 Assassin Wu Liuqi Qingfeng sverd med 763 deler<\/figcaption><\/figure>\n<figure id=\"attachment_31314\" aria-describedby=\"caption-attachment-31314\" style=\"width: 800px\" class=\"wp-caption aligncenter\"><img loading=\"lazy\" decoding=\"async\" class=\"wp-image-31314\" src=\"https:\/\/mouldking.store\/wp-content\/uploads\/2022\/05\/QuanGuan-724-Assassin-Wu-Liuqi-Qingfeng-Sword-with-763-pieces-3-300x300.jpg\" alt=\"QuanGuan 724 Assassin Wu Liuqi Qingfeng Sword with 763 pieces\" width=\"800\" height=\"800\" title=\"-\" srcset=\"https:\/\/mouldking.store\/wp-content\/uploads\/2022\/05\/QuanGuan-724-Assassin-Wu-Liuqi-Qingfeng-Sword-with-763-pieces-3-300x300.jpg 300w, https:\/\/mouldking.store\/wp-content\/uploads\/2022\/05\/QuanGuan-724-Assassin-Wu-Liuqi-Qingfeng-Sword-with-763-pieces-3-768x768.jpg 768w, https:\/\/mouldking.store\/wp-content\/uploads\/2022\/05\/QuanGuan-724-Assassin-Wu-Liuqi-Qingfeng-Sword-with-763-pieces-3-600x600.jpg 600w, https:\/\/mouldking.store\/wp-content\/uploads\/2022\/05\/QuanGuan-724-Assassin-Wu-Liuqi-Qingfeng-Sword-with-763-pieces-3-150x150.jpg 150w, https:\/\/mouldking.store\/wp-content\/uploads\/2022\/05\/QuanGuan-724-Assassin-Wu-Liuqi-Qingfeng-Sword-with-763-pieces-3.jpg 1000w\" sizes=\"(max-width: 800px) 100vw, 800px\" \/><figcaption id=\"caption-attachment-31314\" class=\"wp-caption-text\">QuanGuan 724 Assassin Wu Liuqi Qingfeng sverd med 763 deler<\/figcaption><\/figure>\n<figure id=\"attachment_31313\" aria-describedby=\"caption-attachment-31313\" style=\"width: 800px\" class=\"wp-caption aligncenter\"><img loading=\"lazy\" decoding=\"async\" class=\"wp-image-31313\" src=\"https:\/\/mouldking.store\/wp-content\/uploads\/2022\/05\/QuanGuan-724-Assassin-Wu-Liuqi-Qingfeng-Sword-with-763-pieces-2-300x300.jpg\" alt=\"QuanGuan 724 Assassin Wu Liuqi Qingfeng Sword with 763 pieces\" width=\"800\" height=\"800\" title=\"-\" srcset=\"https:\/\/mouldking.store\/wp-content\/uploads\/2022\/05\/QuanGuan-724-Assassin-Wu-Liuqi-Qingfeng-Sword-with-763-pieces-2-300x300.jpg 300w, https:\/\/mouldking.store\/wp-content\/uploads\/2022\/05\/QuanGuan-724-Assassin-Wu-Liuqi-Qingfeng-Sword-with-763-pieces-2-768x768.jpg 768w, https:\/\/mouldking.store\/wp-content\/uploads\/2022\/05\/QuanGuan-724-Assassin-Wu-Liuqi-Qingfeng-Sword-with-763-pieces-2-600x600.jpg 600w, https:\/\/mouldking.store\/wp-content\/uploads\/2022\/05\/QuanGuan-724-Assassin-Wu-Liuqi-Qingfeng-Sword-with-763-pieces-2-150x150.jpg 150w, https:\/\/mouldking.store\/wp-content\/uploads\/2022\/05\/QuanGuan-724-Assassin-Wu-Liuqi-Qingfeng-Sword-with-763-pieces-2.jpg 1000w\" sizes=\"(max-width: 800px) 100vw, 800px\" \/><figcaption id=\"caption-attachment-31313\" class=\"wp-caption-text\">QuanGuan 724 Assassin Wu Liuqi Qingfeng sverd med 763 deler<\/figcaption><\/figure>\n<figure id=\"attachment_31311\" aria-describedby=\"caption-attachment-31311\" style=\"width: 805px\" class=\"wp-caption aligncenter\"><img loading=\"lazy\" decoding=\"async\" class=\"wp-image-31311 size-full\" src=\"https:\/\/mouldking.store\/wp-content\/uploads\/2022\/05\/QUANGUAN-724-Assassin-Wu-Liuqi-Qingfeng-Sword-2.jpg\" alt=\"QuanGuan 724 Assassin Wu Liuqi Qingfeng Sword with 763 pieces\" width=\"805\" height=\"445\" title=\"-\" srcset=\"https:\/\/mouldking.store\/wp-content\/uploads\/2022\/05\/QUANGUAN-724-Assassin-Wu-Liuqi-Qingfeng-Sword-2.jpg 805w, https:\/\/mouldking.store\/wp-content\/uploads\/2022\/05\/QUANGUAN-724-Assassin-Wu-Liuqi-Qingfeng-Sword-2-300x166.jpg 300w, https:\/\/mouldking.store\/wp-content\/uploads\/2022\/05\/QUANGUAN-724-Assassin-Wu-Liuqi-Qingfeng-Sword-2-768x425.jpg 768w, https:\/\/mouldking.store\/wp-content\/uploads\/2022\/05\/QUANGUAN-724-Assassin-Wu-Liuqi-Qingfeng-Sword-2-600x332.jpg 600w, https:\/\/mouldking.store\/wp-content\/uploads\/2022\/05\/QUANGUAN-724-Assassin-Wu-Liuqi-Qingfeng-Sword-2-150x83.jpg 150w\" sizes=\"(max-width: 805px) 100vw, 805px\" \/><figcaption id=\"caption-attachment-31311\" class=\"wp-caption-text\">QuanGuan 724 Assassin Wu Liuqi Qingfeng sverd med 763 deler<\/figcaption><\/figure>","protected":false},"excerpt":{"rendered":"<p>Product information: Brand: QuanGuan Gender: Unisex Name: Assassin Wu Liuqi Qingfeng Sword Age Range: &gt; 6 years old Model Number: 724 Classification: Assemblage Plastic Block Shape: Self-Locking Bricks Material: Plastic Plastic Type: ABS Bricks Blocks: 763 PCS Contains detailed assembly instructions. Notice: 1. Without an original box, but we guarantee our products have quality assurance [&hellip;]<\/p>","protected":false},"featured_media":31310,"comment_status":"closed","ping_status":"closed","template":"","meta":{"_acf_changed":false},"product_cat":[581,1408],"product_tag":[5355,5354,5353,5356,5352,5351,5350],"class_list":["product","first","instock","shipping-taxable","purchasable","product-type-simple"],"acf":[],"_links":{"self":[{"href":"https:\/\/mouldking.store\/nb\/wp-json\/wp\/v2\/product\/31309","targetHints":{"allow":["GET"]}}],"collection":[{"href":"https:\/\/mouldking.store\/nb\/wp-json\/wp\/v2\/product"}],"about":[{"href":"https:\/\/mouldking.store\/nb\/wp-json\/wp\/v2\/types\/product"}],"replies":[{"embeddable":true,"href":"https:\/\/mouldking.store\/nb\/wp-json\/wp\/v2\/comments?post=31309"}],"wp:featuredmedia":[{"embeddable":true,"href":"https:\/\/mouldking.store\/nb\/wp-json\/wp\/v2\/media\/31310"}],"wp:attachment":[{"href":"https:\/\/mouldking.store\/nb\/wp-json\/wp\/v2\/media?parent=31309"}],"wp:term":[{"taxonomy":"product_cat","embeddable":true,"href":"https:\/\/mouldking.store\/nb\/wp-json\/wp\/v2\/product_cat?post=31309"},{"taxonomy":"product_tag","embeddable":true,"href":"https:\/\/mouldking.store\/nb\/wp-json\/wp\/v2\/product_tag?post=31309"}],"curies":[{"name":"wp","href":"https:\/\/api.w.org\/{rel}","templated":true}]}}