{"id":31316,"date":"2022-05-27T11:10:10","date_gmt":"2022-05-27T04:10:10","guid":{"rendered":"https:\/\/mouldking.store\/?post_type=product&#038;p=31316"},"modified":"2024-07-17T14:52:31","modified_gmt":"2024-07-17T07:52:31","slug":"kazi-ky1056-yama-nik-gt-with-1180-pieces","status":"publish","type":"product","link":"https:\/\/mouldking.store\/nb\/shop\/kazi-ky1056-yama-nik-gt-with-1180-pieces\/","title":{"rendered":"KAZI KY1056 YAMA NIK-GT med 1180 stk"},"content":{"rendered":"<p>Produktinformasjon:<\/p>\n<ol>\n<li>Merke: KAZI<\/li>\n<li>Kj\u00f8nn: Unisex<\/li>\n<li>Name: YAMA NIK-GT<\/li>\n<li>Aldersgruppe: &gt; 6 \u00e5r gammel<\/li>\n<li>Model Number: KY1056<\/li>\n<li>Klassifisering: Montering<\/li>\n<li>Plastblokkform: Selvl\u00e5sende murstein<\/li>\n<li>Materiale: Plast<\/li>\n<li>Plasttype: ABS<\/li>\n<li>Bricks Blocks: 1180 PCS<\/li>\n<li>Inneholder detaljerte monteringsanvisninger.<\/li>\n<\/ol>\n<p>Legge merke til:<br \/>\n1. Uten original eske, men vi garanterer at v\u00e5re produkter har kvalitetssikring og pen emballasje.<br \/>\n2. Som alle delene vi har sjekket f\u00f8r frakt, s\u00e5 hvis du finner noen deler savnet eller skadet, ikke bekymre deg og bare kontakt oss, s\u00e5 kan vi sende dem til deg p\u00e5 nytt umiddelbart gratis.<\/p>\n<p>&nbsp;<\/p>\n<figure id=\"attachment_31325\" aria-describedby=\"caption-attachment-31325\" style=\"width: 800px\" class=\"wp-caption aligncenter\"><img fetchpriority=\"high\" decoding=\"async\" class=\"wp-image-31325 size-full\" src=\"https:\/\/mouldking.store\/wp-content\/uploads\/2022\/05\/KAZI-KY1056-Yamaha-Niken-GT-3.jpg\" alt=\"KAZI KY1056 YAMA NIK-GT with 1180 pieces\" width=\"800\" height=\"800\" title=\"-\" srcset=\"https:\/\/mouldking.store\/wp-content\/uploads\/2022\/05\/KAZI-KY1056-Yamaha-Niken-GT-3.jpg 800w, https:\/\/mouldking.store\/wp-content\/uploads\/2022\/05\/KAZI-KY1056-Yamaha-Niken-GT-3-300x300.jpg 300w, https:\/\/mouldking.store\/wp-content\/uploads\/2022\/05\/KAZI-KY1056-Yamaha-Niken-GT-3-768x768.jpg 768w, https:\/\/mouldking.store\/wp-content\/uploads\/2022\/05\/KAZI-KY1056-Yamaha-Niken-GT-3-600x600.jpg 600w, https:\/\/mouldking.store\/wp-content\/uploads\/2022\/05\/KAZI-KY1056-Yamaha-Niken-GT-3-150x150.jpg 150w\" sizes=\"(max-width: 800px) 100vw, 800px\" \/><figcaption id=\"caption-attachment-31325\" class=\"wp-caption-text\">KAZI KY1056 YAMA NIK-GT med 1180 stk<\/figcaption><\/figure>\n<figure id=\"attachment_31323\" aria-describedby=\"caption-attachment-31323\" style=\"width: 770px\" class=\"wp-caption aligncenter\"><img decoding=\"async\" class=\"wp-image-31323 size-full\" src=\"https:\/\/mouldking.store\/wp-content\/uploads\/2022\/05\/KAZI-KY1056-Yamaha-Niken-GT-5.jpg\" alt=\"KAZI KY1056 YAMA NIK-GT with 1180 pieces\" width=\"770\" height=\"1024\" title=\"-\" srcset=\"https:\/\/mouldking.store\/wp-content\/uploads\/2022\/05\/KAZI-KY1056-Yamaha-Niken-GT-5.jpg 770w, https:\/\/mouldking.store\/wp-content\/uploads\/2022\/05\/KAZI-KY1056-Yamaha-Niken-GT-5-226x300.jpg 226w, https:\/\/mouldking.store\/wp-content\/uploads\/2022\/05\/KAZI-KY1056-Yamaha-Niken-GT-5-768x1021.jpg 768w, https:\/\/mouldking.store\/wp-content\/uploads\/2022\/05\/KAZI-KY1056-Yamaha-Niken-GT-5-300x399.jpg 300w, https:\/\/mouldking.store\/wp-content\/uploads\/2022\/05\/KAZI-KY1056-Yamaha-Niken-GT-5-600x798.jpg 600w, https:\/\/mouldking.store\/wp-content\/uploads\/2022\/05\/KAZI-KY1056-Yamaha-Niken-GT-5-113x150.jpg 113w\" sizes=\"(max-width: 770px) 100vw, 770px\" \/><figcaption id=\"caption-attachment-31323\" class=\"wp-caption-text\">KAZI KY1056 YAMA NIK-GT med 1180 stk<\/figcaption><\/figure>\n<figure id=\"attachment_31317\" aria-describedby=\"caption-attachment-31317\" style=\"width: 687px\" class=\"wp-caption aligncenter\"><img decoding=\"async\" class=\"wp-image-31317 size-full\" src=\"https:\/\/mouldking.store\/wp-content\/uploads\/2022\/05\/KAZI-KY1056-Yamaha-Niken-GT-1.jpg\" alt=\"KAZI KY1056 YAMA NIK-GT with 1180 pieces\" width=\"687\" height=\"646\" title=\"-\" srcset=\"https:\/\/mouldking.store\/wp-content\/uploads\/2022\/05\/KAZI-KY1056-Yamaha-Niken-GT-1.jpg 687w, https:\/\/mouldking.store\/wp-content\/uploads\/2022\/05\/KAZI-KY1056-Yamaha-Niken-GT-1-300x282.jpg 300w, https:\/\/mouldking.store\/wp-content\/uploads\/2022\/05\/KAZI-KY1056-Yamaha-Niken-GT-1-600x564.jpg 600w, https:\/\/mouldking.store\/wp-content\/uploads\/2022\/05\/KAZI-KY1056-Yamaha-Niken-GT-1-150x141.jpg 150w\" sizes=\"(max-width: 687px) 100vw, 687px\" \/><figcaption id=\"caption-attachment-31317\" class=\"wp-caption-text\">KAZI KY1056 YAMA NIK-GT med 1180 stk<\/figcaption><\/figure>\n<figure id=\"attachment_31320\" aria-describedby=\"caption-attachment-31320\" style=\"width: 400px\" class=\"wp-caption aligncenter\"><img loading=\"lazy\" decoding=\"async\" class=\"wp-image-31320 size-full\" src=\"https:\/\/mouldking.store\/wp-content\/uploads\/2022\/05\/KAZI-KY1056-Yamaha-Niken-GT-4.jpg\" alt=\"KAZI KY1056 YAMA NIK-GT with 1180 pieces\" width=\"400\" height=\"400\" title=\"-\" srcset=\"https:\/\/mouldking.store\/wp-content\/uploads\/2022\/05\/KAZI-KY1056-Yamaha-Niken-GT-4.jpg 400w, https:\/\/mouldking.store\/wp-content\/uploads\/2022\/05\/KAZI-KY1056-Yamaha-Niken-GT-4-300x300.jpg 300w, https:\/\/mouldking.store\/wp-content\/uploads\/2022\/05\/KAZI-KY1056-Yamaha-Niken-GT-4-150x150.jpg 150w\" sizes=\"(max-width: 400px) 100vw, 400px\" \/><figcaption id=\"caption-attachment-31320\" class=\"wp-caption-text\">KAZI KY1056 YAMA NIK-GT med 1180 stk<\/figcaption><\/figure>\n<figure id=\"attachment_31324\" aria-describedby=\"caption-attachment-31324\" style=\"width: 770px\" class=\"wp-caption aligncenter\"><img loading=\"lazy\" decoding=\"async\" class=\"wp-image-31324 size-full\" src=\"https:\/\/mouldking.store\/wp-content\/uploads\/2022\/05\/KAZI-KY1056-Yamaha-Niken-GT-6.jpg\" alt=\"KAZI KY1056 YAMA NIK-GT with 1180 pieces\" width=\"770\" height=\"982\" title=\"-\" srcset=\"https:\/\/mouldking.store\/wp-content\/uploads\/2022\/05\/KAZI-KY1056-Yamaha-Niken-GT-6.jpg 770w, https:\/\/mouldking.store\/wp-content\/uploads\/2022\/05\/KAZI-KY1056-Yamaha-Niken-GT-6-235x300.jpg 235w, https:\/\/mouldking.store\/wp-content\/uploads\/2022\/05\/KAZI-KY1056-Yamaha-Niken-GT-6-768x979.jpg 768w, https:\/\/mouldking.store\/wp-content\/uploads\/2022\/05\/KAZI-KY1056-Yamaha-Niken-GT-6-300x383.jpg 300w, https:\/\/mouldking.store\/wp-content\/uploads\/2022\/05\/KAZI-KY1056-Yamaha-Niken-GT-6-600x765.jpg 600w, https:\/\/mouldking.store\/wp-content\/uploads\/2022\/05\/KAZI-KY1056-Yamaha-Niken-GT-6-118x150.jpg 118w\" sizes=\"(max-width: 770px) 100vw, 770px\" \/><figcaption id=\"caption-attachment-31324\" class=\"wp-caption-text\">KAZI KY1056 YAMA NIK-GT med 1180 stk<\/figcaption><\/figure>\n<figure id=\"attachment_31318\" aria-describedby=\"caption-attachment-31318\" style=\"width: 564px\" class=\"wp-caption aligncenter\"><img loading=\"lazy\" decoding=\"async\" class=\"wp-image-31318 size-full\" src=\"https:\/\/mouldking.store\/wp-content\/uploads\/2022\/05\/KAZI-KY1056-Yamaha-Niken-GT-1.png\" alt=\"KAZI KY1056 YAMA NIK-GT with 1180 pieces\" width=\"564\" height=\"601\" title=\"-\" srcset=\"https:\/\/mouldking.store\/wp-content\/uploads\/2022\/05\/KAZI-KY1056-Yamaha-Niken-GT-1.png 564w, https:\/\/mouldking.store\/wp-content\/uploads\/2022\/05\/KAZI-KY1056-Yamaha-Niken-GT-1-282x300.png 282w, https:\/\/mouldking.store\/wp-content\/uploads\/2022\/05\/KAZI-KY1056-Yamaha-Niken-GT-1-300x320.png 300w, https:\/\/mouldking.store\/wp-content\/uploads\/2022\/05\/KAZI-KY1056-Yamaha-Niken-GT-1-141x150.png 141w\" sizes=\"(max-width: 564px) 100vw, 564px\" \/><figcaption id=\"caption-attachment-31318\" class=\"wp-caption-text\">KAZI KY1056 YAMA NIK-GT med 1180 stk<\/figcaption><\/figure>\n<figure id=\"attachment_31319\" aria-describedby=\"caption-attachment-31319\" style=\"width: 560px\" class=\"wp-caption aligncenter\"><img loading=\"lazy\" decoding=\"async\" class=\"wp-image-31319 size-full\" src=\"https:\/\/mouldking.store\/wp-content\/uploads\/2022\/05\/KAZI-KY1056-Yamaha-Niken-GT-2.png\" alt=\"KAZI KY1056 YAMA NIK-GT with 1180 pieces\" width=\"560\" height=\"673\" title=\"-\" srcset=\"https:\/\/mouldking.store\/wp-content\/uploads\/2022\/05\/KAZI-KY1056-Yamaha-Niken-GT-2.png 560w, https:\/\/mouldking.store\/wp-content\/uploads\/2022\/05\/KAZI-KY1056-Yamaha-Niken-GT-2-250x300.png 250w, https:\/\/mouldking.store\/wp-content\/uploads\/2022\/05\/KAZI-KY1056-Yamaha-Niken-GT-2-300x361.png 300w, https:\/\/mouldking.store\/wp-content\/uploads\/2022\/05\/KAZI-KY1056-Yamaha-Niken-GT-2-125x150.png 125w\" sizes=\"(max-width: 560px) 100vw, 560px\" \/><figcaption id=\"caption-attachment-31319\" class=\"wp-caption-text\">KAZI KY1056 YAMA NIK-GT med 1180 stk<\/figcaption><\/figure>\n<figure id=\"attachment_31321\" aria-describedby=\"caption-attachment-31321\" style=\"width: 564px\" class=\"wp-caption aligncenter\"><img loading=\"lazy\" decoding=\"async\" class=\"wp-image-31321 size-full\" src=\"https:\/\/mouldking.store\/wp-content\/uploads\/2022\/05\/KAZI-KY1056-Yamaha-Niken-GT-3.png\" alt=\"KAZI KY1056 YAMA NIK-GT with 1180 pieces\" width=\"564\" height=\"629\" title=\"-\" srcset=\"https:\/\/mouldking.store\/wp-content\/uploads\/2022\/05\/KAZI-KY1056-Yamaha-Niken-GT-3.png 564w, https:\/\/mouldking.store\/wp-content\/uploads\/2022\/05\/KAZI-KY1056-Yamaha-Niken-GT-3-269x300.png 269w, https:\/\/mouldking.store\/wp-content\/uploads\/2022\/05\/KAZI-KY1056-Yamaha-Niken-GT-3-300x335.png 300w, https:\/\/mouldking.store\/wp-content\/uploads\/2022\/05\/KAZI-KY1056-Yamaha-Niken-GT-3-134x150.png 134w\" sizes=\"(max-width: 564px) 100vw, 564px\" \/><figcaption id=\"caption-attachment-31321\" class=\"wp-caption-text\">KAZI KY1056 YAMA NIK-GT med 1180 stk<\/figcaption><\/figure>\n<figure id=\"attachment_31322\" aria-describedby=\"caption-attachment-31322\" style=\"width: 509px\" class=\"wp-caption aligncenter\"><img loading=\"lazy\" decoding=\"async\" class=\"wp-image-31322 size-full\" src=\"https:\/\/mouldking.store\/wp-content\/uploads\/2022\/05\/KAZI-KY1056-Yamaha-Niken-GT-4.png\" alt=\"KAZI KY1056 YAMA NIK-GT with 1180 pieces\" width=\"509\" height=\"1024\" title=\"-\" srcset=\"https:\/\/mouldking.store\/wp-content\/uploads\/2022\/05\/KAZI-KY1056-Yamaha-Niken-GT-4.png 509w, https:\/\/mouldking.store\/wp-content\/uploads\/2022\/05\/KAZI-KY1056-Yamaha-Niken-GT-4-149x300.png 149w, https:\/\/mouldking.store\/wp-content\/uploads\/2022\/05\/KAZI-KY1056-Yamaha-Niken-GT-4-300x604.png 300w, https:\/\/mouldking.store\/wp-content\/uploads\/2022\/05\/KAZI-KY1056-Yamaha-Niken-GT-4-75x150.png 75w\" sizes=\"(max-width: 509px) 100vw, 509px\" \/><figcaption id=\"caption-attachment-31322\" class=\"wp-caption-text\">KAZI KY1056 YAMA NIK-GT med 1180 stk<\/figcaption><\/figure>\n<figure id=\"attachment_31326\" aria-describedby=\"caption-attachment-31326\" style=\"width: 790px\" class=\"wp-caption aligncenter\"><img loading=\"lazy\" decoding=\"async\" class=\"wp-image-31326 size-full\" src=\"https:\/\/mouldking.store\/wp-content\/uploads\/2022\/05\/KAZI-KY1056-Yamaha-Niken-GT-2.jpg\" alt=\"KAZI KY1056 YAMA NIK-GT with 1180 pieces\" width=\"790\" height=\"623\" title=\"-\" srcset=\"https:\/\/mouldking.store\/wp-content\/uploads\/2022\/05\/KAZI-KY1056-Yamaha-Niken-GT-2.jpg 790w, https:\/\/mouldking.store\/wp-content\/uploads\/2022\/05\/KAZI-KY1056-Yamaha-Niken-GT-2-300x237.jpg 300w, https:\/\/mouldking.store\/wp-content\/uploads\/2022\/05\/KAZI-KY1056-Yamaha-Niken-GT-2-768x606.jpg 768w, https:\/\/mouldking.store\/wp-content\/uploads\/2022\/05\/KAZI-KY1056-Yamaha-Niken-GT-2-600x473.jpg 600w, https:\/\/mouldking.store\/wp-content\/uploads\/2022\/05\/KAZI-KY1056-Yamaha-Niken-GT-2-150x118.jpg 150w\" sizes=\"(max-width: 790px) 100vw, 790px\" \/><figcaption id=\"caption-attachment-31326\" class=\"wp-caption-text\">KAZI KY1056 YAMA NIK-GT med 1180 stk<\/figcaption><\/figure>","protected":false},"excerpt":{"rendered":"<p>Product information: Brand: KAZI Gender: Unisex Name: YAMA NIK-GT Age Range: &gt; 6 years old Model Number: KY1056 Classification: Assemblage Plastic Block Shape: Self-Locking Bricks Material: Plastic Plastic Type: ABS Bricks Blocks: 1180 PCS Contains detailed assembly instructions. Notice: 1. Without an original box, but we guarantee our products have quality assurance and nice packaging. [&hellip;]<\/p>","protected":false},"featured_media":31325,"comment_status":"closed","ping_status":"closed","template":"","meta":{"_acf_changed":false},"product_cat":[364],"product_tag":[2536,5359,5358,5357,5361,5363,5362,5360],"class_list":["product","first","instock","shipping-taxable","purchasable","product-type-simple"],"acf":[],"_links":{"self":[{"href":"https:\/\/mouldking.store\/nb\/wp-json\/wp\/v2\/product\/31316","targetHints":{"allow":["GET"]}}],"collection":[{"href":"https:\/\/mouldking.store\/nb\/wp-json\/wp\/v2\/product"}],"about":[{"href":"https:\/\/mouldking.store\/nb\/wp-json\/wp\/v2\/types\/product"}],"replies":[{"embeddable":true,"href":"https:\/\/mouldking.store\/nb\/wp-json\/wp\/v2\/comments?post=31316"}],"wp:featuredmedia":[{"embeddable":true,"href":"https:\/\/mouldking.store\/nb\/wp-json\/wp\/v2\/media\/31325"}],"wp:attachment":[{"href":"https:\/\/mouldking.store\/nb\/wp-json\/wp\/v2\/media?parent=31316"}],"wp:term":[{"taxonomy":"product_cat","embeddable":true,"href":"https:\/\/mouldking.store\/nb\/wp-json\/wp\/v2\/product_cat?post=31316"},{"taxonomy":"product_tag","embeddable":true,"href":"https:\/\/mouldking.store\/nb\/wp-json\/wp\/v2\/product_tag?post=31316"}],"curies":[{"name":"wp","href":"https:\/\/api.w.org\/{rel}","templated":true}]}}