{"id":31328,"date":"2022-05-27T11:14:01","date_gmt":"2022-05-27T04:14:01","guid":{"rendered":"https:\/\/mouldking.store\/?post_type=product&#038;p=31328"},"modified":"2022-05-27T11:14:01","modified_gmt":"2022-05-27T04:14:01","slug":"decool-kc012-coontest-150-runaway-truck-with-906-pieces","status":"publish","type":"product","link":"https:\/\/mouldking.store\/nb\/shop\/decool-kc012-coontest-150-runaway-truck-with-906-pieces\/","title":{"rendered":"DECOOL KC012 Coontest 150 Runaway Truck med 906 stykker"},"content":{"rendered":"<p>Produktinformasjon:<\/p>\n<ol>\n<li>Merke: DECOOL<\/li>\n<li>Kj\u00f8nn: Unisex<\/li>\n<li>Navn: Coontest 150 Runaway Truck<\/li>\n<li>Aldersgruppe: &gt; 6 \u00e5r gammel<\/li>\n<li>Modellnummer: KC012<\/li>\n<li>Klassifisering: Montering<\/li>\n<li>Plastblokkform: Selvl\u00e5sende murstein<\/li>\n<li>Materiale: Plast<\/li>\n<li>Plasttype: ABS<\/li>\n<li>Mursteinsblokker: 906 STK<\/li>\n<li>Inneholder detaljerte monteringsanvisninger.<\/li>\n<\/ol>\n<p>Legge merke til:<br \/>\n1. Uten original eske, men vi garanterer at v\u00e5re produkter har kvalitetssikring og pen emballasje.<br \/>\n2. Som alle delene vi har sjekket f\u00f8r frakt, s\u00e5 hvis du finner noen deler savnet eller skadet, ikke bekymre deg og bare kontakt oss, s\u00e5 kan vi sende dem til deg p\u00e5 nytt umiddelbart gratis.<\/p>\n<p>&nbsp;<\/p>\n<figure id=\"attachment_31329\" aria-describedby=\"caption-attachment-31329\" style=\"width: 800px\" class=\"wp-caption aligncenter\"><img fetchpriority=\"high\" decoding=\"async\" class=\"wp-image-31329 size-full\" src=\"https:\/\/mouldking.store\/wp-content\/uploads\/2022\/05\/DECOOL-KC012-Contest-150-Runaway-Truck-1.jpg\" alt=\"DECOOL KC012 Coontest 150 Runaway Truck with 906 pieces\" width=\"800\" height=\"800\" title=\"-\" srcset=\"https:\/\/mouldking.store\/wp-content\/uploads\/2022\/05\/DECOOL-KC012-Contest-150-Runaway-Truck-1.jpg 800w, https:\/\/mouldking.store\/wp-content\/uploads\/2022\/05\/DECOOL-KC012-Contest-150-Runaway-Truck-1-300x300.jpg 300w, https:\/\/mouldking.store\/wp-content\/uploads\/2022\/05\/DECOOL-KC012-Contest-150-Runaway-Truck-1-768x768.jpg 768w, https:\/\/mouldking.store\/wp-content\/uploads\/2022\/05\/DECOOL-KC012-Contest-150-Runaway-Truck-1-600x600.jpg 600w, https:\/\/mouldking.store\/wp-content\/uploads\/2022\/05\/DECOOL-KC012-Contest-150-Runaway-Truck-1-150x150.jpg 150w\" sizes=\"(max-width: 800px) 100vw, 800px\" \/><figcaption id=\"caption-attachment-31329\" class=\"wp-caption-text\">DECOOL KC012 Coontest 150 Runaway Truck med 906 stykker<\/figcaption><\/figure>\n<figure id=\"attachment_31333\" aria-describedby=\"caption-attachment-31333\" style=\"width: 800px\" class=\"wp-caption aligncenter\"><img decoding=\"async\" class=\"wp-image-31333 size-full\" src=\"https:\/\/mouldking.store\/wp-content\/uploads\/2022\/05\/DECOOL-KC012-Contest-150-Runaway-Truck-5.jpg\" alt=\"DECOOL KC012 Coontest 150 Runaway Truck with 906 pieces\" width=\"800\" height=\"719\" title=\"-\" srcset=\"https:\/\/mouldking.store\/wp-content\/uploads\/2022\/05\/DECOOL-KC012-Contest-150-Runaway-Truck-5.jpg 800w, https:\/\/mouldking.store\/wp-content\/uploads\/2022\/05\/DECOOL-KC012-Contest-150-Runaway-Truck-5-300x270.jpg 300w, https:\/\/mouldking.store\/wp-content\/uploads\/2022\/05\/DECOOL-KC012-Contest-150-Runaway-Truck-5-768x690.jpg 768w, https:\/\/mouldking.store\/wp-content\/uploads\/2022\/05\/DECOOL-KC012-Contest-150-Runaway-Truck-5-600x539.jpg 600w, https:\/\/mouldking.store\/wp-content\/uploads\/2022\/05\/DECOOL-KC012-Contest-150-Runaway-Truck-5-150x135.jpg 150w\" sizes=\"(max-width: 800px) 100vw, 800px\" \/><figcaption id=\"caption-attachment-31333\" class=\"wp-caption-text\">DECOOL KC012 Coontest 150 Runaway Truck med 906 stykker<\/figcaption><\/figure>\n<figure id=\"attachment_31332\" aria-describedby=\"caption-attachment-31332\" style=\"width: 800px\" class=\"wp-caption aligncenter\"><img decoding=\"async\" class=\"wp-image-31332 size-full\" src=\"https:\/\/mouldking.store\/wp-content\/uploads\/2022\/05\/DECOOL-KC012-Contest-150-Runaway-Truck-4.jpg\" alt=\"DECOOL KC012 Coontest 150 Runaway Truck with 906 pieces\" width=\"800\" height=\"572\" title=\"-\" srcset=\"https:\/\/mouldking.store\/wp-content\/uploads\/2022\/05\/DECOOL-KC012-Contest-150-Runaway-Truck-4.jpg 800w, https:\/\/mouldking.store\/wp-content\/uploads\/2022\/05\/DECOOL-KC012-Contest-150-Runaway-Truck-4-300x215.jpg 300w, https:\/\/mouldking.store\/wp-content\/uploads\/2022\/05\/DECOOL-KC012-Contest-150-Runaway-Truck-4-768x549.jpg 768w, https:\/\/mouldking.store\/wp-content\/uploads\/2022\/05\/DECOOL-KC012-Contest-150-Runaway-Truck-4-600x429.jpg 600w, https:\/\/mouldking.store\/wp-content\/uploads\/2022\/05\/DECOOL-KC012-Contest-150-Runaway-Truck-4-150x107.jpg 150w\" sizes=\"(max-width: 800px) 100vw, 800px\" \/><figcaption id=\"caption-attachment-31332\" class=\"wp-caption-text\">DECOOL KC012 Coontest 150 Runaway Truck med 906 stykker<\/figcaption><\/figure>\n<figure id=\"attachment_31331\" aria-describedby=\"caption-attachment-31331\" style=\"width: 800px\" class=\"wp-caption aligncenter\"><img loading=\"lazy\" decoding=\"async\" class=\"wp-image-31331 size-full\" src=\"https:\/\/mouldking.store\/wp-content\/uploads\/2022\/05\/DECOOL-KC012-Contest-150-Runaway-Truck-3.jpg\" alt=\"DECOOL KC012 Coontest 150 Runaway Truck with 906 pieces\" width=\"800\" height=\"579\" title=\"-\" srcset=\"https:\/\/mouldking.store\/wp-content\/uploads\/2022\/05\/DECOOL-KC012-Contest-150-Runaway-Truck-3.jpg 800w, https:\/\/mouldking.store\/wp-content\/uploads\/2022\/05\/DECOOL-KC012-Contest-150-Runaway-Truck-3-300x217.jpg 300w, https:\/\/mouldking.store\/wp-content\/uploads\/2022\/05\/DECOOL-KC012-Contest-150-Runaway-Truck-3-768x556.jpg 768w, https:\/\/mouldking.store\/wp-content\/uploads\/2022\/05\/DECOOL-KC012-Contest-150-Runaway-Truck-3-600x434.jpg 600w, https:\/\/mouldking.store\/wp-content\/uploads\/2022\/05\/DECOOL-KC012-Contest-150-Runaway-Truck-3-150x109.jpg 150w\" sizes=\"(max-width: 800px) 100vw, 800px\" \/><figcaption id=\"caption-attachment-31331\" class=\"wp-caption-text\">DECOOL KC012 Coontest 150 Runaway Truck med 906 stykker<\/figcaption><\/figure>\n<figure id=\"attachment_31330\" aria-describedby=\"caption-attachment-31330\" style=\"width: 800px\" class=\"wp-caption aligncenter\"><img loading=\"lazy\" decoding=\"async\" class=\"wp-image-31330 size-full\" src=\"https:\/\/mouldking.store\/wp-content\/uploads\/2022\/05\/DECOOL-KC012-Contest-150-Runaway-Truck-2.jpg\" alt=\"DECOOL KC012 Coontest 150 Runaway Truck with 906 pieces\" width=\"800\" height=\"387\" title=\"-\" srcset=\"https:\/\/mouldking.store\/wp-content\/uploads\/2022\/05\/DECOOL-KC012-Contest-150-Runaway-Truck-2.jpg 800w, https:\/\/mouldking.store\/wp-content\/uploads\/2022\/05\/DECOOL-KC012-Contest-150-Runaway-Truck-2-300x145.jpg 300w, https:\/\/mouldking.store\/wp-content\/uploads\/2022\/05\/DECOOL-KC012-Contest-150-Runaway-Truck-2-768x372.jpg 768w, https:\/\/mouldking.store\/wp-content\/uploads\/2022\/05\/DECOOL-KC012-Contest-150-Runaway-Truck-2-600x290.jpg 600w, https:\/\/mouldking.store\/wp-content\/uploads\/2022\/05\/DECOOL-KC012-Contest-150-Runaway-Truck-2-150x73.jpg 150w\" sizes=\"(max-width: 800px) 100vw, 800px\" \/><figcaption id=\"caption-attachment-31330\" class=\"wp-caption-text\">DECOOL KC012 Coontest 150 Runaway Truck med 906 stykker<\/figcaption><\/figure>","protected":false},"excerpt":{"rendered":"<p>Product information: Brand: DECOOL Gender: Unisex Name: Coontest 150 Runaway Truck Age Range: &gt; 6 years old Model Number: KC012 Classification: Assemblage Plastic Block Shape: Self-Locking Bricks Material: Plastic Plastic Type: ABS Bricks Blocks: 906 PCS Contains detailed assembly instructions. Notice: 1. Without an original box, but we guarantee our products have quality assurance and [&hellip;]<\/p>","protected":false},"featured_media":31329,"comment_status":"closed","ping_status":"closed","template":"","meta":{"_acf_changed":false},"product_cat":[364],"product_tag":[5371,5369,5367,2463,5366,5365,5364,5368,5370,466],"class_list":["product","first","instock","shipping-taxable","purchasable","product-type-simple"],"acf":[],"_links":{"self":[{"href":"https:\/\/mouldking.store\/nb\/wp-json\/wp\/v2\/product\/31328","targetHints":{"allow":["GET"]}}],"collection":[{"href":"https:\/\/mouldking.store\/nb\/wp-json\/wp\/v2\/product"}],"about":[{"href":"https:\/\/mouldking.store\/nb\/wp-json\/wp\/v2\/types\/product"}],"replies":[{"embeddable":true,"href":"https:\/\/mouldking.store\/nb\/wp-json\/wp\/v2\/comments?post=31328"}],"wp:featuredmedia":[{"embeddable":true,"href":"https:\/\/mouldking.store\/nb\/wp-json\/wp\/v2\/media\/31329"}],"wp:attachment":[{"href":"https:\/\/mouldking.store\/nb\/wp-json\/wp\/v2\/media?parent=31328"}],"wp:term":[{"taxonomy":"product_cat","embeddable":true,"href":"https:\/\/mouldking.store\/nb\/wp-json\/wp\/v2\/product_cat?post=31328"},{"taxonomy":"product_tag","embeddable":true,"href":"https:\/\/mouldking.store\/nb\/wp-json\/wp\/v2\/product_tag?post=31328"}],"curies":[{"name":"wp","href":"https:\/\/api.w.org\/{rel}","templated":true}]}}