{"id":31340,"date":"2022-05-27T11:30:00","date_gmt":"2022-05-27T04:30:00","guid":{"rendered":"https:\/\/mouldking.store\/?post_type=product&#038;p=31340"},"modified":"2022-05-27T11:30:00","modified_gmt":"2022-05-27T04:30:00","slug":"quanguan-726-bleach-zangetsu-with-373-pieces","status":"publish","type":"product","link":"https:\/\/mouldking.store\/nb\/shop\/quanguan-726-bleach-zangetsu-with-373-pieces\/","title":{"rendered":"QuanGuan 726 Bleach Zangetsu med 373 stykker"},"content":{"rendered":"<p>Produktinformasjon:<\/p>\n<ol>\n<li>Merke: QuanGuan<\/li>\n<li>Kj\u00f8nn: Unisex<\/li>\n<li>Navn: Bleach Zangetsu<\/li>\n<li>Aldersgruppe: &gt; 6 \u00e5r gammel<\/li>\n<li>Modellnummer: 726<\/li>\n<li>Klassifisering: Montering<\/li>\n<li>Plastblokkform: Selvl\u00e5sende murstein<\/li>\n<li>Materiale: Plast<\/li>\n<li>Plasttype: ABS<\/li>\n<li>Mursteinsblokker: 373 STK<\/li>\n<li>Inneholder detaljerte monteringsanvisninger.<\/li>\n<\/ol>\n<p>Legge merke til:<br \/>\n1. Uten original eske, men vi garanterer at v\u00e5re produkter har kvalitetssikring og pen emballasje.<br \/>\n2. Som alle delene vi har sjekket f\u00f8r frakt, s\u00e5 hvis du finner noen deler savnet eller skadet, ikke bekymre deg og bare kontakt oss, s\u00e5 kan vi sende dem til deg p\u00e5 nytt umiddelbart gratis.<\/p>\n<p>&nbsp;<\/p>\n<figure id=\"attachment_31345\" aria-describedby=\"caption-attachment-31345\" style=\"width: 900px\" class=\"wp-caption aligncenter\"><img fetchpriority=\"high\" decoding=\"async\" class=\"wp-image-31345 size-full\" src=\"https:\/\/mouldking.store\/wp-content\/uploads\/2022\/05\/QuanGuan-726-Bleach-Zangetsu-1.jpg\" alt=\"QuanGuan 726 Bleach Zangetsu with 373 pieces\" width=\"900\" height=\"900\" title=\"-\" srcset=\"https:\/\/mouldking.store\/wp-content\/uploads\/2022\/05\/QuanGuan-726-Bleach-Zangetsu-1.jpg 900w, https:\/\/mouldking.store\/wp-content\/uploads\/2022\/05\/QuanGuan-726-Bleach-Zangetsu-1-300x300.jpg 300w, https:\/\/mouldking.store\/wp-content\/uploads\/2022\/05\/QuanGuan-726-Bleach-Zangetsu-1-768x768.jpg 768w, https:\/\/mouldking.store\/wp-content\/uploads\/2022\/05\/QuanGuan-726-Bleach-Zangetsu-1-600x600.jpg 600w, https:\/\/mouldking.store\/wp-content\/uploads\/2022\/05\/QuanGuan-726-Bleach-Zangetsu-1-150x150.jpg 150w\" sizes=\"(max-width: 900px) 100vw, 900px\" \/><figcaption id=\"caption-attachment-31345\" class=\"wp-caption-text\">QuanGuan 726 Bleach Zangetsu med 373 stykker<\/figcaption><\/figure>\n<figure id=\"attachment_31343\" aria-describedby=\"caption-attachment-31343\" style=\"width: 895px\" class=\"wp-caption aligncenter\"><img decoding=\"async\" class=\"wp-image-31343 size-full\" src=\"https:\/\/mouldking.store\/wp-content\/uploads\/2022\/05\/QuanGuan-726-Bleach-Zangetsu-4.jpg\" alt=\"QuanGuan 726 Bleach Zangetsu with 373 pieces\" width=\"895\" height=\"865\" title=\"-\" srcset=\"https:\/\/mouldking.store\/wp-content\/uploads\/2022\/05\/QuanGuan-726-Bleach-Zangetsu-4.jpg 895w, https:\/\/mouldking.store\/wp-content\/uploads\/2022\/05\/QuanGuan-726-Bleach-Zangetsu-4-300x290.jpg 300w, https:\/\/mouldking.store\/wp-content\/uploads\/2022\/05\/QuanGuan-726-Bleach-Zangetsu-4-768x742.jpg 768w, https:\/\/mouldking.store\/wp-content\/uploads\/2022\/05\/QuanGuan-726-Bleach-Zangetsu-4-600x580.jpg 600w, https:\/\/mouldking.store\/wp-content\/uploads\/2022\/05\/QuanGuan-726-Bleach-Zangetsu-4-150x145.jpg 150w\" sizes=\"(max-width: 895px) 100vw, 895px\" \/><figcaption id=\"caption-attachment-31343\" class=\"wp-caption-text\">QuanGuan 726 Bleach Zangetsu med 373 stykker<\/figcaption><\/figure>\n<figure id=\"attachment_31344\" aria-describedby=\"caption-attachment-31344\" style=\"width: 894px\" class=\"wp-caption aligncenter\"><img decoding=\"async\" class=\"wp-image-31344 size-full\" src=\"https:\/\/mouldking.store\/wp-content\/uploads\/2022\/05\/QuanGuan-726-Bleach-Zangetsu-5.jpg\" alt=\"QuanGuan 726 Bleach Zangetsu with 373 pieces\" width=\"894\" height=\"868\" title=\"-\" srcset=\"https:\/\/mouldking.store\/wp-content\/uploads\/2022\/05\/QuanGuan-726-Bleach-Zangetsu-5.jpg 894w, https:\/\/mouldking.store\/wp-content\/uploads\/2022\/05\/QuanGuan-726-Bleach-Zangetsu-5-300x291.jpg 300w, https:\/\/mouldking.store\/wp-content\/uploads\/2022\/05\/QuanGuan-726-Bleach-Zangetsu-5-768x746.jpg 768w, https:\/\/mouldking.store\/wp-content\/uploads\/2022\/05\/QuanGuan-726-Bleach-Zangetsu-5-600x583.jpg 600w, https:\/\/mouldking.store\/wp-content\/uploads\/2022\/05\/QuanGuan-726-Bleach-Zangetsu-5-150x146.jpg 150w\" sizes=\"(max-width: 894px) 100vw, 894px\" \/><figcaption id=\"caption-attachment-31344\" class=\"wp-caption-text\">QuanGuan 726 Bleach Zangetsu med 373 stykker<\/figcaption><\/figure>\n<figure id=\"attachment_31342\" aria-describedby=\"caption-attachment-31342\" style=\"width: 891px\" class=\"wp-caption aligncenter\"><img loading=\"lazy\" decoding=\"async\" class=\"wp-image-31342 size-full\" src=\"https:\/\/mouldking.store\/wp-content\/uploads\/2022\/05\/QuanGuan-726-Bleach-Zangetsu-3.jpg\" alt=\"QuanGuan 726 Bleach Zangetsu with 373 pieces\" width=\"891\" height=\"882\" title=\"-\" srcset=\"https:\/\/mouldking.store\/wp-content\/uploads\/2022\/05\/QuanGuan-726-Bleach-Zangetsu-3.jpg 891w, https:\/\/mouldking.store\/wp-content\/uploads\/2022\/05\/QuanGuan-726-Bleach-Zangetsu-3-300x297.jpg 300w, https:\/\/mouldking.store\/wp-content\/uploads\/2022\/05\/QuanGuan-726-Bleach-Zangetsu-3-768x760.jpg 768w, https:\/\/mouldking.store\/wp-content\/uploads\/2022\/05\/QuanGuan-726-Bleach-Zangetsu-3-600x594.jpg 600w, https:\/\/mouldking.store\/wp-content\/uploads\/2022\/05\/QuanGuan-726-Bleach-Zangetsu-3-150x148.jpg 150w\" sizes=\"(max-width: 891px) 100vw, 891px\" \/><figcaption id=\"caption-attachment-31342\" class=\"wp-caption-text\">QuanGuan 726 Bleach Zangetsu med 373 stykker<\/figcaption><\/figure>\n<figure id=\"attachment_31341\" aria-describedby=\"caption-attachment-31341\" style=\"width: 896px\" class=\"wp-caption aligncenter\"><img loading=\"lazy\" decoding=\"async\" class=\"wp-image-31341 size-full\" src=\"https:\/\/mouldking.store\/wp-content\/uploads\/2022\/05\/QuanGuan-726-Bleach-Zangetsu-2.jpg\" alt=\"QuanGuan 726 Bleach Zangetsu with 373 pieces\" width=\"896\" height=\"872\" title=\"-\" srcset=\"https:\/\/mouldking.store\/wp-content\/uploads\/2022\/05\/QuanGuan-726-Bleach-Zangetsu-2.jpg 896w, https:\/\/mouldking.store\/wp-content\/uploads\/2022\/05\/QuanGuan-726-Bleach-Zangetsu-2-300x292.jpg 300w, https:\/\/mouldking.store\/wp-content\/uploads\/2022\/05\/QuanGuan-726-Bleach-Zangetsu-2-768x747.jpg 768w, https:\/\/mouldking.store\/wp-content\/uploads\/2022\/05\/QuanGuan-726-Bleach-Zangetsu-2-600x584.jpg 600w, https:\/\/mouldking.store\/wp-content\/uploads\/2022\/05\/QuanGuan-726-Bleach-Zangetsu-2-150x146.jpg 150w\" sizes=\"(max-width: 896px) 100vw, 896px\" \/><figcaption id=\"caption-attachment-31341\" class=\"wp-caption-text\">QuanGuan 726 Bleach Zangetsu med 373 stykker<\/figcaption><\/figure>","protected":false},"excerpt":{"rendered":"<p>Product information: Brand: QuanGuan Gender: Unisex Name: Bleach Zangetsu Age Range: &gt; 6 years old Model Number: 726 Classification: Assemblage Plastic Block Shape: Self-Locking Bricks Material: Plastic Plastic Type: ABS Bricks Blocks: 373 PCS Contains detailed assembly instructions. Notice: 1. Without an original box, but we guarantee our products have quality assurance and nice packaging. [&hellip;]<\/p>","protected":false},"featured_media":31345,"comment_status":"closed","ping_status":"closed","template":"","meta":{"_acf_changed":false},"product_cat":[581,1408],"product_tag":[5382,5383,5240,2290,5381,5380,5379,5241],"class_list":["product","first","instock","shipping-taxable","purchasable","product-type-simple"],"acf":[],"_links":{"self":[{"href":"https:\/\/mouldking.store\/nb\/wp-json\/wp\/v2\/product\/31340","targetHints":{"allow":["GET"]}}],"collection":[{"href":"https:\/\/mouldking.store\/nb\/wp-json\/wp\/v2\/product"}],"about":[{"href":"https:\/\/mouldking.store\/nb\/wp-json\/wp\/v2\/types\/product"}],"replies":[{"embeddable":true,"href":"https:\/\/mouldking.store\/nb\/wp-json\/wp\/v2\/comments?post=31340"}],"wp:featuredmedia":[{"embeddable":true,"href":"https:\/\/mouldking.store\/nb\/wp-json\/wp\/v2\/media\/31345"}],"wp:attachment":[{"href":"https:\/\/mouldking.store\/nb\/wp-json\/wp\/v2\/media?parent=31340"}],"wp:term":[{"taxonomy":"product_cat","embeddable":true,"href":"https:\/\/mouldking.store\/nb\/wp-json\/wp\/v2\/product_cat?post=31340"},{"taxonomy":"product_tag","embeddable":true,"href":"https:\/\/mouldking.store\/nb\/wp-json\/wp\/v2\/product_tag?post=31340"}],"curies":[{"name":"wp","href":"https:\/\/api.w.org\/{rel}","templated":true}]}}