{"id":31346,"date":"2022-05-27T11:35:41","date_gmt":"2022-05-27T04:35:41","guid":{"rendered":"https:\/\/mouldking.store\/?post_type=product&#038;p=31346"},"modified":"2022-05-27T11:36:20","modified_gmt":"2022-05-27T04:36:20","slug":"quanguan-723-demon-slayer-kimetsu-no-yaiba-shinobu-kocho-with-778-pieces","status":"publish","type":"product","link":"https:\/\/mouldking.store\/nb\/shop\/quanguan-723-demon-slayer-kimetsu-no-yaiba-shinobu-kocho-with-778-pieces\/","title":{"rendered":"QuanGuan 723 Demon Slayer: Kimetsu no Yaiba Shinobu Kocho med 778 stykker"},"content":{"rendered":"<p>Produktinformasjon:<\/p>\n<ol>\n<li>Merke: QuanGuan<\/li>\n<li>Kj\u00f8nn: Unisex<\/li>\n<li>Navn: Demon Slayer: Kimetsu no Yaiba Shinobu Kocho<\/li>\n<li>Aldersgruppe: &gt; 6 \u00e5r gammel<\/li>\n<li>Modellnummer: 723<\/li>\n<li>Klassifisering: Montering<\/li>\n<li>Plastblokkform: Selvl\u00e5sende murstein<\/li>\n<li>Materiale: Plast<\/li>\n<li>Plasttype: ABS<\/li>\n<li>Mursteinsblokker: 778 STK<\/li>\n<li>Inneholder detaljerte monteringsanvisninger.<\/li>\n<\/ol>\n<p>Legge merke til:<br \/>\n1. Uten original eske, men vi garanterer at v\u00e5re produkter har kvalitetssikring og pen emballasje.<br \/>\n2. Som alle delene vi har sjekket f\u00f8r frakt, s\u00e5 hvis du finner noen deler savnet eller skadet, ikke bekymre deg og bare kontakt oss, s\u00e5 kan vi sende dem til deg p\u00e5 nytt umiddelbart gratis.<\/p>\n<p>&nbsp;<\/p>\n<figure id=\"attachment_31347\" aria-describedby=\"caption-attachment-31347\" style=\"width: 896px\" class=\"wp-caption aligncenter\"><img fetchpriority=\"high\" decoding=\"async\" class=\"wp-image-31347 size-full\" src=\"https:\/\/mouldking.store\/wp-content\/uploads\/2022\/05\/QuanGuan-723-Demon-Slayer-Kimetsu-no-Yaiba-Shinobu-Kocho-4.jpg\" alt=\"QuanGuan 723 Demon Slayer: Kimetsu no Yaiba Shinobu Kocho with 778 pieces\" width=\"896\" height=\"893\" title=\"-\" srcset=\"https:\/\/mouldking.store\/wp-content\/uploads\/2022\/05\/QuanGuan-723-Demon-Slayer-Kimetsu-no-Yaiba-Shinobu-Kocho-4.jpg 896w, https:\/\/mouldking.store\/wp-content\/uploads\/2022\/05\/QuanGuan-723-Demon-Slayer-Kimetsu-no-Yaiba-Shinobu-Kocho-4-300x299.jpg 300w, https:\/\/mouldking.store\/wp-content\/uploads\/2022\/05\/QuanGuan-723-Demon-Slayer-Kimetsu-no-Yaiba-Shinobu-Kocho-4-768x765.jpg 768w, https:\/\/mouldking.store\/wp-content\/uploads\/2022\/05\/QuanGuan-723-Demon-Slayer-Kimetsu-no-Yaiba-Shinobu-Kocho-4-600x598.jpg 600w, https:\/\/mouldking.store\/wp-content\/uploads\/2022\/05\/QuanGuan-723-Demon-Slayer-Kimetsu-no-Yaiba-Shinobu-Kocho-4-150x150.jpg 150w\" sizes=\"(max-width: 896px) 100vw, 896px\" \/><figcaption id=\"caption-attachment-31347\" class=\"wp-caption-text\">QuanGuan 723 Demon Slayer: Kimetsu no Yaiba Shinobu Kocho med 778 stykker<\/figcaption><\/figure>\n<figure id=\"attachment_31349\" aria-describedby=\"caption-attachment-31349\" style=\"width: 888px\" class=\"wp-caption aligncenter\"><img decoding=\"async\" class=\"wp-image-31349 size-full\" src=\"https:\/\/mouldking.store\/wp-content\/uploads\/2022\/05\/QuanGuan-723-Demon-Slayer-Kimetsu-no-Yaiba-Shinobu-Kocho-2.jpg\" alt=\"QuanGuan 723 Demon Slayer: Kimetsu no Yaiba Shinobu Kocho with 778 pieces\" width=\"888\" height=\"892\" title=\"-\" srcset=\"https:\/\/mouldking.store\/wp-content\/uploads\/2022\/05\/QuanGuan-723-Demon-Slayer-Kimetsu-no-Yaiba-Shinobu-Kocho-2.jpg 888w, https:\/\/mouldking.store\/wp-content\/uploads\/2022\/05\/QuanGuan-723-Demon-Slayer-Kimetsu-no-Yaiba-Shinobu-Kocho-2-300x301.jpg 300w, https:\/\/mouldking.store\/wp-content\/uploads\/2022\/05\/QuanGuan-723-Demon-Slayer-Kimetsu-no-Yaiba-Shinobu-Kocho-2-768x771.jpg 768w, https:\/\/mouldking.store\/wp-content\/uploads\/2022\/05\/QuanGuan-723-Demon-Slayer-Kimetsu-no-Yaiba-Shinobu-Kocho-2-600x603.jpg 600w, https:\/\/mouldking.store\/wp-content\/uploads\/2022\/05\/QuanGuan-723-Demon-Slayer-Kimetsu-no-Yaiba-Shinobu-Kocho-2-150x150.jpg 150w\" sizes=\"(max-width: 888px) 100vw, 888px\" \/><figcaption id=\"caption-attachment-31349\" class=\"wp-caption-text\">QuanGuan 723 Demon Slayer: Kimetsu no Yaiba Shinobu Kocho med 778 stykker<\/figcaption><\/figure>\n<figure id=\"attachment_31350\" aria-describedby=\"caption-attachment-31350\" style=\"width: 904px\" class=\"wp-caption aligncenter\"><img decoding=\"async\" class=\"wp-image-31350 size-full\" src=\"https:\/\/mouldking.store\/wp-content\/uploads\/2022\/05\/QuanGuan-723-Demon-Slayer-Kimetsu-no-Yaiba-Shinobu-Kocho-3.jpg\" alt=\"QuanGuan 723 Demon Slayer: Kimetsu no Yaiba Shinobu Kocho with 778 pieces\" width=\"904\" height=\"883\" title=\"-\" srcset=\"https:\/\/mouldking.store\/wp-content\/uploads\/2022\/05\/QuanGuan-723-Demon-Slayer-Kimetsu-no-Yaiba-Shinobu-Kocho-3.jpg 904w, https:\/\/mouldking.store\/wp-content\/uploads\/2022\/05\/QuanGuan-723-Demon-Slayer-Kimetsu-no-Yaiba-Shinobu-Kocho-3-300x293.jpg 300w, https:\/\/mouldking.store\/wp-content\/uploads\/2022\/05\/QuanGuan-723-Demon-Slayer-Kimetsu-no-Yaiba-Shinobu-Kocho-3-768x750.jpg 768w, https:\/\/mouldking.store\/wp-content\/uploads\/2022\/05\/QuanGuan-723-Demon-Slayer-Kimetsu-no-Yaiba-Shinobu-Kocho-3-600x586.jpg 600w, https:\/\/mouldking.store\/wp-content\/uploads\/2022\/05\/QuanGuan-723-Demon-Slayer-Kimetsu-no-Yaiba-Shinobu-Kocho-3-150x147.jpg 150w\" sizes=\"(max-width: 904px) 100vw, 904px\" \/><figcaption id=\"caption-attachment-31350\" class=\"wp-caption-text\">QuanGuan 723 Demon Slayer: Kimetsu no Yaiba Shinobu Kocho med 778 stykker<\/figcaption><\/figure>\n<figure id=\"attachment_31348\" aria-describedby=\"caption-attachment-31348\" style=\"width: 900px\" class=\"wp-caption aligncenter\"><img loading=\"lazy\" decoding=\"async\" class=\"wp-image-31348 size-full\" src=\"https:\/\/mouldking.store\/wp-content\/uploads\/2022\/05\/QuanGuan-723-Demon-Slayer-Kimetsu-no-Yaiba-Shinobu-Kocho-1.jpg\" alt=\"QuanGuan 723 Demon Slayer: Kimetsu no Yaiba Shinobu Kocho with 778 pieces\" width=\"900\" height=\"886\" title=\"-\" srcset=\"https:\/\/mouldking.store\/wp-content\/uploads\/2022\/05\/QuanGuan-723-Demon-Slayer-Kimetsu-no-Yaiba-Shinobu-Kocho-1.jpg 900w, https:\/\/mouldking.store\/wp-content\/uploads\/2022\/05\/QuanGuan-723-Demon-Slayer-Kimetsu-no-Yaiba-Shinobu-Kocho-1-300x295.jpg 300w, https:\/\/mouldking.store\/wp-content\/uploads\/2022\/05\/QuanGuan-723-Demon-Slayer-Kimetsu-no-Yaiba-Shinobu-Kocho-1-768x756.jpg 768w, https:\/\/mouldking.store\/wp-content\/uploads\/2022\/05\/QuanGuan-723-Demon-Slayer-Kimetsu-no-Yaiba-Shinobu-Kocho-1-600x591.jpg 600w, https:\/\/mouldking.store\/wp-content\/uploads\/2022\/05\/QuanGuan-723-Demon-Slayer-Kimetsu-no-Yaiba-Shinobu-Kocho-1-150x148.jpg 150w\" sizes=\"(max-width: 900px) 100vw, 900px\" \/><figcaption id=\"caption-attachment-31348\" class=\"wp-caption-text\">QuanGuan 723 Demon Slayer: Kimetsu no Yaiba Shinobu Kocho med 778 stykker<\/figcaption><\/figure>","protected":false},"excerpt":{"rendered":"<p>Product information: Brand: QuanGuan Gender: Unisex Name: Demon Slayer: Kimetsu no Yaiba Shinobu Kocho Age Range: &gt; 6 years old Model Number: 723 Classification: Assemblage Plastic Block Shape: Self-Locking Bricks Material: Plastic Plastic Type: ABS Bricks Blocks: 778 PCS Contains detailed assembly instructions. Notice: 1. Without an original box, but we guarantee our products have [&hellip;]<\/p>","protected":false},"featured_media":31347,"comment_status":"closed","ping_status":"closed","template":"","meta":{"_acf_changed":false},"product_cat":[581,1408],"product_tag":[5390,2977,5387,5315,5389,2290,5386,5388,5385,5384,5391],"class_list":["product","first","instock","shipping-taxable","purchasable","product-type-simple"],"acf":[],"_links":{"self":[{"href":"https:\/\/mouldking.store\/nb\/wp-json\/wp\/v2\/product\/31346","targetHints":{"allow":["GET"]}}],"collection":[{"href":"https:\/\/mouldking.store\/nb\/wp-json\/wp\/v2\/product"}],"about":[{"href":"https:\/\/mouldking.store\/nb\/wp-json\/wp\/v2\/types\/product"}],"replies":[{"embeddable":true,"href":"https:\/\/mouldking.store\/nb\/wp-json\/wp\/v2\/comments?post=31346"}],"wp:featuredmedia":[{"embeddable":true,"href":"https:\/\/mouldking.store\/nb\/wp-json\/wp\/v2\/media\/31347"}],"wp:attachment":[{"href":"https:\/\/mouldking.store\/nb\/wp-json\/wp\/v2\/media?parent=31346"}],"wp:term":[{"taxonomy":"product_cat","embeddable":true,"href":"https:\/\/mouldking.store\/nb\/wp-json\/wp\/v2\/product_cat?post=31346"},{"taxonomy":"product_tag","embeddable":true,"href":"https:\/\/mouldking.store\/nb\/wp-json\/wp\/v2\/product_tag?post=31346"}],"curies":[{"name":"wp","href":"https:\/\/api.w.org\/{rel}","templated":true}]}}