{"id":31351,"date":"2022-05-27T11:46:14","date_gmt":"2022-05-27T04:46:14","guid":{"rendered":"https:\/\/mouldking.store\/?post_type=product&#038;p=31351"},"modified":"2022-05-27T11:46:14","modified_gmt":"2022-05-27T04:46:14","slug":"dk-1505-magic-blade-with-853-pieces","status":"publish","type":"product","link":"https:\/\/mouldking.store\/nb\/shop\/dk-1505-magic-blade-with-853-pieces\/","title":{"rendered":"DK 1505 Magic Blade med 853 stk"},"content":{"rendered":"<p>Produktinformasjon:<\/p>\n<ol>\n<li>Merke: DK<\/li>\n<li>Kj\u00f8nn: Unisex<\/li>\n<li>Name: Magic Blade<\/li>\n<li>Aldersgruppe: &gt; 6 \u00e5r gammel<\/li>\n<li>Model Number: 1505<\/li>\n<li>Klassifisering: Montering<\/li>\n<li>Plastblokkform: Selvl\u00e5sende murstein<\/li>\n<li>Materiale: Plast<\/li>\n<li>Plasttype: ABS<\/li>\n<li>Bricks Blocks: 853 PCS<\/li>\n<li>Inneholder detaljerte monteringsanvisninger.<\/li>\n<\/ol>\n<p>Legge merke til:<br \/>\n1. Uten original eske, men vi garanterer at v\u00e5re produkter har kvalitetssikring og pen emballasje.<br \/>\n2. Som alle delene vi har sjekket f\u00f8r frakt, s\u00e5 hvis du finner noen deler savnet eller skadet, ikke bekymre deg og bare kontakt oss, s\u00e5 kan vi sende dem til deg p\u00e5 nytt umiddelbart gratis.<\/p>\n<figure id=\"attachment_31358\" aria-describedby=\"caption-attachment-31358\" style=\"width: 900px\" class=\"wp-caption aligncenter\"><img fetchpriority=\"high\" decoding=\"async\" class=\"wp-image-31358 size-full\" src=\"https:\/\/mouldking.store\/wp-content\/uploads\/2022\/05\/DK-1505-Assassin-Wu-Liuqi-Magic-Blade-3.jpg\" alt=\"DK 1505 Magic Blade with 853 pieces\" width=\"900\" height=\"893\" title=\"-\" srcset=\"https:\/\/mouldking.store\/wp-content\/uploads\/2022\/05\/DK-1505-Assassin-Wu-Liuqi-Magic-Blade-3.jpg 900w, https:\/\/mouldking.store\/wp-content\/uploads\/2022\/05\/DK-1505-Assassin-Wu-Liuqi-Magic-Blade-3-300x298.jpg 300w, https:\/\/mouldking.store\/wp-content\/uploads\/2022\/05\/DK-1505-Assassin-Wu-Liuqi-Magic-Blade-3-768x762.jpg 768w, https:\/\/mouldking.store\/wp-content\/uploads\/2022\/05\/DK-1505-Assassin-Wu-Liuqi-Magic-Blade-3-600x595.jpg 600w, https:\/\/mouldking.store\/wp-content\/uploads\/2022\/05\/DK-1505-Assassin-Wu-Liuqi-Magic-Blade-3-150x150.jpg 150w\" sizes=\"(max-width: 900px) 100vw, 900px\" \/><figcaption id=\"caption-attachment-31358\" class=\"wp-caption-text\">DK 1505 Magic Blade med 853 stk<\/figcaption><\/figure>\n<figure id=\"attachment_31357\" aria-describedby=\"caption-attachment-31357\" style=\"width: 890px\" class=\"wp-caption aligncenter\"><img decoding=\"async\" class=\"wp-image-31357 size-full\" src=\"https:\/\/mouldking.store\/wp-content\/uploads\/2022\/05\/DK-1505-Assassin-Wu-Liuqi-Magic-Blade-8.jpg\" alt=\"DK 1505 Magic Blade with 853 pieces\" width=\"890\" height=\"887\" title=\"-\" srcset=\"https:\/\/mouldking.store\/wp-content\/uploads\/2022\/05\/DK-1505-Assassin-Wu-Liuqi-Magic-Blade-8.jpg 890w, https:\/\/mouldking.store\/wp-content\/uploads\/2022\/05\/DK-1505-Assassin-Wu-Liuqi-Magic-Blade-8-300x299.jpg 300w, https:\/\/mouldking.store\/wp-content\/uploads\/2022\/05\/DK-1505-Assassin-Wu-Liuqi-Magic-Blade-8-768x765.jpg 768w, https:\/\/mouldking.store\/wp-content\/uploads\/2022\/05\/DK-1505-Assassin-Wu-Liuqi-Magic-Blade-8-600x598.jpg 600w, https:\/\/mouldking.store\/wp-content\/uploads\/2022\/05\/DK-1505-Assassin-Wu-Liuqi-Magic-Blade-8-150x150.jpg 150w\" sizes=\"(max-width: 890px) 100vw, 890px\" \/><figcaption id=\"caption-attachment-31357\" class=\"wp-caption-text\">DK 1505 Magic Blade med 853 stk<\/figcaption><\/figure>\n<figure id=\"attachment_31356\" aria-describedby=\"caption-attachment-31356\" style=\"width: 894px\" class=\"wp-caption aligncenter\"><img decoding=\"async\" class=\"wp-image-31356 size-full\" src=\"https:\/\/mouldking.store\/wp-content\/uploads\/2022\/05\/DK-1505-Assassin-Wu-Liuqi-Magic-Blade-7.jpg\" alt=\"DK 1505 Magic Blade with 853 pieces\" width=\"894\" height=\"888\" title=\"-\" srcset=\"https:\/\/mouldking.store\/wp-content\/uploads\/2022\/05\/DK-1505-Assassin-Wu-Liuqi-Magic-Blade-7.jpg 894w, https:\/\/mouldking.store\/wp-content\/uploads\/2022\/05\/DK-1505-Assassin-Wu-Liuqi-Magic-Blade-7-300x298.jpg 300w, https:\/\/mouldking.store\/wp-content\/uploads\/2022\/05\/DK-1505-Assassin-Wu-Liuqi-Magic-Blade-7-768x763.jpg 768w, https:\/\/mouldking.store\/wp-content\/uploads\/2022\/05\/DK-1505-Assassin-Wu-Liuqi-Magic-Blade-7-600x596.jpg 600w, https:\/\/mouldking.store\/wp-content\/uploads\/2022\/05\/DK-1505-Assassin-Wu-Liuqi-Magic-Blade-7-150x150.jpg 150w\" sizes=\"(max-width: 894px) 100vw, 894px\" \/><figcaption id=\"caption-attachment-31356\" class=\"wp-caption-text\">DK 1505 Magic Blade med 853 stk<\/figcaption><\/figure>\n<figure id=\"attachment_31354\" aria-describedby=\"caption-attachment-31354\" style=\"width: 895px\" class=\"wp-caption aligncenter\"><img loading=\"lazy\" decoding=\"async\" class=\"wp-image-31354 size-full\" src=\"https:\/\/mouldking.store\/wp-content\/uploads\/2022\/05\/DK-1505-Assassin-Wu-Liuqi-Magic-Blade-5.jpg\" alt=\"DK 1505 Magic Blade with 853 pieces\" width=\"895\" height=\"864\" title=\"-\" srcset=\"https:\/\/mouldking.store\/wp-content\/uploads\/2022\/05\/DK-1505-Assassin-Wu-Liuqi-Magic-Blade-5.jpg 895w, https:\/\/mouldking.store\/wp-content\/uploads\/2022\/05\/DK-1505-Assassin-Wu-Liuqi-Magic-Blade-5-300x290.jpg 300w, https:\/\/mouldking.store\/wp-content\/uploads\/2022\/05\/DK-1505-Assassin-Wu-Liuqi-Magic-Blade-5-768x741.jpg 768w, https:\/\/mouldking.store\/wp-content\/uploads\/2022\/05\/DK-1505-Assassin-Wu-Liuqi-Magic-Blade-5-600x579.jpg 600w, https:\/\/mouldking.store\/wp-content\/uploads\/2022\/05\/DK-1505-Assassin-Wu-Liuqi-Magic-Blade-5-150x145.jpg 150w\" sizes=\"(max-width: 895px) 100vw, 895px\" \/><figcaption id=\"caption-attachment-31354\" class=\"wp-caption-text\">DK 1505 Magic Blade med 853 stk<\/figcaption><\/figure>\n<figure id=\"attachment_31353\" aria-describedby=\"caption-attachment-31353\" style=\"width: 759px\" class=\"wp-caption aligncenter\"><img loading=\"lazy\" decoding=\"async\" class=\"wp-image-31353 size-full\" src=\"https:\/\/mouldking.store\/wp-content\/uploads\/2022\/05\/DK-1505-Assassin-Wu-Liuqi-Magic-Blade-4.jpg\" alt=\"DK 1505 Magic Blade with 853 pieces\" width=\"759\" height=\"881\" title=\"-\" srcset=\"https:\/\/mouldking.store\/wp-content\/uploads\/2022\/05\/DK-1505-Assassin-Wu-Liuqi-Magic-Blade-4.jpg 759w, https:\/\/mouldking.store\/wp-content\/uploads\/2022\/05\/DK-1505-Assassin-Wu-Liuqi-Magic-Blade-4-258x300.jpg 258w, https:\/\/mouldking.store\/wp-content\/uploads\/2022\/05\/DK-1505-Assassin-Wu-Liuqi-Magic-Blade-4-300x348.jpg 300w, https:\/\/mouldking.store\/wp-content\/uploads\/2022\/05\/DK-1505-Assassin-Wu-Liuqi-Magic-Blade-4-600x696.jpg 600w, https:\/\/mouldking.store\/wp-content\/uploads\/2022\/05\/DK-1505-Assassin-Wu-Liuqi-Magic-Blade-4-129x150.jpg 129w\" sizes=\"(max-width: 759px) 100vw, 759px\" \/><figcaption id=\"caption-attachment-31353\" class=\"wp-caption-text\">DK 1505 Magic Blade med 853 stk<\/figcaption><\/figure>\n<figure id=\"attachment_31355\" aria-describedby=\"caption-attachment-31355\" style=\"width: 495px\" class=\"wp-caption aligncenter\"><img loading=\"lazy\" decoding=\"async\" class=\"wp-image-31355 size-full\" src=\"https:\/\/mouldking.store\/wp-content\/uploads\/2022\/05\/DK-1505-Assassin-Wu-Liuqi-Magic-Blade-6.jpg\" alt=\"DK 1505 Magic Blade with 853 pieces\" width=\"495\" height=\"495\" title=\"-\" srcset=\"https:\/\/mouldking.store\/wp-content\/uploads\/2022\/05\/DK-1505-Assassin-Wu-Liuqi-Magic-Blade-6.jpg 495w, https:\/\/mouldking.store\/wp-content\/uploads\/2022\/05\/DK-1505-Assassin-Wu-Liuqi-Magic-Blade-6-300x300.jpg 300w, https:\/\/mouldking.store\/wp-content\/uploads\/2022\/05\/DK-1505-Assassin-Wu-Liuqi-Magic-Blade-6-150x150.jpg 150w\" sizes=\"(max-width: 495px) 100vw, 495px\" \/><figcaption id=\"caption-attachment-31355\" class=\"wp-caption-text\">DK 1505 Magic Blade med 853 stk<\/figcaption><\/figure>\n<figure id=\"attachment_31352\" aria-describedby=\"caption-attachment-31352\" style=\"width: 800px\" class=\"wp-caption aligncenter\"><img loading=\"lazy\" decoding=\"async\" class=\"wp-image-31352 size-full\" src=\"https:\/\/mouldking.store\/wp-content\/uploads\/2022\/05\/DK-1505-Assassin-Wu-Liuqi-Magic-Blade-1.jpg\" alt=\"DK 1505 Magic Blade with 853 pieces\" width=\"800\" height=\"800\" title=\"-\" srcset=\"https:\/\/mouldking.store\/wp-content\/uploads\/2022\/05\/DK-1505-Assassin-Wu-Liuqi-Magic-Blade-1.jpg 800w, https:\/\/mouldking.store\/wp-content\/uploads\/2022\/05\/DK-1505-Assassin-Wu-Liuqi-Magic-Blade-1-300x300.jpg 300w, https:\/\/mouldking.store\/wp-content\/uploads\/2022\/05\/DK-1505-Assassin-Wu-Liuqi-Magic-Blade-1-768x768.jpg 768w, https:\/\/mouldking.store\/wp-content\/uploads\/2022\/05\/DK-1505-Assassin-Wu-Liuqi-Magic-Blade-1-600x600.jpg 600w, https:\/\/mouldking.store\/wp-content\/uploads\/2022\/05\/DK-1505-Assassin-Wu-Liuqi-Magic-Blade-1-150x150.jpg 150w\" sizes=\"(max-width: 800px) 100vw, 800px\" \/><figcaption id=\"caption-attachment-31352\" class=\"wp-caption-text\">DK 1505 Magic Blade med 853 stk<\/figcaption><\/figure>\n<p>&nbsp;<\/p>","protected":false},"excerpt":{"rendered":"<p>Product information: Brand: DK Gender: Unisex Name: Magic Blade Age Range: &gt; 6 years old Model Number: 1505 Classification: Assemblage Plastic Block Shape: Self-Locking Bricks Material: Plastic Plastic Type: ABS Bricks Blocks: 853 PCS Contains detailed assembly instructions. Notice: 1. Without an original box, but we guarantee our products have quality assurance and nice packaging. [&hellip;]<\/p>","protected":false},"featured_media":31358,"comment_status":"closed","ping_status":"closed","template":"","meta":{"_acf_changed":false},"product_cat":[581,1408],"product_tag":[5396,5397,2914,5394,5393,5392,5395],"class_list":["product","first","instock","shipping-taxable","purchasable","product-type-simple"],"acf":[],"_links":{"self":[{"href":"https:\/\/mouldking.store\/nb\/wp-json\/wp\/v2\/product\/31351","targetHints":{"allow":["GET"]}}],"collection":[{"href":"https:\/\/mouldking.store\/nb\/wp-json\/wp\/v2\/product"}],"about":[{"href":"https:\/\/mouldking.store\/nb\/wp-json\/wp\/v2\/types\/product"}],"replies":[{"embeddable":true,"href":"https:\/\/mouldking.store\/nb\/wp-json\/wp\/v2\/comments?post=31351"}],"wp:featuredmedia":[{"embeddable":true,"href":"https:\/\/mouldking.store\/nb\/wp-json\/wp\/v2\/media\/31358"}],"wp:attachment":[{"href":"https:\/\/mouldking.store\/nb\/wp-json\/wp\/v2\/media?parent=31351"}],"wp:term":[{"taxonomy":"product_cat","embeddable":true,"href":"https:\/\/mouldking.store\/nb\/wp-json\/wp\/v2\/product_cat?post=31351"},{"taxonomy":"product_tag","embeddable":true,"href":"https:\/\/mouldking.store\/nb\/wp-json\/wp\/v2\/product_tag?post=31351"}],"curies":[{"name":"wp","href":"https:\/\/api.w.org\/{rel}","templated":true}]}}