{"id":31401,"date":"2022-05-27T12:15:57","date_gmt":"2022-05-27T05:15:57","guid":{"rendered":"https:\/\/mouldking.store\/?post_type=product&#038;p=31401"},"modified":"2022-05-27T12:15:57","modified_gmt":"2022-05-27T05:15:57","slug":"qman-k20605-cat-school-bus-with-305-pieces","status":"publish","type":"product","link":"https:\/\/mouldking.store\/nb\/shop\/qman-k20605-cat-school-bus-with-305-pieces\/","title":{"rendered":"Qman K20605 Cat Skolebuss med 305 stk"},"content":{"rendered":"<p>Produktinformasjon:<\/p>\n<ol>\n<li>Merke: Qman<\/li>\n<li>Kj\u00f8nn: Unisex<\/li>\n<li>Name: Cat School Bus<\/li>\n<li>Aldersgruppe: &gt; 6 \u00e5r gammel<\/li>\n<li>Model Number: K20605<\/li>\n<li>Klassifisering: Montering<\/li>\n<li>Plastblokkform: Selvl\u00e5sende murstein<\/li>\n<li>Materiale: Plast<\/li>\n<li>Plasttype: ABS<\/li>\n<li>Bricks Blocks: 305 PCS<\/li>\n<li>Inneholder detaljerte monteringsanvisninger.<\/li>\n<\/ol>\n<p>Legge merke til:<br \/>\n1. Uten original eske, men vi garanterer at v\u00e5re produkter har kvalitetssikring og pen emballasje.<br \/>\n2. Som alle delene vi har sjekket f\u00f8r frakt, s\u00e5 hvis du finner noen deler savnet eller skadet, ikke bekymre deg og bare kontakt oss, s\u00e5 kan vi sende dem til deg p\u00e5 nytt umiddelbart gratis.<\/p>\n<p>&nbsp;<\/p>\n<figure id=\"attachment_31402\" aria-describedby=\"caption-attachment-31402\" style=\"width: 898px\" class=\"wp-caption aligncenter\"><img fetchpriority=\"high\" decoding=\"async\" class=\"wp-image-31402 size-full\" src=\"https:\/\/mouldking.store\/wp-content\/uploads\/2022\/05\/Qman-K20605-Cat-School-Bus-1.jpg\" alt=\"Qman K20605 Cat School Bus with 305 pieces\" width=\"898\" height=\"896\" title=\"-\" srcset=\"https:\/\/mouldking.store\/wp-content\/uploads\/2022\/05\/Qman-K20605-Cat-School-Bus-1.jpg 898w, https:\/\/mouldking.store\/wp-content\/uploads\/2022\/05\/Qman-K20605-Cat-School-Bus-1-300x299.jpg 300w, https:\/\/mouldking.store\/wp-content\/uploads\/2022\/05\/Qman-K20605-Cat-School-Bus-1-768x766.jpg 768w, https:\/\/mouldking.store\/wp-content\/uploads\/2022\/05\/Qman-K20605-Cat-School-Bus-1-600x599.jpg 600w, https:\/\/mouldking.store\/wp-content\/uploads\/2022\/05\/Qman-K20605-Cat-School-Bus-1-150x150.jpg 150w\" sizes=\"(max-width: 898px) 100vw, 898px\" \/><figcaption id=\"caption-attachment-31402\" class=\"wp-caption-text\">Qman K20605 Cat Skolebuss med 305 stk<\/figcaption><\/figure>\n<figure id=\"attachment_31408\" aria-describedby=\"caption-attachment-31408\" style=\"width: 608px\" class=\"wp-caption aligncenter\"><img decoding=\"async\" class=\"wp-image-31408 size-full\" src=\"https:\/\/mouldking.store\/wp-content\/uploads\/2022\/05\/Qman-K20605-Cat-School-Bus-7.jpg\" alt=\"Qman K20605 Cat School Bus with 305 pieces\" width=\"608\" height=\"893\" title=\"-\" srcset=\"https:\/\/mouldking.store\/wp-content\/uploads\/2022\/05\/Qman-K20605-Cat-School-Bus-7.jpg 608w, https:\/\/mouldking.store\/wp-content\/uploads\/2022\/05\/Qman-K20605-Cat-School-Bus-7-204x300.jpg 204w, https:\/\/mouldking.store\/wp-content\/uploads\/2022\/05\/Qman-K20605-Cat-School-Bus-7-300x441.jpg 300w, https:\/\/mouldking.store\/wp-content\/uploads\/2022\/05\/Qman-K20605-Cat-School-Bus-7-600x881.jpg 600w, https:\/\/mouldking.store\/wp-content\/uploads\/2022\/05\/Qman-K20605-Cat-School-Bus-7-102x150.jpg 102w\" sizes=\"(max-width: 608px) 100vw, 608px\" \/><figcaption id=\"caption-attachment-31408\" class=\"wp-caption-text\">Qman K20605 Cat Skolebuss med 305 stk<\/figcaption><\/figure>\n<figure id=\"attachment_31403\" aria-describedby=\"caption-attachment-31403\" style=\"width: 474px\" class=\"wp-caption aligncenter\"><img decoding=\"async\" class=\"wp-image-31403 size-full\" src=\"https:\/\/mouldking.store\/wp-content\/uploads\/2022\/05\/Qman-K20605-Cat-School-Bus-2.jpg\" alt=\"Qman K20605 Cat School Bus with 305 pieces\" width=\"474\" height=\"886\" title=\"-\" srcset=\"https:\/\/mouldking.store\/wp-content\/uploads\/2022\/05\/Qman-K20605-Cat-School-Bus-2.jpg 474w, https:\/\/mouldking.store\/wp-content\/uploads\/2022\/05\/Qman-K20605-Cat-School-Bus-2-160x300.jpg 160w, https:\/\/mouldking.store\/wp-content\/uploads\/2022\/05\/Qman-K20605-Cat-School-Bus-2-300x561.jpg 300w, https:\/\/mouldking.store\/wp-content\/uploads\/2022\/05\/Qman-K20605-Cat-School-Bus-2-80x150.jpg 80w\" sizes=\"(max-width: 474px) 100vw, 474px\" \/><figcaption id=\"caption-attachment-31403\" class=\"wp-caption-text\">Qman K20605 Cat Skolebuss med 305 stk<\/figcaption><\/figure>\n<figure id=\"attachment_31404\" aria-describedby=\"caption-attachment-31404\" style=\"width: 524px\" class=\"wp-caption aligncenter\"><img loading=\"lazy\" decoding=\"async\" class=\"wp-image-31404 size-full\" src=\"https:\/\/mouldking.store\/wp-content\/uploads\/2022\/05\/Qman-K20605-Cat-School-Bus-3.jpg\" alt=\"Qman K20605 Cat School Bus with 305 pieces\" width=\"524\" height=\"863\" title=\"-\" srcset=\"https:\/\/mouldking.store\/wp-content\/uploads\/2022\/05\/Qman-K20605-Cat-School-Bus-3.jpg 524w, https:\/\/mouldking.store\/wp-content\/uploads\/2022\/05\/Qman-K20605-Cat-School-Bus-3-182x300.jpg 182w, https:\/\/mouldking.store\/wp-content\/uploads\/2022\/05\/Qman-K20605-Cat-School-Bus-3-300x494.jpg 300w, https:\/\/mouldking.store\/wp-content\/uploads\/2022\/05\/Qman-K20605-Cat-School-Bus-3-91x150.jpg 91w\" sizes=\"(max-width: 524px) 100vw, 524px\" \/><figcaption id=\"caption-attachment-31404\" class=\"wp-caption-text\">Qman K20605 Cat Skolebuss med 305 stk<\/figcaption><\/figure>\n<figure id=\"attachment_31405\" aria-describedby=\"caption-attachment-31405\" style=\"width: 544px\" class=\"wp-caption aligncenter\"><img loading=\"lazy\" decoding=\"async\" class=\"wp-image-31405 size-full\" src=\"https:\/\/mouldking.store\/wp-content\/uploads\/2022\/05\/Qman-K20605-Cat-School-Bus-4.jpg\" alt=\"Qman K20605 Cat School Bus with 305 pieces\" width=\"544\" height=\"873\" title=\"-\" srcset=\"https:\/\/mouldking.store\/wp-content\/uploads\/2022\/05\/Qman-K20605-Cat-School-Bus-4.jpg 544w, https:\/\/mouldking.store\/wp-content\/uploads\/2022\/05\/Qman-K20605-Cat-School-Bus-4-187x300.jpg 187w, https:\/\/mouldking.store\/wp-content\/uploads\/2022\/05\/Qman-K20605-Cat-School-Bus-4-300x481.jpg 300w, https:\/\/mouldking.store\/wp-content\/uploads\/2022\/05\/Qman-K20605-Cat-School-Bus-4-93x150.jpg 93w\" sizes=\"(max-width: 544px) 100vw, 544px\" \/><figcaption id=\"caption-attachment-31405\" class=\"wp-caption-text\">Qman K20605 Cat Skolebuss med 305 stk<\/figcaption><\/figure>\n<figure id=\"attachment_31406\" aria-describedby=\"caption-attachment-31406\" style=\"width: 468px\" class=\"wp-caption aligncenter\"><img loading=\"lazy\" decoding=\"async\" class=\"wp-image-31406 size-full\" src=\"https:\/\/mouldking.store\/wp-content\/uploads\/2022\/05\/Qman-K20605-Cat-School-Bus-5.jpg\" alt=\"Qman K20605 Cat School Bus with 305 pieces\" width=\"468\" height=\"669\" title=\"-\" srcset=\"https:\/\/mouldking.store\/wp-content\/uploads\/2022\/05\/Qman-K20605-Cat-School-Bus-5.jpg 468w, https:\/\/mouldking.store\/wp-content\/uploads\/2022\/05\/Qman-K20605-Cat-School-Bus-5-210x300.jpg 210w, https:\/\/mouldking.store\/wp-content\/uploads\/2022\/05\/Qman-K20605-Cat-School-Bus-5-300x429.jpg 300w, https:\/\/mouldking.store\/wp-content\/uploads\/2022\/05\/Qman-K20605-Cat-School-Bus-5-105x150.jpg 105w\" sizes=\"(max-width: 468px) 100vw, 468px\" \/><figcaption id=\"caption-attachment-31406\" class=\"wp-caption-text\">Qman K20605 Cat Skolebuss med 305 stk<\/figcaption><\/figure>\n<figure id=\"attachment_31407\" aria-describedby=\"caption-attachment-31407\" style=\"width: 626px\" class=\"wp-caption aligncenter\"><img loading=\"lazy\" decoding=\"async\" class=\"wp-image-31407 size-full\" src=\"https:\/\/mouldking.store\/wp-content\/uploads\/2022\/05\/Qman-K20605-Cat-School-Bus-6.jpg\" alt=\"Qman K20605 Cat School Bus with 305 pieces\" width=\"626\" height=\"875\" title=\"-\" srcset=\"https:\/\/mouldking.store\/wp-content\/uploads\/2022\/05\/Qman-K20605-Cat-School-Bus-6.jpg 626w, https:\/\/mouldking.store\/wp-content\/uploads\/2022\/05\/Qman-K20605-Cat-School-Bus-6-215x300.jpg 215w, https:\/\/mouldking.store\/wp-content\/uploads\/2022\/05\/Qman-K20605-Cat-School-Bus-6-300x419.jpg 300w, https:\/\/mouldking.store\/wp-content\/uploads\/2022\/05\/Qman-K20605-Cat-School-Bus-6-600x839.jpg 600w, https:\/\/mouldking.store\/wp-content\/uploads\/2022\/05\/Qman-K20605-Cat-School-Bus-6-107x150.jpg 107w\" sizes=\"(max-width: 626px) 100vw, 626px\" \/><figcaption id=\"caption-attachment-31407\" class=\"wp-caption-text\">Qman K20605 Cat Skolebuss med 305 stk<\/figcaption><\/figure>","protected":false},"excerpt":{"rendered":"<p>Product information: Brand: Qman Gender: Unisex Name: Cat School Bus Age Range: &gt; 6 years old Model Number: K20605 Classification: Assemblage Plastic Block Shape: Self-Locking Bricks Material: Plastic Plastic Type: ABS Bricks Blocks: 305 PCS Contains detailed assembly instructions. Notice: 1. Without an original box, but we guarantee our products have quality assurance and nice [&hellip;]<\/p>","protected":false},"featured_media":31402,"comment_status":"closed","ping_status":"closed","template":"","meta":{"_acf_changed":false},"product_cat":[581,1408],"product_tag":[4572,5428,5425,5426,4125,5424,5423,5422,5427,5411],"class_list":["product","first","instock","shipping-taxable","purchasable","product-type-simple"],"acf":[],"_links":{"self":[{"href":"https:\/\/mouldking.store\/nb\/wp-json\/wp\/v2\/product\/31401","targetHints":{"allow":["GET"]}}],"collection":[{"href":"https:\/\/mouldking.store\/nb\/wp-json\/wp\/v2\/product"}],"about":[{"href":"https:\/\/mouldking.store\/nb\/wp-json\/wp\/v2\/types\/product"}],"replies":[{"embeddable":true,"href":"https:\/\/mouldking.store\/nb\/wp-json\/wp\/v2\/comments?post=31401"}],"wp:featuredmedia":[{"embeddable":true,"href":"https:\/\/mouldking.store\/nb\/wp-json\/wp\/v2\/media\/31402"}],"wp:attachment":[{"href":"https:\/\/mouldking.store\/nb\/wp-json\/wp\/v2\/media?parent=31401"}],"wp:term":[{"taxonomy":"product_cat","embeddable":true,"href":"https:\/\/mouldking.store\/nb\/wp-json\/wp\/v2\/product_cat?post=31401"},{"taxonomy":"product_tag","embeddable":true,"href":"https:\/\/mouldking.store\/nb\/wp-json\/wp\/v2\/product_tag?post=31401"}],"curies":[{"name":"wp","href":"https:\/\/api.w.org\/{rel}","templated":true}]}}