{"id":31409,"date":"2022-05-27T12:28:33","date_gmt":"2022-05-27T05:28:33","guid":{"rendered":"https:\/\/mouldking.store\/?post_type=product&#038;p=31409"},"modified":"2023-03-14T09:49:30","modified_gmt":"2023-03-14T02:49:30","slug":"cada-c66006-japanese-steamed-bun-house-with-1108-pieces","status":"publish","type":"product","link":"https:\/\/mouldking.store\/nb\/shop\/cada-c66006-japanese-steamed-bun-house-with-1108-pieces\/","title":{"rendered":"CADA C66006 Japansk dampet bollehus med 1108 deler"},"content":{"rendered":"<p>Produktinformasjon:<\/p>\n<ol>\n<li>Merke: CADA<\/li>\n<li>Kj\u00f8nn: Unisex<\/li>\n<li>Name: Japanese Steamed Bun House<\/li>\n<li>Aldersgruppe: &gt; 6 \u00e5r gammel<\/li>\n<li>Model Number: C66006<\/li>\n<li>Klassifisering: Montering<\/li>\n<li>Plastblokkform: Selvl\u00e5sende murstein<\/li>\n<li>Materiale: Plast<\/li>\n<li>Plasttype: ABS<\/li>\n<li>Bricks Blocks: 1108 PCS<\/li>\n<li>Inneholder detaljerte monteringsanvisninger.<\/li>\n<\/ol>\n<p>Legge merke til:<br \/>\n1. Uten original eske, men vi garanterer at v\u00e5re produkter har kvalitetssikring og pen emballasje.<br \/>\n2. Som alle delene vi har sjekket f\u00f8r frakt, s\u00e5 hvis du finner noen deler savnet eller skadet, ikke bekymre deg og bare kontakt oss, s\u00e5 kan vi sende dem til deg p\u00e5 nytt umiddelbart gratis.<\/p>\n<p>&nbsp;<\/p>\n<figure id=\"attachment_31410\" aria-describedby=\"caption-attachment-31410\" style=\"width: 894px\" class=\"wp-caption aligncenter\"><img fetchpriority=\"high\" decoding=\"async\" class=\"wp-image-31410 size-full\" src=\"https:\/\/mouldking.store\/wp-content\/uploads\/2022\/05\/Cada-C66006-Japanese-Steam-Bun-Shop-1.jpg\" alt=\"CADA C66006 Japanese Steamed Bun House with 1108 pieces\" width=\"894\" height=\"885\" title=\"-\" srcset=\"https:\/\/mouldking.store\/wp-content\/uploads\/2022\/05\/Cada-C66006-Japanese-Steam-Bun-Shop-1.jpg 894w, https:\/\/mouldking.store\/wp-content\/uploads\/2022\/05\/Cada-C66006-Japanese-Steam-Bun-Shop-1-300x297.jpg 300w, https:\/\/mouldking.store\/wp-content\/uploads\/2022\/05\/Cada-C66006-Japanese-Steam-Bun-Shop-1-768x760.jpg 768w, https:\/\/mouldking.store\/wp-content\/uploads\/2022\/05\/Cada-C66006-Japanese-Steam-Bun-Shop-1-600x594.jpg 600w, https:\/\/mouldking.store\/wp-content\/uploads\/2022\/05\/Cada-C66006-Japanese-Steam-Bun-Shop-1-150x148.jpg 150w\" sizes=\"(max-width: 894px) 100vw, 894px\" \/><figcaption id=\"caption-attachment-31410\" class=\"wp-caption-text\">CADA C66006 Japansk dampet bollehus med 1108 deler<\/figcaption><\/figure>\n<figure id=\"attachment_31412\" aria-describedby=\"caption-attachment-31412\" style=\"width: 895px\" class=\"wp-caption aligncenter\"><img decoding=\"async\" class=\"wp-image-31412 size-full\" src=\"https:\/\/mouldking.store\/wp-content\/uploads\/2022\/05\/Cada-C66006-Japanese-Steam-Bun-Shop-3.jpg\" alt=\"CADA C66006 Japanese Steamed Bun House with 1108 pieces\" width=\"895\" height=\"866\" title=\"-\" srcset=\"https:\/\/mouldking.store\/wp-content\/uploads\/2022\/05\/Cada-C66006-Japanese-Steam-Bun-Shop-3.jpg 895w, https:\/\/mouldking.store\/wp-content\/uploads\/2022\/05\/Cada-C66006-Japanese-Steam-Bun-Shop-3-300x290.jpg 300w, https:\/\/mouldking.store\/wp-content\/uploads\/2022\/05\/Cada-C66006-Japanese-Steam-Bun-Shop-3-768x743.jpg 768w, https:\/\/mouldking.store\/wp-content\/uploads\/2022\/05\/Cada-C66006-Japanese-Steam-Bun-Shop-3-600x581.jpg 600w, https:\/\/mouldking.store\/wp-content\/uploads\/2022\/05\/Cada-C66006-Japanese-Steam-Bun-Shop-3-150x145.jpg 150w\" sizes=\"(max-width: 895px) 100vw, 895px\" \/><figcaption id=\"caption-attachment-31412\" class=\"wp-caption-text\">CADA C66006 Japansk dampet bollehus med 1108 deler<\/figcaption><\/figure>\n<figure id=\"attachment_31413\" aria-describedby=\"caption-attachment-31413\" style=\"width: 893px\" class=\"wp-caption aligncenter\"><img decoding=\"async\" class=\"wp-image-31413 size-full\" src=\"https:\/\/mouldking.store\/wp-content\/uploads\/2022\/05\/Cada-C66006-Japanese-Steam-Bun-Shop-4.jpg\" alt=\"CADA C66006 Japanese Steamed Bun House with 1108 pieces\" width=\"893\" height=\"851\" title=\"-\" srcset=\"https:\/\/mouldking.store\/wp-content\/uploads\/2022\/05\/Cada-C66006-Japanese-Steam-Bun-Shop-4.jpg 893w, https:\/\/mouldking.store\/wp-content\/uploads\/2022\/05\/Cada-C66006-Japanese-Steam-Bun-Shop-4-300x286.jpg 300w, https:\/\/mouldking.store\/wp-content\/uploads\/2022\/05\/Cada-C66006-Japanese-Steam-Bun-Shop-4-768x732.jpg 768w, https:\/\/mouldking.store\/wp-content\/uploads\/2022\/05\/Cada-C66006-Japanese-Steam-Bun-Shop-4-600x572.jpg 600w, https:\/\/mouldking.store\/wp-content\/uploads\/2022\/05\/Cada-C66006-Japanese-Steam-Bun-Shop-4-150x143.jpg 150w\" sizes=\"(max-width: 893px) 100vw, 893px\" \/><figcaption id=\"caption-attachment-31413\" class=\"wp-caption-text\">CADA C66006 Japansk dampet bollehus med 1108 deler<\/figcaption><\/figure>\n<figure id=\"attachment_31411\" aria-describedby=\"caption-attachment-31411\" style=\"width: 894px\" class=\"wp-caption aligncenter\"><img loading=\"lazy\" decoding=\"async\" class=\"wp-image-31411 size-full\" src=\"https:\/\/mouldking.store\/wp-content\/uploads\/2022\/05\/Cada-C66006-Japanese-Steam-Bun-Shop-2.jpg\" alt=\"CADA C66006 Japanese Steamed Bun House with 1108 pieces\" width=\"894\" height=\"855\" title=\"-\" srcset=\"https:\/\/mouldking.store\/wp-content\/uploads\/2022\/05\/Cada-C66006-Japanese-Steam-Bun-Shop-2.jpg 894w, https:\/\/mouldking.store\/wp-content\/uploads\/2022\/05\/Cada-C66006-Japanese-Steam-Bun-Shop-2-300x287.jpg 300w, https:\/\/mouldking.store\/wp-content\/uploads\/2022\/05\/Cada-C66006-Japanese-Steam-Bun-Shop-2-768x734.jpg 768w, https:\/\/mouldking.store\/wp-content\/uploads\/2022\/05\/Cada-C66006-Japanese-Steam-Bun-Shop-2-600x574.jpg 600w, https:\/\/mouldking.store\/wp-content\/uploads\/2022\/05\/Cada-C66006-Japanese-Steam-Bun-Shop-2-150x143.jpg 150w\" sizes=\"(max-width: 894px) 100vw, 894px\" \/><figcaption id=\"caption-attachment-31411\" class=\"wp-caption-text\">CADA C66006 Japansk dampet bollehus med 1108 deler<\/figcaption><\/figure>\n<figure id=\"attachment_31414\" aria-describedby=\"caption-attachment-31414\" style=\"width: 897px\" class=\"wp-caption aligncenter\"><img loading=\"lazy\" decoding=\"async\" class=\"wp-image-31414 size-full\" src=\"https:\/\/mouldking.store\/wp-content\/uploads\/2022\/05\/Cada-C66006-Japanese-Steam-Bun-Shop-5.jpg\" alt=\"CADA C66006 Japanese Steamed Bun House with 1108 pieces\" width=\"897\" height=\"876\" title=\"-\" srcset=\"https:\/\/mouldking.store\/wp-content\/uploads\/2022\/05\/Cada-C66006-Japanese-Steam-Bun-Shop-5.jpg 897w, https:\/\/mouldking.store\/wp-content\/uploads\/2022\/05\/Cada-C66006-Japanese-Steam-Bun-Shop-5-300x293.jpg 300w, https:\/\/mouldking.store\/wp-content\/uploads\/2022\/05\/Cada-C66006-Japanese-Steam-Bun-Shop-5-768x750.jpg 768w, https:\/\/mouldking.store\/wp-content\/uploads\/2022\/05\/Cada-C66006-Japanese-Steam-Bun-Shop-5-600x586.jpg 600w, https:\/\/mouldking.store\/wp-content\/uploads\/2022\/05\/Cada-C66006-Japanese-Steam-Bun-Shop-5-150x146.jpg 150w\" sizes=\"(max-width: 897px) 100vw, 897px\" \/><figcaption id=\"caption-attachment-31414\" class=\"wp-caption-text\">CADA C66006 Japansk dampet bollehus med 1108 deler<\/figcaption><\/figure>","protected":false},"excerpt":{"rendered":"<p>Product information: Brand: CADA Gender: Unisex Name: Japanese Steamed Bun House Age Range: &gt; 6 years old Model Number: C66006 Classification: Assemblage Plastic Block Shape: Self-Locking Bricks Material: Plastic Plastic Type: ABS Bricks Blocks: 1108 PCS Contains detailed assembly instructions. Notice: 1. Without an original box, but we guarantee our products have quality assurance and [&hellip;]<\/p>","protected":false},"featured_media":31410,"comment_status":"closed","ping_status":"closed","template":"","meta":{"_acf_changed":false},"product_cat":[1395,390],"product_tag":[5433,1916,5431,5430,5429,5434,5436,5432,5435],"class_list":["product","first","instock","shipping-taxable","purchasable","product-type-simple"],"acf":[],"_links":{"self":[{"href":"https:\/\/mouldking.store\/nb\/wp-json\/wp\/v2\/product\/31409","targetHints":{"allow":["GET"]}}],"collection":[{"href":"https:\/\/mouldking.store\/nb\/wp-json\/wp\/v2\/product"}],"about":[{"href":"https:\/\/mouldking.store\/nb\/wp-json\/wp\/v2\/types\/product"}],"replies":[{"embeddable":true,"href":"https:\/\/mouldking.store\/nb\/wp-json\/wp\/v2\/comments?post=31409"}],"wp:featuredmedia":[{"embeddable":true,"href":"https:\/\/mouldking.store\/nb\/wp-json\/wp\/v2\/media\/31410"}],"wp:attachment":[{"href":"https:\/\/mouldking.store\/nb\/wp-json\/wp\/v2\/media?parent=31409"}],"wp:term":[{"taxonomy":"product_cat","embeddable":true,"href":"https:\/\/mouldking.store\/nb\/wp-json\/wp\/v2\/product_cat?post=31409"},{"taxonomy":"product_tag","embeddable":true,"href":"https:\/\/mouldking.store\/nb\/wp-json\/wp\/v2\/product_tag?post=31409"}],"curies":[{"name":"wp","href":"https:\/\/api.w.org\/{rel}","templated":true}]}}