{"id":31428,"date":"2022-05-27T14:21:21","date_gmt":"2022-05-27T07:21:21","guid":{"rendered":"https:\/\/mouldking.store\/?post_type=product&#038;p=31428"},"modified":"2022-05-27T14:21:22","modified_gmt":"2022-05-27T07:21:22","slug":"qman-k18001-hot-pot-restaurant-with-2482-pieces","status":"publish","type":"product","link":"https:\/\/mouldking.store\/nb\/shop\/qman-k18001-hot-pot-restaurant-with-2482-pieces\/","title":{"rendered":"Qman K18001 Hot Pot Restaurant med 2482 stykker"},"content":{"rendered":"<p>Produktinformasjon:<\/p>\n<ol>\n<li>Merke: Qman<\/li>\n<li>Kj\u00f8nn: Unisex<\/li>\n<li>Name: Hot Pot Restaurant<\/li>\n<li>Aldersgruppe: &gt; 6 \u00e5r gammel<\/li>\n<li>Model Number: K18001<\/li>\n<li>Klassifisering: Montering<\/li>\n<li>Plastblokkform: Selvl\u00e5sende murstein<\/li>\n<li>Materiale: Plast<\/li>\n<li>Plasttype: ABS<\/li>\n<li>Bricks Blocks: 2482 PCS<\/li>\n<li>Inneholder detaljerte monteringsanvisninger.<\/li>\n<\/ol>\n<p>Legge merke til:<br \/>\n1. Uten original eske, men vi garanterer at v\u00e5re produkter har kvalitetssikring og pen emballasje.<br \/>\n2. Som alle delene vi har sjekket f\u00f8r frakt, s\u00e5 hvis du finner noen deler savnet eller skadet, ikke bekymre deg og bare kontakt oss, s\u00e5 kan vi sende dem til deg p\u00e5 nytt umiddelbart gratis.<\/p>\n<p>&nbsp;<\/p>\n<figure id=\"attachment_31429\" aria-describedby=\"caption-attachment-31429\" style=\"width: 896px\" class=\"wp-caption aligncenter\"><img fetchpriority=\"high\" decoding=\"async\" class=\"wp-image-31429 size-full\" src=\"https:\/\/mouldking.store\/wp-content\/uploads\/2022\/05\/Qman-K18001-Hot-Pot-Restaurant-1.jpg\" alt=\"Qman K18001 Hot Pot Restaurant with 2482 pieces\" width=\"896\" height=\"879\" title=\"-\" srcset=\"https:\/\/mouldking.store\/wp-content\/uploads\/2022\/05\/Qman-K18001-Hot-Pot-Restaurant-1.jpg 896w, https:\/\/mouldking.store\/wp-content\/uploads\/2022\/05\/Qman-K18001-Hot-Pot-Restaurant-1-300x294.jpg 300w, https:\/\/mouldking.store\/wp-content\/uploads\/2022\/05\/Qman-K18001-Hot-Pot-Restaurant-1-768x753.jpg 768w, https:\/\/mouldking.store\/wp-content\/uploads\/2022\/05\/Qman-K18001-Hot-Pot-Restaurant-1-600x589.jpg 600w, https:\/\/mouldking.store\/wp-content\/uploads\/2022\/05\/Qman-K18001-Hot-Pot-Restaurant-1-150x147.jpg 150w\" sizes=\"(max-width: 896px) 100vw, 896px\" \/><figcaption id=\"caption-attachment-31429\" class=\"wp-caption-text\">Qman K18001 Hot Pot Restaurant med 2482 stykker<\/figcaption><\/figure>\n<figure id=\"attachment_31434\" aria-describedby=\"caption-attachment-31434\" style=\"width: 419px\" class=\"wp-caption aligncenter\"><img decoding=\"async\" class=\"wp-image-31434 size-full\" src=\"https:\/\/mouldking.store\/wp-content\/uploads\/2022\/05\/Qman-K18001-Hot-Pot-Restaurant-6.jpg\" alt=\"Qman K18001 Hot Pot Restaurant with 2482 pieces\" width=\"419\" height=\"868\" title=\"-\" srcset=\"https:\/\/mouldking.store\/wp-content\/uploads\/2022\/05\/Qman-K18001-Hot-Pot-Restaurant-6.jpg 419w, https:\/\/mouldking.store\/wp-content\/uploads\/2022\/05\/Qman-K18001-Hot-Pot-Restaurant-6-145x300.jpg 145w, https:\/\/mouldking.store\/wp-content\/uploads\/2022\/05\/Qman-K18001-Hot-Pot-Restaurant-6-300x621.jpg 300w, https:\/\/mouldking.store\/wp-content\/uploads\/2022\/05\/Qman-K18001-Hot-Pot-Restaurant-6-72x150.jpg 72w\" sizes=\"(max-width: 419px) 100vw, 419px\" \/><figcaption id=\"caption-attachment-31434\" class=\"wp-caption-text\">Qman K18001 Hot Pot Restaurant med 2482 stykker<\/figcaption><\/figure>\n<figure id=\"attachment_31431\" aria-describedby=\"caption-attachment-31431\" style=\"width: 896px\" class=\"wp-caption aligncenter\"><img decoding=\"async\" class=\"wp-image-31431 size-full\" src=\"https:\/\/mouldking.store\/wp-content\/uploads\/2022\/05\/Qman-K18001-Hot-Pot-Restaurant-3.jpg\" alt=\"Qman K18001 Hot Pot Restaurant with 2482 pieces\" width=\"896\" height=\"895\" title=\"-\" srcset=\"https:\/\/mouldking.store\/wp-content\/uploads\/2022\/05\/Qman-K18001-Hot-Pot-Restaurant-3.jpg 896w, https:\/\/mouldking.store\/wp-content\/uploads\/2022\/05\/Qman-K18001-Hot-Pot-Restaurant-3-300x300.jpg 300w, https:\/\/mouldking.store\/wp-content\/uploads\/2022\/05\/Qman-K18001-Hot-Pot-Restaurant-3-768x767.jpg 768w, https:\/\/mouldking.store\/wp-content\/uploads\/2022\/05\/Qman-K18001-Hot-Pot-Restaurant-3-600x599.jpg 600w, https:\/\/mouldking.store\/wp-content\/uploads\/2022\/05\/Qman-K18001-Hot-Pot-Restaurant-3-150x150.jpg 150w\" sizes=\"(max-width: 896px) 100vw, 896px\" \/><figcaption id=\"caption-attachment-31431\" class=\"wp-caption-text\">Qman K18001 Hot Pot Restaurant med 2482 stykker<\/figcaption><\/figure>\n<figure id=\"attachment_31432\" aria-describedby=\"caption-attachment-31432\" style=\"width: 541px\" class=\"wp-caption aligncenter\"><img loading=\"lazy\" decoding=\"async\" class=\"wp-image-31432 size-full\" src=\"https:\/\/mouldking.store\/wp-content\/uploads\/2022\/05\/Qman-K18001-Hot-Pot-Restaurant-4.jpg\" alt=\"Qman K18001 Hot Pot Restaurant with 2482 pieces\" width=\"541\" height=\"880\" title=\"-\" srcset=\"https:\/\/mouldking.store\/wp-content\/uploads\/2022\/05\/Qman-K18001-Hot-Pot-Restaurant-4.jpg 541w, https:\/\/mouldking.store\/wp-content\/uploads\/2022\/05\/Qman-K18001-Hot-Pot-Restaurant-4-184x300.jpg 184w, https:\/\/mouldking.store\/wp-content\/uploads\/2022\/05\/Qman-K18001-Hot-Pot-Restaurant-4-300x488.jpg 300w, https:\/\/mouldking.store\/wp-content\/uploads\/2022\/05\/Qman-K18001-Hot-Pot-Restaurant-4-92x150.jpg 92w\" sizes=\"(max-width: 541px) 100vw, 541px\" \/><figcaption id=\"caption-attachment-31432\" class=\"wp-caption-text\">Qman K18001 Hot Pot Restaurant med 2482 stykker<\/figcaption><\/figure>\n<figure id=\"attachment_31433\" aria-describedby=\"caption-attachment-31433\" style=\"width: 405px\" class=\"wp-caption aligncenter\"><img loading=\"lazy\" decoding=\"async\" class=\"wp-image-31433 size-full\" src=\"https:\/\/mouldking.store\/wp-content\/uploads\/2022\/05\/Qman-K18001-Hot-Pot-Restaurant-5.jpg\" alt=\"Qman K18001 Hot Pot Restaurant with 2482 pieces\" width=\"405\" height=\"888\" title=\"-\" srcset=\"https:\/\/mouldking.store\/wp-content\/uploads\/2022\/05\/Qman-K18001-Hot-Pot-Restaurant-5.jpg 405w, https:\/\/mouldking.store\/wp-content\/uploads\/2022\/05\/Qman-K18001-Hot-Pot-Restaurant-5-137x300.jpg 137w, https:\/\/mouldking.store\/wp-content\/uploads\/2022\/05\/Qman-K18001-Hot-Pot-Restaurant-5-300x658.jpg 300w, https:\/\/mouldking.store\/wp-content\/uploads\/2022\/05\/Qman-K18001-Hot-Pot-Restaurant-5-68x150.jpg 68w\" sizes=\"(max-width: 405px) 100vw, 405px\" \/><figcaption id=\"caption-attachment-31433\" class=\"wp-caption-text\">Qman K18001 Hot Pot Restaurant med 2482 stykker<\/figcaption><\/figure>\n<figure id=\"attachment_31430\" aria-describedby=\"caption-attachment-31430\" style=\"width: 508px\" class=\"wp-caption aligncenter\"><img loading=\"lazy\" decoding=\"async\" class=\"wp-image-31430 size-full\" src=\"https:\/\/mouldking.store\/wp-content\/uploads\/2022\/05\/Qman-K18001-Hot-Pot-Restaurant-2.jpg\" alt=\"Qman K18001 Hot Pot Restaurant with 2482 pieces\" width=\"508\" height=\"873\" title=\"-\" srcset=\"https:\/\/mouldking.store\/wp-content\/uploads\/2022\/05\/Qman-K18001-Hot-Pot-Restaurant-2.jpg 508w, https:\/\/mouldking.store\/wp-content\/uploads\/2022\/05\/Qman-K18001-Hot-Pot-Restaurant-2-175x300.jpg 175w, https:\/\/mouldking.store\/wp-content\/uploads\/2022\/05\/Qman-K18001-Hot-Pot-Restaurant-2-300x516.jpg 300w, https:\/\/mouldking.store\/wp-content\/uploads\/2022\/05\/Qman-K18001-Hot-Pot-Restaurant-2-87x150.jpg 87w\" sizes=\"(max-width: 508px) 100vw, 508px\" \/><figcaption id=\"caption-attachment-31430\" class=\"wp-caption-text\">Qman K18001 Hot Pot Restaurant med 2482 stykker<\/figcaption><\/figure>","protected":false},"excerpt":{"rendered":"<p>Product information: Brand: Qman Gender: Unisex Name: Hot Pot Restaurant Age Range: &gt; 6 years old Model Number: K18001 Classification: Assemblage Plastic Block Shape: Self-Locking Bricks Material: Plastic Plastic Type: ABS Bricks Blocks: 2482 PCS Contains detailed assembly instructions. Notice: 1. Without an original box, but we guarantee our products have quality assurance and nice [&hellip;]<\/p>","protected":false},"featured_media":31429,"comment_status":"closed","ping_status":"closed","template":"","meta":{"_acf_changed":false},"product_cat":[1395,390],"product_tag":[5448,5446,5447,4125,5445,5444,5443,2870],"class_list":["product","first","instock","shipping-taxable","purchasable","product-type-simple"],"acf":[],"_links":{"self":[{"href":"https:\/\/mouldking.store\/nb\/wp-json\/wp\/v2\/product\/31428","targetHints":{"allow":["GET"]}}],"collection":[{"href":"https:\/\/mouldking.store\/nb\/wp-json\/wp\/v2\/product"}],"about":[{"href":"https:\/\/mouldking.store\/nb\/wp-json\/wp\/v2\/types\/product"}],"replies":[{"embeddable":true,"href":"https:\/\/mouldking.store\/nb\/wp-json\/wp\/v2\/comments?post=31428"}],"wp:featuredmedia":[{"embeddable":true,"href":"https:\/\/mouldking.store\/nb\/wp-json\/wp\/v2\/media\/31429"}],"wp:attachment":[{"href":"https:\/\/mouldking.store\/nb\/wp-json\/wp\/v2\/media?parent=31428"}],"wp:term":[{"taxonomy":"product_cat","embeddable":true,"href":"https:\/\/mouldking.store\/nb\/wp-json\/wp\/v2\/product_cat?post=31428"},{"taxonomy":"product_tag","embeddable":true,"href":"https:\/\/mouldking.store\/nb\/wp-json\/wp\/v2\/product_tag?post=31428"}],"curies":[{"name":"wp","href":"https:\/\/api.w.org\/{rel}","templated":true}]}}