{"id":31471,"date":"2022-05-27T14:43:02","date_gmt":"2022-05-27T07:43:02","guid":{"rendered":"https:\/\/mouldking.store\/?post_type=product&#038;p=31471"},"modified":"2022-05-27T14:43:03","modified_gmt":"2022-05-27T07:43:03","slug":"quanguan-727-one-piece-wado-ichimonji-with-781-pieces","status":"publish","type":"product","link":"https:\/\/mouldking.store\/nb\/shop\/quanguan-727-one-piece-wado-ichimonji-with-781-pieces\/","title":{"rendered":"QuanGuan 727 One Piece Wado Ichimonji med 781 stykker"},"content":{"rendered":"<p>Produktinformasjon:<\/p>\n<ol>\n<li>Merke: QuanGuan<\/li>\n<li>Kj\u00f8nn: Unisex<\/li>\n<li>Name: One Piece Wado Ichimonji<\/li>\n<li>Aldersgruppe: &gt; 6 \u00e5r gammel<\/li>\n<li>Model Number: 727<\/li>\n<li>Klassifisering: Montering<\/li>\n<li>Plastblokkform: Selvl\u00e5sende murstein<\/li>\n<li>Materiale: Plast<\/li>\n<li>Plasttype: ABS<\/li>\n<li>Bricks Blocks: 781 PCS<\/li>\n<li>Inneholder detaljerte monteringsanvisninger.<\/li>\n<\/ol>\n<p>Legge merke til:<br \/>\n1. Uten original eske, men vi garanterer at v\u00e5re produkter har kvalitetssikring og pen emballasje.<br \/>\n2. Som alle delene vi har sjekket f\u00f8r frakt, s\u00e5 hvis du finner noen deler savnet eller skadet, ikke bekymre deg og bare kontakt oss, s\u00e5 kan vi sende dem til deg p\u00e5 nytt umiddelbart gratis.<\/p>\n<p>&nbsp;<\/p>\n<figure id=\"attachment_31472\" aria-describedby=\"caption-attachment-31472\" style=\"width: 900px\" class=\"wp-caption aligncenter\"><img fetchpriority=\"high\" decoding=\"async\" class=\"wp-image-31472 size-full\" src=\"https:\/\/mouldking.store\/wp-content\/uploads\/2022\/05\/QuanGuan-727-One-Piece-Wado-Ichimonji-2.jpg\" alt=\"QuanGuan 727 One Piece Wado Ichimonji with 781 pieces\" width=\"900\" height=\"891\" title=\"-\" srcset=\"https:\/\/mouldking.store\/wp-content\/uploads\/2022\/05\/QuanGuan-727-One-Piece-Wado-Ichimonji-2.jpg 900w, https:\/\/mouldking.store\/wp-content\/uploads\/2022\/05\/QuanGuan-727-One-Piece-Wado-Ichimonji-2-300x297.jpg 300w, https:\/\/mouldking.store\/wp-content\/uploads\/2022\/05\/QuanGuan-727-One-Piece-Wado-Ichimonji-2-768x760.jpg 768w, https:\/\/mouldking.store\/wp-content\/uploads\/2022\/05\/QuanGuan-727-One-Piece-Wado-Ichimonji-2-600x594.jpg 600w, https:\/\/mouldking.store\/wp-content\/uploads\/2022\/05\/QuanGuan-727-One-Piece-Wado-Ichimonji-2-150x150.jpg 150w\" sizes=\"(max-width: 900px) 100vw, 900px\" \/><figcaption id=\"caption-attachment-31472\" class=\"wp-caption-text\">QuanGuan 727 One Piece Wado Ichimonji med 781 stykker<\/figcaption><\/figure>\n<figure id=\"attachment_31474\" aria-describedby=\"caption-attachment-31474\" style=\"width: 904px\" class=\"wp-caption aligncenter\"><img decoding=\"async\" class=\"wp-image-31474 size-full\" src=\"https:\/\/mouldking.store\/wp-content\/uploads\/2022\/05\/QuanGuan-727-One-Piece-Wado-Ichimonji-4.jpg\" alt=\"QuanGuan 727 One Piece Wado Ichimonji with 781 pieces\" width=\"904\" height=\"873\" title=\"-\" srcset=\"https:\/\/mouldking.store\/wp-content\/uploads\/2022\/05\/QuanGuan-727-One-Piece-Wado-Ichimonji-4.jpg 904w, https:\/\/mouldking.store\/wp-content\/uploads\/2022\/05\/QuanGuan-727-One-Piece-Wado-Ichimonji-4-300x290.jpg 300w, https:\/\/mouldking.store\/wp-content\/uploads\/2022\/05\/QuanGuan-727-One-Piece-Wado-Ichimonji-4-768x742.jpg 768w, https:\/\/mouldking.store\/wp-content\/uploads\/2022\/05\/QuanGuan-727-One-Piece-Wado-Ichimonji-4-600x579.jpg 600w, https:\/\/mouldking.store\/wp-content\/uploads\/2022\/05\/QuanGuan-727-One-Piece-Wado-Ichimonji-4-150x145.jpg 150w\" sizes=\"(max-width: 904px) 100vw, 904px\" \/><figcaption id=\"caption-attachment-31474\" class=\"wp-caption-text\">QuanGuan 727 One Piece Wado Ichimonji med 781 stykker<\/figcaption><\/figure>\n<figure id=\"attachment_31475\" aria-describedby=\"caption-attachment-31475\" style=\"width: 893px\" class=\"wp-caption aligncenter\"><img decoding=\"async\" class=\"wp-image-31475 size-full\" src=\"https:\/\/mouldking.store\/wp-content\/uploads\/2022\/05\/QuanGuan-727-One-Piece-Wado-Ichimonji-5.jpg\" alt=\"QuanGuan 727 One Piece Wado Ichimonji with 781 pieces\" width=\"893\" height=\"886\" title=\"-\" srcset=\"https:\/\/mouldking.store\/wp-content\/uploads\/2022\/05\/QuanGuan-727-One-Piece-Wado-Ichimonji-5.jpg 893w, https:\/\/mouldking.store\/wp-content\/uploads\/2022\/05\/QuanGuan-727-One-Piece-Wado-Ichimonji-5-300x298.jpg 300w, https:\/\/mouldking.store\/wp-content\/uploads\/2022\/05\/QuanGuan-727-One-Piece-Wado-Ichimonji-5-768x762.jpg 768w, https:\/\/mouldking.store\/wp-content\/uploads\/2022\/05\/QuanGuan-727-One-Piece-Wado-Ichimonji-5-600x595.jpg 600w, https:\/\/mouldking.store\/wp-content\/uploads\/2022\/05\/QuanGuan-727-One-Piece-Wado-Ichimonji-5-150x150.jpg 150w\" sizes=\"(max-width: 893px) 100vw, 893px\" \/><figcaption id=\"caption-attachment-31475\" class=\"wp-caption-text\">QuanGuan 727 One Piece Wado Ichimonji med 781 stykker<\/figcaption><\/figure>\n<figure id=\"attachment_31476\" aria-describedby=\"caption-attachment-31476\" style=\"width: 898px\" class=\"wp-caption aligncenter\"><img loading=\"lazy\" decoding=\"async\" class=\"wp-image-31476 size-full\" src=\"https:\/\/mouldking.store\/wp-content\/uploads\/2022\/05\/QuanGuan-727-One-Piece-Wado-Ichimonji-1.jpg\" alt=\"QuanGuan 727 One Piece Wado Ichimonji with 781 pieces\" width=\"898\" height=\"884\" title=\"-\" srcset=\"https:\/\/mouldking.store\/wp-content\/uploads\/2022\/05\/QuanGuan-727-One-Piece-Wado-Ichimonji-1.jpg 898w, https:\/\/mouldking.store\/wp-content\/uploads\/2022\/05\/QuanGuan-727-One-Piece-Wado-Ichimonji-1-300x295.jpg 300w, https:\/\/mouldking.store\/wp-content\/uploads\/2022\/05\/QuanGuan-727-One-Piece-Wado-Ichimonji-1-768x756.jpg 768w, https:\/\/mouldking.store\/wp-content\/uploads\/2022\/05\/QuanGuan-727-One-Piece-Wado-Ichimonji-1-600x591.jpg 600w, https:\/\/mouldking.store\/wp-content\/uploads\/2022\/05\/QuanGuan-727-One-Piece-Wado-Ichimonji-1-150x148.jpg 150w\" sizes=\"(max-width: 898px) 100vw, 898px\" \/><figcaption id=\"caption-attachment-31476\" class=\"wp-caption-text\">QuanGuan 727 One Piece Wado Ichimonji med 781 stykker<\/figcaption><\/figure>\n<figure id=\"attachment_31473\" aria-describedby=\"caption-attachment-31473\" style=\"width: 898px\" class=\"wp-caption aligncenter\"><img loading=\"lazy\" decoding=\"async\" class=\"wp-image-31473 size-full\" src=\"https:\/\/mouldking.store\/wp-content\/uploads\/2022\/05\/QuanGuan-727-One-Piece-Wado-Ichimonji-3.jpg\" alt=\"QuanGuan 727 One Piece Wado Ichimonji with 781 pieces\" width=\"898\" height=\"880\" title=\"-\" srcset=\"https:\/\/mouldking.store\/wp-content\/uploads\/2022\/05\/QuanGuan-727-One-Piece-Wado-Ichimonji-3.jpg 898w, https:\/\/mouldking.store\/wp-content\/uploads\/2022\/05\/QuanGuan-727-One-Piece-Wado-Ichimonji-3-300x294.jpg 300w, https:\/\/mouldking.store\/wp-content\/uploads\/2022\/05\/QuanGuan-727-One-Piece-Wado-Ichimonji-3-768x753.jpg 768w, https:\/\/mouldking.store\/wp-content\/uploads\/2022\/05\/QuanGuan-727-One-Piece-Wado-Ichimonji-3-600x588.jpg 600w, https:\/\/mouldking.store\/wp-content\/uploads\/2022\/05\/QuanGuan-727-One-Piece-Wado-Ichimonji-3-150x147.jpg 150w\" sizes=\"(max-width: 898px) 100vw, 898px\" \/><figcaption id=\"caption-attachment-31473\" class=\"wp-caption-text\">QuanGuan 727 One Piece Wado Ichimonji med 781 stykker<\/figcaption><\/figure>","protected":false},"excerpt":{"rendered":"<p>Product information: Brand: QuanGuan Gender: Unisex Name: One Piece Wado Ichimonji Age Range: &gt; 6 years old Model Number: 727 Classification: Assemblage Plastic Block Shape: Self-Locking Bricks Material: Plastic Plastic Type: ABS Bricks Blocks: 781 PCS Contains detailed assembly instructions. Notice: 1. Without an original box, but we guarantee our products have quality assurance and [&hellip;]<\/p>","protected":false},"featured_media":31472,"comment_status":"closed","ping_status":"closed","template":"","meta":{"_acf_changed":false},"product_cat":[581],"product_tag":[5474,1824,5473,2290,5472,5471,5470,5475],"class_list":["product","first","instock","shipping-taxable","purchasable","product-type-simple"],"acf":[],"_links":{"self":[{"href":"https:\/\/mouldking.store\/nb\/wp-json\/wp\/v2\/product\/31471","targetHints":{"allow":["GET"]}}],"collection":[{"href":"https:\/\/mouldking.store\/nb\/wp-json\/wp\/v2\/product"}],"about":[{"href":"https:\/\/mouldking.store\/nb\/wp-json\/wp\/v2\/types\/product"}],"replies":[{"embeddable":true,"href":"https:\/\/mouldking.store\/nb\/wp-json\/wp\/v2\/comments?post=31471"}],"wp:featuredmedia":[{"embeddable":true,"href":"https:\/\/mouldking.store\/nb\/wp-json\/wp\/v2\/media\/31472"}],"wp:attachment":[{"href":"https:\/\/mouldking.store\/nb\/wp-json\/wp\/v2\/media?parent=31471"}],"wp:term":[{"taxonomy":"product_cat","embeddable":true,"href":"https:\/\/mouldking.store\/nb\/wp-json\/wp\/v2\/product_cat?post=31471"},{"taxonomy":"product_tag","embeddable":true,"href":"https:\/\/mouldking.store\/nb\/wp-json\/wp\/v2\/product_tag?post=31471"}],"curies":[{"name":"wp","href":"https:\/\/api.w.org\/{rel}","templated":true}]}}