{"id":31477,"date":"2022-05-27T14:46:36","date_gmt":"2022-05-27T07:46:36","guid":{"rendered":"https:\/\/mouldking.store\/?post_type=product&#038;p=31477"},"modified":"2022-05-27T14:46:36","modified_gmt":"2022-05-27T07:46:36","slug":"reobrix-66011-the-royal-fleet-with-3162-pieces","status":"publish","type":"product","link":"https:\/\/mouldking.store\/nb\/shop\/reobrix-66011-the-royal-fleet-with-3162-pieces\/","title":{"rendered":"Reobrix 66011 Den kongelige fl\u00e5te med 3162 stk"},"content":{"rendered":"<p>Produktinformasjon:<\/p>\n<ol>\n<li>Merke: Reobrix<\/li>\n<li>Kj\u00f8nn: Unisex<\/li>\n<li>Navn: Den kongelige fl\u00e5te<\/li>\n<li>Aldersgruppe: &gt; 6 \u00e5r gammel<\/li>\n<li>Modellnummer: 66011<\/li>\n<li>Klassifisering: Montering<\/li>\n<li>Plastblokkform: Selvl\u00e5sende murstein<\/li>\n<li>Materiale: Plast<\/li>\n<li>Plasttype: ABS<\/li>\n<li>Mursteinsblokker: 3162 STK<\/li>\n<li>Inneholder detaljerte monteringsanvisninger.<\/li>\n<\/ol>\n<p>Legge merke til:<br \/>\n1. Uten original eske, men vi garanterer at v\u00e5re produkter har kvalitetssikring og pen emballasje.<br \/>\n2. Som alle delene vi har sjekket f\u00f8r frakt, s\u00e5 hvis du finner noen deler savnet eller skadet, ikke bekymre deg og bare kontakt oss, s\u00e5 kan vi sende dem til deg p\u00e5 nytt umiddelbart gratis.<\/p>\n<figure id=\"attachment_31478\" aria-describedby=\"caption-attachment-31478\" style=\"width: 898px\" class=\"wp-caption aligncenter\"><img fetchpriority=\"high\" decoding=\"async\" class=\"wp-image-31478 size-full\" src=\"https:\/\/mouldking.store\/wp-content\/uploads\/2022\/05\/Reobrix-66011-The-Royal-Fleet-1.jpg\" alt=\"Reobrix 66011 The Royal Fleet with 3162 pieces\" width=\"898\" height=\"894\" title=\"-\" srcset=\"https:\/\/mouldking.store\/wp-content\/uploads\/2022\/05\/Reobrix-66011-The-Royal-Fleet-1.jpg 898w, https:\/\/mouldking.store\/wp-content\/uploads\/2022\/05\/Reobrix-66011-The-Royal-Fleet-1-300x299.jpg 300w, https:\/\/mouldking.store\/wp-content\/uploads\/2022\/05\/Reobrix-66011-The-Royal-Fleet-1-768x765.jpg 768w, https:\/\/mouldking.store\/wp-content\/uploads\/2022\/05\/Reobrix-66011-The-Royal-Fleet-1-600x597.jpg 600w, https:\/\/mouldking.store\/wp-content\/uploads\/2022\/05\/Reobrix-66011-The-Royal-Fleet-1-150x150.jpg 150w\" sizes=\"(max-width: 898px) 100vw, 898px\" \/><figcaption id=\"caption-attachment-31478\" class=\"wp-caption-text\">Reobrix 66011 Den kongelige fl\u00e5te med 3162 stk<\/figcaption><\/figure>\n<figure id=\"attachment_31480\" aria-describedby=\"caption-attachment-31480\" style=\"width: 899px\" class=\"wp-caption aligncenter\"><img decoding=\"async\" class=\"wp-image-31480 size-full\" src=\"https:\/\/mouldking.store\/wp-content\/uploads\/2022\/05\/Reobrix-66011-The-Royal-Fleet-3.jpg\" alt=\"Reobrix 66011 The Royal Fleet with 3162 pieces\" width=\"899\" height=\"890\" title=\"-\" srcset=\"https:\/\/mouldking.store\/wp-content\/uploads\/2022\/05\/Reobrix-66011-The-Royal-Fleet-3.jpg 899w, https:\/\/mouldking.store\/wp-content\/uploads\/2022\/05\/Reobrix-66011-The-Royal-Fleet-3-300x297.jpg 300w, https:\/\/mouldking.store\/wp-content\/uploads\/2022\/05\/Reobrix-66011-The-Royal-Fleet-3-768x760.jpg 768w, https:\/\/mouldking.store\/wp-content\/uploads\/2022\/05\/Reobrix-66011-The-Royal-Fleet-3-600x594.jpg 600w, https:\/\/mouldking.store\/wp-content\/uploads\/2022\/05\/Reobrix-66011-The-Royal-Fleet-3-150x148.jpg 150w\" sizes=\"(max-width: 899px) 100vw, 899px\" \/><figcaption id=\"caption-attachment-31480\" class=\"wp-caption-text\">Reobrix 66011 Den kongelige fl\u00e5te med 3162 stk<\/figcaption><\/figure>\n<figure id=\"attachment_31482\" aria-describedby=\"caption-attachment-31482\" style=\"width: 895px\" class=\"wp-caption aligncenter\"><img decoding=\"async\" class=\"wp-image-31482 size-full\" src=\"https:\/\/mouldking.store\/wp-content\/uploads\/2022\/05\/Reobrix-66011-The-Royal-Fleet-5.jpg\" alt=\"Reobrix 66011 The Royal Fleet with 3162 pieces\" width=\"895\" height=\"893\" title=\"-\" srcset=\"https:\/\/mouldking.store\/wp-content\/uploads\/2022\/05\/Reobrix-66011-The-Royal-Fleet-5.jpg 895w, https:\/\/mouldking.store\/wp-content\/uploads\/2022\/05\/Reobrix-66011-The-Royal-Fleet-5-300x299.jpg 300w, https:\/\/mouldking.store\/wp-content\/uploads\/2022\/05\/Reobrix-66011-The-Royal-Fleet-5-768x766.jpg 768w, https:\/\/mouldking.store\/wp-content\/uploads\/2022\/05\/Reobrix-66011-The-Royal-Fleet-5-600x599.jpg 600w, https:\/\/mouldking.store\/wp-content\/uploads\/2022\/05\/Reobrix-66011-The-Royal-Fleet-5-150x150.jpg 150w\" sizes=\"(max-width: 895px) 100vw, 895px\" \/><figcaption id=\"caption-attachment-31482\" class=\"wp-caption-text\">Reobrix 66011 Den kongelige fl\u00e5te med 3162 stk<\/figcaption><\/figure>\n<figure id=\"attachment_31483\" aria-describedby=\"caption-attachment-31483\" style=\"width: 896px\" class=\"wp-caption aligncenter\"><img loading=\"lazy\" decoding=\"async\" class=\"wp-image-31483 size-full\" src=\"https:\/\/mouldking.store\/wp-content\/uploads\/2022\/05\/Reobrix-66011-The-Royal-Fleet-6.jpg\" alt=\"Reobrix 66011 The Royal Fleet with 3162 pieces\" width=\"896\" height=\"890\" title=\"-\" srcset=\"https:\/\/mouldking.store\/wp-content\/uploads\/2022\/05\/Reobrix-66011-The-Royal-Fleet-6.jpg 896w, https:\/\/mouldking.store\/wp-content\/uploads\/2022\/05\/Reobrix-66011-The-Royal-Fleet-6-300x298.jpg 300w, https:\/\/mouldking.store\/wp-content\/uploads\/2022\/05\/Reobrix-66011-The-Royal-Fleet-6-768x763.jpg 768w, https:\/\/mouldking.store\/wp-content\/uploads\/2022\/05\/Reobrix-66011-The-Royal-Fleet-6-600x596.jpg 600w, https:\/\/mouldking.store\/wp-content\/uploads\/2022\/05\/Reobrix-66011-The-Royal-Fleet-6-150x150.jpg 150w\" sizes=\"(max-width: 896px) 100vw, 896px\" \/><figcaption id=\"caption-attachment-31483\" class=\"wp-caption-text\">Reobrix 66011 Den kongelige fl\u00e5te med 3162 stk<\/figcaption><\/figure>\n<figure id=\"attachment_31481\" aria-describedby=\"caption-attachment-31481\" style=\"width: 897px\" class=\"wp-caption aligncenter\"><img loading=\"lazy\" decoding=\"async\" class=\"wp-image-31481 size-full\" src=\"https:\/\/mouldking.store\/wp-content\/uploads\/2022\/05\/Reobrix-66011-The-Royal-Fleet-4.jpg\" alt=\"Reobrix 66011 The Royal Fleet with 3162 pieces\" width=\"897\" height=\"891\" title=\"-\" srcset=\"https:\/\/mouldking.store\/wp-content\/uploads\/2022\/05\/Reobrix-66011-The-Royal-Fleet-4.jpg 897w, https:\/\/mouldking.store\/wp-content\/uploads\/2022\/05\/Reobrix-66011-The-Royal-Fleet-4-300x298.jpg 300w, https:\/\/mouldking.store\/wp-content\/uploads\/2022\/05\/Reobrix-66011-The-Royal-Fleet-4-768x763.jpg 768w, https:\/\/mouldking.store\/wp-content\/uploads\/2022\/05\/Reobrix-66011-The-Royal-Fleet-4-600x596.jpg 600w, https:\/\/mouldking.store\/wp-content\/uploads\/2022\/05\/Reobrix-66011-The-Royal-Fleet-4-150x150.jpg 150w\" sizes=\"(max-width: 897px) 100vw, 897px\" \/><figcaption id=\"caption-attachment-31481\" class=\"wp-caption-text\">Reobrix 66011 Den kongelige fl\u00e5te med 3162 stk<\/figcaption><\/figure>\n<figure id=\"attachment_31479\" aria-describedby=\"caption-attachment-31479\" style=\"width: 898px\" class=\"wp-caption aligncenter\"><img loading=\"lazy\" decoding=\"async\" class=\"wp-image-31479 size-full\" src=\"https:\/\/mouldking.store\/wp-content\/uploads\/2022\/05\/Reobrix-66011-The-Royal-Fleet-2.jpg\" alt=\"Reobrix 66011 The Royal Fleet with 3162 pieces\" width=\"898\" height=\"883\" title=\"-\" srcset=\"https:\/\/mouldking.store\/wp-content\/uploads\/2022\/05\/Reobrix-66011-The-Royal-Fleet-2.jpg 898w, https:\/\/mouldking.store\/wp-content\/uploads\/2022\/05\/Reobrix-66011-The-Royal-Fleet-2-300x295.jpg 300w, https:\/\/mouldking.store\/wp-content\/uploads\/2022\/05\/Reobrix-66011-The-Royal-Fleet-2-768x755.jpg 768w, https:\/\/mouldking.store\/wp-content\/uploads\/2022\/05\/Reobrix-66011-The-Royal-Fleet-2-600x590.jpg 600w, https:\/\/mouldking.store\/wp-content\/uploads\/2022\/05\/Reobrix-66011-The-Royal-Fleet-2-150x147.jpg 150w\" sizes=\"(max-width: 898px) 100vw, 898px\" \/><figcaption id=\"caption-attachment-31479\" class=\"wp-caption-text\">Reobrix 66011 Den kongelige fl\u00e5te med 3162 stk<\/figcaption><\/figure>","protected":false},"excerpt":{"rendered":"<p>Product information: Brand: Reobrix Gender: Unisex Name: The Royal Fleet Age Range: &gt; 6 years old Model Number: 66011 Classification: Assemblage Plastic Block Shape: Self-Locking Bricks Material: Plastic Plastic Type: ABS Bricks Blocks: 3162 PCS Contains detailed assembly instructions. Notice: 1. Without an original box, but we guarantee our products have quality assurance and nice [&hellip;]<\/p>","protected":false},"featured_media":31478,"comment_status":"closed","ping_status":"closed","template":"","meta":{"_acf_changed":false},"product_cat":[371],"product_tag":[5480,2669,5478,5477,5476,5479,5481],"class_list":["product","first","instock","shipping-taxable","purchasable","product-type-simple"],"acf":[],"_links":{"self":[{"href":"https:\/\/mouldking.store\/nb\/wp-json\/wp\/v2\/product\/31477","targetHints":{"allow":["GET"]}}],"collection":[{"href":"https:\/\/mouldking.store\/nb\/wp-json\/wp\/v2\/product"}],"about":[{"href":"https:\/\/mouldking.store\/nb\/wp-json\/wp\/v2\/types\/product"}],"replies":[{"embeddable":true,"href":"https:\/\/mouldking.store\/nb\/wp-json\/wp\/v2\/comments?post=31477"}],"wp:featuredmedia":[{"embeddable":true,"href":"https:\/\/mouldking.store\/nb\/wp-json\/wp\/v2\/media\/31478"}],"wp:attachment":[{"href":"https:\/\/mouldking.store\/nb\/wp-json\/wp\/v2\/media?parent=31477"}],"wp:term":[{"taxonomy":"product_cat","embeddable":true,"href":"https:\/\/mouldking.store\/nb\/wp-json\/wp\/v2\/product_cat?post=31477"},{"taxonomy":"product_tag","embeddable":true,"href":"https:\/\/mouldking.store\/nb\/wp-json\/wp\/v2\/product_tag?post=31477"}],"curies":[{"name":"wp","href":"https:\/\/api.w.org\/{rel}","templated":true}]}}