{"id":31492,"date":"2022-05-27T14:59:47","date_gmt":"2022-05-27T07:59:47","guid":{"rendered":"https:\/\/mouldking.store\/?post_type=product&#038;p=31492"},"modified":"2022-05-27T14:59:47","modified_gmt":"2022-05-27T07:59:47","slug":"mj-13012-magic-taj-mahal-with-768-pieces","status":"publish","type":"product","link":"https:\/\/mouldking.store\/nb\/shop\/mj-13012-magic-taj-mahal-with-768-pieces\/","title":{"rendered":"MJ 13012 Magic Taj Mahal med 768 stykker"},"content":{"rendered":"<p>Produktinformasjon:<\/p>\n<ol>\n<li>Merke: MJ<\/li>\n<li>Kj\u00f8nn: Unisex<\/li>\n<li>Name: Magic Taj Mahal<\/li>\n<li>Aldersgruppe: &gt; 6 \u00e5r gammel<\/li>\n<li>Modellnummer: 13012<\/li>\n<li>Klassifisering: Montering<\/li>\n<li>Plastblokkform: Selvl\u00e5sende murstein<\/li>\n<li>Materiale: Plast<\/li>\n<li>Plasttype: ABS<\/li>\n<li>Bricks Blocks: 768 PCS<\/li>\n<li>Inneholder detaljerte monteringsanvisninger.<\/li>\n<\/ol>\n<p>Legge merke til:<br \/>\n1. Uten original eske, men vi garanterer at v\u00e5re produkter har kvalitetssikring og pen emballasje.<br \/>\n2. Som alle delene vi har sjekket f\u00f8r frakt, s\u00e5 hvis du finner noen deler savnet eller skadet, ikke bekymre deg og bare kontakt oss, s\u00e5 kan vi sende dem til deg p\u00e5 nytt umiddelbart gratis.<\/p>\n<p>&nbsp;<\/p>\n<figure id=\"attachment_31493\" aria-describedby=\"caption-attachment-31493\" style=\"width: 800px\" class=\"wp-caption aligncenter\"><img fetchpriority=\"high\" decoding=\"async\" class=\"wp-image-31493\" src=\"https:\/\/mouldking.store\/wp-content\/uploads\/2022\/05\/MJ-13012-Magic-Taj-Mahal-1-300x300.png\" alt=\"MJ 13012 Magic Taj Mahal with 768 pieces\" width=\"800\" height=\"800\" title=\"-\" srcset=\"https:\/\/mouldking.store\/wp-content\/uploads\/2022\/05\/MJ-13012-Magic-Taj-Mahal-1-300x300.png 300w, https:\/\/mouldking.store\/wp-content\/uploads\/2022\/05\/MJ-13012-Magic-Taj-Mahal-1-768x768.png 768w, https:\/\/mouldking.store\/wp-content\/uploads\/2022\/05\/MJ-13012-Magic-Taj-Mahal-1-600x600.png 600w, https:\/\/mouldking.store\/wp-content\/uploads\/2022\/05\/MJ-13012-Magic-Taj-Mahal-1-150x150.png 150w, https:\/\/mouldking.store\/wp-content\/uploads\/2022\/05\/MJ-13012-Magic-Taj-Mahal-1.png 1024w\" sizes=\"(max-width: 800px) 100vw, 800px\" \/><figcaption id=\"caption-attachment-31493\" class=\"wp-caption-text\">MJ 13012 Magic Taj Mahal med 768 stykker<\/figcaption><\/figure>\n<figure id=\"attachment_31495\" aria-describedby=\"caption-attachment-31495\" style=\"width: 651px\" class=\"wp-caption aligncenter\"><img decoding=\"async\" class=\"wp-image-31495 size-full\" src=\"https:\/\/mouldking.store\/wp-content\/uploads\/2022\/05\/MJ-13012-Magic-Taj-Mahal-3.png\" alt=\"MJ 13012 Magic Taj Mahal with 768 pieces\" width=\"651\" height=\"1024\" title=\"-\" srcset=\"https:\/\/mouldking.store\/wp-content\/uploads\/2022\/05\/MJ-13012-Magic-Taj-Mahal-3.png 651w, https:\/\/mouldking.store\/wp-content\/uploads\/2022\/05\/MJ-13012-Magic-Taj-Mahal-3-191x300.png 191w, https:\/\/mouldking.store\/wp-content\/uploads\/2022\/05\/MJ-13012-Magic-Taj-Mahal-3-300x472.png 300w, https:\/\/mouldking.store\/wp-content\/uploads\/2022\/05\/MJ-13012-Magic-Taj-Mahal-3-600x944.png 600w, https:\/\/mouldking.store\/wp-content\/uploads\/2022\/05\/MJ-13012-Magic-Taj-Mahal-3-95x150.png 95w\" sizes=\"(max-width: 651px) 100vw, 651px\" \/><figcaption id=\"caption-attachment-31495\" class=\"wp-caption-text\">MJ 13012 Magic Taj Mahal med 768 stykker<\/figcaption><\/figure>\n<figure id=\"attachment_31494\" aria-describedby=\"caption-attachment-31494\" style=\"width: 800px\" class=\"wp-caption aligncenter\"><img decoding=\"async\" class=\"wp-image-31494\" src=\"https:\/\/mouldking.store\/wp-content\/uploads\/2022\/05\/MJ-13012-Magic-Taj-Mahal-2-300x245.png\" alt=\"MJ 13012 Magic Taj Mahal with 768 pieces\" width=\"800\" height=\"653\" title=\"-\" srcset=\"https:\/\/mouldking.store\/wp-content\/uploads\/2022\/05\/MJ-13012-Magic-Taj-Mahal-2-300x245.png 300w, https:\/\/mouldking.store\/wp-content\/uploads\/2022\/05\/MJ-13012-Magic-Taj-Mahal-2-768x627.png 768w, https:\/\/mouldking.store\/wp-content\/uploads\/2022\/05\/MJ-13012-Magic-Taj-Mahal-2-600x490.png 600w, https:\/\/mouldking.store\/wp-content\/uploads\/2022\/05\/MJ-13012-Magic-Taj-Mahal-2-150x122.png 150w, https:\/\/mouldking.store\/wp-content\/uploads\/2022\/05\/MJ-13012-Magic-Taj-Mahal-2.png 1024w\" sizes=\"(max-width: 800px) 100vw, 800px\" \/><figcaption id=\"caption-attachment-31494\" class=\"wp-caption-text\">MJ 13012 Magic Taj Mahal med 768 stykker<\/figcaption><\/figure>","protected":false},"excerpt":{"rendered":"<p>Product information: Brand: MJ Gender: Unisex Name: Magic Taj Mahal Age Range: &gt; 6 years old Model Number: 13012 Classification: Assemblage Plastic Block Shape: Self-Locking Bricks Material: Plastic Plastic Type: ABS Bricks Blocks: 768 PCS Contains detailed assembly instructions. Notice: 1. Without an original box, but we guarantee our products have quality assurance and nice [&hellip;]<\/p>","protected":false},"featured_media":31493,"comment_status":"closed","ping_status":"closed","template":"","meta":{"_acf_changed":false},"product_cat":[390],"product_tag":[5494,5492,5493,5491,5490,5489,5495],"class_list":["product","first","instock","shipping-taxable","purchasable","product-type-simple"],"acf":[],"_links":{"self":[{"href":"https:\/\/mouldking.store\/nb\/wp-json\/wp\/v2\/product\/31492","targetHints":{"allow":["GET"]}}],"collection":[{"href":"https:\/\/mouldking.store\/nb\/wp-json\/wp\/v2\/product"}],"about":[{"href":"https:\/\/mouldking.store\/nb\/wp-json\/wp\/v2\/types\/product"}],"replies":[{"embeddable":true,"href":"https:\/\/mouldking.store\/nb\/wp-json\/wp\/v2\/comments?post=31492"}],"wp:featuredmedia":[{"embeddable":true,"href":"https:\/\/mouldking.store\/nb\/wp-json\/wp\/v2\/media\/31493"}],"wp:attachment":[{"href":"https:\/\/mouldking.store\/nb\/wp-json\/wp\/v2\/media?parent=31492"}],"wp:term":[{"taxonomy":"product_cat","embeddable":true,"href":"https:\/\/mouldking.store\/nb\/wp-json\/wp\/v2\/product_cat?post=31492"},{"taxonomy":"product_tag","embeddable":true,"href":"https:\/\/mouldking.store\/nb\/wp-json\/wp\/v2\/product_tag?post=31492"}],"curies":[{"name":"wp","href":"https:\/\/api.w.org\/{rel}","templated":true}]}}