{"id":31496,"date":"2022-05-27T15:05:07","date_gmt":"2022-05-27T08:05:07","guid":{"rendered":"https:\/\/mouldking.store\/?post_type=product&#038;p=31496"},"modified":"2022-05-27T15:05:07","modified_gmt":"2022-05-27T08:05:07","slug":"cada-c61501-buckingham-palace-with-5604-pieces","status":"publish","type":"product","link":"https:\/\/mouldking.store\/nb\/shop\/cada-c61501-buckingham-palace-with-5604-pieces\/","title":{"rendered":"CADA C61501 Buckingham Palace med 5604 deler"},"content":{"rendered":"<p>Produktinformasjon:<\/p>\n<ol>\n<li>Merke: CADA<\/li>\n<li>Kj\u00f8nn: Unisex<\/li>\n<li>Name: Buckingham Palace<\/li>\n<li>Aldersgruppe: &gt; 6 \u00e5r gammel<\/li>\n<li>Model Number: C61501<\/li>\n<li>Klassifisering: Montering<\/li>\n<li>Plastblokkform: Selvl\u00e5sende murstein<\/li>\n<li>Materiale: Plast<\/li>\n<li>Plasttype: ABS<\/li>\n<li>Bricks Blocks: 5604 PCS<\/li>\n<li>Inneholder detaljerte monteringsanvisninger.<\/li>\n<\/ol>\n<p>Legge merke til:<br \/>\n1. Uten original eske, men vi garanterer at v\u00e5re produkter har kvalitetssikring og pen emballasje.<br \/>\n2. Som alle delene vi har sjekket f\u00f8r frakt, s\u00e5 hvis du finner noen deler savnet eller skadet, ikke bekymre deg og bare kontakt oss, s\u00e5 kan vi sende dem til deg p\u00e5 nytt umiddelbart gratis.<\/p>\n<p>&nbsp;<\/p>\n<figure id=\"attachment_31497\" aria-describedby=\"caption-attachment-31497\" style=\"width: 800px\" class=\"wp-caption aligncenter\"><img fetchpriority=\"high\" decoding=\"async\" class=\"wp-image-31497 size-full\" src=\"https:\/\/mouldking.store\/wp-content\/uploads\/2022\/05\/CaDa-C61501-Buckingham-Palace-2.png\" alt=\"CADA C61501 Buckingham Palace with 5604 pieces\" width=\"800\" height=\"800\" title=\"-\" srcset=\"https:\/\/mouldking.store\/wp-content\/uploads\/2022\/05\/CaDa-C61501-Buckingham-Palace-2.png 800w, https:\/\/mouldking.store\/wp-content\/uploads\/2022\/05\/CaDa-C61501-Buckingham-Palace-2-300x300.png 300w, https:\/\/mouldking.store\/wp-content\/uploads\/2022\/05\/CaDa-C61501-Buckingham-Palace-2-768x768.png 768w, https:\/\/mouldking.store\/wp-content\/uploads\/2022\/05\/CaDa-C61501-Buckingham-Palace-2-600x600.png 600w, https:\/\/mouldking.store\/wp-content\/uploads\/2022\/05\/CaDa-C61501-Buckingham-Palace-2-150x150.png 150w\" sizes=\"(max-width: 800px) 100vw, 800px\" \/><figcaption id=\"caption-attachment-31497\" class=\"wp-caption-text\">CADA C61501 Buckingham Palace med 5604 deler<\/figcaption><\/figure>\n<figure id=\"attachment_31502\" aria-describedby=\"caption-attachment-31502\" style=\"width: 800px\" class=\"wp-caption aligncenter\"><img decoding=\"async\" class=\"wp-image-31502 size-full\" src=\"https:\/\/mouldking.store\/wp-content\/uploads\/2022\/05\/CaDa-C61501-Buckingham-Palace-1.png\" alt=\"CADA C61501 Buckingham Palace with 5604 pieces\" width=\"800\" height=\"800\" title=\"-\" srcset=\"https:\/\/mouldking.store\/wp-content\/uploads\/2022\/05\/CaDa-C61501-Buckingham-Palace-1.png 800w, https:\/\/mouldking.store\/wp-content\/uploads\/2022\/05\/CaDa-C61501-Buckingham-Palace-1-300x300.png 300w, https:\/\/mouldking.store\/wp-content\/uploads\/2022\/05\/CaDa-C61501-Buckingham-Palace-1-768x768.png 768w, https:\/\/mouldking.store\/wp-content\/uploads\/2022\/05\/CaDa-C61501-Buckingham-Palace-1-600x600.png 600w, https:\/\/mouldking.store\/wp-content\/uploads\/2022\/05\/CaDa-C61501-Buckingham-Palace-1-150x150.png 150w\" sizes=\"(max-width: 800px) 100vw, 800px\" \/><figcaption id=\"caption-attachment-31502\" class=\"wp-caption-text\">CADA C61501 Buckingham Palace med 5604 deler<\/figcaption><\/figure>\n<figure id=\"attachment_31500\" aria-describedby=\"caption-attachment-31500\" style=\"width: 800px\" class=\"wp-caption aligncenter\"><img decoding=\"async\" class=\"wp-image-31500 size-full\" src=\"https:\/\/mouldking.store\/wp-content\/uploads\/2022\/05\/CaDa-C61501-Buckingham-Palace-5.png\" alt=\"CADA C61501 Buckingham Palace with 5604 pieces\" width=\"800\" height=\"800\" title=\"-\" srcset=\"https:\/\/mouldking.store\/wp-content\/uploads\/2022\/05\/CaDa-C61501-Buckingham-Palace-5.png 800w, https:\/\/mouldking.store\/wp-content\/uploads\/2022\/05\/CaDa-C61501-Buckingham-Palace-5-300x300.png 300w, https:\/\/mouldking.store\/wp-content\/uploads\/2022\/05\/CaDa-C61501-Buckingham-Palace-5-768x768.png 768w, https:\/\/mouldking.store\/wp-content\/uploads\/2022\/05\/CaDa-C61501-Buckingham-Palace-5-600x600.png 600w, https:\/\/mouldking.store\/wp-content\/uploads\/2022\/05\/CaDa-C61501-Buckingham-Palace-5-150x150.png 150w\" sizes=\"(max-width: 800px) 100vw, 800px\" \/><figcaption id=\"caption-attachment-31500\" class=\"wp-caption-text\">CADA C61501 Buckingham Palace med 5604 deler<\/figcaption><\/figure>\n<figure id=\"attachment_31498\" aria-describedby=\"caption-attachment-31498\" style=\"width: 800px\" class=\"wp-caption aligncenter\"><img loading=\"lazy\" decoding=\"async\" class=\"wp-image-31498 size-full\" src=\"https:\/\/mouldking.store\/wp-content\/uploads\/2022\/05\/CaDa-C61501-Buckingham-Palace-3.png\" alt=\"CADA C61501 Buckingham Palace with 5604 pieces\" width=\"800\" height=\"800\" title=\"-\" srcset=\"https:\/\/mouldking.store\/wp-content\/uploads\/2022\/05\/CaDa-C61501-Buckingham-Palace-3.png 800w, https:\/\/mouldking.store\/wp-content\/uploads\/2022\/05\/CaDa-C61501-Buckingham-Palace-3-300x300.png 300w, https:\/\/mouldking.store\/wp-content\/uploads\/2022\/05\/CaDa-C61501-Buckingham-Palace-3-768x768.png 768w, https:\/\/mouldking.store\/wp-content\/uploads\/2022\/05\/CaDa-C61501-Buckingham-Palace-3-600x600.png 600w, https:\/\/mouldking.store\/wp-content\/uploads\/2022\/05\/CaDa-C61501-Buckingham-Palace-3-150x150.png 150w\" sizes=\"(max-width: 800px) 100vw, 800px\" \/><figcaption id=\"caption-attachment-31498\" class=\"wp-caption-text\">CADA C61501 Buckingham Palace med 5604 deler<\/figcaption><\/figure>\n<figure id=\"attachment_31501\" aria-describedby=\"caption-attachment-31501\" style=\"width: 800px\" class=\"wp-caption aligncenter\"><img loading=\"lazy\" decoding=\"async\" class=\"wp-image-31501 size-full\" src=\"https:\/\/mouldking.store\/wp-content\/uploads\/2022\/05\/CaDa-C61501-Buckingham-Palace-6.png\" alt=\"CADA C61501 Buckingham Palace with 5604 pieces\" width=\"800\" height=\"800\" title=\"-\" srcset=\"https:\/\/mouldking.store\/wp-content\/uploads\/2022\/05\/CaDa-C61501-Buckingham-Palace-6.png 800w, https:\/\/mouldking.store\/wp-content\/uploads\/2022\/05\/CaDa-C61501-Buckingham-Palace-6-300x300.png 300w, https:\/\/mouldking.store\/wp-content\/uploads\/2022\/05\/CaDa-C61501-Buckingham-Palace-6-768x768.png 768w, https:\/\/mouldking.store\/wp-content\/uploads\/2022\/05\/CaDa-C61501-Buckingham-Palace-6-600x600.png 600w, https:\/\/mouldking.store\/wp-content\/uploads\/2022\/05\/CaDa-C61501-Buckingham-Palace-6-150x150.png 150w\" sizes=\"(max-width: 800px) 100vw, 800px\" \/><figcaption id=\"caption-attachment-31501\" class=\"wp-caption-text\">CADA C61501 Buckingham Palace med 5604 deler<\/figcaption><\/figure>\n<figure id=\"attachment_31499\" aria-describedby=\"caption-attachment-31499\" style=\"width: 800px\" class=\"wp-caption aligncenter\"><img loading=\"lazy\" decoding=\"async\" class=\"wp-image-31499 size-full\" src=\"https:\/\/mouldking.store\/wp-content\/uploads\/2022\/05\/CaDa-C61501-Buckingham-Palace-4.png\" alt=\"CADA C61501 Buckingham Palace with 5604 pieces\" width=\"800\" height=\"800\" title=\"-\" srcset=\"https:\/\/mouldking.store\/wp-content\/uploads\/2022\/05\/CaDa-C61501-Buckingham-Palace-4.png 800w, https:\/\/mouldking.store\/wp-content\/uploads\/2022\/05\/CaDa-C61501-Buckingham-Palace-4-300x300.png 300w, https:\/\/mouldking.store\/wp-content\/uploads\/2022\/05\/CaDa-C61501-Buckingham-Palace-4-768x768.png 768w, https:\/\/mouldking.store\/wp-content\/uploads\/2022\/05\/CaDa-C61501-Buckingham-Palace-4-600x600.png 600w, https:\/\/mouldking.store\/wp-content\/uploads\/2022\/05\/CaDa-C61501-Buckingham-Palace-4-150x150.png 150w\" sizes=\"(max-width: 800px) 100vw, 800px\" \/><figcaption id=\"caption-attachment-31499\" class=\"wp-caption-text\">CADA C61501 Buckingham Palace med 5604 deler<\/figcaption><\/figure>","protected":false},"excerpt":{"rendered":"<p>Product information: Brand: CADA Gender: Unisex Name: Buckingham Palace Age Range: &gt; 6 years old Model Number: C61501 Classification: Assemblage Plastic Block Shape: Self-Locking Bricks Material: Plastic Plastic Type: ABS Bricks Blocks: 5604 PCS Contains detailed assembly instructions. Notice: 1. Without an original box, but we guarantee our products have quality assurance and nice packaging. [&hellip;]<\/p>","protected":false},"featured_media":31497,"comment_status":"closed","ping_status":"closed","template":"","meta":{"_acf_changed":false},"product_cat":[390],"product_tag":[5501,5499,5500,1916,5498,5497,5496,4581],"class_list":["product","first","instock","shipping-taxable","purchasable","product-type-simple"],"acf":[],"_links":{"self":[{"href":"https:\/\/mouldking.store\/nb\/wp-json\/wp\/v2\/product\/31496","targetHints":{"allow":["GET"]}}],"collection":[{"href":"https:\/\/mouldking.store\/nb\/wp-json\/wp\/v2\/product"}],"about":[{"href":"https:\/\/mouldking.store\/nb\/wp-json\/wp\/v2\/types\/product"}],"replies":[{"embeddable":true,"href":"https:\/\/mouldking.store\/nb\/wp-json\/wp\/v2\/comments?post=31496"}],"wp:featuredmedia":[{"embeddable":true,"href":"https:\/\/mouldking.store\/nb\/wp-json\/wp\/v2\/media\/31497"}],"wp:attachment":[{"href":"https:\/\/mouldking.store\/nb\/wp-json\/wp\/v2\/media?parent=31496"}],"wp:term":[{"taxonomy":"product_cat","embeddable":true,"href":"https:\/\/mouldking.store\/nb\/wp-json\/wp\/v2\/product_cat?post=31496"},{"taxonomy":"product_tag","embeddable":true,"href":"https:\/\/mouldking.store\/nb\/wp-json\/wp\/v2\/product_tag?post=31496"}],"curies":[{"name":"wp","href":"https:\/\/api.w.org\/{rel}","templated":true}]}}