{"id":31503,"date":"2022-05-27T15:20:49","date_gmt":"2022-05-27T08:20:49","guid":{"rendered":"https:\/\/mouldking.store\/?post_type=product&#038;p=31503"},"modified":"2022-05-27T15:20:49","modified_gmt":"2022-05-27T08:20:49","slug":"mj-13003-dragon-smaug-with-1359-pieces","status":"publish","type":"product","link":"https:\/\/mouldking.store\/nb\/shop\/mj-13003-dragon-smaug-with-1359-pieces\/","title":{"rendered":"MJ 13003 Dragon Smaug med 1359 stk"},"content":{"rendered":"<p>Produktinformasjon:<\/p>\n<ol>\n<li>Merke: MJ<\/li>\n<li>Kj\u00f8nn: Unisex<\/li>\n<li>Name: Dragon Smaug<\/li>\n<li>Aldersgruppe: &gt; 12 \u00e5r gammel<\/li>\n<li>Model Number: 13003<\/li>\n<li>Klassifisering: Montering<\/li>\n<li>Plastblokkform: Selvl\u00e5sende murstein<\/li>\n<li>Materiale: Plast<\/li>\n<li>Plasttype: ABS<\/li>\n<li>Bricks Blocks: 1359 PCS<\/li>\n<li>Inneholder detaljerte monteringsanvisninger.<\/li>\n<\/ol>\n<p>Legge merke til:<br \/>\n1. Uten original eske, men vi garanterer at v\u00e5re produkter har kvalitetssikring og pen emballasje.<br \/>\n2. Som alle delene vi har sjekket f\u00f8r frakt, s\u00e5 hvis du finner noen deler savnet eller skadet, ikke bekymre deg og bare kontakt oss, s\u00e5 kan vi sende dem til deg p\u00e5 nytt umiddelbart gratis.<\/p>\n<p>&nbsp;<\/p>\n<figure id=\"attachment_31504\" aria-describedby=\"caption-attachment-31504\" style=\"width: 800px\" class=\"wp-caption aligncenter\"><img fetchpriority=\"high\" decoding=\"async\" class=\"wp-image-31504 size-full\" src=\"https:\/\/mouldking.store\/wp-content\/uploads\/2022\/05\/MeiJi-13003-The-Lord-of-the-Rings-Dragon-Smaug-1.png\" alt=\"MJ 13003 Dragon Smaug with 1359 pieces\" width=\"800\" height=\"800\" title=\"-\" srcset=\"https:\/\/mouldking.store\/wp-content\/uploads\/2022\/05\/MeiJi-13003-The-Lord-of-the-Rings-Dragon-Smaug-1.png 800w, https:\/\/mouldking.store\/wp-content\/uploads\/2022\/05\/MeiJi-13003-The-Lord-of-the-Rings-Dragon-Smaug-1-300x300.png 300w, https:\/\/mouldking.store\/wp-content\/uploads\/2022\/05\/MeiJi-13003-The-Lord-of-the-Rings-Dragon-Smaug-1-768x768.png 768w, https:\/\/mouldking.store\/wp-content\/uploads\/2022\/05\/MeiJi-13003-The-Lord-of-the-Rings-Dragon-Smaug-1-600x600.png 600w, https:\/\/mouldking.store\/wp-content\/uploads\/2022\/05\/MeiJi-13003-The-Lord-of-the-Rings-Dragon-Smaug-1-150x150.png 150w\" sizes=\"(max-width: 800px) 100vw, 800px\" \/><figcaption id=\"caption-attachment-31504\" class=\"wp-caption-text\">MJ 13003 Dragon Smaug med 1359 stk<\/figcaption><\/figure>\n<figure id=\"attachment_31507\" aria-describedby=\"caption-attachment-31507\" style=\"width: 800px\" class=\"wp-caption aligncenter\"><img decoding=\"async\" class=\"wp-image-31507 size-full\" src=\"https:\/\/mouldking.store\/wp-content\/uploads\/2022\/05\/MeiJi-13003-The-Lord-of-the-Rings-Dragon-Smaug-4.png\" alt=\"MJ 13003 Dragon Smaug with 1359 pieces\" width=\"800\" height=\"800\" title=\"-\" srcset=\"https:\/\/mouldking.store\/wp-content\/uploads\/2022\/05\/MeiJi-13003-The-Lord-of-the-Rings-Dragon-Smaug-4.png 800w, https:\/\/mouldking.store\/wp-content\/uploads\/2022\/05\/MeiJi-13003-The-Lord-of-the-Rings-Dragon-Smaug-4-300x300.png 300w, https:\/\/mouldking.store\/wp-content\/uploads\/2022\/05\/MeiJi-13003-The-Lord-of-the-Rings-Dragon-Smaug-4-768x768.png 768w, https:\/\/mouldking.store\/wp-content\/uploads\/2022\/05\/MeiJi-13003-The-Lord-of-the-Rings-Dragon-Smaug-4-600x600.png 600w, https:\/\/mouldking.store\/wp-content\/uploads\/2022\/05\/MeiJi-13003-The-Lord-of-the-Rings-Dragon-Smaug-4-150x150.png 150w\" sizes=\"(max-width: 800px) 100vw, 800px\" \/><figcaption id=\"caption-attachment-31507\" class=\"wp-caption-text\">MJ 13003 Dragon Smaug med 1359 stk<\/figcaption><\/figure>\n<figure id=\"attachment_31505\" aria-describedby=\"caption-attachment-31505\" style=\"width: 800px\" class=\"wp-caption aligncenter\"><img decoding=\"async\" class=\"wp-image-31505 size-full\" src=\"https:\/\/mouldking.store\/wp-content\/uploads\/2022\/05\/MeiJi-13003-The-Lord-of-the-Rings-Dragon-Smaug-2.png\" alt=\"MJ 13003 Dragon Smaug with 1359 pieces\" width=\"800\" height=\"800\" title=\"-\" srcset=\"https:\/\/mouldking.store\/wp-content\/uploads\/2022\/05\/MeiJi-13003-The-Lord-of-the-Rings-Dragon-Smaug-2.png 800w, https:\/\/mouldking.store\/wp-content\/uploads\/2022\/05\/MeiJi-13003-The-Lord-of-the-Rings-Dragon-Smaug-2-300x300.png 300w, https:\/\/mouldking.store\/wp-content\/uploads\/2022\/05\/MeiJi-13003-The-Lord-of-the-Rings-Dragon-Smaug-2-768x768.png 768w, https:\/\/mouldking.store\/wp-content\/uploads\/2022\/05\/MeiJi-13003-The-Lord-of-the-Rings-Dragon-Smaug-2-600x600.png 600w, https:\/\/mouldking.store\/wp-content\/uploads\/2022\/05\/MeiJi-13003-The-Lord-of-the-Rings-Dragon-Smaug-2-150x150.png 150w\" sizes=\"(max-width: 800px) 100vw, 800px\" \/><figcaption id=\"caption-attachment-31505\" class=\"wp-caption-text\">MJ 13003 Dragon Smaug med 1359 stk<\/figcaption><\/figure>\n<figure id=\"attachment_31506\" aria-describedby=\"caption-attachment-31506\" style=\"width: 800px\" class=\"wp-caption aligncenter\"><img loading=\"lazy\" decoding=\"async\" class=\"wp-image-31506 size-full\" src=\"https:\/\/mouldking.store\/wp-content\/uploads\/2022\/05\/MeiJi-13003-The-Lord-of-the-Rings-Dragon-Smaug-3.png\" alt=\"MJ 13003 Dragon Smaug with 1359 pieces\" width=\"800\" height=\"800\" title=\"-\" srcset=\"https:\/\/mouldking.store\/wp-content\/uploads\/2022\/05\/MeiJi-13003-The-Lord-of-the-Rings-Dragon-Smaug-3.png 800w, https:\/\/mouldking.store\/wp-content\/uploads\/2022\/05\/MeiJi-13003-The-Lord-of-the-Rings-Dragon-Smaug-3-300x300.png 300w, https:\/\/mouldking.store\/wp-content\/uploads\/2022\/05\/MeiJi-13003-The-Lord-of-the-Rings-Dragon-Smaug-3-768x768.png 768w, https:\/\/mouldking.store\/wp-content\/uploads\/2022\/05\/MeiJi-13003-The-Lord-of-the-Rings-Dragon-Smaug-3-600x600.png 600w, https:\/\/mouldking.store\/wp-content\/uploads\/2022\/05\/MeiJi-13003-The-Lord-of-the-Rings-Dragon-Smaug-3-150x150.png 150w\" sizes=\"(max-width: 800px) 100vw, 800px\" \/><figcaption id=\"caption-attachment-31506\" class=\"wp-caption-text\">MJ 13003 Dragon Smaug med 1359 stk<\/figcaption><\/figure>","protected":false},"excerpt":{"rendered":"<p>Product information: Brand: MJ Gender: Unisex Name: Dragon Smaug Age Range: &gt; 12 years old Model Number: 13003 Classification: Assemblage Plastic Block Shape: Self-Locking Bricks Material: Plastic Plastic Type: ABS Bricks Blocks: 1359 PCS Contains detailed assembly instructions. Notice: 1. Without an original box, but we guarantee our products have quality assurance and nice packaging. [&hellip;]<\/p>","protected":false},"featured_media":31504,"comment_status":"closed","ping_status":"closed","template":"","meta":{"_acf_changed":false},"product_cat":[581],"product_tag":[5506,1771,5505,5493,5504,5503,5502,5507],"class_list":["product","first","instock","shipping-taxable","purchasable","product-type-simple"],"acf":[],"_links":{"self":[{"href":"https:\/\/mouldking.store\/nb\/wp-json\/wp\/v2\/product\/31503","targetHints":{"allow":["GET"]}}],"collection":[{"href":"https:\/\/mouldking.store\/nb\/wp-json\/wp\/v2\/product"}],"about":[{"href":"https:\/\/mouldking.store\/nb\/wp-json\/wp\/v2\/types\/product"}],"replies":[{"embeddable":true,"href":"https:\/\/mouldking.store\/nb\/wp-json\/wp\/v2\/comments?post=31503"}],"wp:featuredmedia":[{"embeddable":true,"href":"https:\/\/mouldking.store\/nb\/wp-json\/wp\/v2\/media\/31504"}],"wp:attachment":[{"href":"https:\/\/mouldking.store\/nb\/wp-json\/wp\/v2\/media?parent=31503"}],"wp:term":[{"taxonomy":"product_cat","embeddable":true,"href":"https:\/\/mouldking.store\/nb\/wp-json\/wp\/v2\/product_cat?post=31503"},{"taxonomy":"product_tag","embeddable":true,"href":"https:\/\/mouldking.store\/nb\/wp-json\/wp\/v2\/product_tag?post=31503"}],"curies":[{"name":"wp","href":"https:\/\/api.w.org\/{rel}","templated":true}]}}