{"id":31542,"date":"2022-05-27T15:40:22","date_gmt":"2022-05-27T08:40:22","guid":{"rendered":"https:\/\/mouldking.store\/?post_type=product&#038;p=31542"},"modified":"2022-05-27T15:40:23","modified_gmt":"2022-05-27T08:40:23","slug":"jie-star-67106-venator-attack-cruiser-with-960-pieces","status":"publish","type":"product","link":"https:\/\/mouldking.store\/nb\/shop\/jie-star-67106-venator-attack-cruiser-with-960-pieces\/","title":{"rendered":"JIE STAR 67106 Venator Attack Cruiser med 960 stk"},"content":{"rendered":"<p>Produktinformasjon:<\/p>\n<ol>\n<li>Merke: JIE STAR<\/li>\n<li>Kj\u00f8nn: Unisex<\/li>\n<li>Name: Venator Attack Cruiser<\/li>\n<li>Aldersgruppe: &gt; 6 \u00e5r gammel<\/li>\n<li>Model Number: 67106<\/li>\n<li>Klassifisering: Montering<\/li>\n<li>Plastblokkform: Selvl\u00e5sende murstein<\/li>\n<li>Materiale: Plast<\/li>\n<li>Plasttype: ABS<\/li>\n<li>Bricks Blocks: 960 PCS<\/li>\n<li>Inneholder detaljerte monteringsanvisninger.<\/li>\n<\/ol>\n<p>Legge merke til:<br \/>\n1. Uten original eske, men vi garanterer at v\u00e5re produkter har kvalitetssikring og pen emballasje.<br \/>\n2. Som alle delene vi har sjekket f\u00f8r frakt, s\u00e5 hvis du finner noen deler savnet eller skadet, ikke bekymre deg og bare kontakt oss, s\u00e5 kan vi sende dem til deg p\u00e5 nytt umiddelbart gratis.<\/p>\n<p>&nbsp;<\/p>\n<figure id=\"attachment_31543\" aria-describedby=\"caption-attachment-31543\" style=\"width: 800px\" class=\"wp-caption aligncenter\"><img fetchpriority=\"high\" decoding=\"async\" class=\"wp-image-31543 size-full\" src=\"https:\/\/mouldking.store\/wp-content\/uploads\/2022\/05\/JIE-STAR-67106-Venator-Attack-Cruiser-1.png\" alt=\"JIE STAR 67106 Venator Attack Cruiser with 960 pieces\" width=\"800\" height=\"800\" title=\"-\" srcset=\"https:\/\/mouldking.store\/wp-content\/uploads\/2022\/05\/JIE-STAR-67106-Venator-Attack-Cruiser-1.png 800w, https:\/\/mouldking.store\/wp-content\/uploads\/2022\/05\/JIE-STAR-67106-Venator-Attack-Cruiser-1-300x300.png 300w, https:\/\/mouldking.store\/wp-content\/uploads\/2022\/05\/JIE-STAR-67106-Venator-Attack-Cruiser-1-768x768.png 768w, https:\/\/mouldking.store\/wp-content\/uploads\/2022\/05\/JIE-STAR-67106-Venator-Attack-Cruiser-1-600x600.png 600w, https:\/\/mouldking.store\/wp-content\/uploads\/2022\/05\/JIE-STAR-67106-Venator-Attack-Cruiser-1-150x150.png 150w\" sizes=\"(max-width: 800px) 100vw, 800px\" \/><figcaption id=\"caption-attachment-31543\" class=\"wp-caption-text\">JIE STAR 67106 Venator Attack Cruiser med 960 stk<\/figcaption><\/figure>\n<figure id=\"attachment_31544\" aria-describedby=\"caption-attachment-31544\" style=\"width: 800px\" class=\"wp-caption aligncenter\"><img decoding=\"async\" class=\"wp-image-31544 size-full\" src=\"https:\/\/mouldking.store\/wp-content\/uploads\/2022\/05\/JIE-STAR-67106-Venator-Attack-Cruiser-2.png\" alt=\"JIE STAR 67106 Venator Attack Cruiser with 960 pieces\" width=\"800\" height=\"800\" title=\"-\" srcset=\"https:\/\/mouldking.store\/wp-content\/uploads\/2022\/05\/JIE-STAR-67106-Venator-Attack-Cruiser-2.png 800w, https:\/\/mouldking.store\/wp-content\/uploads\/2022\/05\/JIE-STAR-67106-Venator-Attack-Cruiser-2-300x300.png 300w, https:\/\/mouldking.store\/wp-content\/uploads\/2022\/05\/JIE-STAR-67106-Venator-Attack-Cruiser-2-768x768.png 768w, https:\/\/mouldking.store\/wp-content\/uploads\/2022\/05\/JIE-STAR-67106-Venator-Attack-Cruiser-2-600x600.png 600w, https:\/\/mouldking.store\/wp-content\/uploads\/2022\/05\/JIE-STAR-67106-Venator-Attack-Cruiser-2-150x150.png 150w\" sizes=\"(max-width: 800px) 100vw, 800px\" \/><figcaption id=\"caption-attachment-31544\" class=\"wp-caption-text\">JIE STAR 67106 Venator Attack Cruiser med 960 stk<\/figcaption><\/figure>","protected":false},"excerpt":{"rendered":"<p>Product information: Brand: JIE STAR Gender: Unisex Name: Venator Attack Cruiser Age Range: &gt; 6 years old Model Number: 67106 Classification: Assemblage Plastic Block Shape: Self-Locking Bricks Material: Plastic Plastic Type: ABS Bricks Blocks: 960 PCS Contains detailed assembly instructions. Notice: 1. Without an original box, but we guarantee our products have quality assurance and [&hellip;]<\/p>","protected":false},"featured_media":31543,"comment_status":"closed","ping_status":"closed","template":"","meta":{"_acf_changed":false},"product_cat":[415],"product_tag":[5538,3444,5541,2256,5536,5535,5534,5539,5540,5537],"class_list":["product","first","instock","shipping-taxable","purchasable","product-type-simple"],"acf":[],"_links":{"self":[{"href":"https:\/\/mouldking.store\/nb\/wp-json\/wp\/v2\/product\/31542","targetHints":{"allow":["GET"]}}],"collection":[{"href":"https:\/\/mouldking.store\/nb\/wp-json\/wp\/v2\/product"}],"about":[{"href":"https:\/\/mouldking.store\/nb\/wp-json\/wp\/v2\/types\/product"}],"replies":[{"embeddable":true,"href":"https:\/\/mouldking.store\/nb\/wp-json\/wp\/v2\/comments?post=31542"}],"wp:featuredmedia":[{"embeddable":true,"href":"https:\/\/mouldking.store\/nb\/wp-json\/wp\/v2\/media\/31543"}],"wp:attachment":[{"href":"https:\/\/mouldking.store\/nb\/wp-json\/wp\/v2\/media?parent=31542"}],"wp:term":[{"taxonomy":"product_cat","embeddable":true,"href":"https:\/\/mouldking.store\/nb\/wp-json\/wp\/v2\/product_cat?post=31542"},{"taxonomy":"product_tag","embeddable":true,"href":"https:\/\/mouldking.store\/nb\/wp-json\/wp\/v2\/product_tag?post=31542"}],"curies":[{"name":"wp","href":"https:\/\/api.w.org\/{rel}","templated":true}]}}