{"id":31545,"date":"2022-05-27T15:43:15","date_gmt":"2022-05-27T08:43:15","guid":{"rendered":"https:\/\/mouldking.store\/?post_type=product&#038;p=31545"},"modified":"2022-05-27T15:43:15","modified_gmt":"2022-05-27T08:43:15","slug":"tgl-t2016-motorcycle-test-bench-with-1201-pieces","status":"publish","type":"product","link":"https:\/\/mouldking.store\/nb\/shop\/tgl-t2016-motorcycle-test-bench-with-1201-pieces\/","title":{"rendered":"TGL T2016 Motorsykkel Testbenk med 1201 stk"},"content":{"rendered":"<p>Produktinformasjon:<\/p>\n<ol>\n<li>Merke: TGL<\/li>\n<li>Kj\u00f8nn: Unisex<\/li>\n<li>Name: Motorcycle Test Bench<\/li>\n<li>Aldersgruppe: &gt; 6 \u00e5r gammel<\/li>\n<li>Model Number: T2016<\/li>\n<li>Klassifisering: Montering<\/li>\n<li>Plastblokkform: Selvl\u00e5sende murstein<\/li>\n<li>Materiale: Plast<\/li>\n<li>Plasttype: ABS<\/li>\n<li>Mursteinsblokker: 1201 STK<\/li>\n<li>Inneholder detaljerte monteringsanvisninger.<\/li>\n<\/ol>\n<p>Legge merke til:<br \/>\n1. Uten original eske, men vi garanterer at v\u00e5re produkter har kvalitetssikring og pen emballasje.<br \/>\n2. Som alle delene vi har sjekket f\u00f8r frakt, s\u00e5 hvis du finner noen deler savnet eller skadet, ikke bekymre deg og bare kontakt oss, s\u00e5 kan vi sende dem til deg p\u00e5 nytt umiddelbart gratis.<\/p>\n<figure id=\"attachment_31550\" aria-describedby=\"caption-attachment-31550\" style=\"width: 346px\" class=\"wp-caption aligncenter\"><img fetchpriority=\"high\" decoding=\"async\" class=\"wp-image-31550 size-full\" src=\"https:\/\/mouldking.store\/wp-content\/uploads\/2022\/05\/TaiGaoLe-T2016-Motorcycle-Simulation-Test-Bench-2-scaled.jpg\" alt=\"TGL T2016 Motorcycle Test Bench with 1201 pieces\" width=\"346\" height=\"2560\" title=\"-\" srcset=\"https:\/\/mouldking.store\/wp-content\/uploads\/2022\/05\/TaiGaoLe-T2016-Motorcycle-Simulation-Test-Bench-2-scaled.jpg 346w, https:\/\/mouldking.store\/wp-content\/uploads\/2022\/05\/TaiGaoLe-T2016-Motorcycle-Simulation-Test-Bench-2-768x5682.jpg 768w, https:\/\/mouldking.store\/wp-content\/uploads\/2022\/05\/TaiGaoLe-T2016-Motorcycle-Simulation-Test-Bench-2-277x2048.jpg 277w, https:\/\/mouldking.store\/wp-content\/uploads\/2022\/05\/TaiGaoLe-T2016-Motorcycle-Simulation-Test-Bench-2-300x2219.jpg 300w, https:\/\/mouldking.store\/wp-content\/uploads\/2022\/05\/TaiGaoLe-T2016-Motorcycle-Simulation-Test-Bench-2-600x4439.jpg 600w\" sizes=\"(max-width: 346px) 100vw, 346px\" \/><figcaption id=\"caption-attachment-31550\" class=\"wp-caption-text\">TGL T2016 Motorsykkel Testbenk med 1201 stk<\/figcaption><\/figure>","protected":false},"excerpt":{"rendered":"<p>Product information: Brand: TGL Gender: Unisex Name: Motorcycle Test Bench Age Range: &gt; 6 years old Model Number: T2016 Classification: Assemblage Plastic Block Shape: Self-Locking Bricks Material: Plastic Plastic Type: ABS Bricks Blocks: 1201 PCS Contains detailed assembly instructions. Notice: 1. Without an original box, but we guarantee our products have quality assurance and nice [&hellip;]<\/p>","protected":false},"featured_media":31546,"comment_status":"closed","ping_status":"closed","template":"","meta":{"_acf_changed":false},"product_cat":[364],"product_tag":[2449,5545,5546,5547,2739,5544,5543,5542],"class_list":["product","first","instock","shipping-taxable","purchasable","product-type-simple"],"acf":[],"_links":{"self":[{"href":"https:\/\/mouldking.store\/nb\/wp-json\/wp\/v2\/product\/31545","targetHints":{"allow":["GET"]}}],"collection":[{"href":"https:\/\/mouldking.store\/nb\/wp-json\/wp\/v2\/product"}],"about":[{"href":"https:\/\/mouldking.store\/nb\/wp-json\/wp\/v2\/types\/product"}],"replies":[{"embeddable":true,"href":"https:\/\/mouldking.store\/nb\/wp-json\/wp\/v2\/comments?post=31545"}],"wp:featuredmedia":[{"embeddable":true,"href":"https:\/\/mouldking.store\/nb\/wp-json\/wp\/v2\/media\/31546"}],"wp:attachment":[{"href":"https:\/\/mouldking.store\/nb\/wp-json\/wp\/v2\/media?parent=31545"}],"wp:term":[{"taxonomy":"product_cat","embeddable":true,"href":"https:\/\/mouldking.store\/nb\/wp-json\/wp\/v2\/product_cat?post=31545"},{"taxonomy":"product_tag","embeddable":true,"href":"https:\/\/mouldking.store\/nb\/wp-json\/wp\/v2\/product_tag?post=31545"}],"curies":[{"name":"wp","href":"https:\/\/api.w.org\/{rel}","templated":true}]}}