{"id":31555,"date":"2022-05-27T15:57:09","date_gmt":"2022-05-27T08:57:09","guid":{"rendered":"https:\/\/mouldking.store\/?post_type=product&#038;p=31555"},"modified":"2022-05-27T15:57:10","modified_gmt":"2022-05-27T08:57:10","slug":"juhang-6302-gloomy-bear-with-1160-pieces","status":"publish","type":"product","link":"https:\/\/mouldking.store\/nb\/shop\/juhang-6302-gloomy-bear-with-1160-pieces\/","title":{"rendered":"JUHANG 6302 Dyster bj\u00f8rn med 1160 stk"},"content":{"rendered":"<p>Produktinformasjon:<\/p>\n<ol>\n<li>Brand: JUHANG<\/li>\n<li>Kj\u00f8nn: Unisex<\/li>\n<li>Name: Gloomy Bear<\/li>\n<li>Aldersgruppe: &gt; 6 \u00e5r gammel<\/li>\n<li>Model Number: 6302<\/li>\n<li>Klassifisering: Montering<\/li>\n<li>Plastblokkform: Selvl\u00e5sende murstein<\/li>\n<li>Materiale: Plast<\/li>\n<li>Plasttype: ABS<\/li>\n<li>Bricks Blocks: 1160 PCS<\/li>\n<li>Inneholder detaljerte monteringsanvisninger.<\/li>\n<\/ol>\n<p>Legge merke til:<br \/>\n1. Uten original eske, men vi garanterer at v\u00e5re produkter har kvalitetssikring og pen emballasje.<br \/>\n2. Som alle delene vi har sjekket f\u00f8r frakt, s\u00e5 hvis du finner noen deler savnet eller skadet, ikke bekymre deg og bare kontakt oss, s\u00e5 kan vi sende dem til deg p\u00e5 nytt umiddelbart gratis.<\/p>\n<p>&nbsp;<\/p>\n<figure id=\"attachment_31557\" aria-describedby=\"caption-attachment-31557\" style=\"width: 800px\" class=\"wp-caption aligncenter\"><img fetchpriority=\"high\" decoding=\"async\" class=\"wp-image-31557 size-full\" src=\"https:\/\/mouldking.store\/wp-content\/uploads\/2022\/05\/JUHANG-6302-Gloomy-Bear-with-1160-pieces-2.png\" alt=\"JUHANG 6302 Gloomy Bear with 1160 pieces\" width=\"800\" height=\"800\" title=\"-\" srcset=\"https:\/\/mouldking.store\/wp-content\/uploads\/2022\/05\/JUHANG-6302-Gloomy-Bear-with-1160-pieces-2.png 800w, https:\/\/mouldking.store\/wp-content\/uploads\/2022\/05\/JUHANG-6302-Gloomy-Bear-with-1160-pieces-2-300x300.png 300w, https:\/\/mouldking.store\/wp-content\/uploads\/2022\/05\/JUHANG-6302-Gloomy-Bear-with-1160-pieces-2-768x768.png 768w, https:\/\/mouldking.store\/wp-content\/uploads\/2022\/05\/JUHANG-6302-Gloomy-Bear-with-1160-pieces-2-600x600.png 600w, https:\/\/mouldking.store\/wp-content\/uploads\/2022\/05\/JUHANG-6302-Gloomy-Bear-with-1160-pieces-2-150x150.png 150w\" sizes=\"(max-width: 800px) 100vw, 800px\" \/><figcaption id=\"caption-attachment-31557\" class=\"wp-caption-text\">JUHANG 6302 Dyster bj\u00f8rn med 1160 stk<\/figcaption><\/figure>\n<figure id=\"attachment_31558\" aria-describedby=\"caption-attachment-31558\" style=\"width: 800px\" class=\"wp-caption aligncenter\"><img decoding=\"async\" class=\"wp-image-31558 size-full\" src=\"https:\/\/mouldking.store\/wp-content\/uploads\/2022\/05\/JUHANG-6302-Gloomy-Bear-with-1160-pieces-3.png\" alt=\"JUHANG 6302 Gloomy Bear with 1160 pieces\" width=\"800\" height=\"800\" title=\"-\" srcset=\"https:\/\/mouldking.store\/wp-content\/uploads\/2022\/05\/JUHANG-6302-Gloomy-Bear-with-1160-pieces-3.png 800w, https:\/\/mouldking.store\/wp-content\/uploads\/2022\/05\/JUHANG-6302-Gloomy-Bear-with-1160-pieces-3-300x300.png 300w, https:\/\/mouldking.store\/wp-content\/uploads\/2022\/05\/JUHANG-6302-Gloomy-Bear-with-1160-pieces-3-768x768.png 768w, https:\/\/mouldking.store\/wp-content\/uploads\/2022\/05\/JUHANG-6302-Gloomy-Bear-with-1160-pieces-3-600x600.png 600w, https:\/\/mouldking.store\/wp-content\/uploads\/2022\/05\/JUHANG-6302-Gloomy-Bear-with-1160-pieces-3-150x150.png 150w\" sizes=\"(max-width: 800px) 100vw, 800px\" \/><figcaption id=\"caption-attachment-31558\" class=\"wp-caption-text\">JUHANG 6302 Dyster bj\u00f8rn med 1160 stk<\/figcaption><\/figure>\n<figure id=\"attachment_31559\" aria-describedby=\"caption-attachment-31559\" style=\"width: 800px\" class=\"wp-caption aligncenter\"><img decoding=\"async\" class=\"wp-image-31559 size-full\" src=\"https:\/\/mouldking.store\/wp-content\/uploads\/2022\/05\/JUHANG-6302-Gloomy-Bear-with-1160-pieces-4.png\" alt=\"JUHANG 6302 Gloomy Bear with 1160 pieces\" width=\"800\" height=\"800\" title=\"-\" srcset=\"https:\/\/mouldking.store\/wp-content\/uploads\/2022\/05\/JUHANG-6302-Gloomy-Bear-with-1160-pieces-4.png 800w, https:\/\/mouldking.store\/wp-content\/uploads\/2022\/05\/JUHANG-6302-Gloomy-Bear-with-1160-pieces-4-300x300.png 300w, https:\/\/mouldking.store\/wp-content\/uploads\/2022\/05\/JUHANG-6302-Gloomy-Bear-with-1160-pieces-4-768x768.png 768w, https:\/\/mouldking.store\/wp-content\/uploads\/2022\/05\/JUHANG-6302-Gloomy-Bear-with-1160-pieces-4-600x600.png 600w, https:\/\/mouldking.store\/wp-content\/uploads\/2022\/05\/JUHANG-6302-Gloomy-Bear-with-1160-pieces-4-150x150.png 150w\" sizes=\"(max-width: 800px) 100vw, 800px\" \/><figcaption id=\"caption-attachment-31559\" class=\"wp-caption-text\">JUHANG 6302 Dyster bj\u00f8rn med 1160 stk<\/figcaption><\/figure>","protected":false},"excerpt":{"rendered":"<p>Product information: Brand: JUHANG Gender: Unisex Name: Gloomy Bear Age Range: &gt; 6 years old Model Number: 6302 Classification: Assemblage Plastic Block Shape: Self-Locking Bricks Material: Plastic Plastic Type: ABS Bricks Blocks: 1160 PCS Contains detailed assembly instructions. Notice: 1. Without an original box, but we guarantee our products have quality assurance and nice packaging. [&hellip;]<\/p>","protected":false},"featured_media":31558,"comment_status":"closed","ping_status":"closed","template":"","meta":{"_acf_changed":false},"product_cat":[371],"product_tag":[5558,2271,5557,2649,5556,5555,5554],"class_list":["product","first","instock","shipping-taxable","purchasable","product-type-simple"],"acf":[],"_links":{"self":[{"href":"https:\/\/mouldking.store\/nb\/wp-json\/wp\/v2\/product\/31555","targetHints":{"allow":["GET"]}}],"collection":[{"href":"https:\/\/mouldking.store\/nb\/wp-json\/wp\/v2\/product"}],"about":[{"href":"https:\/\/mouldking.store\/nb\/wp-json\/wp\/v2\/types\/product"}],"replies":[{"embeddable":true,"href":"https:\/\/mouldking.store\/nb\/wp-json\/wp\/v2\/comments?post=31555"}],"wp:featuredmedia":[{"embeddable":true,"href":"https:\/\/mouldking.store\/nb\/wp-json\/wp\/v2\/media\/31558"}],"wp:attachment":[{"href":"https:\/\/mouldking.store\/nb\/wp-json\/wp\/v2\/media?parent=31555"}],"wp:term":[{"taxonomy":"product_cat","embeddable":true,"href":"https:\/\/mouldking.store\/nb\/wp-json\/wp\/v2\/product_cat?post=31555"},{"taxonomy":"product_tag","embeddable":true,"href":"https:\/\/mouldking.store\/nb\/wp-json\/wp\/v2\/product_tag?post=31555"}],"curies":[{"name":"wp","href":"https:\/\/api.w.org\/{rel}","templated":true}]}}